{"id":1087,"date":"2022-10-26T17:10:19","date_gmt":"2022-10-26T15:10:19","guid":{"rendered":"https:\/\/www.sinn-schaffen.de\/finanz\/?page_id=1087"},"modified":"2022-10-26T17:10:21","modified_gmt":"2022-10-26T15:10:21","slug":"maedchen-in-konfliktregionen-droht-deutlich-haeufiger-fruehverheiratung","status":"publish","type":"page","link":"https:\/\/www.sinn-schaffen.de\/finanz\/maedchen-in-konfliktregionen-droht-deutlich-haeufiger-fruehverheiratung\/","title":{"rendered":"M\u00e4dchen in Konfliktregionen droht deutlich h\u00e4ufiger Fr\u00fchverheiratung"},"content":{"rendered":"\n<p><em>Obwohl zwischen 2008 und 2018 weltweit sch\u00e4tzungsweise 25 Millionen fr\u00fche Ehen verhindert wurden, ist die Welt weit davon entfernt, das globale Ziel f\u00fcr nachhaltige Entwicklung zu erreichen, Fr\u00fchverheiratungen bis 2030 zu beenden. Denn neue und andauernde Konflikte, die sich versch\u00e4rfenden Klimakrise, die Corona-Pandemie und in der Folge die schlimmste globale Nahrungsmittelkrise seit Jahrzehnten bedrohen die erzielten Fortschritte. Das geht aus dem aktuellen &#8222;Global Girlhood Report 2022: Girls on the Frontline&#8220; der Menschenrechtsorganisation Save the Children hervor.<\/em><\/p>\n\n\n\n<figure class=\"wp-block-image size-full\"><img loading=\"lazy\" decoding=\"async\" width=\"1024\" height=\"413\" src=\"https:\/\/www.sinn-schaffen.de\/finanz\/wp-content\/uploads\/sites\/13\/2022\/10\/NU-221026-Maedchentag.jpg\" alt=\"\" class=\"wp-image-1080\" title=\"Foto: Nata Uchava, Freiburg\"\/><\/figure>\n\n\n\n<p><strong>(Berlin \/ London, 11. Oktober 2022)<\/strong> M\u00e4dchen in Konfliktregionen werden deutlich h\u00e4ufiger fr\u00fchverheiratet als M\u00e4dchen, die in friedlichen Gebieten leben. Das Risiko liegt um 20 Prozent h\u00f6her, wie die aktuelle Analyse \u201eGlobal Girlhood Report 2022: Girls on the Frontline\u201c von Save the Children anl\u00e4sslich des Internationalen M\u00e4dchentages am 11. Oktober belegt. In West- und Zentralafrika \u2013 einer Region, die von Konflikten, Klimakatastrophen und in der Folge von Armut und Hunger betroffen ist \u2013 kommt es weltweit am h\u00e4ufigsten zu Ehen im Kindes- oder fr\u00fchen Jugendalter. Auch M\u00e4dchen in Ostasien und der Pazifikregion, in Lateinamerika und der Karibik sowie in S\u00fcdasien sind stark von konfliktbedingter Fr\u00fchverheiratung bedroht. Insgesamt leben fast 90 Millionen M\u00e4dchen dieser Welt in Kriegs- oder Konfliktgebieten.<\/p>\n\n\n\n<p>\u201eKonflikte haben verheerende Auswirkungen auf Familien\u201c, betont Inger Ashing, internationale Gesch\u00e4ftsf\u00fchrerin von Save the Children. \u201eSie sind gezwungen ihre H\u00e4user, Schulen und Arbeitspl\u00e4tze zu verlassen und in provisorischen Lagern Schutz zu suchen. Dort ist es oft eng, es gibt wenig Unterst\u00fctzung und kaum M\u00f6glichkeiten, Geld zu verdienen \u2013 und so gut wie keinen Schutz vor Gewalt. Dieser Jahrestag [der Internationale M\u00e4dchentag am 11. Oktober, d. Red.] sollte ein Weckruf an Regierungen sein! M\u00e4dchen m\u00fcssen vor Fr\u00fchverheiratung und deren verheerenden Folgen f\u00fcr ihr gesamtes Leben gesch\u00fctzt werden. Das f\u00e4ngt damit an, dass M\u00e4dchen bei Entscheidungen, die sie betreffen, ein Mitspracherecht<\/p>\n\n\n\n<p>Im j\u00e4hrlichen \u201eGlobal Girlhood Report\u201c von Save the Children analysierte die Kinderrechtsorganisation dieses Mal Daten von mehr als zwei Millionen Frauen und M\u00e4dchen aus 56 L\u00e4ndern.<\/p>\n\n\n\n<p>Darunter sind auch Kinder und Jugendliche, die durch Konflikte in der irakischen Region Kurdistan (IRK) und im S\u00fcdsudan vertrieben wurden: Zwischen 2020 und 2021 wurden mehr als 600 Interviews mit 139 M\u00e4dchen in beiden L\u00e4ndern gef\u00fchrt. Einige wurden entf\u00fchrt und zur Heirat gezwungen, andere gaben dem Druck der Familie nach oder heirateten nach einer ungeplanten Schwangerschaft. M\u00e4dchen in beiden L\u00e4ndern berichteten, dass die Heirat in Zeiten extremer wirtschaftlicher Not den Lebensunterhalt ihrer Familien sichern sollte. Alle befragten M\u00e4dchen beschrieben, dass Gewalt oder patriarchalische Regeln sie einschr\u00e4nken.<\/p>\n\n\n\n<p>Der Bericht untersucht auch die Fortschritte zur Beendigung der Fr\u00fchverheiratung, die seit Einf\u00fchrung des Internationalen M\u00e4dchentages 2012 gemacht wurden. Obwohl zwischen 2008 und 2018 weltweit sch\u00e4tzungsweise 25 Millionen fr\u00fche Ehen verhindert wurden, ist die Welt weit davon entfernt, das globale Ziel f\u00fcr nachhaltige Entwicklung zu erreichen, Fr\u00fchverheiratungen bis 2030 zu beenden. Denn neue und andauernde Konflikte, die sich versch\u00e4rfenden Klimakrise, die Corona-Pandemie und in der Folge die schlimmste globale Nahrungsmittelkrise seit Jahrzehnten bedrohen die erzielten Fortschritte.<\/p>\n\n\n\n<div class=\"wp-block-columns is-layout-flex wp-container-core-columns-is-layout-9d6595d7 wp-block-columns-is-layout-flex\">\n<div class=\"wp-block-column is-layout-flow wp-block-column-is-layout-flow\" style=\"flex-basis:33.33%\">\n<figure class=\"wp-block-image size-full\"><a href=\"https:\/\/www.savethechildren.net\/our-ceo#\" target=\"_blank\" rel=\"noreferrer noopener\"><img loading=\"lazy\" decoding=\"async\" width=\"480\" height=\"430\" src=\"https:\/\/www.sinn-schaffen.de\/finanz\/wp-content\/uploads\/sites\/13\/2022\/10\/Inger-Ashing-2.jpg\" alt=\"\" class=\"wp-image-1081\" title=\"Foto: Save the Children\"\/><\/a><\/figure>\n<\/div>\n\n\n\n<div class=\"wp-block-column is-layout-flow wp-block-column-is-layout-flow\" style=\"flex-basis:66.66%\">\n<p><a href=\"https:\/\/www.savethechildren.net\/our-ceo#\" target=\"_blank\" rel=\"noreferrer noopener\">Inger Ashing<\/a> ist internationale Gesch\u00e4ftsf\u00fchrerin von <a href=\"https:\/\/www.savethechildren.net\/\" target=\"_blank\" rel=\"noreferrer noopener\">Save the Children<\/a>.<\/p>\n\n\n\n<figure class=\"wp-block-image size-full is-resized\"><a href=\"https:\/\/www.savethechildren.net\/\" target=\"_blank\" rel=\"noreferrer noopener\"><img loading=\"lazy\" decoding=\"async\" src=\"https:\/\/www.sinn-schaffen.de\/finanz\/wp-content\/uploads\/sites\/13\/2022\/10\/crop_original_bp1548085617_logo-100-jahre-vert600x60.jpg\" alt=\"\" class=\"wp-image-1082\" width=\"218\" height=\"218\"\/><\/a><\/figure>\n<\/div>\n<\/div>\n\n\n\n<div class=\"wp-block-columns is-layout-flex wp-container-core-columns-is-layout-9d6595d7 wp-block-columns-is-layout-flex\">\n<div class=\"wp-block-column is-layout-flow wp-block-column-is-layout-flow\" style=\"flex-basis:33.33%\">\n<figure class=\"wp-block-image size-full\"><a href=\"https:\/\/www.savethechildren.de\/fileadmin\/user_upload\/Downloads_Dokumente\/Berichte_Studien\/2022\/embargoed\/global-girlhood-report-2022-girls-on-the-frontline-save-the-children.pdf\" target=\"_blank\" rel=\"noreferrer noopener\"><img loading=\"lazy\" decoding=\"async\" width=\"612\" height=\"792\" src=\"https:\/\/www.sinn-schaffen.de\/finanz\/wp-content\/uploads\/sites\/13\/2022\/10\/global-girlhood-report-2022-girls-on-the-frontline-save-the-children-1.jpg\" alt=\"\" class=\"wp-image-1083\"\/><\/a><\/figure>\n<\/div>\n\n\n\n<div class=\"wp-block-column is-layout-flow wp-block-column-is-layout-flow\" style=\"flex-basis:66.66%\">\n<p>Der aktuelle &#8222;Global Girlhood Report 2022: Girls on the Frontline&#8220; steht <a href=\"https:\/\/www.savethechildren.de\/fileadmin\/user_upload\/Downloads_Dokumente\/Berichte_Studien\/2022\/embargoed\/global-girlhood-report-2022-girls-on-the-frontline-save-the-children.pdf\" target=\"_blank\" rel=\"noreferrer noopener\">\u00fcber diesen Link zum Download als PDF<\/a> bereit.<\/p>\n<\/div>\n<\/div>\n\n\n\n<div class=\"wp-block-columns is-layout-flex wp-container-core-columns-is-layout-9d6595d7 wp-block-columns-is-layout-flex\">\n<div class=\"wp-block-column is-layout-flow wp-block-column-is-layout-flow\" style=\"flex-basis:33.33%\">\n<figure class=\"wp-block-image size-full\"><a href=\"https:\/\/www.savethechildren.de\/fileadmin\/user_upload\/Downloads_Dokumente\/Berichte_Studien\/2022\/embargoed\/global-girlhood-report-2022-executive-summary-english-save-the-children.pdf\" target=\"_blank\" rel=\"noreferrer noopener\"><img loading=\"lazy\" decoding=\"async\" width=\"612\" height=\"792\" src=\"https:\/\/www.sinn-schaffen.de\/finanz\/wp-content\/uploads\/sites\/13\/2022\/10\/global-girlhood-report-2022-executive-summary-english-save-the-children-1.jpg\" alt=\"\" class=\"wp-image-1085\"\/><\/a><\/figure>\n<\/div>\n\n\n\n<div class=\"wp-block-column is-layout-flow wp-block-column-is-layout-flow\" style=\"flex-basis:66.66%\">\n<p>Eine kurze Zusammenfassung des aktuellen &#8222;Global Girlhood Report 2022: Girls on the Frontline&#8220; steht <a href=\"https:\/\/www.savethechildren.de\/fileadmin\/user_upload\/Downloads_Dokumente\/Berichte_Studien\/2022\/embargoed\/global-girlhood-report-2022-executive-summary-english-save-the-children.pdf\" target=\"_blank\" rel=\"noreferrer noopener\">\u00fcber diesen Link zum Download als PDF<\/a> bereit.<\/p>\n<\/div>\n<\/div>\n","protected":false},"excerpt":{"rendered":"<p>Obwohl zwischen 2008 und 2018 weltweit sch\u00e4tzungsweise 25 Millionen fr\u00fche Ehen verhindert wurden, ist die Welt weit davon entfernt, das globale Ziel f\u00fcr nachhaltige Entwicklung zu erreichen, Fr\u00fchverheiratungen bis 2030 zu beenden. Denn neue und andauernde Konflikte, die sich versch\u00e4rfenden Klimakrise, die Corona-Pandemie und in der Folge die schlimmste globale Nahrungsmittelkrise seit Jahrzehnten bedrohen die &hellip; <\/p>\n<p class=\"link-more\"><a href=\"https:\/\/www.sinn-schaffen.de\/finanz\/maedchen-in-konfliktregionen-droht-deutlich-haeufiger-fruehverheiratung\/\" class=\"more-link\"><span class=\"screen-reader-text\">\u201eM\u00e4dchen in Konfliktregionen droht deutlich h\u00e4ufiger Fr\u00fchverheiratung\u201c<\/span> weiterlesen<\/a><\/p>\n","protected":false},"author":1,"featured_media":0,"parent":0,"menu_order":56,"comment_status":"closed","ping_status":"closed","template":"","meta":{"footnotes":""},"class_list":["post-1087","page","type-page","status-publish","hentry"],"_links":{"self":[{"href":"https:\/\/www.sinn-schaffen.de\/finanz\/wp-json\/wp\/v2\/pages\/1087","targetHints":{"allow":["GET"]}}],"collection":[{"href":"https:\/\/www.sinn-schaffen.de\/finanz\/wp-json\/wp\/v2\/pages"}],"about":[{"href":"https:\/\/www.sinn-schaffen.de\/finanz\/wp-json\/wp\/v2\/types\/page"}],"author":[{"embeddable":true,"href":"https:\/\/www.sinn-schaffen.de\/finanz\/wp-json\/wp\/v2\/users\/1"}],"replies":[{"embeddable":true,"href":"https:\/\/www.sinn-schaffen.de\/finanz\/wp-json\/wp\/v2\/comments?post=1087"}],"version-history":[{"count":1,"href":"https:\/\/www.sinn-schaffen.de\/finanz\/wp-json\/wp\/v2\/pages\/1087\/revisions"}],"predecessor-version":[{"id":1088,"href":"https:\/\/www.sinn-schaffen.de\/finanz\/wp-json\/wp\/v2\/pages\/1087\/revisions\/1088"}],"wp:attachment":[{"href":"https:\/\/www.sinn-schaffen.de\/finanz\/wp-json\/wp\/v2\/media?parent=1087"}],"curies":[{"name":"wp","href":"https:\/\/api.w.org\/{rel}","templated":true}]}}