{"id":113,"date":"2018-07-19T16:38:06","date_gmt":"2018-07-19T14:38:06","guid":{"rendered":"https:\/\/www.sinn-schaffen.de\/finanz\/?page_id=113"},"modified":"2020-09-05T00:06:30","modified_gmt":"2020-09-04T22:06:30","slug":"deutsches-geld-fuer-kriege-im-nahen-und-mittleren-osten","status":"publish","type":"page","link":"https:\/\/www.sinn-schaffen.de\/finanz\/deutsches-geld-fuer-kriege-im-nahen-und-mittleren-osten\/","title":{"rendered":"Studie: Deutsches Geld f\u00fcr Kriege im Nahen und Mittleren Osten"},"content":{"rendered":"<p><em>Eine Studie der Menschenrechtsorganisationen Facing Finance und urgewald hat die R\u00fcstungsinvestitionen von mehreren deutschen Banken und Verm\u00f6gensverwaltern untersucht. Einige der beliebtesten Publikumsfonds in Deutschland investieren heute in deutlich mehr R\u00fcstungsfirmen als noch vor drei Jahren. Auch die Fondsgesellschaften von Sparkassen und Volksbanken schlie\u00dfen Gesch\u00e4fte mit dem Krieg nicht aus. Mit \u00fcber neun Milliarden Euro in Form von Krediten und ausgegebenen Anleihen werden R\u00fcstungsunternhehmen unterst\u00fctzt, die L\u00e4nder beliefern, die gegen den Jemen Krieg f\u00fchren.<\/em><\/p>\n<p><strong>(Berlin, 18. Juli 2018)<\/strong> Deutsche Banken und Investoren haben in den vergangenen drei Jahren hohe Geldsummen in R\u00fcstungskonzerne gepumpt, die den Nahen und Mittleren Osten massiv aufr\u00fcsten und insbesondere den Krieg im Jemen befeuern. Zu diesem Ergebnis kommt die heute ver\u00f6ffentlichte Studie \u201eDirty Profits \u2011 Unser Geld f\u00fcr R\u00fcstungsexporte in Kriegs- und Krisengebiete\u201c der Menschenrechtsorganisationen <a href=\"http:\/\/www.facing-finance.org\/de\/\" target=\"_blank\" rel=\"noopener noreferrer\">Facing Finance<\/a> und <a href=\"https:\/\/urgewald.org\/\" target=\"_blank\" rel=\"noopener noreferrer\">urgewald<\/a>. Zehn von 17 untersuchten deutschen Banken sowie alle vier untersuchten deutschen Verm\u00f6gensverwalter sind an R\u00fcstungsexporteuren beteiligt, die L\u00e4nder beliefern, die gegen den Jemen Krieg f\u00fchren.<\/p>\n<p><a href=\"https:\/\/urgewald.org\/sites\/default\/files\/Geldgeber%20R%C3%BCstungsexporte%20-%20urgewald_Facing%20Finance.pdf\" target=\"_blank\" rel=\"noopener noreferrer\"><img loading=\"lazy\" decoding=\"async\" class=\"wp-image-116 alignright\" src=\"https:\/\/www.sinn-schaffen.de\/finanz\/wp-content\/uploads\/sites\/13\/2018\/07\/Geldgeber-R\u00fcstungsexporte-urgewald_Facing-Finance-5T.jpg\" alt=\"\" width=\"310\" height=\"438\"><\/a>Die untersuchten Banken unterst\u00fctzten die R\u00fcstungsfirmen im Zeitraum 2015 bis 2017 mit \u00fcber neun Milliarden Euro in Form von Krediten und ausgegebenen Anleihen. Zu den gr\u00f6\u00dften Finanziers z\u00e4hlen<\/p>\n<ul>\n<li>die UniCredit Group\/HypoVereinsbank mit Finanzbeziehungen zu sieben der zehn untersuchten Firmen,<\/li>\n<li>die Deutsche Bank mit Finanzbeziehungen zu acht der untersuchten Firmen,<\/li>\n<li>die Commerzbank mit f\u00fcnf R\u00fcstungskunden und<\/li>\n<li>die BayernLB mit f\u00fcnf R\u00fcstungskunden.<\/li>\n<\/ul>\n<p>Zu den gef\u00f6rderten Unternehmen z\u00e4hlen ThyssenKrupp mit U-Boot-Lieferungen nach \u00c4gypten oder der deutsche R\u00fcstungs-\u201eExportweltmeister\u201c Rheinmetall mit Exporten an gleich f\u00fcnf der Staaten, die Krieg im Jemen f\u00fchren, zum Beispiel Kuwait oder die Vereinigten Arabischen Emirate. Auch die US-Unternehmen Lockheed Martin, Boeing und Raytheon, die zu den Hauptlieferanten der Golf-Allianz geh\u00f6ren, bekamen Gelder von deutschen Finanzh\u00e4usern. Heraus sticht ein 750-Millionen-Euro-Kredit der Unicredit Group, zu der die HypoVereinsbank z\u00e4hlt, f\u00fcr Lockheed Martin. Dieses Unternehmen liefert seine R\u00fcstungsg\u00fcter gleich an sieben der acht Mitglieder der Golf-Allianz.<\/p>\n<p>\u201eGerade konventionelle deutsche Banken haben offensichtlich seit Jahren und trotz der bekannten katastrophalen humanit\u00e4ren Lage im Jemen kein Problem damit, R\u00fcstungsfirmen zu finanzieren, die den dortigen Krieg kontinuierlich mit Waffenlieferungen befeuern\u201c, kritisiert Thomas K\u00fcchenmeister, gesch\u00e4ftsf\u00fchrender Vorstand von <a href=\"http:\/\/www.facing-finance.org\/de\/\" target=\"_blank\" rel=\"noopener noreferrer\">Facing Finance<\/a>. Unter den untersuchten konventionellen Banken schlie\u00dft lediglich die Deka Bank aktuell die Finanzierung von R\u00fcstungsunternehmen kategorisch aus, neben sechs untersuchten Kirchen- und Alternativbanken.<\/p>\n<figure class=\"wp-block-table\">\n<table class=\"has-subtle-light-gray-background-color has-background\">\n<tbody>\n<tr>\n<td width=\"25%\"><a rel=\"noopener noreferrer\" href=\"https:\/\/urgewald.org\/team\" target=\"_blank\"><img decoding=\"async\" class=\"aligncenter wp-image-313\" title=\" \" src=\"https:\/\/www.sinn-schaffen.de\/finanz\/wp-content\/uploads\/sites\/13\/2018\/07\/BarbaraHappeK.jpg\" alt=\"\" width=\"180\"><\/a><\/td>\n<td width=\"75%\">Dr. Barbara Happe verantwortet den Bereich Banken- und R\u00fcstungskampagnen bei <a href=\"https:\/\/urgewald.org\/\" target=\"_blank\" rel=\"noopener noreferrer\">urgewald<\/a>.<\/td>\n<\/tr>\n<tr>\n<td><\/td>\n<td><a href=\"https:\/\/urgewald.org\/\" target=\"_blank\" rel=\"noopener noreferrer\"><img decoding=\"async\" class=\"aligncenter wp-image-313\" title=\" \" src=\"https:\/\/www.sinn-schaffen.de\/finanz\/wp-content\/uploads\/sites\/13\/2018\/07\/urgewaldLogo.jpg\" alt=\"\" width=\"180\"><\/a><\/td>\n<\/tr>\n<\/tbody>\n<\/table>\n<\/figure>\n<p>Auch durch Aktieninvestitionen profitieren deutsche Finanzh\u00e4user von solchen Gesch\u00e4ften \u2011 obwohl Kund*innen diese laut Umfragen klar ablehnen. DWS, die Investment-Tochter der Deutschen Bank (ehem. Deutsche Asset Management), hielt zum untersuchten Stichtag Anteile im Wert von \u00fcber 3,4 Milliarden Euro an allen untersuchten R\u00fcstungsexporteuren. Auch der Sparkassen-Fondsanbieter Deka Investment (fast 670 Millionen Euro), die Allianz (fast 600 Millionen Euro) und die Volksbanken-Fondsgesellschaft Union Investment (470 Millionen Euro) halten Aktien an der Mehrzahl der untersuchten R\u00fcstungsexporteure. Die Studie zeigt au\u00dferdem, dass einige der beliebtesten Publikumsfonds in Deutschland heute sogar in deutlich mehr R\u00fcstungsfirmen investieren als noch vor drei Jahren.<\/p>\n<p>Barbara Happe, R\u00fcstungsfinanzexpertin bei <a href=\"https:\/\/urgewald.org\/\" target=\"_blank\" rel=\"noopener noreferrer\">urgewald<\/a>, kommentiert: \u201eDie gro\u00dfen deutschen Fondsgesellschaften wollen trotz der \u00f6ffentlichen Debatten offenbar weiterhin von steigenden Aktienkursen der R\u00fcstungsbranche profitieren. Leider schlie\u00dfen auch die Fondsgesellschaften von Sparkassen und Volksbanken Gesch\u00e4fte mit dem Krieg nicht aus. Die Kehrseite dieses vermeintlichen \u201aRenditewunders\u2018 ist eine stetig steigende Zahl von Toten und Verletzten in den Kriegs- und Krisenregionen dieser Welt\u201c.<\/p>\n<p>urgewald und Facing Finance fordern von den Finanzdienstleistern klare und transparente Ausschlusskriterien fu\u0308r die Finanzierung von und Investitionen in Ru\u0308stungsunternehmen, die in Krisen- und Kriegsregionen oder an menschenrechtsverletzende Regime liefern.<\/p>\n\n\n<figure class=\"wp-block-table\"><table class=\"has-subtle-light-gray-background-color has-background\"><tbody><tr><td width=\"25%\"><a rel=\"noopener noreferrer\" href=\"https:\/\/urgewald.org\/sites\/default\/files\/Geldgeber%20R%C3%BCstungsexporte%20-%20urgewald_Facing%20Finance.pdf\" target=\"_blank\"><img decoding=\"async\" title=\" \" width=\"180\" class=\"aligncenter wp-image-313\" src=\"https:\/\/www.sinn-schaffen.de\/finanz\/wp-content\/uploads\/sites\/13\/2018\/07\/Geldgeber-R\u00fcstungsexporte-urgewald_Facing-Finance-T.jpg\" alt=\"\"><\/a><\/td><td width=\"75%\">Die Studie &#8222;Dirty Profits: Unser Geld f\u00fcr R\u00fcstungsexporte in Kriegs- und Krisengebiete&#8220; l\u00e4sst sich <a href=\"https:\/\/urgewald.org\/sites\/default\/files\/Geldgeber%20R%C3%BCstungsexporte%20-%20urgewald_Facing%20Finance.pdf\" target=\"_blank\" rel=\"noopener noreferrer\">hier PDF-Datei downloaden<\/a>.<\/td><\/tr><\/tbody><\/table><\/figure>\n","protected":false},"excerpt":{"rendered":"<p>Eine Studie der Menschenrechtsorganisationen Facing Finance und urgewald hat die R\u00fcstungsinvestitionen von mehreren deutschen Banken und Verm\u00f6gensverwaltern untersucht. Einige der beliebtesten Publikumsfonds in Deutschland investieren heute in deutlich mehr R\u00fcstungsfirmen als noch vor drei Jahren. Auch die Fondsgesellschaften von Sparkassen und Volksbanken schlie\u00dfen Gesch\u00e4fte mit dem Krieg nicht aus. Mit \u00fcber neun Milliarden Euro in &hellip; <\/p>\n<p class=\"link-more\"><a href=\"https:\/\/www.sinn-schaffen.de\/finanz\/deutsches-geld-fuer-kriege-im-nahen-und-mittleren-osten\/\" class=\"more-link\"><span class=\"screen-reader-text\">\u201eStudie: Deutsches Geld f\u00fcr Kriege im Nahen und Mittleren Osten\u201c<\/span> weiterlesen<\/a><\/p>\n","protected":false},"author":1,"featured_media":0,"parent":0,"menu_order":157,"comment_status":"closed","ping_status":"closed","template":"","meta":{"footnotes":""},"class_list":["post-113","page","type-page","status-publish","hentry"],"_links":{"self":[{"href":"https:\/\/www.sinn-schaffen.de\/finanz\/wp-json\/wp\/v2\/pages\/113","targetHints":{"allow":["GET"]}}],"collection":[{"href":"https:\/\/www.sinn-schaffen.de\/finanz\/wp-json\/wp\/v2\/pages"}],"about":[{"href":"https:\/\/www.sinn-schaffen.de\/finanz\/wp-json\/wp\/v2\/types\/page"}],"author":[{"embeddable":true,"href":"https:\/\/www.sinn-schaffen.de\/finanz\/wp-json\/wp\/v2\/users\/1"}],"replies":[{"embeddable":true,"href":"https:\/\/www.sinn-schaffen.de\/finanz\/wp-json\/wp\/v2\/comments?post=113"}],"version-history":[{"count":7,"href":"https:\/\/www.sinn-schaffen.de\/finanz\/wp-json\/wp\/v2\/pages\/113\/revisions"}],"predecessor-version":[{"id":652,"href":"https:\/\/www.sinn-schaffen.de\/finanz\/wp-json\/wp\/v2\/pages\/113\/revisions\/652"}],"wp:attachment":[{"href":"https:\/\/www.sinn-schaffen.de\/finanz\/wp-json\/wp\/v2\/media?parent=113"}],"curies":[{"name":"wp","href":"https:\/\/api.w.org\/{rel}","templated":true}]}}