{"id":1139,"date":"2023-01-20T16:26:14","date_gmt":"2023-01-20T15:26:14","guid":{"rendered":"https:\/\/www.sinn-schaffen.de\/finanz\/?page_id=1139"},"modified":"2023-01-20T16:34:52","modified_gmt":"2023-01-20T15:34:52","slug":"warum-die-abgabenquote-des-deutschen-muster-millionaers-nur-halb-so-hoch-ist-wie-die-des-durchschnitts-verdieners","status":"publish","type":"page","link":"https:\/\/www.sinn-schaffen.de\/finanz\/warum-die-abgabenquote-des-deutschen-muster-millionaers-nur-halb-so-hoch-ist-wie-die-des-durchschnitts-verdieners\/","title":{"rendered":"Warum die Abgabenquote des deutschen Muster-Million\u00e4rs nur halb so hoch ist wie die des Durchschnitts-Verdieners"},"content":{"rendered":"\n<p><em>Das Jahrbuch Steuergerechtigkeit illustriert anhand von acht Indikatoren die gr\u00f6\u00dften Ungerechtigkeiten im deutschen Steuersystem und zeigt, wie Deutschland als Niedrigsteuerland f\u00fcr Million\u00e4re dazu beitr\u00e4gt, dass die Reichen trotz aller Krisen immer reicher werden. W\u00e4hrend die Durchschnitts-Verdiener-Familie 43 Prozent ihres Gehalts f\u00fcr Steuern und Sozialabgaben aufwendet, sind es bei der Familie eines Muster-Million\u00e4rs mit Sozialabgaben nur 24 Prozent \u2013 und das sogar dann, wenn die von seinem Unternehmen gezahlten Unternehmenssteuern einberechnet werden. Welche Steuerprivilegien daf\u00fcr verantwortlich sind, rechnet das Jahrbuch Steuergerechtigkeit an einem detaillierten und typischen Beispiel vor.<\/em><\/p>\n\n\n\n<figure class=\"wp-block-image size-full\"><img loading=\"lazy\" decoding=\"async\" width=\"1024\" height=\"413\" src=\"https:\/\/www.sinn-schaffen.de\/finanz\/wp-content\/uploads\/sites\/13\/2023\/01\/230120-steuergerechtigkeit.jpg\" alt=\"\" class=\"wp-image-1133\" title=\"Foto: Nata Uchava, Freiburg\"\/><\/figure>\n\n\n\n<p><strong>(Berlin, 17. Januar 2023)<\/strong> Einmal im Jahr erscheint eine Statistik der OECD, die gern genutzt wird, um Deutschland zum Hochsteuerland zu erkl\u00e4ren. Ebenfalls einmal im Jahr treffen sich in Davos die Reichen und M\u00e4chtigen und Oxfam stellt fest, dass sie noch reicher geworden sind. Passend dazu erscheint heute, herausgegeben vom Netzwerk Steuergerechtigkeit, zum zweiten Mal das Jahrbuch Steuergerechtigkeit. Anhand von acht Indikatoren illustriert es die gr\u00f6\u00dften Ungerechtigkeiten im deutschen Steuersystem. Es zeigt, wie Deutschland als Niedrigsteuerland f\u00fcr Million\u00e4re dazu beitr\u00e4gt, dass die Reichen trotz aller Krisen immer reicher werden:<\/p>\n\n\n\n<ul class=\"wp-block-list\">\n<li><strong>21 Prozent Steuern:<\/strong> So hoch ist der Steuersatz eines deutschen Muster-Million\u00e4rs auf ein Jahreseinkommen von 1,6 Millionen Euro. W\u00e4hrend die Durchschnitts-Verdiener-Familie 43 Prozent ihres Gehalts f\u00fcr Steuern und Sozialabgaben aufwendet, sind es bei der Familie des Muster-Million\u00e4rs mit Sozialabgaben nur 24 Prozent \u2013 und das sogar dann, wenn die von seinem Unternehmen gezahlten Unternehmenssteuern einberechnet werden. Welche Steuerprivilegien daf\u00fcr verantwortlich sind, rechnet das Jahrbuch Steuergerechtigkeit an einem detaillierten und typischen Beispiel vor.<\/li>\n\n\n\n<li><strong>2,5 Prozent trotz globaler Mindeststeuer:<\/strong> Nach langem Ringen haben sich die EU-Staaten Ende 2022 auf eine Mindeststeuer-Richtlinie geeinigt. An den Steuerzahlungen der gro\u00dfen Digitalkonzerne in Deutschland wird das kaum etwas \u00e4ndern. Wie viele Steuern sie global und in Deutschland zahlen, berechnet das Jahrbuch Steuergerechtigkeit ab jetzt jedes Jahr und verfolgt damit, ob das zentrale Versprechen der OECD-Reformen irgendwann Realit\u00e4t wird.<\/li>\n\n\n\n<li><strong>57 Prozent nach sechs Monaten:<\/strong> \u201eDeutschland darf nicht l\u00e4nger den Ruf eines Geldw\u00e4sche-Paradieses haben. Wir haben den Mut zum gro\u00dfen Wurf: Mit leistungsf\u00e4higen und wirksamen Strukturen werden wir daf\u00fcr sorgen, dass die ehrlichen Kaufleute vor denen gesch\u00fctzt werden, die sich nicht an Regeln halten.\u201c Ob diesen Worten von Finanzminister Lindner auch Taten folgen, sollte sich zuerst im Transparenzregister zeigen. Aber: Nur 57 Prozent der deutschen GmbHs halten sich bisher an die Eintragungspflicht. Seit der Rede von Lindner im Sommer 2022 sind es lediglich 7 Prozent mehr geworden.<\/li>\n\n\n\n<li><strong>75 bis 100 Milliarden Euro.<\/strong> So gro\u00df ist nach Sch\u00e4tzung aus dem ersten Jahrbuch Steuergerechtigkeit von 2021 die Gerechtigkeitsl\u00fccke im deutschen Steuersystem. 2022 wurde keine der L\u00fccken adressiert und das Gerechtigkeitsdefizit ist eher noch gr\u00f6\u00dfer geworden.<\/li>\n<\/ul>\n\n\n\n<p>Das zweite Jahrbuch Steuergerechtigkeit 2023 enth\u00e4lt viele weitere Updates aus dem ersten Jahr Steuer- und Finanzpolitik der Ampelregierung, unter anderem:<\/p>\n\n\n\n<ul class=\"wp-block-list\">\n<li>Einen Gastbeitrag zu Schulden, Steuern, Inflation von Philippa Sigl-Gl\u00f6ckner vom Dezernat Zukunft;<\/li>\n\n\n\n<li>die Entstehungsgeschichte rund um die unzureichende \u00dcbergewinnsteuer f\u00fcr Mineral\u00f6lkonzerne;<\/li>\n\n\n\n<li>die ersten Zahlen zur nach Erachten der Herausgeber des Jahrbuchs verfassungswidrigen Verschonungsbedarfspr\u00fcfung bei der Erbschaftsteuer;<\/li>\n\n\n\n<li>die 2021 noch einmal deutlich lukrativer gewordene Tonnagesteuer und die Reaktion von Hapag-Lloyd Aktion\u00e4r Klaus K\u00fchne;<\/li>\n\n\n\n<li>einen Abgleich von Wahlprogramm, Koalitionsvertrag und Regierungshandeln.<\/li>\n<\/ul>\n\n\n\n<p>Karl-Martin Hentschel, Vertreter von Attac im Koordinierungskreis des Netzwerk Steuergererchtigkeit, sagt: \u201eEs wird dringend notwendig, dass unser Steuersystem fair gestaltet wird und breite Schultern die gr\u00f6\u00dfte Last tragen. Insbesondere brauchen wir wieder eine angemessene Verm\u00f6gensbesteuerung, damit die Schere zwischen arm und reich nicht immer weiter aufgeht.\u201c<\/p>\n\n\n\n<p>Christoph Trautvetter, Koordinator Netzwerk Steuergerechtigkeit und Co-Autor des Jahrbuchs: \u201eDeutschland besteuert Arbeit zu hoch und Kapital zu niedrig. Das macht wirtschaftlich keinen Sinn, weil sich Leistung dann nicht ausreichend lohnt. Und es macht die Verm\u00f6gensverteilung in Deutschland so ungleich wie in fast keinem anderen Land der Welt und gef\u00e4hrdet damit den gerade in Krisenzeiten so wichtigen gesellschaftlichen Zusammenhalt.\u201c<\/p>\n\n\n\n<p>Julia Jirmann, Referentin f\u00fcr Steuerrecht beim Netzwerk Steuergerechtigkeit und Co-Autorin des Jahrbuchs: \u201eIn Deutschland gibt es weder eine Verm\u00f6gensteuer noch eine Erbschaftsteuer, die sehr gro\u00dfe Verm\u00f6gen tats\u00e4chlich trifft. Stattdessen landet bei den reichsten Menschen des Landes jedes Jahr die mit Abstand gr\u00f6\u00dfte Steuersubvention. Das dreht den Turbo der Verm\u00f6gensungleichheit weiter auf und steht dem Leistungsversprechen entgegen.\u201c<\/p>\n\n\n\n<div class=\"wp-block-columns is-layout-flex wp-container-core-columns-is-layout-9d6595d7 wp-block-columns-is-layout-flex\">\n<div class=\"wp-block-column is-layout-flow wp-block-column-is-layout-flow\" style=\"flex-basis:33.33%\">\n<figure class=\"wp-block-image size-full\"><img loading=\"lazy\" decoding=\"async\" width=\"300\" height=\"374\" src=\"https:\/\/www.sinn-schaffen.de\/finanz\/wp-content\/uploads\/sites\/13\/2018\/05\/Karl-Martin_HentschelS.jpg\" alt=\"\" class=\"wp-image-43\" title=\"Foto: privat\"\/><\/figure>\n<\/div>\n\n\n\n<div class=\"wp-block-column is-layout-flow wp-block-column-is-layout-flow\" style=\"flex-basis:66.66%\">\n<p>Karl-Martin Hentschel ist der Vertreter von <a href=\"https:\/\/www.attac.de\/\" target=\"_blank\" rel=\"noreferrer noopener\">Attac<\/a> im Koordinierungskreis des <a href=\"https:\/\/www.netzwerk-steuergerechtigkeit.de\/\" target=\"_blank\" rel=\"noreferrer noopener\">Netzwerk Steuergerechtigkeit<\/a>, dem attac angeh\u00f6rt.<\/p>\n\n\n\n<figure class=\"wp-block-image size-full\"><a href=\"https:\/\/www.netzwerk-steuergerechtigkeit.de\/\" target=\"_blank\" rel=\"noreferrer noopener\"><img loading=\"lazy\" decoding=\"async\" width=\"330\" height=\"73\" src=\"https:\/\/www.sinn-schaffen.de\/finanz\/wp-content\/uploads\/sites\/13\/2018\/05\/NetzwerkSteuergerechtigkeit.jpg\" alt=\"\" class=\"wp-image-45\"\/><\/a><\/figure>\n<\/div>\n<\/div>\n\n\n\n<div class=\"wp-block-columns is-layout-flex wp-container-core-columns-is-layout-9d6595d7 wp-block-columns-is-layout-flex\">\n<div class=\"wp-block-column is-layout-flow wp-block-column-is-layout-flow\" style=\"flex-basis:33.33%\">\n<figure class=\"wp-block-image size-full\"><a href=\"https:\/\/www.netzwerk-steuergerechtigkeit.de\/wp-content\/uploads\/2023\/01\/230117_Jahrbuch2023_Online.pdf\" target=\"_blank\" rel=\"noreferrer noopener\"><img loading=\"lazy\" decoding=\"async\" width=\"599\" height=\"846\" src=\"https:\/\/www.sinn-schaffen.de\/finanz\/wp-content\/uploads\/sites\/13\/2023\/01\/230117_Jahrbuch2023_Online-T.jpg\" alt=\"\" class=\"wp-image-1134\"\/><\/a><\/figure>\n<\/div>\n\n\n\n<div class=\"wp-block-column is-layout-flow wp-block-column-is-layout-flow\" style=\"flex-basis:66.66%\">\n<p>Das Jahrbuch Steuergerechtigkeit 2023 steht <a href=\"https:\/\/www.netzwerk-steuergerechtigkeit.de\/wp-content\/uploads\/2023\/01\/230117_Jahrbuch2023_Online.pdf\" target=\"_blank\" rel=\"noreferrer noopener\">\u00fcber diesen Link zum Download als PDF<\/a> bereit.<\/p>\n<\/div>\n<\/div>\n\n\n\n<div class=\"wp-block-columns is-layout-flex wp-container-core-columns-is-layout-9d6595d7 wp-block-columns-is-layout-flex\">\n<div class=\"wp-block-column is-layout-flow wp-block-column-is-layout-flow\" style=\"flex-basis:33.33%\">\n<figure class=\"wp-block-image size-full\"><a href=\"https:\/\/www.netzwerk-steuergerechtigkeit.de\/wp-content\/uploads\/2023\/01\/230113_AP1_Mustermilliona%CC%88r-2.pdf\" target=\"_blank\" rel=\"noreferrer noopener\"><img loading=\"lazy\" decoding=\"async\" width=\"599\" height=\"846\" src=\"https:\/\/www.sinn-schaffen.de\/finanz\/wp-content\/uploads\/sites\/13\/2023\/01\/230113_AP1_Mustermillionaer-T.jpg\" alt=\"\" class=\"wp-image-1136\"\/><\/a><\/figure>\n<\/div>\n\n\n\n<div class=\"wp-block-column is-layout-flow wp-block-column-is-layout-flow\" style=\"flex-basis:66.66%\">\n<p>Ein Arbeitspapier zum Steuersatz des Muster-Million\u00e4rs steht <a href=\"https:\/\/www.netzwerk-steuergerechtigkeit.de\/wp-content\/uploads\/2023\/01\/230113_AP1_Mustermilliona%CC%88r-2.pdf\" target=\"_blank\" rel=\"noreferrer noopener\">\u00fcber diesen Link zum Download als PDF<\/a> bereit.<\/p>\n<\/div>\n<\/div>\n","protected":false},"excerpt":{"rendered":"<p>Das Jahrbuch Steuergerechtigkeit illustriert anhand von acht Indikatoren die gr\u00f6\u00dften Ungerechtigkeiten im deutschen Steuersystem und zeigt, wie Deutschland als Niedrigsteuerland f\u00fcr Million\u00e4re dazu beitr\u00e4gt, dass die Reichen trotz aller Krisen immer reicher werden. W\u00e4hrend die Durchschnitts-Verdiener-Familie 43 Prozent ihres Gehalts f\u00fcr Steuern und Sozialabgaben aufwendet, sind es bei der Familie eines Muster-Million\u00e4rs mit Sozialabgaben nur &hellip; <\/p>\n<p class=\"link-more\"><a href=\"https:\/\/www.sinn-schaffen.de\/finanz\/warum-die-abgabenquote-des-deutschen-muster-millionaers-nur-halb-so-hoch-ist-wie-die-des-durchschnitts-verdieners\/\" class=\"more-link\"><span class=\"screen-reader-text\">\u201eWarum die Abgabenquote des deutschen Muster-Million\u00e4rs nur halb so hoch ist wie die des Durchschnitts-Verdieners\u201c<\/span> weiterlesen<\/a><\/p>\n","protected":false},"author":1,"featured_media":0,"parent":0,"menu_order":50,"comment_status":"closed","ping_status":"closed","template":"","meta":{"footnotes":""},"class_list":["post-1139","page","type-page","status-publish","hentry"],"_links":{"self":[{"href":"https:\/\/www.sinn-schaffen.de\/finanz\/wp-json\/wp\/v2\/pages\/1139","targetHints":{"allow":["GET"]}}],"collection":[{"href":"https:\/\/www.sinn-schaffen.de\/finanz\/wp-json\/wp\/v2\/pages"}],"about":[{"href":"https:\/\/www.sinn-schaffen.de\/finanz\/wp-json\/wp\/v2\/types\/page"}],"author":[{"embeddable":true,"href":"https:\/\/www.sinn-schaffen.de\/finanz\/wp-json\/wp\/v2\/users\/1"}],"replies":[{"embeddable":true,"href":"https:\/\/www.sinn-schaffen.de\/finanz\/wp-json\/wp\/v2\/comments?post=1139"}],"version-history":[{"count":2,"href":"https:\/\/www.sinn-schaffen.de\/finanz\/wp-json\/wp\/v2\/pages\/1139\/revisions"}],"predecessor-version":[{"id":1141,"href":"https:\/\/www.sinn-schaffen.de\/finanz\/wp-json\/wp\/v2\/pages\/1139\/revisions\/1141"}],"wp:attachment":[{"href":"https:\/\/www.sinn-schaffen.de\/finanz\/wp-json\/wp\/v2\/media?parent=1139"}],"curies":[{"name":"wp","href":"https:\/\/api.w.org\/{rel}","templated":true}]}}