{"id":1152,"date":"2023-02-22T17:59:01","date_gmt":"2023-02-22T16:59:01","guid":{"rendered":"https:\/\/www.sinn-schaffen.de\/finanz\/?page_id=1152"},"modified":"2023-02-22T17:59:02","modified_gmt":"2023-02-22T16:59:02","slug":"repraesentative-umfrage-zeigt-wachsende-existenzaengste-und-hohe-zustimmung-zu-vermoegens-und-uebergewinnsteuer","status":"publish","type":"page","link":"https:\/\/www.sinn-schaffen.de\/finanz\/repraesentative-umfrage-zeigt-wachsende-existenzaengste-und-hohe-zustimmung-zu-vermoegens-und-uebergewinnsteuer\/","title":{"rendered":"Repr\u00e4sentative Umfrage zeigt wachsende Existenz\u00e4ngste und hohe Zustimmung zu Verm\u00f6gens- und \u00dcbergewinnsteuer"},"content":{"rendered":"\n<p><em>Das Meinungsforschungsinstitut Kantar (ehemals Emnid) f\u00fchrte im Auftrag der Rosa-Luxemburg-Stiftung zwischen dem 12. und 15. Dezember 2022 eine repr\u00e4sentative Umfrage zum Thema Armut, Umverteilung und Steuern durch. Fast drei Viertel der Befragten (73 Prozent) sprachen sich f\u00fcr die Einf\u00fchrung einer Verm\u00f6genssteuer aus (26 Prozent waren dagegen). Dem Vorhaben, mit zus\u00e4tzlichen Kreditaufnahmen vonseiten des Staates h\u00f6here Sozialleistungen und Investitionen in die \u00f6ffentliche Daseinsvorsorge zu erm\u00f6glichen, stimmten 52 Prozent der Befragten zu (44 Prozent sind dagegen).<\/em><\/p>\n\n\n\n<figure class=\"wp-block-image size-full\"><img loading=\"lazy\" decoding=\"async\" width=\"1024\" height=\"413\" src=\"https:\/\/www.sinn-schaffen.de\/finanz\/wp-content\/uploads\/sites\/13\/2023\/02\/NU-230222-rosalux.jpg\" alt=\"\" class=\"wp-image-1148\" title=\"Foto: Nata Uchava, Freiburg\"\/><\/figure>\n\n\n\n<p><strong>(Berlin, 7. Februar 2023)<\/strong> In einer repr\u00e4sentativen Umfrage im Auftrag der Rosa-Luxemburg-Stiftung sprachen sich fast drei Viertel der Befragten (73 Prozent) f\u00fcr die Einf\u00fchrung einer Verm\u00f6genssteuer aus (26 Prozent sind dagegen). Zudem bef\u00fcrworten mit 85 Prozent aller Befragten deutlich mehr Menschen die Einf\u00fchrung einer \u00dcbergewinnsteuer (12 Prozent sind dagegen). Zum Vergleich: Im August 2022 unterst\u00fctzen 72 Prozent eine entsprechende Frage und 21 Prozent waren dagegen.<\/p>\n\n\n\n<p>Dem Vorhaben, mit zus\u00e4tzlichen Kreditaufnahmen vonseiten des Staates h\u00f6here Sozialleistungen und Investitionen in die \u00f6ffentliche Daseinsvorsorge zu erm\u00f6glichen, stimmten 52 Prozent der Befragten zu (44 Prozent sind dagegen).<\/p>\n\n\n\n<ul class=\"wp-block-list\">\n<li>Nach den Priorit\u00e4ten gefragt, wohin die zus\u00e4tzlichen Steuermittel flie\u00dfen sollen, werden an erster Stelle Investitionen in Krankenh\u00e4user, Pflegeeinrichtungen, Schulen und Kitas sowie deren Ausstattung mit ausreichend Personal genannt (jeweils 99 Prozent Zustimmung).<\/li>\n\n\n\n<li>Auf Platz Zwei folgen bezahlbarer Wohnraum, mehr Sozialwohnungen sowie der Ausbau des \u00f6ffentlichen Nah- und Regionalverkehrs (jeweils 94 Prozent Zustimmung).<\/li>\n\n\n\n<li>Auf dem dritten Platz findet sich verg\u00fcnstigter Bezug von Energie zur Abdeckung des Grundbedarfs von Privathaushalten (89 Prozent Zustimmung), gefolgt vom schnelleren Ausbau erneuerbarer Energien (87 Prozent Zustimmung).<\/li>\n\n\n\n<li>Dass die Daseinsvorsorge in Form der Bereitstellung von Krankenh\u00e4usern, der Wasser- oder Energieversorgung nicht von privaten Unternehmen \u00fcbernommen werden soll, sondern eine Aufgabe der \u00f6ffentlichen Hand ist, dem stimmen 85 Prozent aller Befragten zu. Nur 12 Prozent sind anderer Meinung.<\/li>\n<\/ul>\n\n\n\n<p>\u201eDie Regierung gibt zwar erhebliche Summen zur Abfederung der Krisen aus, aber die Ma\u00dfnahmen haben eine deutliche verteilungspolitische Schieflage, denn: Nur ein geringerer Teil der Mittel erreicht jene Menschen, die am st\u00e4rksten von den steigenden Preisen f\u00fcr Energie, Lebensmittel, Miete und anderen Alltagskosten betroffen sind. Es ist skandal\u00f6s, dass Arme und lohnabh\u00e4ngig Besch\u00e4ftigte faktisch ihre Entlastung aus eigener Tasche bezahlen m\u00fcssen\u201c, sagt Daniela Trochowski, Gesch\u00e4ftsf\u00fchrerin der Rosa-Luxemburg-Stiftung. Vor allem aber beschr\u00e4nkten sich die aus dem Sonderverm\u00f6gen finanzierten Ma\u00dfnahmen auf kurzfristige Hilfen. \u201eNotwendige Investitionen und eine nachhaltige Finanzierung der sozialen Infrastrukturen oder \u00f6ffentlichen Daseinsvorsorge werden dar\u00fcber nicht vorgenommen.\u201c<\/p>\n\n\n\n<p>Die Einsch\u00e4tzung der eigenen finanziellen Situation l\u00e4sst angesichts von Inflation und Energiepreiskrise ebenfalls aufhorchen: Mehr als die H\u00e4lfte der Befragten (52 Prozent) muss sich nach eigener Einsch\u00e4tzung aufgrund der stark gestiegenen Preise f\u00fcr Energie und Lebensmittel bereits jetzt finanziell stark einschr\u00e4nken, im Osten Deutschlands sind es sogar 58 Prozent. Rund 15 Prozent der Befragten sehen sich als von Armut betroffen, davon deutlich mehr im Osten (27 Prozent) als im Westen (12 Prozent) der Republik sowie mehr Frauen (17 Prozent) als M\u00e4nner (13 Prozent).<\/p>\n\n\n\n<p>W\u00e4hrend die Mehrheit der Bev\u00f6lkerung die Notwendigkeit erkennt, h\u00f6here Einnahmen zu generieren, um sie f\u00fcr eine resiliente Daseinsvorsorge, also Investitionen in Krankenh\u00e4user, Schulen, bezahlbaren Wohnraum zu nutzen, werden solche nachhaltigen Ma\u00dfnahmen seit Jahren ignoriert und auf die lange Bank geschoben. Der Personalmangel in Krankenh\u00e4usern, der Altenpflege, in Schulen und Kitas ist ein seit langem debattiertes Problem. Ebenso mangelnder bezahlbarer Wohnraum und die dramatisch sinkende Zahl an verf\u00fcgbaren Sozialwohnungen. Die Investitionen und die nachhaltige Finanzierung bleiben weit hinter den Bedarfen zur\u00fcck.<\/p>\n\n\n\n<p>Das Meinungsforschungsinstitut Kantar (ehemals Emnid) f\u00fchrte im Auftrag der Rosa-Luxemburg-Stiftung zwischen dem 12. und 15. Dezember 2022 eine repr\u00e4sentative Umfrage zum Thema Armut, Umverteilung und Steuern in Form von computergest\u00fctzten telefonischen Interviews \u00fcber Festnetz und Mobilfunk (CATI = Computer Assisted Telephone Interviewing) durch. Befragt wurden 1.009 Personen in Ost- und Westdeutschland. Die Auswertung der von Kantar erhobenen Daten erfolgte durch die Rosa-Luxemburg-Stiftung.<\/p>\n\n\n\n<div class=\"wp-block-columns is-layout-flex wp-container-core-columns-is-layout-9d6595d7 wp-block-columns-is-layout-flex\">\n<div class=\"wp-block-column is-layout-flow wp-block-column-is-layout-flow\" style=\"flex-basis:33.33%\">\n<figure class=\"wp-block-image size-full\"><a href=\"https:\/\/www.rosalux.de\/profil\/es_detail\/PKDTQWQD9Y\/daniela-trochowski?cHash=71bbef983ef545b26cb75c8d035df833\" target=\"_blank\" rel=\"noreferrer noopener\"><img loading=\"lazy\" decoding=\"async\" width=\"300\" height=\"300\" src=\"https:\/\/www.sinn-schaffen.de\/finanz\/wp-content\/uploads\/sites\/13\/2021\/11\/Daniela-Trochowski-by-MdF-JBergmann.png\" alt=\"\" class=\"wp-image-887\" title=\"Foto: MdF \/ J. Bergmann\"\/><\/a><\/figure>\n<\/div>\n\n\n\n<div class=\"wp-block-column is-layout-flow wp-block-column-is-layout-flow\" style=\"flex-basis:66.66%\">\n<p><a href=\"https:\/\/www.rosalux.de\/profil\/es_detail\/PKDTQWQD9Y\/daniela-trochowski?cHash=71bbef983ef545b26cb75c8d035df833\" target=\"_blank\" rel=\"noreferrer noopener\">Daniela Trochowski<\/a> ist Gesch\u00e4ftsf\u00fchrerin der <a href=\"https:\/\/www.rosalux.de\/\" target=\"_blank\" rel=\"noreferrer noopener\">Rosa-Luxemburg-Stiftung<\/a>.<\/p>\n\n\n\n<figure class=\"wp-block-image size-full is-resized\"><a href=\"https:\/\/www.rosalux.de\/\" target=\"_blank\" rel=\"noreferrer noopener\"><img loading=\"lazy\" decoding=\"async\" src=\"https:\/\/www.sinn-schaffen.de\/finanz\/wp-content\/uploads\/sites\/13\/2021\/11\/RLS_Export-Logo_de.jpg\" alt=\"\" class=\"wp-image-888\" width=\"206\" height=\"146\"\/><\/a><\/figure>\n<\/div>\n<\/div>\n\n\n\n<div class=\"wp-block-columns is-layout-flex wp-container-core-columns-is-layout-9d6595d7 wp-block-columns-is-layout-flex\">\n<div class=\"wp-block-column is-layout-flow wp-block-column-is-layout-flow\" style=\"flex-basis:33.33%\">\n<figure class=\"wp-block-image size-full\"><a href=\"https:\/\/www.rosalux.de\/fileadmin\/rls_uploads\/pdfs\/sonst_publikationen\/Online-Broschur_Mehrheiten_fuer_Umverteilung.pdf\" target=\"_blank\" rel=\"noreferrer noopener\"><img loading=\"lazy\" decoding=\"async\" width=\"387\" height=\"599\" src=\"https:\/\/www.sinn-schaffen.de\/finanz\/wp-content\/uploads\/sites\/13\/2023\/02\/rosalux-feb-2023-umverteilung-T.jpg\" alt=\"\" class=\"wp-image-1149\"\/><\/a><\/figure>\n<\/div>\n\n\n\n<div class=\"wp-block-column is-layout-flow wp-block-column-is-layout-flow\" style=\"flex-basis:66.66%\">\n<p>Die Umfrage &#8222;Gro\u00dfe Mehrheit f\u00fcr Umverteilung&#8220; steht <a href=\"https:\/\/www.rosalux.de\/fileadmin\/rls_uploads\/pdfs\/sonst_publikationen\/Online-Broschur_Mehrheiten_fuer_Umverteilung.pdf\" target=\"_blank\" rel=\"noreferrer noopener\">\u00fcber diesen Link zum Download als PDF<\/a> bereit.<\/p>\n<\/div>\n<\/div>\n","protected":false},"excerpt":{"rendered":"<p>Das Meinungsforschungsinstitut Kantar (ehemals Emnid) f\u00fchrte im Auftrag der Rosa-Luxemburg-Stiftung zwischen dem 12. und 15. Dezember 2022 eine repr\u00e4sentative Umfrage zum Thema Armut, Umverteilung und Steuern durch. Fast drei Viertel der Befragten (73 Prozent) sprachen sich f\u00fcr die Einf\u00fchrung einer Verm\u00f6genssteuer aus (26 Prozent waren dagegen). Dem Vorhaben, mit zus\u00e4tzlichen Kreditaufnahmen vonseiten des Staates h\u00f6here &hellip; <\/p>\n<p class=\"link-more\"><a href=\"https:\/\/www.sinn-schaffen.de\/finanz\/repraesentative-umfrage-zeigt-wachsende-existenzaengste-und-hohe-zustimmung-zu-vermoegens-und-uebergewinnsteuer\/\" class=\"more-link\"><span class=\"screen-reader-text\">\u201eRepr\u00e4sentative Umfrage zeigt wachsende Existenz\u00e4ngste und hohe Zustimmung zu Verm\u00f6gens- und \u00dcbergewinnsteuer\u201c<\/span> weiterlesen<\/a><\/p>\n","protected":false},"author":1,"featured_media":0,"parent":0,"menu_order":48,"comment_status":"closed","ping_status":"closed","template":"","meta":{"footnotes":""},"class_list":["post-1152","page","type-page","status-publish","hentry"],"_links":{"self":[{"href":"https:\/\/www.sinn-schaffen.de\/finanz\/wp-json\/wp\/v2\/pages\/1152","targetHints":{"allow":["GET"]}}],"collection":[{"href":"https:\/\/www.sinn-schaffen.de\/finanz\/wp-json\/wp\/v2\/pages"}],"about":[{"href":"https:\/\/www.sinn-schaffen.de\/finanz\/wp-json\/wp\/v2\/types\/page"}],"author":[{"embeddable":true,"href":"https:\/\/www.sinn-schaffen.de\/finanz\/wp-json\/wp\/v2\/users\/1"}],"replies":[{"embeddable":true,"href":"https:\/\/www.sinn-schaffen.de\/finanz\/wp-json\/wp\/v2\/comments?post=1152"}],"version-history":[{"count":1,"href":"https:\/\/www.sinn-schaffen.de\/finanz\/wp-json\/wp\/v2\/pages\/1152\/revisions"}],"predecessor-version":[{"id":1153,"href":"https:\/\/www.sinn-schaffen.de\/finanz\/wp-json\/wp\/v2\/pages\/1152\/revisions\/1153"}],"wp:attachment":[{"href":"https:\/\/www.sinn-schaffen.de\/finanz\/wp-json\/wp\/v2\/media?parent=1152"}],"curies":[{"name":"wp","href":"https:\/\/api.w.org\/{rel}","templated":true}]}}