{"id":1157,"date":"2023-03-01T16:47:43","date_gmt":"2023-03-01T15:47:43","guid":{"rendered":"https:\/\/www.sinn-schaffen.de\/finanz\/?page_id=1157"},"modified":"2023-03-01T16:47:44","modified_gmt":"2023-03-01T15:47:44","slug":"finanzwende-daten-zeigen-erheblichen-einfluss-der-finanzlobby-bei-basel-iii","status":"publish","type":"page","link":"https:\/\/www.sinn-schaffen.de\/finanz\/finanzwende-daten-zeigen-erheblichen-einfluss-der-finanzlobby-bei-basel-iii\/","title":{"rendered":"Finanzwende-Daten zeigen erheblichen Einfluss der Finanzlobby bei Basel III"},"content":{"rendered":"\n<p><em>2010 hatte sich das globale Gremium f\u00fcr die Bankenregulierung, der Baseler Ausschuss, auch unter dem Eindruck der internationalen Finanzkrise auf neue internationale Standards geeinigt, um Banken krisenfest zu machen. W\u00e4hrend die USA die sogenannten Basel-III-Regeln bereits 2014 rigoros umsetzten, will die Europ\u00e4ische Union die sogenannten Basel-III-Regeln erst in einigen Monaten einf\u00fchren, allerdings in einer stark abgeschw\u00e4chten Form. Neue Zahlen der B\u00fcrgerbewegung Finanzwende belegen, dass diese Verw\u00e4sserung zentraler Kapitalregeln f\u00fcr Banken das Ergebnis einer jahrelangen, intensiven Lobbykampagne ist.<\/em><\/p>\n\n\n\n<figure class=\"wp-block-image size-full\"><img loading=\"lazy\" decoding=\"async\" width=\"1024\" height=\"413\" src=\"https:\/\/www.sinn-schaffen.de\/finanz\/wp-content\/uploads\/sites\/13\/2023\/03\/230301-NU-Finanzwende.jpg\" alt=\"\" class=\"wp-image-1154\" title=\"Foto: Nata Uchava, Freiburg\"\/><\/figure>\n\n\n\n<p><strong>(Berlin, 16. Februar 2023)<\/strong> In wenigen Monaten will die Europ\u00e4ische Union die sogenannten Basel-III-Regeln einf\u00fchren \u2013 allerdings in einer stark abgeschw\u00e4chten Form. Diese Verw\u00e4sserung zentraler Kapitalregeln f\u00fcr Banken ist das Ergebnis einer jahrelangen, intensiven Lobbykampagne. Dies zeigen neue Zahlen der B\u00fcrgerbewegung Finanzwende:<\/p>\n\n\n\n<ul class=\"wp-block-list\">\n<li>176 Mal haben Vertreter der Finanzindustrie demnach allein seit dem Amtsantritt von Kommissionspr\u00e4sidentin Ursula von der Leyen Ende 2019 bei ihrem Kabinett, EU-Kommissaren und Generaldirektoren der Kommission zu Basel III vorgesprochen. Rechnerisch gab es damit einmal pro Woche ein Treffen von Lobby- und Kommissionsvertretern zu Basel III.<\/li>\n\n\n\n<li>Akteure aus der Zivilgesellschaft hatten seit Ende 2019 insgesamt zwei solcher Treffen.<\/li>\n<\/ul>\n\n\n\n<p>\u201eMit einem fairen Wettbewerb der Argumente hat dies nichts mehr zu tun\u201c, sagt Michael Peters, Experte der B\u00fcrgerbewegung Finanzwende. \u201eEU-Parlament und EU-Kommission d\u00fcrfen sich von der Bankenlobby keine Gesetze diktieren lassen.\u201c<\/p>\n\n\n\n<p>Die Finanzwende-Zahlen basieren unter anderem auf Angaben aus dem EU-Lobbyregister und Pflichtangaben der beteiligten Beh\u00f6rden und Parlamentarier. Sie zeigen eindr\u00fccklich, dass Banken und ihre Vertreter bei Kommission und Parlamentariern ein- und ausgehen. Nach Angaben des bankenkritischen Vereins waren 70 Finanzkonzerne und Verb\u00e4nde an der Lobbykampagne beteiligt, darunter an vorderster Stelle auch viele deutsche Vertreter, etwa von Deutscher Bank und Commerzbank. Der Bundesverband deutscher Banken ist europaweit der Akteur mit den zweitmeisten Lobbytreffen mit Spitzenvertretern der aktuell amtierenden Kommission, \u00fcbertroffen nur vom franz\u00f6sischen Bankenverband.<\/p>\n\n\n\n<p>Gegen\u00fcber dem Europaparlament waren die Lobbyvertreter sogar noch umtriebiger. Allein die Berichterstatter und Schattenberichterstatter des Parlaments zum sogenannten Bankenpaket, als Teil dessen die Basel-III-Regeln in der EU umgesetzt werden sollen, hatten in dieser Funktion nach eigenen Angaben 200 Lobbytreffen \u2013 und davon nur vier mit Vertreterinnen und Vertretern der Zivilgesellschaft.<\/p>\n\n\n\n<p>Das Ergebnis der Lobbyaktivit\u00e4ten sind weniger strenge Auflagen f\u00fcr die Kapitalpuffer von Banken \u2013 gut f\u00fcr die Profite der Banken, schlecht f\u00fcr ihre Krisenfestigkeit. Das eigentliche Ziel der Basel-III-Regeln, Banken robuster f\u00fcr eine neue Finanzkrise zu machen, wird aus Sicht von Finanzwende verfehlt. \u201eDie Wahrscheinlichkeit, dass wir europ\u00e4ischen Steuerzahlerinnen und Steuerzahler in ein paar Jahren erneut eine milliardenschwere Rettungsaktion f\u00fcr Banken stemmen m\u00fcssen, ist damit deutlich gestiegen\u201c, sagt Peters.<\/p>\n\n\n\n<p><strong>Zum Hintergrund<\/strong><\/p>\n\n\n\n<p>2010 hatte sich das globale Gremium f\u00fcr die Bankenregulierung, der Baseler Ausschuss, auch unter dem Eindruck der internationalen Finanzkrise auf neue internationale Standards geeinigt. Damit sollten strengere Kapitalauflagen durchgesetzt werden, um Banken krisenfest zu machen. Die Einigung galt zwar schon in ihrer urspr\u00fcnglichen Form als unzureichend im Sinne echter Krisenfestigkeit, stellte aber einen Schritt in die richtige Richtung dar. W\u00e4hrend die USA die sogenannten Basel-III-Regeln bereits 2014 rigoros umsetzen, hinkt die EU immer noch hinterher. Der laufende Gesetzgebungsprozess soll die Regeln nun endlich final umsetzen. Allerdings unterschreitet die EU selbst die wenig ambitionierten Basel-III-Regeln deutlich: Urspr\u00fcnglich vorgesehen war ein Anstieg des Eigenkapitals um rund 20 Prozent, der aufgeweichte Vorschlag der EU-Kommission f\u00fchrt jedoch nur zu einem Anstieg um knapp vier Prozent bis 2030, bis 2033 sind es dann sieben Prozent. Von der Verw\u00e4sserung profitieren vor allem gro\u00dfe und deutsche Banken.<\/p>\n\n\n\n<p><strong>\u00dcber die B\u00fcrgerbewegung Finanzwende<\/strong><\/p>\n\n\n\n<p>Finanzwende ist ein \u00fcberparteilicher Verein mit \u00fcber 7.500 Mitgliedern. Finanzwende versteht sich als eine unabh\u00e4ngige Interessenvertretung von und f\u00fcr B\u00fcrgerinnen und B\u00fcrger, die mit der Unterst\u00fctzung Vieler ein Gegengewicht zur Finanzlobby bildet. Durch Kampagnen und kritische Recherchen k\u00e4mpft sie f\u00fcr ein gemeinsames Ziel: die Finanzwende \u2013 damit die Finanzwirtschaft den Menschen dient.<\/p>\n\n\n\n<div class=\"wp-block-columns is-layout-flex wp-container-core-columns-is-layout-9d6595d7 wp-block-columns-is-layout-flex\">\n<div class=\"wp-block-column is-layout-flow wp-block-column-is-layout-flow\" style=\"flex-basis:33.33%\">\n<figure class=\"wp-block-image size-full\"><a href=\"https:\/\/www.finanzwende-recherche.de\/die-organisation\/team\/\" target=\"_blank\" rel=\"noreferrer noopener\"><img loading=\"lazy\" decoding=\"async\" width=\"404\" height=\"448\" src=\"https:\/\/www.sinn-schaffen.de\/finanz\/wp-content\/uploads\/sites\/13\/2023\/03\/Michael-Peters-K.jpg\" alt=\"\" class=\"wp-image-1155\" title=\"Foto: Finanzwende\"\/><\/a><\/figure>\n<\/div>\n\n\n\n<div class=\"wp-block-column is-layout-flow wp-block-column-is-layout-flow\" style=\"flex-basis:66.66%\">\n<p><a href=\"https:\/\/www.finanzwende-recherche.de\/die-organisation\/team\/\" target=\"_blank\" rel=\"noreferrer noopener\">Michael Peters<\/a> ist Experte f\u00fcr Finanzsystem und Realwirtschaft bei der <a href=\"https:\/\/www.finanzwende.de\/\" target=\"_blank\" rel=\"noreferrer noopener\">B\u00fcrgerbewegung Finanzwende<\/a>.<\/p>\n\n\n\n<figure class=\"wp-block-image size-large is-resized\"><a href=\"https:\/\/www.finanzwende.de\/\" target=\"_blank\" rel=\"noreferrer noopener\"><img loading=\"lazy\" decoding=\"async\" src=\"https:\/\/www.sinn-schaffen.de\/finanz\/wp-content\/uploads\/sites\/13\/2023\/03\/Buergerbewegung-Finanzwende-Logo-1024x236.jpg\" alt=\"\" class=\"wp-image-1158\" width=\"385\" height=\"88\"\/><\/a><\/figure>\n<\/div>\n<\/div>\n","protected":false},"excerpt":{"rendered":"<p>2010 hatte sich das globale Gremium f\u00fcr die Bankenregulierung, der Baseler Ausschuss, auch unter dem Eindruck der internationalen Finanzkrise auf neue internationale Standards geeinigt, um Banken krisenfest zu machen. W\u00e4hrend die USA die sogenannten Basel-III-Regeln bereits 2014 rigoros umsetzten, will die Europ\u00e4ische Union die sogenannten Basel-III-Regeln erst in einigen Monaten einf\u00fchren, allerdings in einer stark &hellip; <\/p>\n<p class=\"link-more\"><a href=\"https:\/\/www.sinn-schaffen.de\/finanz\/finanzwende-daten-zeigen-erheblichen-einfluss-der-finanzlobby-bei-basel-iii\/\" class=\"more-link\"><span class=\"screen-reader-text\">\u201eFinanzwende-Daten zeigen erheblichen Einfluss der Finanzlobby bei Basel III\u201c<\/span> weiterlesen<\/a><\/p>\n","protected":false},"author":1,"featured_media":0,"parent":0,"menu_order":47,"comment_status":"closed","ping_status":"closed","template":"","meta":{"footnotes":""},"class_list":["post-1157","page","type-page","status-publish","hentry"],"_links":{"self":[{"href":"https:\/\/www.sinn-schaffen.de\/finanz\/wp-json\/wp\/v2\/pages\/1157","targetHints":{"allow":["GET"]}}],"collection":[{"href":"https:\/\/www.sinn-schaffen.de\/finanz\/wp-json\/wp\/v2\/pages"}],"about":[{"href":"https:\/\/www.sinn-schaffen.de\/finanz\/wp-json\/wp\/v2\/types\/page"}],"author":[{"embeddable":true,"href":"https:\/\/www.sinn-schaffen.de\/finanz\/wp-json\/wp\/v2\/users\/1"}],"replies":[{"embeddable":true,"href":"https:\/\/www.sinn-schaffen.de\/finanz\/wp-json\/wp\/v2\/comments?post=1157"}],"version-history":[{"count":1,"href":"https:\/\/www.sinn-schaffen.de\/finanz\/wp-json\/wp\/v2\/pages\/1157\/revisions"}],"predecessor-version":[{"id":1159,"href":"https:\/\/www.sinn-schaffen.de\/finanz\/wp-json\/wp\/v2\/pages\/1157\/revisions\/1159"}],"wp:attachment":[{"href":"https:\/\/www.sinn-schaffen.de\/finanz\/wp-json\/wp\/v2\/media?parent=1157"}],"curies":[{"name":"wp","href":"https:\/\/api.w.org\/{rel}","templated":true}]}}