{"id":1179,"date":"2023-04-04T19:40:26","date_gmt":"2023-04-04T17:40:26","guid":{"rendered":"https:\/\/www.sinn-schaffen.de\/finanz\/?page_id=1179"},"modified":"2023-04-04T19:40:27","modified_gmt":"2023-04-04T17:40:27","slug":"globale-schuldenkrise-gefaehrdet-kampf-gegen-armut-und-klimawandel","status":"publish","type":"page","link":"https:\/\/www.sinn-schaffen.de\/finanz\/globale-schuldenkrise-gefaehrdet-kampf-gegen-armut-und-klimawandel\/","title":{"rendered":"Globale Schuldenkrise gef\u00e4hrdet Kampf gegen Armut und Klimawandel"},"content":{"rendered":"\n<p><em>L\u00e4ndern, die in der Schuldenfalle stecken, stehen finanzielle Mittel, die in den Schuldendienst flie\u00dfen, nicht zur Verf\u00fcgung, um die immer weiter wachsende Armut, die Klimakrise und den fortschreitenden Hunger zu bek\u00e4mpfen. Ein gro\u00dfer Teil der Forderungen gegen\u00fcber Niedrig- und Mitteleinkommensl\u00e4ndern wird von privaten und multilateralen Gl\u00e4ubigern gehalten, und diese unterliegen \u00fcberwiegend der politischen Verantwortlichkeit der G7- und EU-Staaten. Die Hauptverantwortung daf\u00fcr, dass Schuldenerlasse rasch und in ausreichender H\u00f6he gew\u00e4hrt werden, liegt damit auch bei Staaten wie Deutschland.<\/em><\/p>\n\n\n\n<figure class=\"wp-block-image size-large\"><a href=\"https:\/\/www.sinn-schaffen.de\/finanz\/wp-content\/uploads\/sites\/13\/2023\/04\/SR23-Karte-800.jpg\" target=\"_blank\" rel=\"noreferrer noopener\"><img loading=\"lazy\" decoding=\"async\" width=\"1024\" height=\"492\" src=\"https:\/\/www.sinn-schaffen.de\/finanz\/wp-content\/uploads\/sites\/13\/2023\/04\/SR23-Karte-800-1024x492.jpg\" alt=\"\" class=\"wp-image-1173\" title=\"Grafik: Schuldenreport 2023\"\/><\/a><\/figure>\n\n\n\n<p><strong>(Berlin\/D\u00fcsseldorf, 30. M\u00e4rz 2023)<\/strong> Der heute vorgestellte Schuldenreport 2023 zeigt: 136 von 152 untersuchten Staaten im Globalen S\u00fcden sind kritisch verschuldet, 40 von ihnen sehr kritisch. Prognosen zeigen, dass sich die Situation durch den Krieg in der Ukraine und die globale Zinswende weiter verschlechtern wird. <a href=\"https:\/\/erlassjahr.de\/\" target=\"_blank\" rel=\"noreferrer noopener\">erlassjahr.de<\/a> und Misereor appellieren daher an die Bundesregierung, dringend notwendige Reformen auf den Weg zu bringen.<\/p>\n\n\n\n<p>\u201eFinanzielle Mittel, die in den Schuldendienst flie\u00dfen, stehen nicht zur Verf\u00fcgung, um die immer weiter wachsende Armut, die Klimakrise und den fortschreitenden Hunger zu bek\u00e4mpfen.\u201c Das sei das Drama, das sich in L\u00e4ndern abspiele, die in der Schuldenfalle stecken, mahnen Vertreter*innen von Misereor und erlassjahr.de angesichts der weiterhin dramatischen Schuldenkrise in L\u00e4ndern des Globalen S\u00fcdens. 90 Prozent der extrem armen Menschen weltweit leben in kritisch oder sehr kritisch verschuldeten L\u00e4ndern. Doch in laufenden Schuldenrestrukturierungen wie j\u00fcngst in Sambia und Sri Lanka verhindern wechselseitige Blockaden der Gl\u00e4ubiger rasche und hinreichende L\u00f6sungen \u2013 zu Lasten der Menschen in den betroffenen L\u00e4ndern.<\/p>\n\n\n\n<p><strong>Verschuldung nach Corona weiter angespannt<\/strong><\/p>\n\n\n\n<p>\u201e64 Prozent der L\u00e4nder im Globalen S\u00fcden sind kritisch oder sehr kritisch verschuldet, im Vergleich zu 37 Prozent vor Ausbruch der Corona-Pandemie\u201c, erl\u00e4utert Kristina Rehbein, Politische Koordinatorin des deutschen Entschuldungsb\u00fcndnisses erlassjahr.de die Ergebnisse des aktuellen Schuldenreports. \u201eDie Frage nach dem Ausweg aus der Verschuldungsspirale stellt sich 2023 daher dringender denn je. Die f\u00e4llig werdenden Schuldendienstzahlungen an ausl\u00e4ndische Gl\u00e4ubiger befinden sich auf dem h\u00f6chsten Stand seit Ende der 1990er Jahre \u2013 und der Druck wird weiter steigen.\u201c Besonders betroffen sind sehr kritisch verschuldete Staaten. \u201eIn drei Vierteln dieser L\u00e4nder \u00fcbersteigen die Schuldendienstverpflichtungen die Gesundheitsausgaben\u201c, so Rehbein weiter.<\/p>\n\n\n\n<p><strong>Schuldenkrisen behindern Kampf gegen den Klimawandel<\/strong><\/p>\n\n\n\n<p>\u201eKrisenversch\u00e4rfend wirkt, dass viele kritisch verschuldete L\u00e4nder trotz ihrer desolaten Lage davor zur\u00fcckscheuen, Umschuldungen fr\u00fchzeitig in Angriff zu nehmen \u2013 auch aus Angst vor negativen Reaktionen der Gl\u00e4ubiger,\u201c beschreibt Klaus Schilder, Experte f\u00fcr Entwicklungsfinanzierung bei Misereor, die Situation. \u201eEin Beispiel daf\u00fcr ist Pakistan, das nicht nur sehr kritisch verschuldet ist, sondern auch zu den L\u00e4ndern geh\u00f6rt, die am st\u00e4rksten unter den Folgen der Klimakrise leiden.\u201c Im August 2022 erlebte Pakistan die schwerste Flutkatastrophe seit Beginn der Wetteraufzeichnungen. Trotzdem versucht das Land unter allen Umst\u00e4nden, eine Umschuldung zu vermeiden. \u201eAuch nach der Flutkatastrophe hat Pakistan p\u00fcnktlich seinen Schuldendienst bedient, trotz der gigantischen Sch\u00e4den. Wie soll das Land so Mittel f\u00fcr den Wiederaufbau mobilisieren?\u201c, so Schilder weiter. Pakistan sei kein Einzelfall. Mitte M\u00e4rz etwa hat ein Zyklon schwere Zerst\u00f6rungen im s\u00fcdlichen Afrika angerichtet, betroffen sind unter anderem das kritisch verschuldete Madagaskar und das bereits jetzt zahlungsunf\u00e4hige Malawi.<\/p>\n\n\n\n<p><strong>Fatales Z\u00f6gern \u2013 warum G7 und die Bundesregierung jetzt handeln m\u00fcssen<\/strong><\/p>\n\n\n\n<p>Auch Blockaden zwischen Gl\u00e4ubigern wie China und dem Pariser Club f\u00fchren zum Stillstand. Dabei sei jedes weitere Z\u00f6gern angesichts der wachsenden Herausforderungen fatal: \u201eStatt allein China gegen\u00fcber Taten anzumahnen, sollten sich die G7-L\u00e4nder auf Reformschritte konzentrieren, die sie selbst auf den Weg bringen k\u00f6nnen,\u201c erkl\u00e4ren Rehbein und Schilder. Denn ein gro\u00dfer Teil der Forderungen gegen\u00fcber Niedrig- und Mitteleinkommensl\u00e4ndern werde von privaten und multilateralen Gl\u00e4ubigern gehalten \u2013 und diese unterl\u00e4gen \u00fcberwiegend der politischen Verantwortlichkeit der G7- und EU-Staaten. Die Hauptverantwortung daf\u00fcr, dass Schuldenerlasse rasch und in ausreichender H\u00f6he gew\u00e4hrt werden, liege damit auch bei Staaten wie Deutschland.<\/p>\n\n\n\n<p>\u201eDie Bundesregierung muss jetzt ihr Versprechen aus dem Koalitionsvertrag erf\u00fcllen und sich f\u00fcr einen neuen Schuldenmanagementkonsens einsetzen\u201c, so Rehbein und Schilder weiter. \u201eAutomatische Moratorien f\u00fcr klimaverwundbare Staaten, Anti-Holdout-Gesetze, unabh\u00e4ngige Schuldentragf\u00e4higkeitsanalysen oder der Aufbau eines transparenten Schuldenregisters: Diese und andere Vorschl\u00e4ge liegen auf dem Tisch.\u201c<\/p>\n\n\n\n<p>Der Schuldenreport, der j\u00e4hrlich vom deutschen Entschuldungsb\u00fcndnis <a href=\"https:\/\/erlassjahr.de\/\" target=\"_blank\" rel=\"noreferrer noopener\">erlassjahr.de<\/a> und Misereor herausgegeben wird, analysiert jeweils aktuell die Verschuldungssituation von L\u00e4ndern im Globalen S\u00fcden sowie die Rolle Deutschlands in der internationalen Entschuldungspolitik.<\/p>\n\n\n\n<div class=\"wp-block-columns is-layout-flex wp-container-core-columns-is-layout-9d6595d7 wp-block-columns-is-layout-flex\">\n<div class=\"wp-block-column is-layout-flow wp-block-column-is-layout-flow\" style=\"flex-basis:33.33%\">\n<figure class=\"wp-block-image size-full\"><a href=\"https:\/\/www.misereor.de\/presse\/expertinnen-und-experten\/klaus-schilder-entwicklungsfinanzierung?gclid=Cj0KCQjwla-hBhD7ARIsAM9tQKs04O6KZQ-pagVZDznyAM_ZF_FZOPpM8zNxPylcg3CADVvHzpVCvpsaAhgREALw_wcB\" target=\"_blank\" rel=\"noreferrer noopener\"><img loading=\"lazy\" decoding=\"async\" width=\"305\" height=\"383\" src=\"https:\/\/www.sinn-schaffen.de\/finanz\/wp-content\/uploads\/sites\/13\/2018\/05\/KlausSchilderK.jpg\" alt=\"\" class=\"wp-image-16\" title=\"Foto: Misereor\"\/><\/a><\/figure>\n<\/div>\n\n\n\n<div class=\"wp-block-column is-layout-flow wp-block-column-is-layout-flow\" style=\"flex-basis:66.66%\">\n<p><a href=\"https:\/\/www.misereor.de\/presse\/expertinnen-und-experten\/klaus-schilder-entwicklungsfinanzierung?gclid=Cj0KCQjwla-hBhD7ARIsAM9tQKs04O6KZQ-pagVZDznyAM_ZF_FZOPpM8zNxPylcg3CADVvHzpVCvpsaAhgREALw_wcB\" target=\"_blank\" rel=\"noreferrer noopener\">Klaus Schilder<\/a> ist Experte f\u00fcr Entwicklungsfinanzierung bei <a href=\"https:\/\/www.misereor.de\/\" target=\"_blank\" rel=\"noreferrer noopener\">Misereor<\/a>.<\/p>\n\n\n\n<figure class=\"wp-block-image size-large is-resized\"><a href=\"https:\/\/www.misereor.de\/\" target=\"_blank\" rel=\"noreferrer noopener\"><img loading=\"lazy\" decoding=\"async\" src=\"https:\/\/www.sinn-schaffen.de\/finanz\/wp-content\/uploads\/sites\/13\/2023\/04\/misereor-logo-1024x576.jpg\" alt=\"\" class=\"wp-image-1180\" width=\"289\" height=\"162\"\/><\/a><\/figure>\n<\/div>\n<\/div>\n\n\n\n<div class=\"wp-block-columns is-layout-flex wp-container-core-columns-is-layout-9d6595d7 wp-block-columns-is-layout-flex\">\n<div class=\"wp-block-column is-layout-flow wp-block-column-is-layout-flow\" style=\"flex-basis:33.33%\">\n<figure class=\"wp-block-image size-full\"><a href=\"https:\/\/erlassjahr.de\/wordpress\/wp-content\/uploads\/2023\/03\/SR23-online.pdf\" target=\"_blank\" rel=\"noreferrer noopener\"><img loading=\"lazy\" decoding=\"async\" width=\"599\" height=\"846\" src=\"https:\/\/www.sinn-schaffen.de\/finanz\/wp-content\/uploads\/sites\/13\/2023\/04\/Schuldenreport-2023-T.jpg\" alt=\"\" class=\"wp-image-1174\"\/><\/a><\/figure>\n<\/div>\n\n\n\n<div class=\"wp-block-column is-layout-flow wp-block-column-is-layout-flow\" style=\"flex-basis:66.66%\">\n<p>Der &#8222;Schuldenreport 2023&#8220; steht <a href=\"https:\/\/erlassjahr.de\/wordpress\/wp-content\/uploads\/2023\/03\/SR23-online.pdf\" target=\"_blank\" rel=\"noreferrer noopener\">\u00fcber diesen Link zum Download als PDF<\/a> bereit.<\/p>\n<\/div>\n<\/div>\n\n\n\n<div class=\"wp-block-columns is-layout-flex wp-container-core-columns-is-layout-9d6595d7 wp-block-columns-is-layout-flex\">\n<div class=\"wp-block-column is-layout-flow wp-block-column-is-layout-flow\" style=\"flex-basis:33.33%\">\n<figure class=\"wp-block-image size-full\"><a href=\"https:\/\/erlassjahr.de\/wordpress\/wp-content\/uploads\/2023\/03\/SR23-Auf-einen-Blick-Empfehlungen.pdf\" target=\"_blank\" rel=\"noreferrer noopener\"><img loading=\"lazy\" decoding=\"async\" width=\"599\" height=\"846\" src=\"https:\/\/www.sinn-schaffen.de\/finanz\/wp-content\/uploads\/sites\/13\/2023\/04\/SR23-Auf-einen-Blick-Empfehlungen-T.jpg\" alt=\"\" class=\"wp-image-1176\"\/><\/a><\/figure>\n<\/div>\n\n\n\n<div class=\"wp-block-column is-layout-flow wp-block-column-is-layout-flow\" style=\"flex-basis:66.66%\">\n<p>Die Ergebnisse und Empfehlungen des &#8222;Schuldenreport 2023&#8220; auf einen Blick stehen <a href=\"https:\/\/erlassjahr.de\/wordpress\/wp-content\/uploads\/2023\/03\/SR23-Auf-einen-Blick-Empfehlungen.pdf\" target=\"_blank\" rel=\"noreferrer noopener\">\u00fcber diesen Link zum Download als PDF<\/a> bereit.<\/p>\n<\/div>\n<\/div>\n","protected":false},"excerpt":{"rendered":"<p>L\u00e4ndern, die in der Schuldenfalle stecken, stehen finanzielle Mittel, die in den Schuldendienst flie\u00dfen, nicht zur Verf\u00fcgung, um die immer weiter wachsende Armut, die Klimakrise und den fortschreitenden Hunger zu bek\u00e4mpfen. Ein gro\u00dfer Teil der Forderungen gegen\u00fcber Niedrig- und Mitteleinkommensl\u00e4ndern wird von privaten und multilateralen Gl\u00e4ubigern gehalten, und diese unterliegen \u00fcberwiegend der politischen Verantwortlichkeit der &hellip; <\/p>\n<p class=\"link-more\"><a href=\"https:\/\/www.sinn-schaffen.de\/finanz\/globale-schuldenkrise-gefaehrdet-kampf-gegen-armut-und-klimawandel\/\" class=\"more-link\"><span class=\"screen-reader-text\">\u201eGlobale Schuldenkrise gef\u00e4hrdet Kampf gegen Armut und Klimawandel\u201c<\/span> weiterlesen<\/a><\/p>\n","protected":false},"author":1,"featured_media":0,"parent":0,"menu_order":43,"comment_status":"closed","ping_status":"closed","template":"","meta":{"footnotes":""},"class_list":["post-1179","page","type-page","status-publish","hentry"],"_links":{"self":[{"href":"https:\/\/www.sinn-schaffen.de\/finanz\/wp-json\/wp\/v2\/pages\/1179","targetHints":{"allow":["GET"]}}],"collection":[{"href":"https:\/\/www.sinn-schaffen.de\/finanz\/wp-json\/wp\/v2\/pages"}],"about":[{"href":"https:\/\/www.sinn-schaffen.de\/finanz\/wp-json\/wp\/v2\/types\/page"}],"author":[{"embeddable":true,"href":"https:\/\/www.sinn-schaffen.de\/finanz\/wp-json\/wp\/v2\/users\/1"}],"replies":[{"embeddable":true,"href":"https:\/\/www.sinn-schaffen.de\/finanz\/wp-json\/wp\/v2\/comments?post=1179"}],"version-history":[{"count":1,"href":"https:\/\/www.sinn-schaffen.de\/finanz\/wp-json\/wp\/v2\/pages\/1179\/revisions"}],"predecessor-version":[{"id":1181,"href":"https:\/\/www.sinn-schaffen.de\/finanz\/wp-json\/wp\/v2\/pages\/1179\/revisions\/1181"}],"wp:attachment":[{"href":"https:\/\/www.sinn-schaffen.de\/finanz\/wp-json\/wp\/v2\/media?parent=1179"}],"curies":[{"name":"wp","href":"https:\/\/api.w.org\/{rel}","templated":true}]}}