{"id":1218,"date":"2023-05-24T16:11:00","date_gmt":"2023-05-24T14:11:00","guid":{"rendered":"https:\/\/www.sinn-schaffen.de\/finanz\/?page_id=1218"},"modified":"2023-05-24T16:12:04","modified_gmt":"2023-05-24T14:12:04","slug":"buendnis-kindergrundsicherung-raeumt-mythen-ab","status":"publish","type":"page","link":"https:\/\/www.sinn-schaffen.de\/finanz\/buendnis-kindergrundsicherung-raeumt-mythen-ab\/","title":{"rendered":"B\u00fcndnis Kindergrundsicherung r\u00e4umt Mythen ab"},"content":{"rendered":"\n<p><em>Die Verhandlungen der Bundesregierung zur Einf\u00fchrung einer Kindergrundsicherung sind derzeit umfangreich Gegenstand \u00f6ffentlicher Debatten, in denen immer wieder Mythen und Vorurteile zur Kindergrundsicherung und Armutsbetroffenheit kursieren. Diesen stellt sich das B\u00fcndnis Kindergrundsicherung mit einer Zusammenstellung von Fakten: So belegen seit vielen Jahren Studien immer wieder, dass Familien zus\u00e4tzliches Geld vom Staat f\u00fcr ihre Kinder ausgeben, und es gibt keine belastbaren empirischen Belege, dass finanzielle Leistungen des Staates f\u00fcr Kinder nicht bei den Kindern ankommen. Derzeit sind in Deutschland fast drei Millionen Kinder von Armut betroffen oder bedroht \u2013 mehr als jedes f\u00fcnfte Kind.<\/em><\/p>\n\n\n\n<figure class=\"wp-block-image size-full\"><img loading=\"lazy\" decoding=\"async\" width=\"1024\" height=\"413\" src=\"https:\/\/www.sinn-schaffen.de\/finanz\/wp-content\/uploads\/sites\/13\/2023\/05\/Mythen-Kindergrundsicherung-230524-quer.jpg\" alt=\"\" class=\"wp-image-1213\" title=\"Foto: Nata Uchava, Freiburg\"\/><\/figure>\n\n\n\n<p><strong>(Berlin, 22. Mai 2023)<\/strong> Bereits seit 2009 setzt sich das B\u00fcndnis Kindergrundsicherung daf\u00fcr ein, dass Kinderarmut wirksam bek\u00e4mpft wird. Das B\u00fcndnis <a href=\"https:\/\/kinderarmut-hat-folgen.de\/#Unterst%C3%BCtzerinnen\" target=\"_blank\" rel=\"noreferrer noopener\">aus inzwischen 20 Verb\u00e4nden und 13 unterst\u00fctzenden Wissenschaftler*innen<\/a> fordert daf\u00fcr die Einf\u00fchrung einer echten Kindergrundsicherung, die ihren Namen verdient. Hierf\u00fcr sollen gro\u00dfe Teile der bisherigen staatlichen Leistungen f\u00fcr Kinder sowohl geb\u00fcndelt und automatisiert als auch auf ein armutsverhinderndes Niveau erh\u00f6ht werden. Mit dieser echten Kindergrundsicherung sollen alle Kinder in Deutschland so finanziell ausreichend abgesichert werden, dass sie unabh\u00e4ngig von ihrem Elternhaus echte Teilhabechancen erhalten.<\/p>\n\n\n\n<p>Die Verhandlungen der Bundesregierung zur Einf\u00fchrung einer Kindergrundsicherung sind derzeit umfangreich Gegenstand der \u00f6ffentlichen Debatten. Dabei kursieren immer wieder Mythen und Vorurteile zur Kindergrundsicherung und Armutsbetroffenheit. Diese m\u00f6chte das B\u00fcndnis mit einer Zusammenstellung ein f\u00fcr alle Mal abr\u00e4umen. Dazu sagt Eric Gro\u00dfhaus, Advocacy Manager Kinderarmut und soziale Ungleichheit bei Save the Children Deutschland:<\/p>\n\n\n\n<p>\u201eEin Sozialstaat, der seinem Namen gerecht werden will, muss alle Menschen erreichen, die Unterst\u00fctzung brauchen \u2011 insbesondere die Kinder. Das ist in Deutschland nicht der Fall. B\u00fcrokratische H\u00fcrden schlie\u00dfen einen Gro\u00dfteil der Bed\u00fcrftigen von den Leistungen aus und die Regels\u00e4tze des B\u00fcrgergelds sind realit\u00e4tsfern. Wenn wir Chancengleichheit, ein gesundes Aufwachsen und gesellschaftliche Teilhabe f\u00fcr alle Kinder erreichen wollen, brauchen wir strukturelle Ver\u00e4nderungen. Eine Kindergrundsicherung, die diese n\u00f6tigen Ver\u00e4nderungen umsetzt, ist daher ein wichtiger Baustein gegen Kinderarmut.\u201c<\/p>\n\n\n\n<p>Derzeit sind in Deutschland fast drei Millionen Kinder von Armut betroffen oder bedroht. Das ist mehr als jedes f\u00fcnfte Kind. Die soziale Herkunft eines Kindes hat in Deutschland einen starken Einfluss darauf, wie ein Kind aufw\u00e4chst. Die Kindergrundsicherung soll daf\u00fcr sorgen, dass jedes Kind in Deutschland finanziell gut abgesichert ist und nicht in Armut leben muss \u2013 unabh\u00e4ngig von der sozialen Herkunft oder dem Erwerbsstatus der Eltern.<\/p>\n\n\n\n<p>Seit vielen Jahren belegen Studien immer wieder, dass Familien zus\u00e4tzliches Geld vom Staat f\u00fcr ihre Kinder ausgeben. Wie eine Untersuchung der Bertelsmann Stiftung zeigt, erh\u00f6ht die finanzielle Sicherheit sogar die Bildungsbeteiligung und die Erwerbsmotivation der Eltern. Die wenigen Ausnahmef\u00e4lle, bei denen das Geld nicht bei den Kindern ankommt, d\u00fcrfen nicht als Ma\u00dfstab f\u00fcr alle Familien genommen werden, so das B\u00fcndnis Kindergrundsicherung. Es gebe keine belastbaren empirischen Belege, dass finanzielle Leistungen des Staates f\u00fcr Kinder nicht bei den Kindern ankommen.<\/p>\n\n\n\n<div class=\"wp-block-columns is-layout-flex wp-container-core-columns-is-layout-9d6595d7 wp-block-columns-is-layout-flex\">\n<div class=\"wp-block-column is-layout-flow wp-block-column-is-layout-flow\" style=\"flex-basis:33.33%\">\n<figure class=\"wp-block-image size-full\"><a href=\"https:\/\/www.savethechildren.de\/\" target=\"_blank\" rel=\"noreferrer noopener\"><img loading=\"lazy\" decoding=\"async\" width=\"320\" height=\"320\" src=\"https:\/\/www.sinn-schaffen.de\/finanz\/wp-content\/uploads\/sites\/13\/2023\/05\/Eric-Grosshaus-320x320-1.jpg\" alt=\"\" class=\"wp-image-1214\" title=\"Foto: save the children\"\/><\/a><\/figure>\n<\/div>\n\n\n\n<div class=\"wp-block-column is-layout-flow wp-block-column-is-layout-flow\" style=\"flex-basis:66.66%\">\n<p>Eric Gro\u00dfhaus ist Advocacy Manager Kinderarmut und soziale Ungleichheit bei <a href=\"https:\/\/www.savethechildren.de\/\" target=\"_blank\" rel=\"noreferrer noopener\">Save the Children<\/a>.<\/p>\n\n\n\n<figure class=\"wp-block-image size-full is-resized\"><a href=\"https:\/\/www.savethechildren.de\/\" target=\"_blank\" rel=\"noreferrer noopener\"><img loading=\"lazy\" decoding=\"async\" src=\"https:\/\/www.sinn-schaffen.de\/finanz\/wp-content\/uploads\/sites\/13\/2022\/10\/crop_original_bp1548085617_logo-100-jahre-vert600x60.jpg\" alt=\"\" class=\"wp-image-1082\" width=\"186\" height=\"186\"\/><\/a><\/figure>\n\n\n\n<p>Im Nachkriegsjahr 1919 gr\u00fcndete die britische Sozialreformerin und Kinderrechtlerin Eglantyne Jebb Save the Children, um Kinder in Deutschland und \u00d6sterreich vor dem Hungertod zu retten. Heute ist die inzwischen gr\u00f6\u00dfte unabh\u00e4ngige Kinderrechtsorganisation der Welt in rund 120 L\u00e4ndern t\u00e4tig. Save the Children setzt sich ein f\u00fcr Kinder in Kriegen, Konflikten und Katastrophen. F\u00fcr eine Welt, die die Rechte der Kinder achtet, in der alle Kinder gesund und sicher leben sowie frei und selbstbestimmt aufwachsen und lernen k\u00f6nnen.<\/p>\n<\/div>\n<\/div>\n\n\n\n<div class=\"wp-block-columns is-layout-flex wp-container-core-columns-is-layout-9d6595d7 wp-block-columns-is-layout-flex\">\n<div class=\"wp-block-column is-layout-flow wp-block-column-is-layout-flow\" style=\"flex-basis:33.33%\">\n<figure class=\"wp-block-image size-full\"><a href=\"https:\/\/kinderarmut-hat-folgen.de\/wp-content\/uploads\/2023\/05\/Mythen-zur-Kindergrundsicherung.pdf\" target=\"_blank\" rel=\"noreferrer noopener\"><img loading=\"lazy\" decoding=\"async\" width=\"599\" height=\"846\" src=\"https:\/\/www.sinn-schaffen.de\/finanz\/wp-content\/uploads\/sites\/13\/2023\/05\/Mythen-zur-Kindergrundsicherung-T.jpg\" alt=\"\" class=\"wp-image-1215\"\/><\/a><\/figure>\n<\/div>\n\n\n\n<div class=\"wp-block-column is-layout-flow wp-block-column-is-layout-flow\" style=\"flex-basis:66.66%\">\n<p>Die Zusammenstellung von Daten und Argumenten zur Kindergrundsicherung steht <a href=\"https:\/\/kinderarmut-hat-folgen.de\/wp-content\/uploads\/2023\/05\/Mythen-zur-Kindergrundsicherung.pdf\" target=\"_blank\" rel=\"noreferrer noopener\">\u00fcber diesen Link zum Download als PDF<\/a> bereit.<\/p>\n<\/div>\n<\/div>\n","protected":false},"excerpt":{"rendered":"<p>Die Verhandlungen der Bundesregierung zur Einf\u00fchrung einer Kindergrundsicherung sind derzeit umfangreich Gegenstand \u00f6ffentlicher Debatten, in denen immer wieder Mythen und Vorurteile zur Kindergrundsicherung und Armutsbetroffenheit kursieren. Diesen stellt sich das B\u00fcndnis Kindergrundsicherung mit einer Zusammenstellung von Fakten: So belegen seit vielen Jahren Studien immer wieder, dass Familien zus\u00e4tzliches Geld vom Staat f\u00fcr ihre Kinder ausgeben, &hellip; <\/p>\n<p class=\"link-more\"><a href=\"https:\/\/www.sinn-schaffen.de\/finanz\/buendnis-kindergrundsicherung-raeumt-mythen-ab\/\" class=\"more-link\"><span class=\"screen-reader-text\">\u201eB\u00fcndnis Kindergrundsicherung r\u00e4umt Mythen ab\u201c<\/span> weiterlesen<\/a><\/p>\n","protected":false},"author":1,"featured_media":0,"parent":0,"menu_order":38,"comment_status":"closed","ping_status":"closed","template":"","meta":{"footnotes":""},"class_list":["post-1218","page","type-page","status-publish","hentry"],"_links":{"self":[{"href":"https:\/\/www.sinn-schaffen.de\/finanz\/wp-json\/wp\/v2\/pages\/1218","targetHints":{"allow":["GET"]}}],"collection":[{"href":"https:\/\/www.sinn-schaffen.de\/finanz\/wp-json\/wp\/v2\/pages"}],"about":[{"href":"https:\/\/www.sinn-schaffen.de\/finanz\/wp-json\/wp\/v2\/types\/page"}],"author":[{"embeddable":true,"href":"https:\/\/www.sinn-schaffen.de\/finanz\/wp-json\/wp\/v2\/users\/1"}],"replies":[{"embeddable":true,"href":"https:\/\/www.sinn-schaffen.de\/finanz\/wp-json\/wp\/v2\/comments?post=1218"}],"version-history":[{"count":2,"href":"https:\/\/www.sinn-schaffen.de\/finanz\/wp-json\/wp\/v2\/pages\/1218\/revisions"}],"predecessor-version":[{"id":1221,"href":"https:\/\/www.sinn-schaffen.de\/finanz\/wp-json\/wp\/v2\/pages\/1218\/revisions\/1221"}],"wp:attachment":[{"href":"https:\/\/www.sinn-schaffen.de\/finanz\/wp-json\/wp\/v2\/media?parent=1218"}],"curies":[{"name":"wp","href":"https:\/\/api.w.org\/{rel}","templated":true}]}}