{"id":1231,"date":"2023-07-07T16:01:47","date_gmt":"2023-07-07T14:01:47","guid":{"rendered":"https:\/\/www.sinn-schaffen.de\/finanz\/?page_id=1231"},"modified":"2023-07-07T16:09:23","modified_gmt":"2023-07-07T14:09:23","slug":"vertreterinnen-von-glaubensgemeinschaften-und-kirchen-weltweit-fordern-wirksames-eu-lieferkettengesetz","status":"publish","type":"page","link":"https:\/\/www.sinn-schaffen.de\/finanz\/vertreterinnen-von-glaubensgemeinschaften-und-kirchen-weltweit-fordern-wirksames-eu-lieferkettengesetz\/","title":{"rendered":"Vertreter*innen von Glaubensgemeinschaften und Kirchen weltweit fordern wirksames EU-Lieferkettengesetz"},"content":{"rendered":"\n<p><em>Im Sommer 2023 hat der Trilog zwischen Europ\u00e4ischem Rat, Europ\u00e4ischem Parlament und EU-Kommission begonnen, um eine Lieferketten-Richtlinie der EU auszuhandeln, die bis Ende des Jahres 2023 endg\u00fcltig verabschiedet werden soll. Eine gemeinsame Erkl\u00e4rung aus Afrika, Lateinamerika, Asien und Europa fordert die Europ\u00e4ische Union auf, ein Lieferkettengesetz zu verabschieden, das Menschenrechte, Umwelt und Klima in den Gesch\u00e4ften von Unternehmen wirksam sch\u00fctzt. Dass Betroffene und Hinterbliebene die verantwortlichen Unternehmen zur Rechenschaft ziehen und Schadensersatz einklagen k\u00f6nnen, ist das zentrale Anliegen der Unterzeichner*innen der gemeinsamen Erkl\u00e4rung.<\/em><\/p>\n\n\n\n<figure class=\"wp-block-image size-full\"><img loading=\"lazy\" decoding=\"async\" width=\"1024\" height=\"413\" src=\"https:\/\/www.sinn-schaffen.de\/finanz\/wp-content\/uploads\/sites\/13\/2023\/07\/230707-NU-misereor.jpg\" alt=\"\" class=\"wp-image-1226\" title=\"Foto: Nata Uchava, Freiburg\"\/><\/figure>\n\n\n\n<p><strong>(Freiburg, Aachen 5. Juli 2023)<\/strong> In einer gemeinsamen Erkl\u00e4rung haben 151 Vertreter*innen unterschiedlicher Glaubensgemeinschaften und Kirchen aus Afrika, Lateinamerika, Asien und Europa die Europ\u00e4ische Union aufgefordert, ein <a href=\"https:\/\/www.misereor.de\/informieren\/unternehmens-verantwortung\/initiative-lieferkettengesetz\" target=\"_blank\" rel=\"noreferrer noopener\">Lieferkettengesetz<\/a> zu verabschieden, das Menschenrechte, Umwelt und Klima in den Gesch\u00e4ften von Unternehmen wirksam sch\u00fctzt. \u201eDie Ausbeutung von Menschen und Natur in der globalisierten Wirtschaft muss beendet werden. Durch ein wirksames Lieferkettengesetz kann die Europ\u00e4ische Union weltweit ein starkes Zeichen setzen\u201c, erkl\u00e4ren der Freiburger Erzbischof Stephan Burger, einer der deutschen Unterzeichner der Erkl\u00e4rung und Pirmin Spiegel, Misereor-Hauptgesch\u00e4ftsf\u00fchrer.<\/p>\n\n\n\n<p>\u201eIn der Demokratischen Republik Kongo wird f\u00fcr die Palm\u00f6lindustrie Regenwald abgeholzt und Menschen daf\u00fcr vertrieben. \u00d6lkatastrophen wie vor der peruanischen K\u00fcste zerst\u00f6ren die Lebensgrundlagen einheimischer Fischer. In Brasilien brechen unsichere D\u00e4mme von Bergbauunternehmen und begraben ganze D\u00f6rfer unter giftigem Schlamm, und in Pakistan und Bangladesch sterben Menschen aufgrund von fehlenden Sicherheitsma\u00dfnahmen bei Br\u00e4nden und Fabrikeinst\u00fcrzen. Das sind keine unvermeidbaren Schicksale und Unf\u00e4lle, sondern das Ergebnis unverantwortlicher Gesch\u00e4ftspraktiken\u201c, so Burger.<\/p>\n\n\n\n<p>\u201eL\u00fcckenhafte Gesetze und praktische H\u00fcrden verhindern bislang, dass Betroffene und Hinterbliebene die verantwortlichen Unternehmen zur Rechenschaft ziehen und Schadensersatz einklagen k\u00f6nnen. Das neue EU-Lieferkettengesetz muss diese H\u00fcrden beseitigen und den Zugang zu Recht f\u00fcr die betroffenen Menschen ma\u00dfgeblich erleichtern\u201c, erkl\u00e4rt Spiegel. Dies ist das zentrale Anliegen der 151 Unterzeichner*innen der gemeinsamen Erkl\u00e4rung.<\/p>\n\n\n\n<p><strong>Wir brauchen ein Gesetz ohne Schlupfl\u00f6cher<\/strong><\/p>\n\n\n\n<p>Im Februar 2022 hatte die EU-Kommission einen Vorschlag f\u00fcr eine solche Richtlinie zu Nachhaltigkeitspflichten von Unternehmen (EU-Lieferkettengesetz) vorgelegt. Nachdem der Rat und das Europ\u00e4ische Parlament dazu Stellung bezogen haben, hat im Juni 2023 der so genannte Trilog zwischen Rat, Europ\u00e4ischem Parlament und EU-Kommission begonnen, der die endg\u00fcltige Richtlinie aushandelt und bis Ende des Jahres 2023 zu ihrer Verabschiedung f\u00fchren soll. \u201eWir erwarten von der Bundesregierung, dass sie sich f\u00fcr ein Gesetz ohne Schlupfl\u00f6cher einsetzt: Alle Sektoren und Stufen der Wertsch\u00f6pfungsketten m\u00fcssen erfasst sein\u201c, so Spiegel. Dar\u00fcber hinaus m\u00fcssten die betroffenen Menschen und zivilgesellschaftlichen Organisationen eine zentralere Rolle bei der Umsetzung des Gesetzes bekommen.<\/p>\n\n\n\n<div class=\"wp-block-columns is-layout-flex wp-container-core-columns-is-layout-9d6595d7 wp-block-columns-is-layout-flex\">\n<div class=\"wp-block-column is-layout-flow wp-block-column-is-layout-flow\" style=\"flex-basis:33.33%\">\n<figure class=\"wp-block-image size-full\"><a href=\"https:\/\/www.misereor.de\/ueber-uns\/geschaeftsfuehrung\" target=\"_blank\" rel=\"noreferrer noopener\"><img loading=\"lazy\" decoding=\"async\" width=\"800\" height=\"450\" src=\"https:\/\/www.sinn-schaffen.de\/finanz\/wp-content\/uploads\/sites\/13\/2023\/07\/Pirmin-Spiegel-Copyright-MISEREOR.jpg\" alt=\"\" class=\"wp-image-1227\" title=\"Foto: Misereor\"\/><\/a><\/figure>\n<\/div>\n\n\n\n<div class=\"wp-block-column is-layout-flow wp-block-column-is-layout-flow\" style=\"flex-basis:66.66%\">\n<p>Pirmin Spiegel ist Hauptgesch\u00e4ftsf\u00fchrer und Vorstandsvorsitzender des <a href=\"https:\/\/www.misereor.de\/\" target=\"_blank\" rel=\"noreferrer noopener\">Bisch\u00f6flichen Hilfswerkes Misereor<\/a>.<\/p>\n\n\n\n<figure class=\"wp-block-image size-large is-resized\"><a href=\"https:\/\/www.misereor.de\/\" target=\"_blank\" rel=\"noreferrer noopener\"><img loading=\"lazy\" decoding=\"async\" src=\"https:\/\/www.sinn-schaffen.de\/finanz\/wp-content\/uploads\/sites\/13\/2023\/04\/misereor-logo-1024x576.jpg\" alt=\"\" class=\"wp-image-1180\" width=\"236\" height=\"132\"\/><\/a><\/figure>\n<\/div>\n<\/div>\n\n\n\n<div class=\"wp-block-columns is-layout-flex wp-container-core-columns-is-layout-9d6595d7 wp-block-columns-is-layout-flex\">\n<div class=\"wp-block-column is-layout-flow wp-block-column-is-layout-flow\" style=\"flex-basis:33.33%\">\n<figure class=\"wp-block-image size-full\"><a href=\"https:\/\/www.misereor.de\/fileadmin\/user_upload\/7.Presse\/DE_Faith_Leaders_statement.pdf\" target=\"_blank\" rel=\"noreferrer noopener\"><img loading=\"lazy\" decoding=\"async\" width=\"599\" height=\"846\" src=\"https:\/\/www.sinn-schaffen.de\/finanz\/wp-content\/uploads\/sites\/13\/2023\/07\/DE_Faith_Leaders_statement-T.jpg\" alt=\"\" class=\"wp-image-1228\"\/><\/a><\/figure>\n<\/div>\n\n\n\n<div class=\"wp-block-column is-layout-flow wp-block-column-is-layout-flow\" style=\"flex-basis:66.66%\">\n<p>Die gemeinsame Erkl\u00e4rung &#8222;Wir m\u00fcssen gemeinsam f\u00fcr die Sch\u00f6pfung sorgen&#8220; steht <a href=\"https:\/\/www.misereor.de\/fileadmin\/user_upload\/7.Presse\/DE_Faith_Leaders_statement.pdf\" target=\"_blank\" rel=\"noreferrer noopener\">\u00fcber diesen Link zum Download als PDF<\/a> bereit.<\/p>\n<\/div>\n<\/div>\n","protected":false},"excerpt":{"rendered":"<p>Im Sommer 2023 hat der Trilog zwischen Europ\u00e4ischem Rat, Europ\u00e4ischem Parlament und EU-Kommission begonnen, um eine Lieferketten-Richtlinie der EU auszuhandeln, die bis Ende des Jahres 2023 endg\u00fcltig verabschiedet werden soll. Eine gemeinsame Erkl\u00e4rung aus Afrika, Lateinamerika, Asien und Europa fordert die Europ\u00e4ische Union auf, ein Lieferkettengesetz zu verabschieden, das Menschenrechte, Umwelt und Klima in den &hellip; <\/p>\n<p class=\"link-more\"><a href=\"https:\/\/www.sinn-schaffen.de\/finanz\/vertreterinnen-von-glaubensgemeinschaften-und-kirchen-weltweit-fordern-wirksames-eu-lieferkettengesetz\/\" class=\"more-link\"><span class=\"screen-reader-text\">\u201eVertreter*innen von Glaubensgemeinschaften und Kirchen weltweit fordern wirksames EU-Lieferkettengesetz\u201c<\/span> weiterlesen<\/a><\/p>\n","protected":false},"author":1,"featured_media":0,"parent":0,"menu_order":36,"comment_status":"closed","ping_status":"closed","template":"","meta":{"footnotes":""},"class_list":["post-1231","page","type-page","status-publish","hentry"],"_links":{"self":[{"href":"https:\/\/www.sinn-schaffen.de\/finanz\/wp-json\/wp\/v2\/pages\/1231","targetHints":{"allow":["GET"]}}],"collection":[{"href":"https:\/\/www.sinn-schaffen.de\/finanz\/wp-json\/wp\/v2\/pages"}],"about":[{"href":"https:\/\/www.sinn-schaffen.de\/finanz\/wp-json\/wp\/v2\/types\/page"}],"author":[{"embeddable":true,"href":"https:\/\/www.sinn-schaffen.de\/finanz\/wp-json\/wp\/v2\/users\/1"}],"replies":[{"embeddable":true,"href":"https:\/\/www.sinn-schaffen.de\/finanz\/wp-json\/wp\/v2\/comments?post=1231"}],"version-history":[{"count":2,"href":"https:\/\/www.sinn-schaffen.de\/finanz\/wp-json\/wp\/v2\/pages\/1231\/revisions"}],"predecessor-version":[{"id":1233,"href":"https:\/\/www.sinn-schaffen.de\/finanz\/wp-json\/wp\/v2\/pages\/1231\/revisions\/1233"}],"wp:attachment":[{"href":"https:\/\/www.sinn-schaffen.de\/finanz\/wp-json\/wp\/v2\/media?parent=1231"}],"curies":[{"name":"wp","href":"https:\/\/api.w.org\/{rel}","templated":true}]}}