{"id":1249,"date":"2023-08-04T18:47:03","date_gmt":"2023-08-04T16:47:03","guid":{"rendered":"https:\/\/www.sinn-schaffen.de\/finanz\/?page_id=1249"},"modified":"2023-08-04T18:47:04","modified_gmt":"2023-08-04T16:47:04","slug":"betroffene-von-menschenhandel-haben-das-recht-auf-schutz-und-unterstuetzung-dies-haengt-allerdings-von-ihrem-aufenthaltstitel-ab","status":"publish","type":"page","link":"https:\/\/www.sinn-schaffen.de\/finanz\/betroffene-von-menschenhandel-haben-das-recht-auf-schutz-und-unterstuetzung-dies-haengt-allerdings-von-ihrem-aufenthaltstitel-ab\/","title":{"rendered":"Betroffene von Menschenhandel haben das Recht auf Schutz und Unterst\u00fctzung \u2013 dies h\u00e4ngt allerdings von ihrem Aufenthaltstitel ab"},"content":{"rendered":"\n<p><em>Grunds\u00e4tzlich besteht f\u00fcr ausl\u00e4ndische Betroffene von Menschenhandel die M\u00f6glichkeit zum Erhalt eines Aufenthaltstitels, wenn sie im Strafverfahren als Opferzeuginnen gegen T\u00e4terinnen aussagen. Das setzt jedoch voraus, dass ein Strafverfahren \u00fcberhaupt stattfindet und nicht, wie so oft in diesem Bereich eingestellt wird. Der KOK \u2013 Bundesweiter Koordinierungskreis gegen Menschenhandel e.V. fordert die Bundesregierung auf, endlich ihr Versprechen aus dem Koalitionsvertrag auf einen neuen Aufenthaltstitel f\u00fcr Betroffene von Menschenhandel einzul\u00f6sen.<\/em><\/p>\n\n\n\n<figure class=\"wp-block-image size-full\"><img loading=\"lazy\" decoding=\"async\" width=\"1024\" height=\"413\" src=\"https:\/\/www.sinn-schaffen.de\/finanz\/wp-content\/uploads\/sites\/13\/2023\/08\/230804-NU-KOK.jpg\" alt=\"\" class=\"wp-image-1246\" title=\"Foto: Nata Uchava, Freiburg\"\/><\/figure>\n\n\n\n<p><strong>(Berlin, 26. Juli 2023)<\/strong> Anl\u00e4sslich des Internationalen Tages gegen Menschenhandel am 30. Juli fordert der KOK \u2013 Bundesweiter Koordinierungskreis gegen Menschenhandel e.V. die Bundesregierung auf, ihr Versprechen auf einen neuen Aufenthaltstitel f\u00fcr Betroffene von Menschenhandel einzul\u00f6sen. Der Auftrag im <a href=\"https:\/\/www.spd.de\/fileadmin\/Dokumente\/Koalitionsvertrag\/Koalitionsvertrag_2021-2025.pdf\" target=\"_blank\" rel=\"noreferrer noopener\">Koalitionsvertrag<\/a> ist deutlich: \u201eAuch Opfer von Menschenhandel sollen ein Aufenthaltsrecht unabh\u00e4ngig von ihrer Aussagebereitschaft erhalten.\u201c<\/p>\n\n\n\n<p><strong>Gro\u00dfe H\u00fcrden beim Zugang zu Aufenthalt und Alimentierung<\/strong><\/p>\n\n\n\n<p>Grunds\u00e4tzlich besteht f\u00fcr ausl\u00e4ndische Betroffene von Menschenhandel die M\u00f6glichkeit zum Erhalt eines Aufenthaltstitels (\u00a7 25 Abs. 4a und 4b AufenthG), wenn sie im Strafverfahren als Opferzeug*innen gegen T\u00e4ter*innen aussagen. Das setzt jedoch voraus, dass ein Strafverfahren \u00fcberhaupt stattfindet und nicht, wie so oft in diesem Bereich eingestellt wird. \u201eNach einer Ausbeutungssituation sind Betroffene von Menschenhandel oft k\u00f6rperlich und psychisch hoch belastet. In dieser Situation stellt eine Aussage im Strafverfahren eine gro\u00dfe H\u00fcrde dar, auch wenn sie grunds\u00e4tzlich bereit sind, als Zeug*innen zur Verf\u00fcgung zu stehen\u201c, schildert Andrea Hitzke, KOK-Vorstand und Leiterin der Fachberatungsstelle Dortmunder Mitternachtsmission e.V. Betroffene von Menschenhandel brauchen Zeit zur Stabilisierung, f\u00fcr Beratung, Zugang zu sicherer Unterkunft, zu medizinischer und psychotherapeutischer Versorgung. Nur dann k\u00f6nnen sie auch Strafverfahren unterst\u00fctzen.<\/p>\n\n\n\n<p><strong>Aufenthalt unabh\u00e4ngig von Kooperation mit Strafverfolgungsbeh\u00f6rden garantieren<\/strong><\/p>\n\n\n\n<p><em><a href=\"https:\/\/www.un.org\/en\/observances\/end-human-trafficking-day\" target=\"_blank\" rel=\"noreferrer noopener\">Alle Betroffenen von Menschenhandel erreichen, niemanden zur\u00fccklassen!<\/a><\/em> ist das Thema des diesj\u00e4hrigen Internationalen Tages gegen Menschenhandel. \u201eDies kann nur gelingen, wenn auch Betroffene ohne deutsche Staatsb\u00fcrgerschaft Zugang zu Schutz und Opferrechten haben. Ein humanit\u00e4rer Aufenthaltstitel ist daf\u00fcr die Grundvoraussetzung\u201c, erkl\u00e4rt Sophia Wirsching, Gesch\u00e4ftsf\u00fchrerin des KOK. Sie fordert deshalb: \u201eDie Bundesregierung muss ihr Versprechen aus dem Koalitionsvertrag z\u00fcgig einl\u00f6sen.\u201c<\/p>\n\n\n\n<p><strong>Fallbeispiel<\/strong><\/p>\n\n\n\n<p>Daniela (Name ge\u00e4ndert) kommt aus Albanien. Dort wird sie bereits von ihrem Mann zur Prostitution gezwungen. Ihr wird gedroht, dass ihren Kindern etwas Schlimmes angetan wird, wenn sie sich weigert. Die Polizei hilft ihr nicht. Damit sie mehr Geld verdient, wird sie von dem Mann und seinen Freunden nach Deutschland gebracht. Da die T\u00e4ter die Kinder in ihrer Gewalt haben, wendet sie sich nicht an die deutsche Polizei.<\/p>\n\n\n\n<p>Nach einiger Zeit d\u00fcrfen die Kinder zu ihrer Mutter nach Deutschland. Irgendwann gelingt es Daniela, vor den T\u00e4tern zu fl\u00fcchten, und sie wendet sich an eine spezialisierte Fachberatungsstelle um Hilfe und Schutz zu bekommen. Sie stellt einen Asylantrag, der abgelehnt wird, da Albanien als sicheres Herkunftsland gilt. Auch das Verwaltungsgericht entscheidet gegen Daniela.<\/p>\n\n\n\n<p>Daniela hat gro\u00dfe Angst, dass sie und die Kinder nach Albanien abgeschoben werden. Die T\u00e4ter haben ihr immer wieder versichert, dass sie sie finden werden, wenn sie sich ihnen entzieht. Daher kann sie auch nicht zu ihrer Familie zur\u00fcck. Sie hat kein Vertrauen in die albanische Polizei und die Beh\u00f6rden, die ihr nicht geholfen haben.<\/p>\n\n\n\n<p>W\u00e4hrend des Aufenthalts in Deutschland hat sie sich gut integriert. Sie hat die Zusage f\u00fcr einen Ausbildungsplatz zur Altenpflegehelferin, wenn sie einen entsprechenden Aufenthalt erhalten w\u00fcrde.<\/p>\n\n\n\n<div class=\"wp-block-columns is-layout-flex wp-container-core-columns-is-layout-9d6595d7 wp-block-columns-is-layout-flex\">\n<div class=\"wp-block-column is-layout-flow wp-block-column-is-layout-flow\" style=\"flex-basis:33.33%\">\n<figure class=\"wp-block-image size-full\"><a href=\"https:\/\/www.kok-gegen-menschenhandel.de\/der-kok\/der-kok-ev\/die-geschaeftsstelle\" target=\"_blank\" rel=\"noreferrer noopener\"><img loading=\"lazy\" decoding=\"async\" width=\"250\" height=\"166\" src=\"https:\/\/www.sinn-schaffen.de\/finanz\/wp-content\/uploads\/sites\/13\/2022\/08\/Sophia-Wirsching-Foto-Hermann-Bredehorst.jpg\" alt=\"\" class=\"wp-image-1009\" title=\"Foto: KOK\/Hermann Bredehorst\"\/><\/a><\/figure>\n<\/div>\n\n\n\n<div class=\"wp-block-column is-layout-flow wp-block-column-is-layout-flow\" style=\"flex-basis:66.66%\">\n<p><a href=\"https:\/\/www.kok-gegen-menschenhandel.de\/der-kok\/der-kok-ev\/die-geschaeftsstelle\" target=\"_blank\" rel=\"noreferrer noopener\">Sophia Wirsching<\/a> ist Gesch\u00e4ftsf\u00fchrerin des KOK. <a href=\"https:\/\/www.kok-gegen-menschenhandel.de\/startseite\" target=\"_blank\" rel=\"noreferrer noopener\">Der Bundesweite Koordinierungskreis gegen Menschenhandel \u2013 KOK e.V.<\/a> ist ein Zusammenschluss von 43 spezialisierten Fachberatungsstellen und Organisationen, die sich f\u00fcr Betroffene von Menschenhandel und f\u00fcr von Gewalt betroffene Migrantinnen einsetzen.<\/p>\n\n\n\n<figure class=\"wp-block-image size-full is-resized\"><a href=\"https:\/\/www.kok-gegen-menschenhandel.de\/startseite\" target=\"_blank\" rel=\"noreferrer noopener\"><img loading=\"lazy\" decoding=\"async\" src=\"https:\/\/www.sinn-schaffen.de\/finanz\/wp-content\/uploads\/sites\/13\/2022\/08\/KOK-Logo2021.jpg\" alt=\"\" class=\"wp-image-1010\" width=\"473\" height=\"41\"\/><\/a><\/figure>\n<\/div>\n<\/div>\n\n\n\n<div class=\"wp-block-columns is-layout-flex wp-container-core-columns-is-layout-9d6595d7 wp-block-columns-is-layout-flex\">\n<div class=\"wp-block-column is-layout-flow wp-block-column-is-layout-flow\" style=\"flex-basis:33.33%\">\n<figure class=\"wp-block-image size-full\"><a href=\"https:\/\/www.kok-gegen-menschenhandel.de\/fileadmin\/user_upload\/medien\/stellungnahmen\/KOK-Empfehlung_Neuregelung_AufenthR_2023_03.pdf\" target=\"_blank\" rel=\"noreferrer noopener\"><img loading=\"lazy\" decoding=\"async\" width=\"599\" height=\"846\" src=\"https:\/\/www.sinn-schaffen.de\/finanz\/wp-content\/uploads\/sites\/13\/2023\/08\/KOK-Empfehlung_Neuregelung_AufenthR_2023_03-T.jpg\" alt=\"\" class=\"wp-image-1247\"\/><\/a><\/figure>\n<\/div>\n\n\n\n<div class=\"wp-block-column is-layout-flow wp-block-column-is-layout-flow\" style=\"flex-basis:66.66%\">\n<p>Der KOK e.V. hat Empfehlungen zur Neuregelung des Aufenthaltsrechts f\u00fcr Betroffene von Menschenhandel unabh\u00e4ngig vom Strafverfahren entwickelt. Sie stehen <a href=\"https:\/\/www.kok-gegen-menschenhandel.de\/fileadmin\/user_upload\/medien\/stellungnahmen\/KOK-Empfehlung_Neuregelung_AufenthR_2023_03.pdf\" target=\"_blank\" rel=\"noreferrer noopener\">\u00fcber diesen Link zum Download als PDF<\/a> bereit.<\/p>\n<\/div>\n<\/div>\n","protected":false},"excerpt":{"rendered":"<p>Grunds\u00e4tzlich besteht f\u00fcr ausl\u00e4ndische Betroffene von Menschenhandel die M\u00f6glichkeit zum Erhalt eines Aufenthaltstitels, wenn sie im Strafverfahren als Opferzeuginnen gegen T\u00e4terinnen aussagen. Das setzt jedoch voraus, dass ein Strafverfahren \u00fcberhaupt stattfindet und nicht, wie so oft in diesem Bereich eingestellt wird. Der KOK \u2013 Bundesweiter Koordinierungskreis gegen Menschenhandel e.V. fordert die Bundesregierung auf, endlich ihr &hellip; <\/p>\n<p class=\"link-more\"><a href=\"https:\/\/www.sinn-schaffen.de\/finanz\/betroffene-von-menschenhandel-haben-das-recht-auf-schutz-und-unterstuetzung-dies-haengt-allerdings-von-ihrem-aufenthaltstitel-ab\/\" class=\"more-link\"><span class=\"screen-reader-text\">\u201eBetroffene von Menschenhandel haben das Recht auf Schutz und Unterst\u00fctzung \u2013 dies h\u00e4ngt allerdings von ihrem Aufenthaltstitel ab\u201c<\/span> weiterlesen<\/a><\/p>\n","protected":false},"author":1,"featured_media":0,"parent":0,"menu_order":33,"comment_status":"closed","ping_status":"closed","template":"","meta":{"footnotes":""},"class_list":["post-1249","page","type-page","status-publish","hentry"],"_links":{"self":[{"href":"https:\/\/www.sinn-schaffen.de\/finanz\/wp-json\/wp\/v2\/pages\/1249","targetHints":{"allow":["GET"]}}],"collection":[{"href":"https:\/\/www.sinn-schaffen.de\/finanz\/wp-json\/wp\/v2\/pages"}],"about":[{"href":"https:\/\/www.sinn-schaffen.de\/finanz\/wp-json\/wp\/v2\/types\/page"}],"author":[{"embeddable":true,"href":"https:\/\/www.sinn-schaffen.de\/finanz\/wp-json\/wp\/v2\/users\/1"}],"replies":[{"embeddable":true,"href":"https:\/\/www.sinn-schaffen.de\/finanz\/wp-json\/wp\/v2\/comments?post=1249"}],"version-history":[{"count":1,"href":"https:\/\/www.sinn-schaffen.de\/finanz\/wp-json\/wp\/v2\/pages\/1249\/revisions"}],"predecessor-version":[{"id":1251,"href":"https:\/\/www.sinn-schaffen.de\/finanz\/wp-json\/wp\/v2\/pages\/1249\/revisions\/1251"}],"wp:attachment":[{"href":"https:\/\/www.sinn-schaffen.de\/finanz\/wp-json\/wp\/v2\/media?parent=1249"}],"curies":[{"name":"wp","href":"https:\/\/api.w.org\/{rel}","templated":true}]}}