{"id":1262,"date":"2023-08-24T17:34:38","date_gmt":"2023-08-24T15:34:38","guid":{"rendered":"https:\/\/www.sinn-schaffen.de\/finanz\/?page_id=1262"},"modified":"2023-08-24T17:34:39","modified_gmt":"2023-08-24T15:34:39","slug":"umfrage-zu-pflege-kosten-grosse-mehrheit-fuer-vollversicherung-in-der-pflege","status":"publish","type":"page","link":"https:\/\/www.sinn-schaffen.de\/finanz\/umfrage-zu-pflege-kosten-grosse-mehrheit-fuer-vollversicherung-in-der-pflege\/","title":{"rendered":"Umfrage zu Pflege-Kosten: Gro\u00dfe Mehrheit f\u00fcr Vollversicherung in der Pflege"},"content":{"rendered":"\n<p><em>Eine repr\u00e4sentative Forsa-Umfrage im Auftrag des B\u00fcndnisses f\u00fcr eine solidarische Pflegeversicherung ergibt eine deutliche Mehrheit f\u00fcr eine Pflegevollversicherung von 81 Prozent sowohl unter den Anh\u00e4nger*innen der SPD, der Gr\u00fcnen als auch der CDU sowie der FDP. Das B\u00fcndnis fordert die Bundesregierung dazu auf, den Ausbau der Pflegeversicherung zu einer Pflegevollversicherung jetzt anzugehen. Nur eine kleine Minderheit der Befragten von 14 Prozent geht davon aus, die anfallenden Kosten im Pflegefall selbst stemmen zu k\u00f6nnen; laut B\u00fcndnis untersch\u00e4tzt eine gro\u00dfe Mehrheit von 76 Prozent deutlich, was sie im Falle von Pflegebed\u00fcrftigkeit in einem Heim zahlen m\u00fcssten.<\/em><\/p>\n\n\n\n<figure class=\"wp-block-image size-full\"><img loading=\"lazy\" decoding=\"async\" width=\"1024\" height=\"413\" src=\"https:\/\/www.sinn-schaffen.de\/finanz\/wp-content\/uploads\/sites\/13\/2023\/08\/230824-NU-dgb-plfege.jpg\" alt=\"\" class=\"wp-image-1258\" title=\"Foto: Nata Uchava, Freiburg\"\/><\/figure>\n\n\n\n<p><strong>(Berlin, 24. August 2023)<\/strong> Eine gro\u00dfe, partei\u00fcbergreifende Mehrheit der Bev\u00f6lkerung ist f\u00fcr den Ausbau der gesetzlichen Pflegeversicherung zu einer Vollversicherung. Das hat eine repr\u00e4sentative Forsa-Umfrage im Auftrag des B\u00fcndnisses f\u00fcr eine solidarische Pflegeversicherung ergeben. Dabei zeigt sich die deutliche Mehrheit f\u00fcr eine Pflegevollversicherung von 81 Prozent sowohl unter den Anh\u00e4nger*innen der SPD (79 Prozent), der Gr\u00fcnen (82 Prozent), als auch der CDU (78 Prozent) sowie der FDP (76 Prozent). Das B\u00fcndnis f\u00fcr eine solidarische Pflegevollversicherung sieht seine Forderung angesichts der partei\u00fcbergreifenden hohen Zustimmungswerte untermauert und fordert die Bundesregierung dazu auf, den Ausbau der Pflegeversicherung jetzt anzugehen.<\/p>\n\n\n\n<p>Derzeit m\u00fcssen Pflegebed\u00fcrftige im ersten Jahr ihres Aufenthaltes in einem Pflegeheim durchschnittlich rund 2.700 Euro pro Monat selbst aufbringen. Davon entfallen allein auf die pflegerische Versorgung rund 1250 Euro, der Rest setzt sich zusammen aus Kosten f\u00fcr Unterkunft und Verpflegung sowie Investitionskosten.<\/p>\n\n\n\n<ul class=\"wp-block-list\">\n<li>Nur eine kleine Minderheit von 14 Prozent geht laut Umfrage davon aus, diese Kosten im Pflegefall selbst stemmen zu k\u00f6nnen.<\/li>\n\n\n\n<li>Lediglich 6 Prozent der Befragten halten Zusatzkosten trotz Pflegeversicherung in dieser H\u00f6he f\u00fcr angemessen.<\/li>\n\n\n\n<li>Besorgniserregend ist laut dem B\u00fcndnis, dass eine gro\u00dfe Mehrheit (76 Prozent) deutlich untersch\u00e4tzt, was sie im Falle von Pflegebed\u00fcrftigkeit in einem Heim zahlen m\u00fcssten.<\/li>\n<\/ul>\n\n\n\n<p>Anja Piel, DGB-Vorstandsmitglied: \u201eEs ist v\u00f6llig klar, dass die deutliche Mehrheit eine Pflegeversicherung will, die alle Pflegekosten \u00fcbernimmt. Schlie\u00dflich kann sich jetzt schon eine gro\u00dfe Gruppe die Eigenanteile f\u00fcr die station\u00e4re Pflege nicht mehr leisten und muss daf\u00fcr Sozialhilfe beantragen. Die Last steigt f\u00fcr Pflegebed\u00fcrftige und ihre Angeh\u00f6rigen in den letzten Jahren immer weiter. Das Ziel, f\u00fcr das wir streiten m\u00fcssen: Pflege darf niemanden arm machen. Diese Bundesregierung muss sich der gro\u00dfen Herausforderung Pflege endlich annehmen und eine solidarische Pflegevollversicherung einf\u00fchren.\u201c<\/p>\n\n\n\n<p>Ulrich Schneider, Hauptgesch\u00e4ftsf\u00fchrer des Parit\u00e4tischen Gesamtverbandes: \u201eWenn die Pflegeversicherung nicht endlich solidarisch ausgebaut wird, werden immer mehr Menschen von den hohen Kosten bei Pflegebed\u00fcrftigkeit kalt erwischt. Pflegebed\u00fcrftigkeit entwickelt sich immer mehr zu einer regelrechten Armutsfalle. Es ist h\u00f6chste Zeit, dass die Bundesregierung die Pflegeversicherung aus der Sackgasse holt und den Menschen mit einer Pflegevollversicherung Sicherheit gibt.\u201c<\/p>\n\n\n\n<p>Sylvia B\u00fchler, Mitglied des Bundesvorstands, Vereinte Dienstleistungsgewerkschaft ver.di: \u201eBesch\u00e4ftigte in der Altenpflege und pflegebed\u00fcrftige Menschen d\u00fcrfen nicht l\u00e4nger gegeneinander ausgespielt werden, denn gute Pflege braucht eine bedarfsgerechte Personalausstattung und qualifizierte Pflegekr\u00e4fte. Deshalb muss die bisherige Logik durchbrochen werden, wonach jede Verbesserung bei Arbeitsbedingungen und L\u00f6hnen bei den Besch\u00e4ftigten automatisch zu h\u00f6heren Kosten f\u00fcr die Pflegebed\u00fcrftigen f\u00fchrt. Wir brauchen endlich eine Pflegevollversicherung, die garantiert alle pflegebedingten Kosten abdeckt und solidarisch finanziert wird.\u201c<\/p>\n\n\n\n<p>Dr. Manfred Stegger, Vorsitzender des BIVA-Pflegeschutzbundes: \u201eIn unserem Sozialstaat sollten die Menschen darauf vertrauen k\u00f6nnen, dass eine solidarische Versicherung, die das Wort \u2018Pflege\u2019 im Namen tr\u00e4gt, das reine Pflegerisiko auch voll abdeckt. Sozialhilfe ist kein w\u00fcrdiger Ersatz f\u00fcr Anspr\u00fcche aus eigenen Beitragszahlungen.\u201c<\/p>\n\n\n\n<p>Die repr\u00e4sentative Umfrage wurde vom 1. August bis 7. August 2023 vom Markt- und Meinungsforschungsinstitut Forsa im Auftrag des B\u00fcndnisses durchgef\u00fchrt. Insgesamt wurden 1010 Personen \u00fcber 18 Jahre im Rahmen der Mehrthemenumfrage des repr\u00e4sentativen Online-Befragungspanels forsa.Omninet befragt.<\/p>\n\n\n\n<p>Das B\u00fcndnis f\u00fcr eine solidarische Pflegevollversicherung setzt sich f\u00fcr eine Pflegeversicherung ein, die alle pflegebedingten Kosten \u00fcbernimmt \u2013 unabh\u00e4ngig davon, ob es sich um station\u00e4re oder ambulante Pflege handelt. Auch die famili\u00e4re Pflege darf nicht aus dem Blick geraten. Andernfalls drohten \u00dcberlastung und Unterversorgung, weil notwendige Leistungen aus finanziellen Gr\u00fcnden nicht in Anspruch genommen werden: \u201cS\u00e4mtliche durch einen unabh\u00e4ngigen pflegerischen-medizinischen Dienst f\u00fcr bedarfsgerecht erachtete Pflegeleistungen m\u00fcssen in vollem Umfang und ohne Eigenanteile vollst\u00e4ndig von den Kassen finanziert werden\u201d, so die gemeinsame Forderung des vom Parit\u00e4tischen Wohlfahrtsverband und der Vereinten Dienstleistungsgewerkschaft ver.di initiierten B\u00fcndnisses mit dem Deutschen Gewerkschaftsbund (DGB), Deutschen Berufsverband f\u00fcr Pflegeberufe (DBfK), Sozialverband Deutschland (SoVD), Bundesverband der kommunalen Senioren- und Behinderteneinrichtungen, Deutschen Frauenrat, BIVA-Pflegeschutzbund, der Volkssolidarit\u00e4t und AWO.<\/p>\n\n\n\n<div class=\"wp-block-columns is-layout-flex wp-container-core-columns-is-layout-9d6595d7 wp-block-columns-is-layout-flex\">\n<div class=\"wp-block-column is-layout-flow wp-block-column-is-layout-flow\" style=\"flex-basis:33.33%\">\n<figure class=\"wp-block-image size-large\"><a href=\"https:\/\/www.dgb.de\/uber-uns\/dgb-heute\/organisation-und-bundesvorstand\/anja-piel\" target=\"_blank\" rel=\"noreferrer noopener\"><img loading=\"lazy\" decoding=\"async\" width=\"1024\" height=\"728\" src=\"https:\/\/www.sinn-schaffen.de\/finanz\/wp-content\/uploads\/sites\/13\/2020\/11\/Anja-Piel-1-Foto-DGB-Joanna-Kosowska-A-1024x728.jpg\" alt=\"\" class=\"wp-image-720\" title=\"Foto-DGB-Joanna-Kosowska\"\/><\/a><\/figure>\n<\/div>\n\n\n\n<div class=\"wp-block-column is-layout-flow wp-block-column-is-layout-flow\" style=\"flex-basis:66.66%\">\n<p><\/p>\n\n\n\n<p><a href=\"https:\/\/www.dgb.de\/uber-uns\/dgb-heute\/organisation-und-bundesvorstand\/anja-piel\" target=\"_blank\" data-type=\"link\" data-id=\"https:\/\/www.dgb.de\/uber-uns\/dgb-heute\/organisation-und-bundesvorstand\/anja-piel\" rel=\"noreferrer noopener\">Anja Piel<\/a> ist Mitglied im Vorstand des <a href=\"https:\/\/www.dgb.de\/\" target=\"_blank\" data-type=\"link\" data-id=\"https:\/\/www.dgb.de\/\" rel=\"noreferrer noopener\">DGB<\/a>.<\/p>\n\n\n\n<figure class=\"wp-block-image size-full is-resized\"><a href=\"https:\/\/www.dgb.de\/\" target=\"_blank\" rel=\"noreferrer noopener\"><img loading=\"lazy\" decoding=\"async\" src=\"https:\/\/www.sinn-schaffen.de\/finanz\/wp-content\/uploads\/sites\/13\/2018\/07\/DGBLOGO.png\" alt=\"\" class=\"wp-image-110\" style=\"width:222px;height:138px\" width=\"222\" height=\"138\"\/><\/a><\/figure>\n<\/div>\n<\/div>\n\n\n\n<div class=\"wp-block-columns is-layout-flex wp-container-core-columns-is-layout-9d6595d7 wp-block-columns-is-layout-flex\">\n<div class=\"wp-block-column is-layout-flow wp-block-column-is-layout-flow\" style=\"flex-basis:33.33%\">\n<figure class=\"wp-block-image size-full\"><a href=\"https:\/\/www.der-paritaetische.de\/fileadmin\/user_upload\/Schwerpunkte\/Altenhilfe-Pflege\/doc\/umfrage-pflegevollversicherung-2023_web.pdf\" target=\"_blank\" rel=\"noreferrer noopener\"><img loading=\"lazy\" decoding=\"async\" width=\"599\" height=\"846\" src=\"https:\/\/www.sinn-schaffen.de\/finanz\/wp-content\/uploads\/sites\/13\/2023\/08\/umfrage-pflegevollversicherung-2023-T.jpg\" alt=\"\" class=\"wp-image-1259\"\/><\/a><\/figure>\n<\/div>\n\n\n\n<div class=\"wp-block-column is-layout-flow wp-block-column-is-layout-flow\" style=\"flex-basis:66.66%\">\n<p><\/p>\n\n\n\n<p>Die Umfrageergebnisse im Auftrag Aufruf des B\u00fcndnisses f\u00fcr eine solidarische Pflegeversicherung stehen <a href=\"https:\/\/www.der-paritaetische.de\/fileadmin\/user_upload\/Schwerpunkte\/Altenhilfe-Pflege\/doc\/umfrage-pflegevollversicherung-2023_web.pdf\" target=\"_blank\" data-type=\"link\" data-id=\"https:\/\/www.der-paritaetische.de\/fileadmin\/user_upload\/Schwerpunkte\/Altenhilfe-Pflege\/doc\/umfrage-pflegevollversicherung-2023_web.pdf\" rel=\"noreferrer noopener\">\u00fcber diesen Link zum Download als PDF<\/a> bereit.<\/p>\n\n\n\n<p><\/p>\n<\/div>\n<\/div>\n\n\n\n<div class=\"wp-block-columns is-layout-flex wp-container-core-columns-is-layout-9d6595d7 wp-block-columns-is-layout-flex\">\n<div class=\"wp-block-column is-layout-flow wp-block-column-is-layout-flow\" style=\"flex-basis:33.33%\">\n<figure class=\"wp-block-image size-full\"><a href=\"https:\/\/cloud.paritaet.org\/s\/b8EnFZBtRHXxkSc\" target=\"_blank\" rel=\"noreferrer noopener\"><img loading=\"lazy\" decoding=\"async\" width=\"588\" height=\"846\" src=\"https:\/\/www.sinn-schaffen.de\/finanz\/wp-content\/uploads\/sites\/13\/2023\/08\/2023_aufruf-pflegevollversicherung-T.jpg\" alt=\"\" class=\"wp-image-1260\"\/><\/a><\/figure>\n<\/div>\n\n\n\n<div class=\"wp-block-column is-layout-flow wp-block-column-is-layout-flow\" style=\"flex-basis:66.66%\">\n<p><\/p>\n\n\n\n<p>Der gemeinsame Aufruf des B\u00fcndnisses f\u00fcr eine solidarische Pflegeversicherung <a href=\"https:\/\/cloud.paritaet.org\/s\/b8EnFZBtRHXxkSc\" target=\"_blank\" data-type=\"link\" data-id=\"https:\/\/cloud.paritaet.org\/s\/b8EnFZBtRHXxkSc\" rel=\"noreferrer noopener\">steht \u00fcber diesen Link zum Download als PDF<\/a> bereit.<\/p>\n<\/div>\n<\/div>\n","protected":false},"excerpt":{"rendered":"<p>Eine repr\u00e4sentative Forsa-Umfrage im Auftrag des B\u00fcndnisses f\u00fcr eine solidarische Pflegeversicherung ergibt eine deutliche Mehrheit f\u00fcr eine Pflegevollversicherung von 81 Prozent sowohl unter den Anh\u00e4nger*innen der SPD, der Gr\u00fcnen als auch der CDU sowie der FDP. Das B\u00fcndnis fordert die Bundesregierung dazu auf, den Ausbau der Pflegeversicherung zu einer Pflegevollversicherung jetzt anzugehen. Nur eine kleine &hellip; <\/p>\n<p class=\"link-more\"><a href=\"https:\/\/www.sinn-schaffen.de\/finanz\/umfrage-zu-pflege-kosten-grosse-mehrheit-fuer-vollversicherung-in-der-pflege\/\" class=\"more-link\"><span class=\"screen-reader-text\">\u201eUmfrage zu Pflege-Kosten: Gro\u00dfe Mehrheit f\u00fcr Vollversicherung in der Pflege\u201c<\/span> weiterlesen<\/a><\/p>\n","protected":false},"author":1,"featured_media":0,"parent":0,"menu_order":31,"comment_status":"closed","ping_status":"closed","template":"","meta":{"footnotes":""},"class_list":["post-1262","page","type-page","status-publish","hentry"],"_links":{"self":[{"href":"https:\/\/www.sinn-schaffen.de\/finanz\/wp-json\/wp\/v2\/pages\/1262","targetHints":{"allow":["GET"]}}],"collection":[{"href":"https:\/\/www.sinn-schaffen.de\/finanz\/wp-json\/wp\/v2\/pages"}],"about":[{"href":"https:\/\/www.sinn-schaffen.de\/finanz\/wp-json\/wp\/v2\/types\/page"}],"author":[{"embeddable":true,"href":"https:\/\/www.sinn-schaffen.de\/finanz\/wp-json\/wp\/v2\/users\/1"}],"replies":[{"embeddable":true,"href":"https:\/\/www.sinn-schaffen.de\/finanz\/wp-json\/wp\/v2\/comments?post=1262"}],"version-history":[{"count":1,"href":"https:\/\/www.sinn-schaffen.de\/finanz\/wp-json\/wp\/v2\/pages\/1262\/revisions"}],"predecessor-version":[{"id":1263,"href":"https:\/\/www.sinn-schaffen.de\/finanz\/wp-json\/wp\/v2\/pages\/1262\/revisions\/1263"}],"wp:attachment":[{"href":"https:\/\/www.sinn-schaffen.de\/finanz\/wp-json\/wp\/v2\/media?parent=1262"}],"curies":[{"name":"wp","href":"https:\/\/api.w.org\/{rel}","templated":true}]}}