{"id":1281,"date":"2024-01-10T16:01:58","date_gmt":"2024-01-10T15:01:58","guid":{"rendered":"https:\/\/www.sinn-schaffen.de\/finanz\/?page_id=1281"},"modified":"2024-01-16T00:31:25","modified_gmt":"2024-01-15T23:31:25","slug":"analyse-des-lobbyregisters-finanzlobby-spitzenreiter-bei-lobbyausgaben-im-politischen-berlin","status":"publish","type":"page","link":"https:\/\/www.sinn-schaffen.de\/finanz\/analyse-des-lobbyregisters-finanzlobby-spitzenreiter-bei-lobbyausgaben-im-politischen-berlin\/","title":{"rendered":"Analyse des Lobbyregisters: Finanzlobby Spitzenreiter bei Lobbyausgaben im politischen Berlin"},"content":{"rendered":"\n<p><em>Die B\u00fcrgerbewegung Finanzwende hat das Lobbyregister des Deutschen Bundestags analysiert. M\u00f6glich ist das erst seit der Einf\u00fchrung des Registers zum 1. Januar 2022. Neben der Auswertung der Top 100 des Registers stellt die Analyse weitere Daten zur Machtf\u00fclle der Finanzlobby dar, etwa zu Seitenwechslern zwischen Politik und Lobby oder zu den Lobby-Netzwerken verschiedener Unternehmen und Verb\u00e4nde.<\/em><\/p>\n\n\n\n<figure class=\"wp-block-image size-full is-resized\"><img loading=\"lazy\" decoding=\"async\" width=\"1024\" height=\"413\" src=\"https:\/\/www.sinn-schaffen.de\/finanz\/wp-content\/uploads\/sites\/13\/2024\/01\/240110-NU-Lobbyregister.jpg\" alt=\"\" class=\"wp-image-1277\" style=\"width:840px;height:auto\" title=\"Foto: Nata Uchava, Freiburg\"\/><\/figure>\n\n\n\n<p><strong>(Berlin, 8. Januar 2024)<\/strong> Die Finanzlobby liegt an der Spitze der gr\u00f6\u00dften Interessenvertretungen im politischen Berlin. Unter den Top 100 der gr\u00f6\u00dften Lobby-Verb\u00e4nde und -Unternehmen hat sie die meisten Vertreter*innen, mit den im Branchenvergleich h\u00f6chsten Gesamtbudgets. Das zeigt eine Analyse des Lobbyregisters des Deutschen Bundestags durch die B\u00fcrgerbewegung Finanzwende.<\/p>\n\n\n\n<p>\u201eDie meisten Menschen denken bei Lobbymacht in Deutschland an die Autoindustrie oder den BDI [Bundesverband der Deutschen Industrie e.V., d. Red.]. Aber die Finanzlobby ist noch st\u00e4rker; sie hat eine ungeheure Macht, die viel zu oft unsichtbar bleibt\u201d, sagt Daniel Mittler, Gesch\u00e4ftsf\u00fchrer von Finanzwende. \u201eDie Finanzlobby-Mischung aus Unauff\u00e4lligkeit und Machtf\u00fclle schadet unserer Demokratie.\u201d Finanzpolitik sei jedoch entscheidend f\u00fcr Gerechtigkeit und Zukunftssicherheit. \u201eGerade bei Finanzthemen braucht es endlich einen fairen Austausch der Interessen \u2013 und keine Lobby-\u00dcbermacht, die den Regierenden Gesetze oft zu diktieren scheint.\u201d<\/p>\n\n\n\n<p>\u201eDie Macht der Finanzlobby\u201d ist die zweite Analyse des Lobbyregisters des Deutschen Bundestags durch die B\u00fcrgerbewegung Finanzwende. M\u00f6glich ist eine solche Analyse erst seit der Einf\u00fchrung des Registers zum 1. Januar 2022. Neben der Auswertung der Top 100 des Registers enth\u00e4lt die Analyse weitere Daten zur Machtf\u00fclle der Finanzlobby, etwa zu Seitenwechslern zwischen Politik und Lobby oder zu den Lobby-Netzwerken verschiedener Unternehmen und Verb\u00e4nde.<\/p>\n\n\n\n<ul class=\"wp-block-list\">\n<li>Der Bundesverband deutscher Banken etwa trat im Jahr 2023 laut Lobbyregister mit 65 Lobbyist*innen auf, der Deutsche Sparkassen- und Giroverband mit 125. Und die Deutsche Bank trat allein mit 45 Lobbyist*innen auf.<\/li>\n\n\n\n<li>Von den Top 100 der finanzst\u00e4rksten Akteur*innen im Lobbyregister sind zehn Unternehmen oder Verb\u00e4nde der Finanzlobby zuzuordnen. Auto- und Chemielobby kommen unter den Top 100 jeweils nur auf sechs Eintr\u00e4ge, die Energielobby auf acht.<\/li>\n\n\n\n<li>Die zehn Vertreter*innen der Finanzlobby (also Verb\u00e4nde und Unternehmen) haben gemeinsam ein Lobbybudget von 42,8 Millionen Euro pro Jahr, weit mehr als jede andere Branche. Selbst die neun branchen\u00fcbergreifenden Verb\u00e4nde in den Top 100, darunter Lobby-Schwergewichte wie der Industrieverband BDI, geben zusammen nur 40,2 Millionen Euro f\u00fcr Lobbyarbeit aus, andere Branchen liegen mit ihren Lobbybudgets noch deutlich darunter.<\/li>\n<\/ul>\n\n\n\n<p>Die Zahlen beziehen sich nur auf die Lobbyarbeit gegen\u00fcber Bundestag und Bundesregierung \u2013 Lobbyarbeit auf Landes- oder EU-Ebene ist nicht erfasst.<\/p>\n\n\n\n<p>Am 1. M\u00e4rz 2024 tritt \u2013 auch auf Druck von Finanzwende \u2013 eine Versch\u00e4rfung des Lobbyregisters in Kraft. Lobbyist*innen m\u00fcssen dann zum Beispiel konkret benennen, welche Gesetze sie beeinflussen wollen, Seitenwechsel zwischen Politik und Lobbyverb\u00e4nden werden sichtbarer und die gerade f\u00fcr die Finanzlobby enorm wichtigen Lobbyagenturen m\u00fcssen detailliertere Angaben zu ihrer Arbeit machen.<\/p>\n\n\n\n<p>\u201eMit der Reform des Lobbyregisters kommt viel Licht in ehemals dunkle Hinterzimmer und mehr im Verborgenen helfende H\u00e4nde der Finanzlobby werden sichtbar\u201d, sagt Daniel Mittler. \u201eDie Macht der Finanzlobby, das zeigen die neuen Zahlen klar, muss endlich eingeschr\u00e4nkt werden. Die Ampel muss deshalb Lobbyismus weiter unter demokratische Kontrolle stellen und noch in diesem Jahr den im Koalitionsvertrag versprochenen legislativen Fu\u00dfabdruck umsetzen.\u201d<\/p>\n\n\n\n<p>Absoluter Spitzenreiter im Hinblick auf das Lobbybudget \u2013 nicht nur innerhalb der Finanzlobby \u2013 ist wie im Vorjahr der Gesamtverband der Deutschen Versicherungswirtschaft (GDV). 15,4 Millionen Euro l\u00e4sst sich der GDV seine Lobbyarbeit pro Jahr kosten. Die Auswertung verr\u00e4t jedoch auch, welche Unternehmen und Verb\u00e4nde zuletzt deutlich mehr in ihre Lobbyarbeit investiert haben als \u2013 darunter zum Beispiel der Deutsche Sparkassen- und Giroverband (plus 12,6 Prozent auf 4,1 Millionen Euro im Jahr 2022) und der Fondsverband BVI (plus 17,4 Prozent auf 2,4 Millionen Euro im Jahr 2022).<\/p>\n\n\n\n<div class=\"wp-block-columns is-layout-flex wp-container-core-columns-is-layout-9d6595d7 wp-block-columns-is-layout-flex\">\n<div class=\"wp-block-column is-layout-flow wp-block-column-is-layout-flow\" style=\"flex-basis:33.33%\">\n<figure class=\"wp-block-image size-full\"><a href=\"https:\/\/www.finanzwende.de\/ueber-uns\/team\" target=\"_blank\" rel=\"noreferrer noopener\"><img loading=\"lazy\" decoding=\"async\" width=\"500\" height=\"500\" src=\"https:\/\/www.sinn-schaffen.de\/finanz\/wp-content\/uploads\/sites\/13\/2022\/12\/Daniel-Mittler-Finanzwende.jpg\" alt=\"\" class=\"wp-image-1116\" title=\"Foto: Finanzwende\"\/><\/a><\/figure>\n<\/div>\n\n\n\n<div class=\"wp-block-column is-layout-flow wp-block-column-is-layout-flow\" style=\"flex-basis:66.66%\">\n<p><\/p>\n\n\n\n<p>Daniel Mittler ist Gesch\u00e4ftsf\u00fchrer von <a href=\"https:\/\/www.finanzwende.de\/\" target=\"_blank\" data-type=\"link\" data-id=\"https:\/\/www.finanzwende.de\/\" rel=\"noreferrer noopener\">Finanzwende e.V.<\/a><\/p>\n\n\n\n<figure class=\"wp-block-image size-large is-resized\"><a href=\"https:\/\/www.finanzwende.de\/\" target=\"_blank\" rel=\"noreferrer noopener\"><img loading=\"lazy\" decoding=\"async\" width=\"1024\" height=\"236\" src=\"https:\/\/www.sinn-schaffen.de\/finanz\/wp-content\/uploads\/sites\/13\/2022\/11\/Buergerbewegung-Finanzwende-Logo-1024x236.jpg\" alt=\"\" class=\"wp-image-1094\" style=\"width:391px;height:auto\"\/><\/a><\/figure>\n\n\n\n<p>Finanzwende ist ein \u00fcberparteilicher Verein mit mehr als 8.000 Mitgliedern. Die unabh\u00e4ngige Interessenvertretung von und f\u00fcr B\u00fcrgerinnen und B\u00fcrger wurde im Jahr 2018 anl\u00e4sslich des zehnten Jahrestages der Lehman-Brothers-Pleite gegr\u00fcndet. Als Gegengewicht zur Finanzlobby dr\u00e4ngt sie auf stabilere, faire und nachhaltige Finanzm\u00e4rkte. Durch Kampagnen und kritische Recherchen k\u00e4mpft sie f\u00fcr ein gemeinsames Ziel: \u201edie Finanzwende \u2013 damit die Finanzwirtschaft den Menschen dient\u201c.<\/p>\n<\/div>\n<\/div>\n\n\n\n<div class=\"wp-block-columns is-layout-flex wp-container-core-columns-is-layout-9d6595d7 wp-block-columns-is-layout-flex\">\n<div class=\"wp-block-column is-layout-flow wp-block-column-is-layout-flow\" style=\"flex-basis:33.33%\">\n<figure class=\"wp-block-image size-full\"><a href=\"https:\/\/www.finanzwende.de\/fileadmin\/user_upload\/Dokumente\/Auswertung_Die_Macht_der_Finanzlobby-im_zweiten_Jahr_des_Lobbyregisters.pdf\" target=\"_blank\" rel=\"noreferrer noopener\"><img loading=\"lazy\" decoding=\"async\" width=\"470\" height=\"662\" src=\"https:\/\/www.sinn-schaffen.de\/finanz\/wp-content\/uploads\/sites\/13\/2024\/01\/Die-Macht-der-Finanzlobby-T.jpg\" alt=\"\" class=\"wp-image-1278\"\/><\/a><\/figure>\n<\/div>\n\n\n\n<div class=\"wp-block-column is-layout-flow wp-block-column-is-layout-flow\" style=\"flex-basis:66.66%\">\n<p><\/p>\n\n\n\n<p>Die Analyse des Lobbyregiaters unter dem Titel &#8222;Die Macht der Finanzlobby&#8220; steht <a href=\"https:\/\/www.finanzwende.de\/fileadmin\/user_upload\/Dokumente\/Auswertung_Die_Macht_der_Finanzlobby-im_zweiten_Jahr_des_Lobbyregisters.pdf\" target=\"_blank\" data-type=\"link\" data-id=\"https:\/\/www.finanzwende.de\/fileadmin\/user_upload\/Dokumente\/Auswertung_Die_Macht_der_Finanzlobby-im_zweiten_Jahr_des_Lobbyregisters.pdf\" rel=\"noreferrer noopener\">\u00fcber diesen Link zum Download im Format PDF<\/a> bereit.<\/p>\n\n\n\n<p>Siehe auch <a href=\"https:\/\/www.sinn-schaffen.de\/finanz\/studie-gibt-erstmals-systematischen-einblick-in-auswirkung-und-arbeitsweise-der-finanzlobby-in-deutschland\/\" target=\"_blank\" data-type=\"link\" data-id=\"https:\/\/www.sinn-schaffen.de\/finanz\/studie-gibt-erstmals-systematischen-einblick-in-auswirkung-und-arbeitsweise-der-finanzlobby-in-deutschland\/\" rel=\"noreferrer noopener\">hier zu weiteren Informationen<\/a> zum Thema.<\/p>\n<\/div>\n<\/div>\n","protected":false},"excerpt":{"rendered":"<p>Die B\u00fcrgerbewegung Finanzwende hat das Lobbyregister des Deutschen Bundestags analysiert. M\u00f6glich ist das erst seit der Einf\u00fchrung des Registers zum 1. Januar 2022. Neben der Auswertung der Top 100 des Registers stellt die Analyse weitere Daten zur Machtf\u00fclle der Finanzlobby dar, etwa zu Seitenwechslern zwischen Politik und Lobby oder zu den Lobby-Netzwerken verschiedener Unternehmen und &hellip; <\/p>\n<p class=\"link-more\"><a href=\"https:\/\/www.sinn-schaffen.de\/finanz\/analyse-des-lobbyregisters-finanzlobby-spitzenreiter-bei-lobbyausgaben-im-politischen-berlin\/\" class=\"more-link\"><span class=\"screen-reader-text\">\u201eAnalyse des Lobbyregisters: Finanzlobby Spitzenreiter bei Lobbyausgaben im politischen Berlin\u201c<\/span> weiterlesen<\/a><\/p>\n","protected":false},"author":1,"featured_media":0,"parent":0,"menu_order":28,"comment_status":"closed","ping_status":"closed","template":"","meta":{"footnotes":""},"class_list":["post-1281","page","type-page","status-publish","hentry"],"_links":{"self":[{"href":"https:\/\/www.sinn-schaffen.de\/finanz\/wp-json\/wp\/v2\/pages\/1281","targetHints":{"allow":["GET"]}}],"collection":[{"href":"https:\/\/www.sinn-schaffen.de\/finanz\/wp-json\/wp\/v2\/pages"}],"about":[{"href":"https:\/\/www.sinn-schaffen.de\/finanz\/wp-json\/wp\/v2\/types\/page"}],"author":[{"embeddable":true,"href":"https:\/\/www.sinn-schaffen.de\/finanz\/wp-json\/wp\/v2\/users\/1"}],"replies":[{"embeddable":true,"href":"https:\/\/www.sinn-schaffen.de\/finanz\/wp-json\/wp\/v2\/comments?post=1281"}],"version-history":[{"count":4,"href":"https:\/\/www.sinn-schaffen.de\/finanz\/wp-json\/wp\/v2\/pages\/1281\/revisions"}],"predecessor-version":[{"id":1286,"href":"https:\/\/www.sinn-schaffen.de\/finanz\/wp-json\/wp\/v2\/pages\/1281\/revisions\/1286"}],"wp:attachment":[{"href":"https:\/\/www.sinn-schaffen.de\/finanz\/wp-json\/wp\/v2\/media?parent=1281"}],"curies":[{"name":"wp","href":"https:\/\/api.w.org\/{rel}","templated":true}]}}