{"id":1296,"date":"2024-02-20T18:46:44","date_gmt":"2024-02-20T17:46:44","guid":{"rendered":"https:\/\/www.sinn-schaffen.de\/finanz\/?page_id=1296"},"modified":"2024-02-20T18:52:00","modified_gmt":"2024-02-20T17:52:00","slug":"staatsfonds-zur-finanzierung-der-deutschen-atommuelllagerung-investiert-in-fossile-unternehmen","status":"publish","type":"page","link":"https:\/\/www.sinn-schaffen.de\/finanz\/staatsfonds-zur-finanzierung-der-deutschen-atommuelllagerung-investiert-in-fossile-unternehmen\/","title":{"rendered":"Staatsfonds zur Finanzierung der deutschen Atomm\u00fclllagerung investiert in fossile Unternehmen"},"content":{"rendered":"\n<p><em>Der &#8222;Fonds zur Finanzierung der kerntechnischen Entsorgung&#8220; des Bundes, verwaltet von der gr\u00f6\u00dften \u00f6ffentlich-rechtlichen Stiftung Deutschlands, besteht seit 2017 und r\u00fchmt sich seiner gr\u00fcnen Anlagestrategie und ist sogar Mitglied in der von den Vereinten Nationen gegr\u00fcndeten Net Zero Asset Owner Alliance. Bestehende Investitionen in \u00d6l- und Gasunternehmen rechtfertigt die Stiftung vor allem damit, man wolle &#8222;die Wirtschaft, und damit die Portfoliounternehmen, bei der Umstellung ihrer Gesch\u00e4ftsmodelle zur Klimaneutralit\u00e4t konstruktiv&#8220; begleiten.<\/em><\/p>\n\n\n\n<p><strong>(Berlin, 16. Februar 2024)<\/strong> Ein heute von urgewald und Fossil Free Berlin ver\u00f6ffentlichtes Briefing offenbart, wie stark der Staatsfonds zur Finanzierung der deutschen Atomm\u00fclllagerung nach letztem Stand (Stichtag 31. Dezember 2022) in fossile Unternehmen investiert hat. Der \u201eFonds zur Finanzierung der kerntechnischen Entsorgung\u201c des Bundes wird von der <a href=\"https:\/\/www.kenfo.de\/der-fonds\/ueber-den-kenfo\" data-type=\"link\" data-id=\"https:\/\/www.kenfo.de\/der-fonds\/ueber-den-kenfo\" target=\"_blank\" rel=\"noreferrer noopener\">Stiftung KENFO<\/a> verwaltet. Die vier deutschen Atomkraftwerksbetreiber hatten im Jahr 2017 insgesamt 24,1 Milliarden Euro bei der Stiftung eingezahlt \u2013 womit KENFO die gr\u00f6\u00dfte \u00f6ffentlich-rechtliche Stiftung Deutschlands ist.<\/p>\n\n\n\n<p>F\u00fcr die Analyse hat urgewald seine k\u00fcrzlich aktualisierten <a href=\"https:\/\/www.coalexit.org\/\" target=\"_blank\" data-type=\"link\" data-id=\"https:\/\/www.coalexit.org\/\" rel=\"noreferrer noopener\">Unternehmensdatenbanken f\u00fcr die Kohleindustrie (GCEL)<\/a> sowie f\u00fcr die <a href=\"https:\/\/gogel.org\/\" target=\"_blank\" data-type=\"link\" data-id=\"https:\/\/gogel.org\/\" rel=\"noreferrer noopener\">\u00d6l- und Gasindustrie (GOGEL)<\/a> mit dem KENFO-Portfolio abgeglichen. GCEL und GOGEL sind die umfangreichsten \u00f6ffentlichen Datenbanken f\u00fcr diese Sektoren.<\/p>\n\n\n\n<p>Zentrale Ergebnisse der Auswertung:<\/p>\n\n\n\n<ul class=\"wp-block-list\">\n<li>KENFO hat zum Stichtag 31.12.2022 rund 771 Millionen Euro in Aktien und Anleihen von 107 fossilen Unternehmen investiert, die in GCEL und GOGEL gelistet sind.<\/li>\n\n\n\n<li>Den weitaus gr\u00f6\u00dften Anteil machen mit rund 723 Millionen Euro Investitionen in 98 \u00d6l- und Gasunternehmen aus, darunter Total Energies, Shell oder BP. Mit 60 Millionen Euro hat KENFO zudem in 13 Kohleunternehmen investiert.<\/li>\n\n\n\n<li>Alle gefundenen \u00d6l- und Gasunternehmen wollen ihre fossilen Gesch\u00e4fte ausbauen und gef\u00e4hrden damit die Pariser Klimaziele \u2013 durch die Erschlie\u00dfung neuer \u00d6l- und Gasfelder sowie den Bau von Pipelines, LNG-Terminals oder&nbsp; Gaskraftwerken.<\/li>\n<\/ul>\n\n\n\n<p>Der KENFO r\u00fchmt sich seiner gr\u00fcnen Anlagestrategie und ist Mitglied in der von den Vereinten Nationen gegr\u00fcndeten Net Zero Asset Owner Alliance (NZAOA). Die im &#8222;Bundesanzeiger&#8220; am Freitag, 30. Juni 2017 ver\u00f6ffentlichten <a href=\"https:\/\/www.kenfo.de\/fileadmin\/user_upload\/dokumente\/kenfo-anlagerichtlinien.pdf\" data-type=\"link\" data-id=\"https:\/\/www.kenfo.de\/fileadmin\/user_upload\/dokumente\/kenfo-anlagerichtlinien.pdf\" target=\"_blank\" rel=\"noreferrer noopener\">Anlagerichtlinien des KENFO<\/a> schreiben unter anderem vor, ESG-Kriterien <em>(ESG steht f\u00fcr Environmental, Social and Governance)<\/em> bei der Anlagestrategie einzubeziehen. Bestehende Investitionen in \u00d6l- und Gasunternehmen rechtfertigt der KENFO vor allem damit, dass man \u201edie Wirtschaft, und damit die Portfoliounternehmen, bei der Umstellung ihrer Gesch\u00e4ftsmodelle zur Klimaneutralit\u00e4t konstruktiv\u201c begleiten wolle. Diese Strategie wird als \u201eEngagement\u201c bezeichnet, im Gegensatz zum \u201eDivestment\u201c, was den gezielten Verkauf fossiler Geldanlagen meint.<\/p>\n\n\n\n<p>Anna Lena Samborski, Finanz-Campaignerin bei urgewald, kommentiert: \u201e\u00d6l- und Gasunternehmen wie TotalEnergies, Shell oder BP haben offenkundig kein Interesse daran, ihr Gesch\u00e4ftsmodell an eine klimagerechte Zukunft anzupassen. Die angebliche \u201aBegleitung\u2018 solcher Unternehmen in Richtung eines klimaneutralen Gesch\u00e4ftsmodells funktioniert nicht. Wenn der KENFO seine gr\u00fcnen Anspr\u00fcche ernstnimmt, muss er sich von seinen fossilen Geldanlagen trennen. Als staatlich kontrollierte Stiftung hat KENFO Vorbildcharakter und sollte beim Klima keine Kompromisse machen.\u201c<\/p>\n\n\n\n<p>Wie ein konsequenter Ausschluss fossiler Geldanlagen funktionieren kann, zeigt aktuell der niederl\u00e4ndische Pensionsfonds \u201eZorg &amp; Welzjin\u201c (PFZW), der die Pensionsgelder f\u00fcr mehr als 3 Millionen Menschen aus Pflege- und Sozialberufen verwaltet. Das Fondsmanagement hat vor einer Woche verk\u00fcndet, 310 \u00d6l- und Gasunternehmen divestiert zu haben, da sie ihr Gesch\u00e4ft nicht an den Pariser Klimazielen ausrichteten. Unter anderen von TotalEnergies, Shell und BP hat sich der Fonds getrennt. Die Vorstandsvorsitzende Joanne Kellermann sagte: \u201cThe intensive shareholder dialogue over the past two years with the oil and gas sector on climate has made it clear to us that most fossil fuel companies are not prepared to adapt their business models to \u2018Paris\u2019.\u201d<\/p>\n\n\n\n<p>Mathias von Gemmingen, Campaigner bei Fossil Free Berlin, sagt: \u201eWenn staatliche Stellen die Klimasch\u00e4den der Fossilindustrie ignorieren und durch Finanzgesch\u00e4fte auch noch anfeuern, ist das ein politisches Versagen. Mit diesem Fehlverhalten ist die KENFO-Stiftung leider nicht alleine. Auch das Bundesinnenministerium musste zugeben, Aktien von Gas- und \u00d6lkonzernen f\u00fcr eine halbe Milliarde Euro gekauft zu haben. Und die VBL <em>(Versorgungsanstalt des Bundes und der L\u00e4nder, d. Red.)<\/em>, die Betriebsrenten des \u00f6ffentlichen Dienstes verwaltet, verweigert die Auskunft \u00fcber ihre Kapitalanlagen sogar ganz. Vom KENFO-Management erwarten wir, dass es seine besonderen Nachhaltigkeitsversprechen auch einl\u00f6st und mit einem fossilfreien Portfolio zum Vorbild f\u00fcr alle staatlichen Investitionen wird.\u201c<\/p>\n\n\n\n<div class=\"wp-block-columns is-layout-flex wp-container-core-columns-is-layout-9d6595d7 wp-block-columns-is-layout-flex\">\n<div class=\"wp-block-column is-layout-flow wp-block-column-is-layout-flow\" style=\"flex-basis:33.33%\">\n<figure class=\"wp-block-image size-full\"><a href=\"https:\/\/www.urgewald.org\/team\/anna-lena-samborski\" target=\"_blank\" rel=\"noreferrer noopener\"><img loading=\"lazy\" decoding=\"async\" width=\"493\" height=\"311\" src=\"https:\/\/www.sinn-schaffen.de\/finanz\/wp-content\/uploads\/sites\/13\/2024\/02\/Anna-Lena-Samborski-urgewald.png\" alt=\"\" class=\"wp-image-1292\" title=\"Foto: urgewald\"\/><\/a><\/figure>\n<\/div>\n\n\n\n<div class=\"wp-block-column is-layout-flow wp-block-column-is-layout-flow\" style=\"flex-basis:66.66%\">\n<p><\/p>\n\n\n\n<p><a href=\"https:\/\/www.urgewald.org\/team\/anna-lena-samborski\" target=\"_blank\" data-type=\"link\" data-id=\"https:\/\/www.urgewald.org\/team\/anna-lena-samborski\" rel=\"noreferrer noopener\">Anna Lena Samborski<\/a> ist Finanz-Campaignerin bei <a href=\"https:\/\/www.urgewald.org\/\" target=\"_blank\" data-type=\"link\" data-id=\"https:\/\/www.urgewald.org\/\" rel=\"noreferrer noopener\">urgewald<\/a>.<\/p>\n\n\n\n<figure class=\"wp-block-image size-full is-resized\"><a href=\"https:\/\/www.urgewald.org\/\" target=\"_blank\" rel=\"noreferrer noopener\"><img loading=\"lazy\" decoding=\"async\" width=\"280\" height=\"144\" src=\"https:\/\/www.sinn-schaffen.de\/finanz\/wp-content\/uploads\/sites\/13\/2022\/11\/urgewaldLogo.jpg\" alt=\"\" class=\"wp-image-1109\" style=\"width:235px;height:auto\"\/><\/a><\/figure>\n<\/div>\n<\/div>\n\n\n\n<div class=\"wp-block-columns is-layout-flex wp-container-core-columns-is-layout-9d6595d7 wp-block-columns-is-layout-flex\">\n<div class=\"wp-block-column is-layout-flow wp-block-column-is-layout-flow\" style=\"flex-basis:33.33%\">\n<figure class=\"wp-block-image size-full\"><a href=\"https:\/\/www.urgewald.org\/sites\/default\/files\/media-files\/urgewald_KENFO-Briefing-2024-de.pdf\" target=\"_blank\" rel=\"noreferrer noopener\"><img loading=\"lazy\" decoding=\"async\" width=\"599\" height=\"846\" src=\"https:\/\/www.sinn-schaffen.de\/finanz\/wp-content\/uploads\/sites\/13\/2024\/02\/urgewald_KENFO-Briefing-2024-de-T.jpg\" alt=\"\" class=\"wp-image-1293\"\/><\/a><\/figure>\n<\/div>\n\n\n\n<div class=\"wp-block-column is-layout-flow wp-block-column-is-layout-flow\" style=\"flex-basis:66.66%\">\n<p><\/p>\n\n\n\n<p>Das urgewald-Papier &#8222;KENFO: Wie der staatliche Atomfonds den Klimawandel anheizt&#8220; steht <a href=\"https:\/\/www.urgewald.org\/sites\/default\/files\/media-files\/urgewald_KENFO-Briefing-2024-de.pdf\" target=\"_blank\" data-type=\"link\" data-id=\"https:\/\/www.urgewald.org\/sites\/default\/files\/media-files\/urgewald_KENFO-Briefing-2024-de.pdf\" rel=\"noreferrer noopener\">\u00fcber diesen Link zum Download als PDF-Datei<\/a> bereit.<\/p>\n<\/div>\n<\/div>\n","protected":false},"excerpt":{"rendered":"<p>Der &#8222;Fonds zur Finanzierung der kerntechnischen Entsorgung&#8220; des Bundes, verwaltet von der gr\u00f6\u00dften \u00f6ffentlich-rechtlichen Stiftung Deutschlands, besteht seit 2017 und r\u00fchmt sich seiner gr\u00fcnen Anlagestrategie und ist sogar Mitglied in der von den Vereinten Nationen gegr\u00fcndeten Net Zero Asset Owner Alliance. Bestehende Investitionen in \u00d6l- und Gasunternehmen rechtfertigt die Stiftung vor allem damit, man wolle &#8222;die Wirtschaft, und damit die Portfoliounternehmen, bei der Umstellung ihrer Gesch\u00e4ftsmodelle zur Klimaneutralit\u00e4t konstruktiv&#8220; begleiten.<\/p>\n","protected":false},"author":1,"featured_media":0,"parent":0,"menu_order":26,"comment_status":"closed","ping_status":"closed","template":"","meta":{"footnotes":""},"class_list":["post-1296","page","type-page","status-publish","hentry"],"_links":{"self":[{"href":"https:\/\/www.sinn-schaffen.de\/finanz\/wp-json\/wp\/v2\/pages\/1296","targetHints":{"allow":["GET"]}}],"collection":[{"href":"https:\/\/www.sinn-schaffen.de\/finanz\/wp-json\/wp\/v2\/pages"}],"about":[{"href":"https:\/\/www.sinn-schaffen.de\/finanz\/wp-json\/wp\/v2\/types\/page"}],"author":[{"embeddable":true,"href":"https:\/\/www.sinn-schaffen.de\/finanz\/wp-json\/wp\/v2\/users\/1"}],"replies":[{"embeddable":true,"href":"https:\/\/www.sinn-schaffen.de\/finanz\/wp-json\/wp\/v2\/comments?post=1296"}],"version-history":[{"count":3,"href":"https:\/\/www.sinn-schaffen.de\/finanz\/wp-json\/wp\/v2\/pages\/1296\/revisions"}],"predecessor-version":[{"id":1300,"href":"https:\/\/www.sinn-schaffen.de\/finanz\/wp-json\/wp\/v2\/pages\/1296\/revisions\/1300"}],"wp:attachment":[{"href":"https:\/\/www.sinn-schaffen.de\/finanz\/wp-json\/wp\/v2\/media?parent=1296"}],"curies":[{"name":"wp","href":"https:\/\/api.w.org\/{rel}","templated":true}]}}