{"id":1320,"date":"2024-03-27T15:38:21","date_gmt":"2024-03-27T14:38:21","guid":{"rendered":"https:\/\/www.sinn-schaffen.de\/finanz\/?page_id=1320"},"modified":"2024-03-27T15:38:22","modified_gmt":"2024-03-27T14:38:22","slug":"kinderarmut-in-deutschland-rund-drei-millionen-kinder-muessen-unter-erschwerten-bedingungen-ihren-weg-ins-leben-finden","status":"publish","type":"page","link":"https:\/\/www.sinn-schaffen.de\/finanz\/kinderarmut-in-deutschland-rund-drei-millionen-kinder-muessen-unter-erschwerten-bedingungen-ihren-weg-ins-leben-finden\/","title":{"rendered":"Kinderarmut in Deutschland: Rund drei Millionen Kinder m\u00fcssen unter erschwerten Bedingungen ihren Weg ins Leben finden"},"content":{"rendered":"\n<p><em>Mit Quoten von 21,8 Prozent und 25,2 Prozent sind Kinder und junge Erwachsene in Deutschland \u00fcberdurchschnittlich von Armut betroffen. Die Wahrscheinlichkeit, in Armut aufzuwachsen, ist dabei in bestimmten Regionen deutlich h\u00f6her als in anderen. Save the Children Deutschland: &#8222;Halbgare L\u00f6sungen f\u00fcr das Problem reichen schon lange nicht mehr aus.&#8220;<\/em><\/p>\n\n\n\n<figure class=\"wp-block-image size-full\"><img loading=\"lazy\" decoding=\"async\" width=\"1024\" height=\"413\" src=\"https:\/\/www.sinn-schaffen.de\/finanz\/wp-content\/uploads\/sites\/13\/2024\/03\/240327-NU-Armutsbericht.jpg\" alt=\"\" class=\"wp-image-1314\" title=\"Foto: Nata Uchava, Freiburg\"\/><\/figure>\n\n\n\n<p><strong>(Berlin, 26. M\u00e4rz 2024)<\/strong> Anl\u00e4sslich der Ver\u00f6ffentlichung des neuen Armutsberichts des Parit\u00e4tischen Wohlfahrtsverbandes und der darin enthaltenen Kinderarmutsquote von 21,8 Prozent sagt Eric Gro\u00dfhaus, Advocacy Manager Kinderarmut und soziale Ungleichheit bei Save the Children Deutschland: \u201eDie Zahlen schreien es laut: Kinderarmut ist und bleibt ein riesiges Problem in Deutschland. Rund drei Millionen Kinder m\u00fcssen unter erschwerten Bedingungen ihren Weg ins Leben finden. Dem Chancenkiller Kinderarmut muss endlich Einhalt geboten werden. Die Antworten von Regierung und Bundestag m\u00fcssen entsprechend klar sein: eine echte Kindergrundsicherung f\u00fcr alle Kinder mit deutlichen Leistungsverbesserungen einerseits. Eine bedarfsgerechte soziale Infrastruktur zur Armutspr\u00e4vention andererseits. Halbgare L\u00f6sungen sind schon lange nicht mehr ausreichend.<\/p>\n\n\n\n<p>Mit Quoten von 21,8 Prozent und 25,2 Prozent sind Kinder und junge Erwachsene in Deutschland \u00fcberdurchschnittlich von Armut betroffen. Die Wahrscheinlichkeit, in Armut aufzuwachsen, ist dabei in bestimmten Regionen deutlich h\u00f6her als in anderen. In einem reichen Land wie Deutschland darf es nicht sein, dass die Herkunft und der Geburtsort dar\u00fcber entscheiden, welche Startchancen ein Kind hat. In den besonders betroffenen Regionen bedarf es erh\u00f6hter Anstrengungen, damit nicht ganze Stadtviertel abgeh\u00e4ngt werden.\u201c<\/p>\n\n\n\n<p>Als Ma\u00dfnahmen gegen Kinderarmut fordert Save the Children:<\/p>\n\n\n\n<ul class=\"wp-block-list\">\n<li>Die Einf\u00fchrung einer Kindergrundsicherung, die durch eine Neubestimmung des Existenzminimums zu Leistungsverbesserungen f\u00fchrt und die Leistungsgew\u00e4hrung vereinfacht.<\/li>\n\n\n\n<li>Keine weiteren Benachteiligungen von gefl\u00fcchteten Kindern im Asylbewerberleistungsgesetz, zum Beispiel durch Bezahlkarten, sowie deren Einbeziehung in die Kindergrundsicherung.<\/li>\n\n\n\n<li>Schaffung von bedarfsgerechten Zug\u00e4ngen zu sozialen Dienstleistungen und Ressourcen sowie (fr\u00fchkindlicher) Bildung und Betreuung im Rahmen der EU-Kindergarantie.<\/li>\n\n\n\n<li>Umsetzung neuer ambitionierter Ma\u00dfnahmen durch den Nationalen Aktionsplan \u201eNeue Chancen f\u00fcr Kinder in Deutschland\u201c.<\/li>\n\n\n\n<li>Beteiligung und Ber\u00fccksichtigung der Perspektiven von Kindern und Jugendlichen bei allen sozialpolitischen Entscheidungen, die sie betreffen (zum Beispiel im B\u00fcrgergeld).<\/li>\n<\/ul>\n\n\n\n<div class=\"wp-block-columns is-layout-flex wp-container-core-columns-is-layout-9d6595d7 wp-block-columns-is-layout-flex\">\n<div class=\"wp-block-column is-layout-flow wp-block-column-is-layout-flow\" style=\"flex-basis:33.33%\">\n<figure class=\"wp-block-image size-full\"><a href=\"https:\/\/www.savethechildren.de\/news\/kinderarmut-in-deutschland-wir-haben-ein-grosses-problem\/\" target=\"_blank\" rel=\"noreferrer noopener\"><img loading=\"lazy\" decoding=\"async\" width=\"320\" height=\"320\" src=\"https:\/\/www.sinn-schaffen.de\/finanz\/wp-content\/uploads\/sites\/13\/2024\/03\/Eric-Grosshaus-save-the-children.jpg\" alt=\"\" class=\"wp-image-1315\" title=\"Foto: Save the Children\"\/><\/a><\/figure>\n<\/div>\n\n\n\n<div class=\"wp-block-column is-layout-flow wp-block-column-is-layout-flow\" style=\"flex-basis:66.66%\">\n<p><\/p>\n\n\n\n<p><a href=\"https:\/\/www.savethechildren.de\/news\/kinderarmut-in-deutschland-wir-haben-ein-grosses-problem\/\" target=\"_blank\" data-type=\"link\" data-id=\"https:\/\/www.savethechildren.de\/news\/kinderarmut-in-deutschland-wir-haben-ein-grosses-problem\/\" rel=\"noreferrer noopener\">Eric Gro\u00dfhaus<\/a> ist Advocacy Manager Kinderarmut und soziale Ungleichheit bei <a href=\"https:\/\/www.savethechildren.de\/\" target=\"_blank\" data-type=\"link\" data-id=\"https:\/\/www.savethechildren.de\/\" rel=\"noreferrer noopener\">Save the Children Deutschland<\/a>.<\/p>\n\n\n\n<figure class=\"wp-block-image size-large is-resized\"><a href=\"https:\/\/www.savethechildren.de\/\" target=\"_blank\" rel=\"noreferrer noopener\"><img loading=\"lazy\" decoding=\"async\" width=\"1024\" height=\"218\" src=\"https:\/\/www.sinn-schaffen.de\/finanz\/wp-content\/uploads\/sites\/13\/2024\/03\/Save-the-Children-1024x218.jpg\" alt=\"\" class=\"wp-image-1318\" style=\"width:285px;height:auto\"\/><\/a><\/figure>\n<\/div>\n<\/div>\n\n\n\n<div class=\"wp-block-columns is-layout-flex wp-container-core-columns-is-layout-9d6595d7 wp-block-columns-is-layout-flex\">\n<div class=\"wp-block-column is-layout-flow wp-block-column-is-layout-flow\" style=\"flex-basis:33.33%\">\n<figure class=\"wp-block-image size-full\"><a href=\"https:\/\/www.der-paritaetische.de\/fileadmin\/user_upload\/Schwerpunkte\/Armutsbericht\/doc\/Paritaetischer_Armutsbericht_2024.pdf\" target=\"_blank\" rel=\"noreferrer noopener\"><img loading=\"lazy\" decoding=\"async\" width=\"599\" height=\"846\" src=\"https:\/\/www.sinn-schaffen.de\/finanz\/wp-content\/uploads\/sites\/13\/2024\/03\/Paritaetischer_Armutsbericht_2024-T.jpg\" alt=\"\" class=\"wp-image-1316\"\/><\/a><\/figure>\n<\/div>\n\n\n\n<div class=\"wp-block-column is-layout-flow wp-block-column-is-layout-flow\" style=\"flex-basis:66.66%\">\n<p><\/p>\n\n\n\n<p>Der Parit\u00e4tische Armutsbericht 2024 &#8222;Armut in der Inflation&#8220; steht <a href=\"https:\/\/www.der-paritaetische.de\/fileadmin\/user_upload\/Schwerpunkte\/Armutsbericht\/doc\/Paritaetischer_Armutsbericht_2024.pdf\" target=\"_blank\" data-type=\"link\" data-id=\"https:\/\/www.der-paritaetische.de\/fileadmin\/user_upload\/Schwerpunkte\/Armutsbericht\/doc\/Paritaetischer_Armutsbericht_2024.pdf\" rel=\"noreferrer noopener\">\u00fcber diesen Link zum Download als PDF-Datei<\/a> bereit.<\/p>\n<\/div>\n<\/div>\n","protected":false},"excerpt":{"rendered":"<p>Mit Quoten von 21,8 Prozent und 25,2 Prozent sind Kinder und junge Erwachsene in Deutschland \u00fcberdurchschnittlich von Armut betroffen. Die Wahrscheinlichkeit, in Armut aufzuwachsen, ist dabei in bestimmten Regionen deutlich h\u00f6her als in anderen. Save the Children Deutschland: &#8222;Halbgare L\u00f6sungen f\u00fcr das Problem reichen schon lange nicht mehr aus.&#8220;<\/p>\n","protected":false},"author":1,"featured_media":0,"parent":0,"menu_order":23,"comment_status":"closed","ping_status":"closed","template":"","meta":{"footnotes":""},"class_list":["post-1320","page","type-page","status-publish","hentry"],"_links":{"self":[{"href":"https:\/\/www.sinn-schaffen.de\/finanz\/wp-json\/wp\/v2\/pages\/1320","targetHints":{"allow":["GET"]}}],"collection":[{"href":"https:\/\/www.sinn-schaffen.de\/finanz\/wp-json\/wp\/v2\/pages"}],"about":[{"href":"https:\/\/www.sinn-schaffen.de\/finanz\/wp-json\/wp\/v2\/types\/page"}],"author":[{"embeddable":true,"href":"https:\/\/www.sinn-schaffen.de\/finanz\/wp-json\/wp\/v2\/users\/1"}],"replies":[{"embeddable":true,"href":"https:\/\/www.sinn-schaffen.de\/finanz\/wp-json\/wp\/v2\/comments?post=1320"}],"version-history":[{"count":1,"href":"https:\/\/www.sinn-schaffen.de\/finanz\/wp-json\/wp\/v2\/pages\/1320\/revisions"}],"predecessor-version":[{"id":1321,"href":"https:\/\/www.sinn-schaffen.de\/finanz\/wp-json\/wp\/v2\/pages\/1320\/revisions\/1321"}],"wp:attachment":[{"href":"https:\/\/www.sinn-schaffen.de\/finanz\/wp-json\/wp\/v2\/media?parent=1320"}],"curies":[{"name":"wp","href":"https:\/\/api.w.org\/{rel}","templated":true}]}}