{"id":1377,"date":"2024-05-07T17:03:47","date_gmt":"2024-05-07T15:03:47","guid":{"rendered":"https:\/\/www.sinn-schaffen.de\/finanz\/?page_id=1377"},"modified":"2024-05-07T17:03:48","modified_gmt":"2024-05-07T15:03:48","slug":"reiche-in-klimaverantwortung-nehmen-rechtliche-moeglichkeiten-zur-besteuerung-klimaschaedlicher-luxusgueter","status":"publish","type":"page","link":"https:\/\/www.sinn-schaffen.de\/finanz\/reiche-in-klimaverantwortung-nehmen-rechtliche-moeglichkeiten-zur-besteuerung-klimaschaedlicher-luxusgueter\/","title":{"rendered":"Reiche in Klimaverantwortung nehmen: Rechtliche M\u00f6glichkeiten zur Besteuerung klimasch\u00e4dlicher Luxusg\u00fcter"},"content":{"rendered":"\n<p><em>F\u00fcr viele Menschen mit geringem Einkommen und Verm\u00f6gen ist es nicht nachvollziehbar, dass sich ihre Lebenssituation durch die Energiepreise verschlechtert, w\u00e4hrend Wohlhabende kaum Abstriche an ihrem oft ressourcenintensiven und klimasch\u00e4dlichen Lebensstil machen m\u00fcssen. Eine Studie des Juristen Stefan Bornecke im Auftrag der Rosa-Luxemburg-Stiftung hat gepr\u00fcft, inwieweit Reiche in die Klimaverantwortung genommen werden k\u00f6nnen, etwa indem klimasch\u00e4dliche Luxusg\u00fcter wie etwa motorisierte Privatflugzeuge oder Superjachten zus\u00e4tzlich besteuert werden.<\/em><\/p>\n\n\n\n<figure class=\"wp-block-image size-full\"><img loading=\"lazy\" decoding=\"async\" width=\"1024\" height=\"413\" src=\"https:\/\/www.sinn-schaffen.de\/finanz\/wp-content\/uploads\/sites\/13\/2024\/05\/240507-NU-ro-lux.jpg\" alt=\"\" class=\"wp-image-1372\" title=\"Foto: Nata Uchava, Freiburg\"\/><\/figure>\n\n\n\n<p><strong>(Berlin, 26. April 2024)<\/strong> Besonders klimasch\u00e4dliche Luxusg\u00fcter oder Dienstleistungen k\u00f6nnen gesetzlich verboten oder alternativ zumindest empfindlich besteuert werden. Mit den Einnahmen aus einer Luxussteuer k\u00f6nnen bed\u00fcrftige Haushalte unterst\u00fctzt werden. Zu diesem Ergebnis kommt eine Studie des Juristen Stefan Bornecke im Auftrag der Rosa-Luxemburg-Stiftung. Er hat gepr\u00fcft, inwieweit Reiche so in die Klimaverantwortung genommen werden k\u00f6nnen und ob europa- und verfassungsrechtliche Regelungen dem entgegenstehen.<\/p>\n\n\n\n<p>\u201eF\u00fcr viele Menschen mit geringem Einkommen und Verm\u00f6gen ist es nicht nachvollziehbar, dass sich ihre Lebenssituation durch die Energiepreise verschlechtert, w\u00e4hrend Wohlhabende kaum Abstriche an ihrem oft ressourcenintensiven und klimasch\u00e4dlichen Lebensstil machen m\u00fcssen\u201c, sagt Daniela Trochowski, Gesch\u00e4ftsf\u00fchrerin der Rosa-Luxemburg-Stiftung. Mit der Studie liege erstmals eine substanzielle juristische Pr\u00fcfung vor, inwieweit speziell auf einkommens- und verm\u00f6gensstarke Teile der Gesellschaft zugeschnittene Ma\u00dfnahmen rechtlich durchsetzbar w\u00e4ren.<\/p>\n\n\n\n<p>Neben der rechtlichen Pr\u00fcfung der Machbarkeit einer st\u00e4rkeren Besteuerung beziehungsweise eines Verbots von klimasch\u00e4dlichen Luxusg\u00fctern macht die Studie auch konkrete Vorschl\u00e4ge. So werden beispielsweise Gruppen von klimasch\u00e4dlichen Luxusg\u00fctern wie etwa motorisierte Privatflugzeuge oder Superjachten definiert, die mit einer zus\u00e4tzlichen Steuer von 30 Prozent auf den Nettoverkaufspreis belegt werden sollen. Auch ein Verbot von Privat- beziehungsweise Kurzstreckenfl\u00fcgen auf dem Gebiet der Bundesrepublik Deutschland oder eine st\u00e4rkere Besteuerung von Fl\u00fcgen unter 500 Kilometern werden gepr\u00fcft. \u201eDie vorgeschlagenen Ma\u00dfnahmen sind im geltenden europarechtlichen oder verfassungsrechtlichen Rahmen grunds\u00e4tzlich m\u00f6glich. Sie w\u00e4ren durch Klimaschutz als Regelungsziel zu rechtfertigen. Nur vereinzelt w\u00e4ren Einschr\u00e4nkungen zu beachten\u201c, sagt Autor Stefan Bornecke.<\/p>\n\n\n\n<p>W\u00e4hrend Reiche st\u00e4rker finanziell am Klimaschutz beteiligt werden sollen, m\u00fcssen einkommens- und verm\u00f6gensarme Haushalte st\u00e4rker und gezielter unterst\u00fctzt werden. Diese Unterst\u00fctzung k\u00f6nnte in Form eines finanziellen Ausgleichs f\u00fcr Transferleistungsempf\u00e4nger*innen zur Kompensation zum Beispiel einer erh\u00f6hten CO2-Bepreisung und durch Anpassung der Sozialgesetze erfolgen. Der Vorschlag sieht einen f\u00fcr alle Transferleistungsgruppen einheitlichen Festbetrag (hier: 50 Euro pro Monat) vor, der an die weitere Entwicklung des CO2-Preises gekoppelt ist. Empf\u00e4nger*innen w\u00e4ren Bezieher*innen von B\u00fcrgergeld, Baf\u00f6G, Mindestrente und Wohngeld.<\/p>\n\n\n\n<div class=\"wp-block-columns is-layout-flex wp-container-core-columns-is-layout-9d6595d7 wp-block-columns-is-layout-flex\">\n<div class=\"wp-block-column is-layout-flow wp-block-column-is-layout-flow\" style=\"flex-basis:33.33%\">\n<figure class=\"wp-block-image size-full\"><a href=\"https:\/\/www.rosalux.de\/profil\/es_detail\/PKDTQWQD9Y\/daniela-trochowski?cHash=71bbef983ef545b26cb75c8d035df833\" target=\"_blank\" rel=\"noreferrer noopener\"><img loading=\"lazy\" decoding=\"async\" width=\"300\" height=\"300\" src=\"https:\/\/www.sinn-schaffen.de\/finanz\/wp-content\/uploads\/sites\/13\/2021\/11\/Daniela-Trochowski-by-MdF-JBergmann.png\" alt=\"\" class=\"wp-image-887\" title=\"Foto: MdF \/ J. Bergmann\"\/><\/a><\/figure>\n<\/div>\n\n\n\n<div class=\"wp-block-column is-layout-flow wp-block-column-is-layout-flow\" style=\"flex-basis:66.66%\">\n<p><\/p>\n\n\n\n<p>Daniela Trochowski ist Gesch\u00e4ftsf\u00fchrerin der <a href=\"https:\/\/www.rosalux.de\/\" target=\"_blank\" data-type=\"link\" data-id=\"https:\/\/www.rosalux.de\/\" rel=\"noreferrer noopener\">Rosa-Luxemburg-Stiftung<\/a>.<\/p>\n\n\n\n<figure class=\"wp-block-image size-full is-resized\"><a href=\"https:\/\/www.rosalux.de\/\" target=\"_blank\" rel=\"noreferrer noopener\"><img loading=\"lazy\" decoding=\"async\" width=\"346\" height=\"245\" src=\"https:\/\/www.sinn-schaffen.de\/finanz\/wp-content\/uploads\/sites\/13\/2021\/11\/RLS_Export-Logo_de.jpg\" alt=\"\" class=\"wp-image-888\" style=\"width:272px;height:auto\"\/><\/a><\/figure>\n<\/div>\n<\/div>\n\n\n\n<div class=\"wp-block-columns is-layout-flex wp-container-core-columns-is-layout-9d6595d7 wp-block-columns-is-layout-flex\">\n<div class=\"wp-block-column is-layout-flow wp-block-column-is-layout-flow\" style=\"flex-basis:33.33%\">\n<figure class=\"wp-block-image size-full\"><a href=\"https:\/\/www.rosalux.de\/fileadmin\/rls_uploads\/pdfs\/Studien\/Onl-Studie_7-24_Reiche_web.pdf\" target=\"_blank\" rel=\"noreferrer noopener\"><img loading=\"lazy\" decoding=\"async\" width=\"599\" height=\"846\" src=\"https:\/\/www.sinn-schaffen.de\/finanz\/wp-content\/uploads\/sites\/13\/2024\/05\/Stefan-Bornecke-Reiche-in-Klimaverantwortung-nehmen-T.jpg\" alt=\"\" class=\"wp-image-1376\"\/><\/a><\/figure>\n<\/div>\n\n\n\n<div class=\"wp-block-column is-layout-flow wp-block-column-is-layout-flow\" style=\"flex-basis:66.66%\">\n<p><\/p>\n\n\n\n<p>Die Studie &#8222;REICHE IN KLIMAVERANTWORTUNG NEHMEN \u2013 Innovative Klimaschutzma\u00dfnahmen und ihre Umsetzbarkeit im geltenden Verfassungs- und Europarecht&#8220; steht <a href=\"https:\/\/www.rosalux.de\/fileadmin\/rls_uploads\/pdfs\/Studien\/Onl-Studie_7-24_Reiche_web.pdf\" data-type=\"link\" data-id=\"https:\/\/www.rosalux.de\/fileadmin\/rls_uploads\/pdfs\/Studien\/Onl-Studie_7-24_Reiche_web.pdf\" target=\"_blank\" rel=\"noopener\">\u00fcber di<\/a><a href=\"https:\/\/www.rosalux.de\/fileadmin\/rls_uploads\/pdfs\/Studien\/Onl-Studie_7-24_Reiche_web.pdf\" target=\"_blank\" data-type=\"link\" data-id=\"https:\/\/www.rosalux.de\/fileadmin\/rls_uploads\/pdfs\/Studien\/Onl-Studie_7-24_Reiche_web.pdf\" rel=\"noreferrer noopener\">e<\/a><a href=\"https:\/\/www.rosalux.de\/fileadmin\/rls_uploads\/pdfs\/Studien\/Onl-Studie_7-24_Reiche_web.pdf\" data-type=\"link\" data-id=\"https:\/\/www.rosalux.de\/fileadmin\/rls_uploads\/pdfs\/Studien\/Onl-Studie_7-24_Reiche_web.pdf\" target=\"_blank\" rel=\"noopener\">sen Link zum Download als PDF-Datei<\/a> bereit.<\/p>\n<\/div>\n<\/div>\n","protected":false},"excerpt":{"rendered":"<p>F\u00fcr viele Menschen mit geringem Einkommen und Verm\u00f6gen ist es nicht nachvollziehbar, dass sich ihre Lebenssituation durch die Energiepreise verschlechtert, w\u00e4hrend Wohlhabende kaum Abstriche an ihrem oft ressourcenintensiven und klimasch\u00e4dlichen Lebensstil machen m\u00fcssen. Eine Studie des Juristen Stefan Bornecke im Auftrag der Rosa-Luxemburg-Stiftung hat gepr\u00fcft, inwieweit Reiche in die Klimaverantwortung genommen werden k\u00f6nnen, etwa indem klimasch\u00e4dliche Luxusg\u00fcter wie etwa motorisierte Privatflugzeuge oder Superjachten zus\u00e4tzlich besteuert werden.<\/p>\n","protected":false},"author":1,"featured_media":0,"parent":0,"menu_order":16,"comment_status":"closed","ping_status":"closed","template":"","meta":{"footnotes":""},"class_list":["post-1377","page","type-page","status-publish","hentry"],"_links":{"self":[{"href":"https:\/\/www.sinn-schaffen.de\/finanz\/wp-json\/wp\/v2\/pages\/1377","targetHints":{"allow":["GET"]}}],"collection":[{"href":"https:\/\/www.sinn-schaffen.de\/finanz\/wp-json\/wp\/v2\/pages"}],"about":[{"href":"https:\/\/www.sinn-schaffen.de\/finanz\/wp-json\/wp\/v2\/types\/page"}],"author":[{"embeddable":true,"href":"https:\/\/www.sinn-schaffen.de\/finanz\/wp-json\/wp\/v2\/users\/1"}],"replies":[{"embeddable":true,"href":"https:\/\/www.sinn-schaffen.de\/finanz\/wp-json\/wp\/v2\/comments?post=1377"}],"version-history":[{"count":1,"href":"https:\/\/www.sinn-schaffen.de\/finanz\/wp-json\/wp\/v2\/pages\/1377\/revisions"}],"predecessor-version":[{"id":1378,"href":"https:\/\/www.sinn-schaffen.de\/finanz\/wp-json\/wp\/v2\/pages\/1377\/revisions\/1378"}],"wp:attachment":[{"href":"https:\/\/www.sinn-schaffen.de\/finanz\/wp-json\/wp\/v2\/media?parent=1377"}],"curies":[{"name":"wp","href":"https:\/\/api.w.org\/{rel}","templated":true}]}}