{"id":1390,"date":"2024-06-20T16:21:23","date_gmt":"2024-06-20T14:21:23","guid":{"rendered":"https:\/\/www.sinn-schaffen.de\/finanz\/?page_id=1390"},"modified":"2024-06-20T16:21:24","modified_gmt":"2024-06-20T14:21:24","slug":"vermoegensverwalter-union-investment-geht-im-ausschluss-von-oel-und-gas-investitionen-voran","status":"publish","type":"page","link":"https:\/\/www.sinn-schaffen.de\/finanz\/vermoegensverwalter-union-investment-geht-im-ausschluss-von-oel-und-gas-investitionen-voran\/","title":{"rendered":"Verm\u00f6gensverwalter Union Investment geht im Ausschluss von \u00d6l- und Gas-Investitionen voran"},"content":{"rendered":"\n<p><em>Als erster gro\u00dfer Verm\u00f6gensverwalter in Deutschland schr\u00e4nkt Union Investment Finanzgesch\u00e4fte in fossilen Bereichen gezielt ein. Ab 1. Januar 2025 d\u00fcrfen s\u00e4mtliche Fonds von Union Investment unter anderem nicht mehr in Unternehmen investieren, die mindestens f\u00fcnf Prozent ihres Umsatzes mit der F\u00f6rderung von Teersand erzeugen. Der Verm\u00f6gensverwalter will au\u00dferdem st\u00e4rker auf Konzerne einwirken, die ihre \u00d6l- und Gas-F\u00f6rderaktivit\u00e4ten deutlich ausbauen wollen.<\/em><\/p>\n\n\n\n<figure class=\"wp-block-image size-full\"><img loading=\"lazy\" decoding=\"async\" width=\"1024\" height=\"413\" src=\"https:\/\/www.sinn-schaffen.de\/finanz\/wp-content\/uploads\/sites\/13\/2024\/06\/240620-NU-Union-Investment.jpg\" alt=\"\" class=\"wp-image-1388\" title=\"Foto: Nata Uchava, Freiburg\"\/><\/figure>\n\n\n\n<p><strong>(Frankfurt, 14. Juni 2024)<\/strong> Am 13. Juni 2024 hat Union Investment neue Regeln f\u00fcr Investitionen im \u00d6l- und Gassektor ver\u00f6ffentlicht. Als erster gro\u00dfer Verm\u00f6gensverwalter in Deutschland schr\u00e4nkt er seine Finanzgesch\u00e4fte in diesen fossilen Bereichen gezielt ein. Bei der Anwendung seiner neuen Regeln arbeitet er mit der von der Umwelt- und Menschenrechtsorganisation urgewald herausgegebenen Datenbank <a href=\"https:\/\/gogel.org\/\" target=\"_blank\" data-type=\"link\" data-id=\"https:\/\/gogel.org\/\" rel=\"noreferrer noopener\">\u201eGlobal Oil and Gas Exit List\u201c (GOGEL)<\/a>. Mit der neuen Richtlinie schr\u00e4nkt Union Investment Geldanlagen in \u00d6l- und Gasf\u00f6rderer ein. Der Verm\u00f6gensverwalter will au\u00dferdem st\u00e4rker auf Konzerne einwirken, die ihre \u00d6l- und Gas-F\u00f6rderaktivit\u00e4ten deutlich ausbauen wollen.<\/p>\n\n\n\n<p>Julia Dubslaff, Finanz-Campaignerin bei urgewald, kommentiert: \u201eWir freuen uns, dass Union Investment mit dieser Regelung zu \u00d6l und Gas vorangeht. Die Ausweitung der Produktion in den Fokus zu nehmen, ist ein wichtiges Signal an Konzerne wie Wintershall Dea oder TotalEnergies, die endlich ihr Gesch\u00e4ftsmodell umstellen m\u00fcssen. Andere deutsche Fondsanbieter, allen voran Allianz Global Investors, DWS und Deka, sollten sich daran ein Beispiel nehmen. Doch dies kann nur ein Anfang sein, denn viele \u00d6l- und Gasunternehmen werden von den neuen Regeln nicht erfasst. So kann Union Investment weiter ungebremst in Unternehmen wie Venture Global LNG oder Sempra Energy investieren, die zwar kein \u00d6l und Gas f\u00f6rdern, aber deren Verarbeitung und Transport erm\u00f6glichen. Zudem erhalten \u00d6l- und Gasproduzenten in konventionellen Fonds eine jahrelange Schonfrist bis 2030. Das ist angesichts der ungebremsten Klimakrise halbherzig.\u201c<\/p>\n\n\n\n<p>Die Union Investment (vollst\u00e4ndige Bezeichnung: Union Asset Management Holding AG) hat ihren Hauptsitz in Frankfurt am Main und zahlreiche Tochtergesellschaften im In- und Ausland. Das von den einzelnen Unternehmensbereichen verwaltete Verm\u00f6gen betrug zum 31. Dezember 2022 rund 413,1 Milliarden Euro. Die Anteilseigner von Union Investment stammen aus der Genossenschaftlichen FinanzGruppe Volksbanken Raiffeisenbanken. Mit \u00fcber 5,8 Millionen Kundinnen und Kunden geh\u00f6rt Union Investment zu den f\u00fchrenden Fondsgesellschaften in Deutschland.<\/p>\n\n\n\n<p>Die Bewertung der neuen Investitionsregeln von Union Investment durch die Umwelt- und Menschenrechtsorganisation urgewald:<\/p>\n\n\n\n<ul class=\"wp-block-list\">\n<li>Ab 1. Januar 2025 d\u00fcrfen s\u00e4mtliche Fonds von Union Investment nicht mehr in Unternehmen investieren, die mindestens f\u00fcnf Prozent ihres Umsatzes mit der F\u00f6rderung von Teersand erzeugen. Au\u00dferdem will Union Investment den Vorst\u00e4nd*innen und Aufsichtsr\u00e4t*innen auf Hauptversammlungen die Entlastung verweigern, wenn ihre Unternehmen die \u00d6l- und Gasproduktion \u201esubstanziell\u201c, das hei\u00dft um mindestens zehn Prozent ausweiten wollen. Es ist laut urgewald ein wichtiges Signal, dass Union Investment auch Gasf\u00f6rderer in den Fokus r\u00fcckt. Allerdings lege Union Investment den Fokus nur auf die Produktion, obwohl auch der Bau von LNG-Terminals und Pipelines die Produktion von \u00d6l und Gas bedinge. Ein weiterer Kritikpunkt ist, dass die Nicht-Entlastung zwar ein deutliches Zeichen an das Management der \u00d6l- und Gaskonzerne sei, dieser Schritt jedoch nur mit einer kritischen Masse anderer Investoren eine Wirkung entfalten k\u00f6nne.<\/li>\n\n\n\n<li>Ab 1. April 2025 d\u00fcrfen ESG-Fonds nicht mehr in \u00d6l- und Gasproduzenten investieren. ESG-Fonds sind Fonds, die bei ihren Investitionen auf Umweltschutz, soziale Aspekte und gute Unternehmensf\u00fchrung achten beziehungsweise diese gezielt f\u00f6rdern. Nach Angaben von Union Investment verwalten diese Fonds 91 Milliarden Euro oder ein F\u00fcnftel des Gesamtverm\u00f6gens von Union Investment. Betroffen von der Regelung zu ESG-Fonds sind unter anderem die f\u00fchrenden europ\u00e4ischen Konzerne der Branche: Shell, Total Energies und BP. Ebenso der f\u00fchrende deutsche \u00d6l- und Gasproduzent Wintershall Dea. Dies sei laut urgewald ein ebenso begr\u00fc\u00dfenswerter wie l\u00e4ngst \u00fcberf\u00e4lliger Schritt, den aber andere Investoren noch nicht gegangen seien. Nachhaltigkeitsfonds sollten per se nicht in Konzerne investieren, die die Klimakrise weiter anheizen.<\/li>\n\n\n\n<li>Ab 2030 m\u00f6chte Union Investment beginnen, \u00d6l- und Gasproduzenten aus s\u00e4mtlichen Fonds auszuschlie\u00dfen, wenn diese keine \u201eglaubhafte Strategie zur Anpassung ihres F\u00f6rderverhaltens an eine Netto-Null-Welt\u201c haben. Das sei, so urgewald, zwar angesichts der fortschreitenden Klimakrise viel zu lange hin, doch allein eine solche Ank\u00fcndigung sei ein Zeichen an die produzierenden Unternehmen. Entscheidend f\u00fcr die Wirksamkeit sei hierbei eine scharf formulierte Definition f\u00fcr eine solche \u201eglaubhafte\u201c Transformationsstrategie.<\/li>\n\n\n\n<li>Ab 2050 soll es, mit wenigen Ausnahmen, keinerlei Investitionen mehr in gr\u00f6\u00dfere \u00d6l- und Gasproduzenten geben.<\/li>\n<\/ul>\n\n\n\n<div class=\"wp-block-columns is-layout-flex wp-container-core-columns-is-layout-9d6595d7 wp-block-columns-is-layout-flex\">\n<div class=\"wp-block-column is-layout-flow wp-block-column-is-layout-flow\" style=\"flex-basis:33.33%\">\n<figure class=\"wp-block-image size-full\"><a href=\"https:\/\/www.urgewald.org\/team\/julia-dubslaff\" target=\"_blank\" rel=\"noreferrer noopener\"><img loading=\"lazy\" decoding=\"async\" width=\"960\" height=\"641\" src=\"https:\/\/www.sinn-schaffen.de\/finanz\/wp-content\/uploads\/sites\/13\/2024\/06\/Julia-Dubslaff-urgewald-960.jpg\" alt=\"\" class=\"wp-image-1389\" title=\"Foto: urgewald\"\/><\/a><\/figure>\n<\/div>\n\n\n\n<div class=\"wp-block-column is-layout-flow wp-block-column-is-layout-flow\" style=\"flex-basis:66.66%\">\n<p><\/p>\n\n\n\n<p>Julia Dubslaff ist Finanz-Campaignerin bei <a href=\"https:\/\/www.urgewald.org\/\" target=\"_blank\" data-type=\"link\" data-id=\"https:\/\/www.urgewald.org\/\" rel=\"noreferrer noopener\">urgewald<\/a>.<\/p>\n\n\n\n<figure class=\"wp-block-image size-full is-resized\"><a href=\"https:\/\/www.urgewald.org\/\" target=\"_blank\" rel=\"noreferrer noopener\"><img loading=\"lazy\" decoding=\"async\" width=\"280\" height=\"144\" src=\"https:\/\/www.sinn-schaffen.de\/finanz\/wp-content\/uploads\/sites\/13\/2022\/11\/urgewaldLogo.jpg\" alt=\"\" class=\"wp-image-1109\" style=\"width:298px;height:auto\"\/><\/a><\/figure>\n<\/div>\n<\/div>\n","protected":false},"excerpt":{"rendered":"<p>Als erster gro\u00dfer Verm\u00f6gensverwalter in Deutschland schr\u00e4nkt Union Investment Finanzgesch\u00e4fte in fossilen Bereichen gezielt ein. Ab 1. Januar 2025 d\u00fcrfen s\u00e4mtliche Fonds von Union Investment unter anderem nicht mehr in Unternehmen investieren, die mindestens f\u00fcnf Prozent ihres Umsatzes mit der F\u00f6rderung von Teersand erzeugen. Der Verm\u00f6gensverwalter will au\u00dferdem st\u00e4rker auf Konzerne einwirken, die ihre \u00d6l- und Gas-F\u00f6rderaktivit\u00e4ten deutlich ausbauen wollen.<\/p>\n","protected":false},"author":1,"featured_media":0,"parent":0,"menu_order":14,"comment_status":"closed","ping_status":"closed","template":"","meta":{"footnotes":""},"class_list":["post-1390","page","type-page","status-publish","hentry"],"_links":{"self":[{"href":"https:\/\/www.sinn-schaffen.de\/finanz\/wp-json\/wp\/v2\/pages\/1390","targetHints":{"allow":["GET"]}}],"collection":[{"href":"https:\/\/www.sinn-schaffen.de\/finanz\/wp-json\/wp\/v2\/pages"}],"about":[{"href":"https:\/\/www.sinn-schaffen.de\/finanz\/wp-json\/wp\/v2\/types\/page"}],"author":[{"embeddable":true,"href":"https:\/\/www.sinn-schaffen.de\/finanz\/wp-json\/wp\/v2\/users\/1"}],"replies":[{"embeddable":true,"href":"https:\/\/www.sinn-schaffen.de\/finanz\/wp-json\/wp\/v2\/comments?post=1390"}],"version-history":[{"count":1,"href":"https:\/\/www.sinn-schaffen.de\/finanz\/wp-json\/wp\/v2\/pages\/1390\/revisions"}],"predecessor-version":[{"id":1391,"href":"https:\/\/www.sinn-schaffen.de\/finanz\/wp-json\/wp\/v2\/pages\/1390\/revisions\/1391"}],"wp:attachment":[{"href":"https:\/\/www.sinn-schaffen.de\/finanz\/wp-json\/wp\/v2\/media?parent=1390"}],"curies":[{"name":"wp","href":"https:\/\/api.w.org\/{rel}","templated":true}]}}