{"id":1411,"date":"2024-07-29T17:04:03","date_gmt":"2024-07-29T15:04:03","guid":{"rendered":"https:\/\/www.sinn-schaffen.de\/finanz\/?page_id=1411"},"modified":"2024-07-29T17:46:37","modified_gmt":"2024-07-29T15:46:37","slug":"internationaler-tag-gegen-menschenhandel-2024-neue-studie-bestaetigt-gravierende-maengel-bei-der-unterstuetzung-von-betroffenen-der-arbeitsausbeutung","status":"publish","type":"page","link":"https:\/\/www.sinn-schaffen.de\/finanz\/internationaler-tag-gegen-menschenhandel-2024-neue-studie-bestaetigt-gravierende-maengel-bei-der-unterstuetzung-von-betroffenen-der-arbeitsausbeutung\/","title":{"rendered":"Internationaler Tag gegen Menschenhandel 2024: Neue Studie best\u00e4tigt gravierende M\u00e4ngel bei der Unterst\u00fctzung von Betroffenen der Arbeitsausbeutung"},"content":{"rendered":"\n<p><em>Im Bereich sexueller Ausbeutung haben sich in den vergangenen Jahrzehnten Unterst\u00fctzungsstrukturen etabliert, die aus dem Hilfesystem f\u00fcr gewaltbetroffene Frauen erwachsen sind. Im Bereich der Arbeitsausbeutung sind keine vergleichbaren Unterst\u00fctzungsstrukturen entstanden. F\u00fcr ausgebeutete Menschen sind die H\u00fcrden, sich an die Polizei oder Beratungsstellen zu wenden, mitunter sehr hoch; Grund daf\u00fcr ist auch die Abh\u00e4ngigkeit von den T\u00e4ter*innen, insbesondere in Bezug auf die Wohnsituation.<\/em><\/p>\n\n\n\n<figure class=\"wp-block-image size-full\"><img loading=\"lazy\" decoding=\"async\" width=\"1024\" height=\"413\" src=\"https:\/\/www.sinn-schaffen.de\/finanz\/wp-content\/uploads\/sites\/13\/2024\/07\/240729-NU-KOK.jpg\" alt=\"\" class=\"wp-image-1407\" title=\"Foto: Nata Uchava, Freiburg\"\/><\/figure>\n\n\n\n<p><strong>(Berlin, 30. Juli 2024)<\/strong> Anl\u00e4sslich des Internationalen Tags gegen Menschenhandel fordert der Bundesweite Koordinierungskreis gegen Menschenhandel e.V. (KOK) eine bedarfsgerechte Unterbringung f\u00fcr Betroffene von Menschenhandel aller Ausbeutungsformen. Der KOK begr\u00fc\u00dft, dass die Berichterstattungsstelle Menschenhandel des Deutschen Instituts f\u00fcr Menschenrechte den Tag zum Anlass nimmt, um <a href=\"https:\/\/www.institut-fuer-menschenrechte.de\/publikationen\/detail\/ein-bisschen-sicherer-als-auf-der-strasse\" target=\"_blank\" data-type=\"link\" data-id=\"https:\/\/www.institut-fuer-menschenrechte.de\/publikationen\/detail\/ein-bisschen-sicherer-als-auf-der-strasse\" rel=\"noreferrer noopener\">die Ergebnisse der Studie \u201eEin bisschen sicherer als auf der Stra\u00dfe \u2013 Unterk\u00fcnfte f\u00fcr Betroffene von Arbeitsausbeutung in Deutschland\u201c<\/a> vorzustellen.<\/p>\n\n\n\n<p><strong>Die Studie informiert \u00fcber Menschenhandel<\/strong><\/p>\n\n\n\n<p>Menschenhandel zum Zweck der Arbeitsausbeutung ist eine schwere Menschenrechtsverletzung, die in Deutschland unter Strafe gestellt ist. T\u00e4ter*innen werben Betroffene gezielt an und nutzen ihre Zwangslage oder Hilflosigkeit aus, um ihre Arbeitskraft auszubeuten. Das geschieht unter anderem in der Landwirtschaft, der Fleisch verarbeitenden Industrie oder auf dem Bau. Die Betroffenen k\u00f6nnen nicht mehr selbst \u00fcber ihre Arbeitskraft bestimmen und bekommen wenig oder gar keinen Lohn. Sie m\u00fcssen oftmals unter sehr schlechten Bedingungen arbeiten oder erfahren sogar Gewalt. Befreien sie sich aus der Ausbeutungssituation, bedeutet dies in der Regel sofortigen Verlust von Arbeitseinkommen und Unterkunft. Nicht selten werden sie auch von den T\u00e4ter*innen bedroht. Betroffene brauchen deshalb schnell Unterst\u00fctzung und Sicherheit.<\/p>\n\n\n\n<p>Die Europaratskonvention gegen Menschenhandel verpflichtet Deutschland dazu, f\u00fcr alle Betroffenen von Menschenhandel unabh\u00e4ngig von ihrem Geschlecht, ihrem Aufenthaltsstatus und der Form der Ausbeutung eine angemessene und sichere Unterkunft zu gew\u00e4hrleisten.<\/p>\n\n\n\n<p>Im Bereich der sexuellen Ausbeutung haben sich in den vergangenen Jahrzehnten Unterst\u00fctzungsstrukturen etabliert, die aus dem Hilfesystem f\u00fcr gewaltbetroffene Frauen erwachsen sind. Im Bereich der Arbeitsausbeutung sind keine vergleichbaren Unterst\u00fctzungsstrukturen f\u00fcr Betroffene entstanden. Obwohl alle Ausbeutungsformen alle Geschlechter betreffen, zeigt sich bei der Gruppe der Betroffenen von Arbeitsausbeutung eine wesentlich h\u00f6here Heterogenit\u00e4t als im Bereich der sexuellen Ausbeutung. In der Arbeitsausbeutung werden h\u00e4ufiger M\u00e4nner, Paare und ganze Gruppen von Arbeitnehmer*innen unterschiedlichen Geschlechts, teils auch im Familienverbund, festgestellt, die gemeinsam nach Deutschland kommen und hier ausgebeutet werden.<\/p>\n\n\n\n<p><strong>Aktivit\u00e4ten der Beh\u00f6rden<\/strong><\/p>\n\n\n\n<p>Das BKA rechnet Menschenhandel der sogenannten Kontrollkriminalit\u00e4t zu, in der Ermittlungsverfahren typischerweise durch polizeiliche Kontrollen und nicht durch Eigeninitiative der Betroffenen eingeleitet werden. Zahlen des BKA spiegeln also auch die Ergebnisse der Ermittlungsarbeit und nicht notwendigerweise das tats\u00e4chliche Ausma\u00df von Menschenhandel zum Zweck der Arbeitsausbeutung wider. Die H\u00fcrden, sich an die Polizei oder Beratungsstellen zu wenden, sind mitunter hoch. Gr\u00fcnde daf\u00fcr sind beispielsweise die Abh\u00e4ngigkeit von den T\u00e4ter*innen \u2013 insbesondere auch in Bezug auf die Wohnsituation \u2013 sowie die Angst, selbst belangt zu werden, beispielsweise wegen aufenthaltsrechtlicher Delikte, oder die Tatsache, dass sich Betroffene selbst nicht als \u201eOpfer\u201c sehen. Es ist deshalb davon auszugehen, dass eine Vielzahl von F\u00e4llen unentdeckt bleibt.<\/p>\n\n\n\n<p>Das Bundeskriminalamt ver\u00f6ffentlicht j\u00e4hrlich das <a href=\"https:\/\/www.bka.de\/DE\/AktuelleInformationen\/StatistikenLagebilder\/Lagebilder\/Menschenhandel\/menschenhandel_node.html\" target=\"_blank\" data-type=\"link\" data-id=\"https:\/\/www.bka.de\/DE\/AktuelleInformationen\/StatistikenLagebilder\/Lagebilder\/Menschenhandel\/menschenhandel_node.html\" rel=\"noreferrer noopener\">Bundeslagebild Menschenhandel und Ausbeutung<\/a>. Das Bundeslagebild stellt Zahlen zu Ermittlungsverfahren dar, die im jeweiligen Jahr durch die Landeskriminal\u00e4mter, das Bundeskriminalamt (BKA), die Bundespolizei und die Finanzkontrolle Schwarzarbeit des Zolls abgeschlossen und an die Staatsanwaltschaft \u00fcbergeben wurden. Demzufolge identifizierten die Ermittlungsbeh\u00f6rden in den im Jahr 2022 abgeschlossenen Verfahren 1.019 Betroffene von Arbeitsausbeutung. Im Jahr 2021 waren es 147 und 2020 lediglich 73. Die hohe Anzahl von bekannt gewordenen Betroffenen im Jahr 2022 ist dabei auf zwei abgeschlossene Gro\u00dfverfahren zur\u00fcckzuf\u00fchren.<\/p>\n\n\n\n<p><strong>Unterk\u00fcnfte f\u00fcr Betroffene von Arbeitsausbeutung in Deutschland<\/strong><\/p>\n\n\n\n<p>Der Bedarf an Unterk\u00fcnften f\u00fcr von Arbeitsausbeutung Betroffene kann nicht gedeckt werden, und ihre Menschenrechte werden vielfach missachtet. Vor diesem Hintergrund hat sich die Berichterstattungsstelle Menschenhandel des Deutschen Instituts f\u00fcr Menschenrechte in der Studie \u201eEin bisschen sicherer als auf der Stra\u00dfe \u2013 Unterk\u00fcnfte f\u00fcr Betroffene von Arbeitsausbeutung in Deutschland\u201cvertieft mit der Unterkunftssituation von Betroffenen von Menschenhandel zum Zweck der Arbeitsausbeutung auseinandergesetzt.<\/p>\n\n\n\n<p>Sophia Wirsching, Gesch\u00e4ftsf\u00fchrerin des Bundesweiten Koordinierungskreises gegen Menschenhandel e.V. (KOK), betont: \u201eDie Ergebnisse der Studie verdeutlichen den dringenden Handlungsbedarf. Die Politik muss endlich die notwendigen Rahmenbedingungen schaffen, damit alle Betroffenen von Menschenhandel angemessen unterst\u00fctzt und gesch\u00fctzt werden k\u00f6nnen. Besonders im Bereich der Arbeitsausbeutung gibt es gravierende L\u00fccken, die dringend geschlossen werden m\u00fcssen.\u201c<\/p>\n\n\n\n<p>In der Praxis der Fachberatungsstellen zeigt sich bereits seit Jahren, dass die ad\u00e4quate Unterbringung von Menschenhandel Betroffener nicht gesichert ist. Obwohl internationale und europ\u00e4ische Regelungen das Recht auf angemessene Unterkunft festschreiben, wird dieser Bedarf bei weitem nicht gedeckt. Betroffene von Arbeitsausbeutung stellen die Hilfestrukturen oftmals vor besondere Herausforderungen. Teilweise werden gro\u00dfe Gruppen potenziell Betroffener entdeckt, die sehr heterogen sind. Insbesondere f\u00fcr m\u00e4nnliche Betroffene und Gruppen gibt es keine geeigneten Unterk\u00fcnfte. Stattdessen werden kurzfristig Hotels, Hostels oder Unterk\u00fcnfte f\u00fcr Asylsuchende genutzt, die jedoch nicht immer den notwendigen Schutz und die erforderliche Betreuung bieten.<\/p>\n\n\n\n<p><strong>Bereitstellung bedarfsorientierter und sicherer Unterk\u00fcnfte<\/strong><\/p>\n\n\n\n<p>Um den Bedarfen gerecht zu werden, sind flexible Strukturen notwendig. Es braucht in Unterk\u00fcnften Schutzr\u00e4ume f\u00fcr Frauen, queere Menschen und f\u00fcr Personen, die von T\u00e4ter*innen bedroht werden, aber auch Wohneinheiten f\u00fcr Gruppen und f\u00fcr Paare beziehungsweise Familien.<\/p>\n\n\n\n<p>Dr. Adina Schwartz, Vorstandsfrau des KOK erg\u00e4nzt: \u201eDie Berichterstattungsstelle des Deutschen Instituts f\u00fcr Menschenrechte zeigt mit der neuen Studie die gebotenen Handlungsnotwendigkeiten f\u00fcr Bund, L\u00e4nder und Kommunen auf. Die formulierten Handlungsbedarfe m\u00fcssen ernst genommen werden und sollten im Nationalen Aktionsplan Menschenhandel abgebildet werden. Es braucht sichere Unterk\u00fcnfte f\u00fcr alle, eine St\u00e4rkung der Kooperation von Beh\u00f6rden und Beratungsstellen, eine langfristige und ausreichende Finanzierung der Beratungsstellen und den sicheren und reibungslosen Zugang zu Recht f\u00fcr die Betroffenen von Menschenhandel.\u201c<\/p>\n\n\n\n<div class=\"wp-block-columns is-layout-flex wp-container-core-columns-is-layout-9d6595d7 wp-block-columns-is-layout-flex\">\n<div class=\"wp-block-column is-layout-flow wp-block-column-is-layout-flow\" style=\"flex-basis:33.33%\">\n<figure class=\"wp-block-image size-full\"><a href=\"https:\/\/www.kok-gegen-menschenhandel.de\/der-kok\/der-kok-ev\/die-geschaeftsstelle\" target=\"_blank\" rel=\"noreferrer noopener\"><img loading=\"lazy\" decoding=\"async\" width=\"250\" height=\"166\" src=\"https:\/\/www.sinn-schaffen.de\/finanz\/wp-content\/uploads\/sites\/13\/2022\/08\/Sophia-Wirsching-Foto-Hermann-Bredehorst.jpg\" alt=\"\" class=\"wp-image-1009\" title=\"Foto: Hermann Bredehorst, Bundesweiter Koordinierungskreis gegen Menschenhandel e.V. (KOK)\"\/><\/a><\/figure>\n<\/div>\n\n\n\n<div class=\"wp-block-column is-layout-flow wp-block-column-is-layout-flow\" style=\"flex-basis:66.66%\">\n<p><\/p>\n\n\n\n<p>Sophia Wirsching ist Gesch\u00e4ftsf\u00fchrerin des <a href=\"https:\/\/www.kok-gegen-menschenhandel.de\/startseite\" target=\"_blank\" data-type=\"link\" data-id=\"https:\/\/www.kok-gegen-menschenhandel.de\/startseite\" rel=\"noreferrer noopener\">Bundesweiten Koordinierungskreises gegen Menschenhandel e.V. (KOK)<\/a>.<\/p>\n\n\n\n<figure class=\"wp-block-image size-full\"><a href=\"https:\/\/www.kok-gegen-menschenhandel.de\/startseite\" target=\"_blank\" rel=\"noreferrer noopener\"><img loading=\"lazy\" decoding=\"async\" width=\"990\" height=\"85\" src=\"https:\/\/www.sinn-schaffen.de\/finanz\/wp-content\/uploads\/sites\/13\/2022\/08\/KOK-Logo2021.jpg\" alt=\"\" class=\"wp-image-1010\"\/><\/a><\/figure>\n\n\n\n<p>Der Bundesweite Koordinierungskreis gegen Menschenhandel \u2013 KOK e.V. ist ein Zusammenschluss von 43 spezialisierten Fachberatungsstellen und Organisationen, die sich f\u00fcr Betroffene von Menschenhandel und f\u00fcr von Gewalt betroffene Migrant*innen einsetzen.<\/p>\n<\/div>\n<\/div>\n\n\n\n<div class=\"wp-block-columns is-layout-flex wp-container-core-columns-is-layout-9d6595d7 wp-block-columns-is-layout-flex\">\n<div class=\"wp-block-column is-layout-flow wp-block-column-is-layout-flow\" style=\"flex-basis:33.33%\">\n<figure class=\"wp-block-image size-full\"><a href=\"https:\/\/www.institut-fuer-menschenrechte.de\/publikationen\/detail\/ein-bisschen-sicherer-als-auf-der-strasse\" target=\"_blank\" rel=\"noreferrer noopener\"><img loading=\"lazy\" decoding=\"async\" width=\"599\" height=\"846\" src=\"https:\/\/www.sinn-schaffen.de\/finanz\/wp-content\/uploads\/sites\/13\/2024\/07\/Analyse_Unterkuenfte_fuer_Betroffene_von_Arbeitsausbeutung-T.jpg\" alt=\"\" class=\"wp-image-1408\"\/><\/a><\/figure>\n<\/div>\n\n\n\n<div class=\"wp-block-column is-layout-flow wp-block-column-is-layout-flow\" style=\"flex-basis:66.66%\">\n<p><\/p>\n\n\n\n<p>Die Studie &#8222;Ein bisschen sicherer als auf der Stra\u00dfe \u2013 Unterk\u00fcnfte f\u00fcr Betroffene von Arbeitsausbeutung in Deutschland&#8220; steht <a href=\"https:\/\/www.institut-fuer-menschenrechte.de\/publikationen\/detail\/ein-bisschen-sicherer-als-auf-der-strasse\" target=\"_blank\" data-type=\"link\" data-id=\"https:\/\/www.institut-fuer-menschenrechte.de\/publikationen\/detail\/ein-bisschen-sicherer-als-auf-der-strasse\" rel=\"noreferrer noopener\">\u00fcber diesen Link zum Download als PDF-Datei<\/a> bereit.<\/p>\n<\/div>\n<\/div>\n","protected":false},"excerpt":{"rendered":"<p>Im Bereich sexueller Ausbeutung haben sich in den vergangenen Jahrzehnten Unterst\u00fctzungsstrukturen etabliert, die aus dem Hilfesystem f\u00fcr gewaltbetroffene Frauen erwachsen sind. Im Bereich der Arbeitsausbeutung sind keine vergleichbaren Unterst\u00fctzungsstrukturen entstanden. F\u00fcr ausgebeutete Menschen sind die H\u00fcrden, sich an die Polizei oder Beratungsstellen zu wenden, mitunter sehr hoch; Grund daf\u00fcr ist auch die Abh\u00e4ngigkeit von den T\u00e4ter*innen, insbesondere in Bezug auf die Wohnsituation.<\/p>\n","protected":false},"author":1,"featured_media":0,"parent":0,"menu_order":11,"comment_status":"closed","ping_status":"closed","template":"","meta":{"footnotes":""},"class_list":["post-1411","page","type-page","status-publish","hentry"],"_links":{"self":[{"href":"https:\/\/www.sinn-schaffen.de\/finanz\/wp-json\/wp\/v2\/pages\/1411","targetHints":{"allow":["GET"]}}],"collection":[{"href":"https:\/\/www.sinn-schaffen.de\/finanz\/wp-json\/wp\/v2\/pages"}],"about":[{"href":"https:\/\/www.sinn-schaffen.de\/finanz\/wp-json\/wp\/v2\/types\/page"}],"author":[{"embeddable":true,"href":"https:\/\/www.sinn-schaffen.de\/finanz\/wp-json\/wp\/v2\/users\/1"}],"replies":[{"embeddable":true,"href":"https:\/\/www.sinn-schaffen.de\/finanz\/wp-json\/wp\/v2\/comments?post=1411"}],"version-history":[{"count":1,"href":"https:\/\/www.sinn-schaffen.de\/finanz\/wp-json\/wp\/v2\/pages\/1411\/revisions"}],"predecessor-version":[{"id":1412,"href":"https:\/\/www.sinn-schaffen.de\/finanz\/wp-json\/wp\/v2\/pages\/1411\/revisions\/1412"}],"wp:attachment":[{"href":"https:\/\/www.sinn-schaffen.de\/finanz\/wp-json\/wp\/v2\/media?parent=1411"}],"curies":[{"name":"wp","href":"https:\/\/api.w.org\/{rel}","templated":true}]}}