{"id":1417,"date":"2024-08-01T17:03:37","date_gmt":"2024-08-01T15:03:37","guid":{"rendered":"https:\/\/www.sinn-schaffen.de\/finanz\/?page_id=1417"},"modified":"2024-08-01T17:03:38","modified_gmt":"2024-08-01T15:03:38","slug":"erdueberlastungstag-2024-misereor-mahnt-konsequente-klima-und-ressourcenpolitik-an","status":"publish","type":"page","link":"https:\/\/www.sinn-schaffen.de\/finanz\/erdueberlastungstag-2024-misereor-mahnt-konsequente-klima-und-ressourcenpolitik-an\/","title":{"rendered":"Erd\u00fcberlastungstag 2024: Misereor mahnt konsequente Klima- und Ressourcenpolitik an"},"content":{"rendered":"\n<p><em>Deutschland und die EU haben wichtige Schritte hin zu einer gerechten und nachhaltigen Entwicklung bereits vollzogen. Doch erleben wir derzeit eine Reihe von politischen Konflikten, die dazu f\u00fchren k\u00f6nnen, dass wir von unserem konsequenten Weg wieder abkommen. Die uneingeschr\u00e4nkte und gerechte Umsetzung ambitionierter Ziele ist das Gebot der Stunde; dazu geh\u00f6ren bindende Zeitpunkte, an denen die Staaten der EU aus den verschiedenen fossilen Energien aussteigen sollen \u2013 gleichzeitig muss alles darangesetzt werden, dass diese Transformation sozial gerecht gestaltet wird.<\/em><\/p>\n\n\n\n<figure class=\"wp-block-image size-full\"><img loading=\"lazy\" decoding=\"async\" width=\"1024\" height=\"413\" src=\"https:\/\/www.sinn-schaffen.de\/finanz\/wp-content\/uploads\/sites\/13\/2024\/08\/240801-NU-misereor.jpg\" alt=\"\" class=\"wp-image-1414\" title=\"Foto: Nata Uchava, Freiburg\"\/><\/figure>\n\n\n\n<p><strong>(Aachen, 31. Juli 2024) <\/strong>Vor dem globalen Erd\u00fcberlastungstag am morgigen 1. August fordert Misereor die Bundesregierung und die Europ\u00e4ische Union dazu auf, in ihren Bem\u00fchungen um eine konsequente Klima- und Ressourcenpolitik nicht nachzulassen. \u201eWir k\u00f6nnen es uns angesichts der Bedrohung f\u00fcr den Erhalt unserer Sch\u00f6pfung nicht leisten, die notwendige sozial-\u00f6kologische Transformation zu verschleppen oder zu verw\u00e4ssern\u201c, betont Andreas Frick, Hauptgesch\u00e4ftsf\u00fchrer der katholischen Hilfsorganisation. Das betreffe in Deutschland und Europa vor allem die Bereiche Verkehr, Geb\u00e4ude, Landwirtschaft und Industrie, in denen bei den erforderlichen Ver\u00e4nderungen mehr Tempo gemacht werden m\u00fcsse.<\/p>\n\n\n\n<p>Der Erd\u00fcberlastungstag markiert jedes Jahr den Zeitpunkt, an dem die Menschheit weltweit bereits alle Ressourcen verbraucht hat, die auf unserem Planeten f\u00fcr zw\u00f6lf Monate verf\u00fcgbar sind und wiederhergestellt werden k\u00f6nnen. 2024 liegt dieser von der amerikanischen Organisation Global Footprintnetwork errechnete Termin um einen Tag fr\u00fcher als ein Jahr zuvor \u2011 eine nahezu stagnierende Entwicklung.<\/p>\n\n\n\n<p><strong>Bindende EU-weite Ziele f\u00fcr den Ausstieg<\/strong><\/p>\n\n\n\n<p>\u201eDeutschland und die EU haben wichtige Schritte hin zu einer gerechten und nachhaltigen Entwicklung bereits vollzogen\u201c, lobt Frick. \u201eDoch erleben wir derzeit eine Reihe von politischen Konflikten, die dazu f\u00fchren k\u00f6nnen, dass wir von unserem konsequenten Weg wieder abkommen.\u201c Der von der EU-Kommission begonnene Prozess eines \u201eGreen Deal\u201c d\u00fcrfe zum Beispiel nicht durch industrielle Interessen relativiert werden. Stattdessen sei die uneingeschr\u00e4nkte und gerechte Umsetzung ambitionierter Ziele das Gebot der Stunde. \u201eDazu geh\u00f6ren bindende Zeitpunkte, an denen die Staaten der EU aus den verschiedenen fossilen Energien aussteigen sollen.\u201c Gleichzeitig m\u00fcsse alles darangesetzt werden, dass diese Transformation sozial gerecht gestaltet wird. Die B\u00fcrgerinnen und B\u00fcrger sollten \u00fcber alle notwendigen Schritte klar und transparent informiert und gegebenenfalls bei deren Umsetzung unterst\u00fctzt werden.<\/p>\n\n\n\n<p><strong>Wo \u00d6llecks ganze Landstriche verseuchen<\/strong><\/p>\n\n\n\n<p>Kathrin Schroeder, Leiterin der Abteilung Politik und globale Zukunftsfragen bei Misereor, warnt die Bundesregierung davor, weiter in fossile Energief\u00f6rderung auf dem afrikanischen Kontinent zu investieren. \u201eDie fossilen Energien befeuern die Klimakrise, von der vor allem viele afrikanische L\u00e4nder stark betroffen sind. Und sie richten in den Abbaul\u00e4ndern gro\u00dfen Schaden an. Sie treiben Volkswirtschaften in die Abh\u00e4ngigkeit von fossilen Unternehmen\u201c, so Schroeder. Hinzu kommen verheerende Auswirkungen auf die Menschen vor Ort:<\/p>\n\n\n\n<ul class=\"wp-block-list\">\n<li>In Nigeria verseuchen \u00d6llecks schon seit Jahrzehnten ganze Landstriche.<\/li>\n\n\n\n<li>Im Senegal bedroht Gasf\u00f6rderung Meeresschutzgebiete.<\/li>\n\n\n\n<li>Die Demokratische Republik Kongo verkauft Erd\u00f6l-Konzessionen f\u00fcr Gebiete, die mitten im Regenwald liegen.<\/li>\n\n\n\n<li>In Mosambik eskaliert in der Provinz Cabo Delgado die Gewalt aufgrund eines Konflikts um Erdgas-Vorkommen.<\/li>\n<\/ul>\n\n\n\n<p>Misereor sieht L\u00e4nder mit hoher Emissionsbelastung wie Deutschland in der Pflicht, dieser Entwicklung etwas ganz anderes entgegenzusetzen und den \u00dcbergang Afrikas zu erneuerbaren Energien finanziell und technologisch zu unterst\u00fctzen.<\/p>\n\n\n\n<div class=\"wp-block-columns is-layout-flex wp-container-core-columns-is-layout-9d6595d7 wp-block-columns-is-layout-flex\">\n<div class=\"wp-block-column is-layout-flow wp-block-column-is-layout-flow\" style=\"flex-basis:33.33%\">\n<figure class=\"wp-block-image size-full\"><a href=\"https:\/\/blog.misereor.de\/author\/kathrin-schroeder\/\" target=\"_blank\" rel=\"noreferrer noopener\"><img loading=\"lazy\" decoding=\"async\" width=\"469\" height=\"426\" src=\"https:\/\/www.sinn-schaffen.de\/finanz\/wp-content\/uploads\/sites\/13\/2024\/08\/Kathrin-Schroeder-misereor.png\" alt=\"\" class=\"wp-image-1415\" title=\"Foto: misereor\"\/><\/a><\/figure>\n<\/div>\n\n\n\n<div class=\"wp-block-column is-layout-flow wp-block-column-is-layout-flow\" style=\"flex-basis:66.66%\">\n<p><\/p>\n\n\n\n<p>Kathrin Schroeder ist Leiterin der Abteilung Politik und globale Zukunftsfragen bei <a href=\"https:\/\/www.misereor.de\/\" target=\"_blank\" data-type=\"link\" data-id=\"https:\/\/www.misereor.de\/\" rel=\"noreferrer noopener\">Misereor<\/a>.<\/p>\n\n\n\n<figure class=\"wp-block-image size-large is-resized\"><a href=\"https:\/\/www.misereor.de\/\" target=\"_blank\" rel=\"noreferrer noopener\"><img loading=\"lazy\" decoding=\"async\" width=\"1024\" height=\"576\" src=\"https:\/\/www.sinn-schaffen.de\/finanz\/wp-content\/uploads\/sites\/13\/2023\/04\/misereor-logo-1024x576.jpg\" alt=\"\" class=\"wp-image-1180\" style=\"width:297px;height:auto\"\/><\/a><\/figure>\n<\/div>\n<\/div>\n","protected":false},"excerpt":{"rendered":"<p>Deutschland und die EU haben wichtige Schritte hin zu einer gerechten und nachhaltigen Entwicklung bereits vollzogen. Doch erleben wir derzeit eine Reihe von politischen Konflikten, die dazu f\u00fchren k\u00f6nnen, dass wir von unserem konsequenten Weg wieder abkommen. Die uneingeschr\u00e4nkte und gerechte Umsetzung ambitionierter Ziele ist das Gebot der Stunde; dazu geh\u00f6ren bindende Zeitpunkte, an denen die Staaten der EU aus den verschiedenen fossilen Energien aussteigen sollen \u2013 gleichzeitig muss alles darangesetzt werden, dass diese Transformation sozial gerecht gestaltet wird.<\/p>\n","protected":false},"author":1,"featured_media":0,"parent":0,"menu_order":10,"comment_status":"closed","ping_status":"closed","template":"","meta":{"footnotes":""},"class_list":["post-1417","page","type-page","status-publish","hentry"],"_links":{"self":[{"href":"https:\/\/www.sinn-schaffen.de\/finanz\/wp-json\/wp\/v2\/pages\/1417","targetHints":{"allow":["GET"]}}],"collection":[{"href":"https:\/\/www.sinn-schaffen.de\/finanz\/wp-json\/wp\/v2\/pages"}],"about":[{"href":"https:\/\/www.sinn-schaffen.de\/finanz\/wp-json\/wp\/v2\/types\/page"}],"author":[{"embeddable":true,"href":"https:\/\/www.sinn-schaffen.de\/finanz\/wp-json\/wp\/v2\/users\/1"}],"replies":[{"embeddable":true,"href":"https:\/\/www.sinn-schaffen.de\/finanz\/wp-json\/wp\/v2\/comments?post=1417"}],"version-history":[{"count":1,"href":"https:\/\/www.sinn-schaffen.de\/finanz\/wp-json\/wp\/v2\/pages\/1417\/revisions"}],"predecessor-version":[{"id":1418,"href":"https:\/\/www.sinn-schaffen.de\/finanz\/wp-json\/wp\/v2\/pages\/1417\/revisions\/1418"}],"wp:attachment":[{"href":"https:\/\/www.sinn-schaffen.de\/finanz\/wp-json\/wp\/v2\/media?parent=1417"}],"curies":[{"name":"wp","href":"https:\/\/api.w.org\/{rel}","templated":true}]}}