{"id":1432,"date":"2024-09-09T17:51:14","date_gmt":"2024-09-09T15:51:14","guid":{"rendered":"https:\/\/www.sinn-schaffen.de\/finanz\/?page_id=1432"},"modified":"2024-09-09T18:36:55","modified_gmt":"2024-09-09T16:36:55","slug":"51-akteurinnen-aus-zivilgesellschaft-und-wissenschaft-fordern-ein-umdenken-der-politik-im-kampf-gegen-kinderarmut","status":"publish","type":"page","link":"https:\/\/www.sinn-schaffen.de\/finanz\/51-akteurinnen-aus-zivilgesellschaft-und-wissenschaft-fordern-ein-umdenken-der-politik-im-kampf-gegen-kinderarmut\/","title":{"rendered":"51 Akteur*innen aus Zivilgesellschaft und Wissenschaft fordern ein Umdenken der Politik im Kampf gegen Kinderarmut"},"content":{"rendered":"\n<p><em>Ein Aufwachsen in Armut wirkt sich auf die Teilhabe an der Gesellschaft aus und pr\u00e4gt Menschen f\u00fcr ihr gesamtes Leben. Seit Jahrzehnten verharrt die Kinder- und Jugendarmut in unserem reichen Land auf einem viel zu hohen Niveau von 20 Prozent. Diese Lage ist zu ernst, um es bei warmen Worten und kleinen Verbesserungen zu belassen: Bund, L\u00e4nder, Kommunen \u2013 alle m\u00fcssen sich gemeinsam zust\u00e4ndig f\u00fchlen und alle Ebenen auch tats\u00e4chlich Verantwortung \u00fcbernehmen.<\/em><\/p>\n\n\n\n<figure class=\"wp-block-image size-full\"><img loading=\"lazy\" decoding=\"async\" width=\"1024\" height=\"413\" src=\"https:\/\/www.sinn-schaffen.de\/finanz\/wp-content\/uploads\/sites\/13\/2024\/09\/240909-NU-kinderarmut-q.jpg\" alt=\"\" class=\"wp-image-1428\" title=\"Foto: Nata Uchava, Freiburg\"\/><\/figure>\n\n\n\n<p><strong>(Berlin, 5. September 2024)<\/strong> Der Ratschlag Kinderarmut, ein Zusammenschluss aus 51 Akteur*innen aus Zivilgesellschaft und Wissenschaft, fordert ein konsequentes Umdenken der Politik im Kampf gegen die Armut von Kindern und Jugendlichen. Bund, L\u00e4nder und Kommunen m\u00fcssen endlich gemeinsam an einem Strang ziehen \u2011 weg von einem Kooperationsverbot zwischen den f\u00f6deralen Ebenen und hin zu einem Kooperationsgebot.<\/p>\n\n\n\n<p>Ein Aufwachsen in Armut wirkt sich auf die Teilhabe an der Gesellschaft aus und pr\u00e4gt Menschen f\u00fcr ihr gesamtes Leben. Seit Jahrzehnten verharrt die Kinder- und Jugendarmut in unserem reichen Land auf einem viel zu hohen Niveau von 20 Prozent. Die Dauer, die Kinder und Jugendliche in Armut leben, verl\u00e4ngert sich sogar seit Jahren. Vor dem Hintergrund einer Sparpolitik, die auch vor Angeboten f\u00fcr Kinder, Jugendliche und ihre Familien nicht haltmacht, fordert der Ratschlag Kinderarmut ein Umdenken im Zusammenspiel von Bund, L\u00e4ndern und Kommunen. Nicht die Frage, wer welche Ma\u00dfnahmen bezahlt, sollte im Vordergrund stehen, sondern die F\u00f6rderung eines guten Aufwachsens f\u00fcr alle. Daf\u00fcr braucht es eine St\u00e4rkung der Infrastruktur vor Ort. Das wird aber nur funktionieren, wenn Kommunen, L\u00e4nder und der Bund sich gemeinsam zust\u00e4ndig f\u00fchlen und alle Ebenen auch tats\u00e4chlich Verantwortung \u00fcbernehmen.<\/p>\n\n\n\n<p>Eric Gro\u00dfhaus, Advocacy Manager f\u00fcr Kinderarmut und soziale Ungleichheit bei Save the Children, kommentiert: \u201eEine gute Kindheit und gesundes Aufwachsen f\u00fcr alle Kinder zu garantieren, muss eine der obersten Priorit\u00e4ten aller staatlichen Ebenen sein. Mit der Europ\u00e4ischen Garantie f\u00fcr Kinder und dem dazugeh\u00f6rigen Nationalen Aktionsplan \u201eNeue Chancen f\u00fcr Kinder in Deutschland\u201c gibt es eine Plattform f\u00fcr ein gemeinsames Handeln, die noch nicht entschlossen genug genutzt wird. Wir fordern die Bundesregierung und alle beteiligten staatlichen Ebenen auf, diese Chance nicht zu vergeben. Das bedeutet auch, dass der Bund mehr Geld in die Hand nehmen muss. Die Lage der Kinder in Deutschland ist zu ernst, um es bei warmen Worten und kleinen Verbesserungen zu belassen. Bund, L\u00e4nder, Kommunen \u2013 alle m\u00fcssen zusammen anpacken, um jedem Kind gute Zukunftschancen zu garantieren.\u201c<\/p>\n\n\n\n<p>Nicole Trieloff, Referentin f\u00fcr Kinderarmut und soziale Ungleichheit bei Save the Children, erg\u00e4nzt: \u201eAlle Kinder und Jugendlichen brauchen die gleichen Chancen auf Teilhabe, um ihre Lebenswelt aktiv zu gestalten, sich als gleichwertiger Teil der Gesellschaft zu f\u00fchlen und demokratisch mitzuwirken. Dies st\u00e4rkt den gesellschaftlichen Zusammenhalt und wirkt antidemokratischen Tendenzen entgegen. Die Kommunen sind auf die Unterst\u00fctzung von Bund und L\u00e4ndern angewiesen, denn sie sehen die Armut vor Ort. Sie k\u00f6nnen die Folgen der Armut zwar mildern, aber nicht die tieferliegenden Ursachen beseitigen. Armut ist ein komplexes Problem, das ein gemeinsames, ebenen\u00fcbergreifendes und entschlossenes Handeln von Politik, Verwaltung und Zivilgesellschaft erfordert. Statt Zust\u00e4ndigkeitsgerangel brauchen wir eine gelebte Verantwortungsgemeinschaft, in der Infrastruktur- und finanzielle Leistungen Hand in Hand gehen.\u201c<\/p>\n\n\n\n<div class=\"wp-block-columns is-layout-flex wp-container-core-columns-is-layout-9d6595d7 wp-block-columns-is-layout-flex\">\n<div class=\"wp-block-column is-layout-flow wp-block-column-is-layout-flow\" style=\"flex-basis:33.33%\">\n<figure class=\"wp-block-image size-full\"><a href=\"https:\/\/www.savethechildren.de\/informieren\/themen\/kinderarmut-in-deutschland\/\" target=\"_blank\" rel=\"noreferrer noopener\"><img loading=\"lazy\" decoding=\"async\" width=\"210\" height=\"210\" src=\"https:\/\/www.sinn-schaffen.de\/finanz\/wp-content\/uploads\/sites\/13\/2024\/09\/Nicole-Trieloff-save-the-children.jpg\" alt=\"\" class=\"wp-image-1429\" title=\"Foto: Save the Children\"\/><\/a><\/figure>\n<\/div>\n\n\n\n<div class=\"wp-block-column is-layout-flow wp-block-column-is-layout-flow\" style=\"flex-basis:66.66%\">\n<p><\/p>\n\n\n\n<p>Nicole Trieloff ist Referentin f\u00fcr Kinderarmut und soziale Ungleichheit bei <a href=\"https:\/\/www.savethechildren.de\/\" target=\"_blank\" data-type=\"link\" data-id=\"https:\/\/www.savethechildren.de\/\" rel=\"noreferrer noopener\">Save the Children<\/a>.<\/p>\n\n\n\n<figure class=\"wp-block-image size-large is-resized\"><a href=\"https:\/\/www.savethechildren.de\/\" target=\"_blank\" rel=\"noreferrer noopener\"><img loading=\"lazy\" decoding=\"async\" width=\"1024\" height=\"218\" src=\"https:\/\/www.sinn-schaffen.de\/finanz\/wp-content\/uploads\/sites\/13\/2024\/03\/Save-the-Children-1024x218.jpg\" alt=\"\" class=\"wp-image-1318\" style=\"width:255px;height:auto\"\/><\/a><\/figure>\n<\/div>\n<\/div>\n\n\n\n<div class=\"wp-block-columns is-layout-flex wp-container-core-columns-is-layout-9d6595d7 wp-block-columns-is-layout-flex\">\n<div class=\"wp-block-column is-layout-flow wp-block-column-is-layout-flow\" style=\"flex-basis:33.33%\">\n<figure class=\"wp-block-image size-full\"><a href=\"https:\/\/www.savethechildren.de\/fileadmin\/user_upload\/Downloads_Dokumente\/2024\/Ratschlag_2024_gemeinsamer_Appell_final_240905.pdf\" target=\"_blank\" rel=\"noreferrer noopener\"><img loading=\"lazy\" decoding=\"async\" width=\"599\" height=\"846\" src=\"https:\/\/www.sinn-schaffen.de\/finanz\/wp-content\/uploads\/sites\/13\/2024\/09\/Ratschlag_2024_gemeinsamer_Appell_final_240905-T.jpg\" alt=\"\" class=\"wp-image-1430\"\/><\/a><\/figure>\n<\/div>\n\n\n\n<div class=\"wp-block-column is-layout-flow wp-block-column-is-layout-flow\" style=\"flex-basis:66.66%\">\n<p><\/p>\n\n\n\n<p>Der gemeinsame Appell 2024 &#8222;Vom Kooperationsverbot zum Kooperationsgebot!&#8220; des Ratschlag Kinderarmut steht <a href=\"https:\/\/www.savethechildren.de\/fileadmin\/user_upload\/Downloads_Dokumente\/2024\/Ratschlag_2024_gemeinsamer_Appell_final_240905.pdf\" target=\"_blank\" data-type=\"link\" data-id=\"https:\/\/www.savethechildren.de\/fileadmin\/user_upload\/Downloads_Dokumente\/2024\/Ratschlag_2024_gemeinsamer_Appell_final_240905.pdf\" rel=\"noreferrer noopener\">\u00fcber diesen Link zum Download als PDF-Datei<\/a> bereit.<\/p>\n<\/div>\n<\/div>\n","protected":false},"excerpt":{"rendered":"<p>Ein Aufwachsen in Armut wirkt sich auf die Teilhabe an der Gesellschaft aus und pr\u00e4gt Menschen f\u00fcr ihr gesamtes Leben. Seit Jahrzehnten verharrt die Kinder- und Jugendarmut in unserem reichen Land auf einem viel zu hohen Niveau von 20 Prozent. Diese Lage ist zu ernst, um es bei warmen Worten und kleinen Verbesserungen zu belassen: Bund, L\u00e4nder, Kommunen \u2013 alle m\u00fcssen sich gemeinsam zust\u00e4ndig f\u00fchlen und alle Ebenen auch tats\u00e4chlich Verantwortung \u00fcbernehmen.<\/p>\n","protected":false},"author":1,"featured_media":0,"parent":0,"menu_order":8,"comment_status":"closed","ping_status":"closed","template":"","meta":{"footnotes":""},"class_list":["post-1432","page","type-page","status-publish","hentry"],"_links":{"self":[{"href":"https:\/\/www.sinn-schaffen.de\/finanz\/wp-json\/wp\/v2\/pages\/1432","targetHints":{"allow":["GET"]}}],"collection":[{"href":"https:\/\/www.sinn-schaffen.de\/finanz\/wp-json\/wp\/v2\/pages"}],"about":[{"href":"https:\/\/www.sinn-schaffen.de\/finanz\/wp-json\/wp\/v2\/types\/page"}],"author":[{"embeddable":true,"href":"https:\/\/www.sinn-schaffen.de\/finanz\/wp-json\/wp\/v2\/users\/1"}],"replies":[{"embeddable":true,"href":"https:\/\/www.sinn-schaffen.de\/finanz\/wp-json\/wp\/v2\/comments?post=1432"}],"version-history":[{"count":1,"href":"https:\/\/www.sinn-schaffen.de\/finanz\/wp-json\/wp\/v2\/pages\/1432\/revisions"}],"predecessor-version":[{"id":1433,"href":"https:\/\/www.sinn-schaffen.de\/finanz\/wp-json\/wp\/v2\/pages\/1432\/revisions\/1433"}],"wp:attachment":[{"href":"https:\/\/www.sinn-schaffen.de\/finanz\/wp-json\/wp\/v2\/media?parent=1432"}],"curies":[{"name":"wp","href":"https:\/\/api.w.org\/{rel}","templated":true}]}}