{"id":1454,"date":"2024-10-16T18:17:41","date_gmt":"2024-10-16T16:17:41","guid":{"rendered":"https:\/\/www.sinn-schaffen.de\/finanz\/?page_id=1454"},"modified":"2024-10-16T18:17:42","modified_gmt":"2024-10-16T16:17:42","slug":"anpassungsindex-von-brot-fuer-die-welt-belegt-wachsende-ungerechtigkeit-bei-internationaler-klimafinanzierung","status":"publish","type":"page","link":"https:\/\/www.sinn-schaffen.de\/finanz\/anpassungsindex-von-brot-fuer-die-welt-belegt-wachsende-ungerechtigkeit-bei-internationaler-klimafinanzierung\/","title":{"rendered":"Anpassungsindex von Brot f\u00fcr die Welt belegt wachsende Ungerechtigkeit bei internationaler Klimafinanzierung"},"content":{"rendered":"\n<p><em>Bei der UN-Klimakonferenz COP29 im November 2024 in Baku stehen Verhandlungen \u00fcber ein neues Klimafinanzierungsziel f\u00fcr die Zeit nach 2025 im Fokus. Viele der L\u00e4nder, die am st\u00e4rksten von Klimarisiken betroffen sind, darunter die \u00e4rmsten und fragilsten Staaten der Welt, ben\u00f6tigen dringend mehr Unterst\u00fctzung. W\u00e4hrend die Klimasch\u00e4den weltweit massiv steigen, fehlt es gerade diesen L\u00e4ndern zunehmend an Mitteln zur Anpassung an den Klimawandel, und die Verteilung der zu geringen Mittel ist dar\u00fcber hinaus extrem ungleich.<\/em><\/p>\n\n\n\n<figure class=\"wp-block-image size-full\"><img loading=\"lazy\" decoding=\"async\" width=\"1024\" height=\"413\" src=\"https:\/\/www.sinn-schaffen.de\/finanz\/wp-content\/uploads\/sites\/13\/2024\/10\/241016-NU-Brot-fuer-die-Welt.jpg\" alt=\"\" class=\"wp-image-1447\" title=\"Foto: Nata Uchava, Freiburg\"\/><\/figure>\n\n\n\n<p><strong>(Berlin, 15. Oktober 2024)<\/strong> Der Klima-Anpassungsindex 2024 von Brot f\u00fcr die Welt offenbart alarmierende Ungerechtigkeiten bei der Verteilung internationaler Finanzierung zur Klimaanpassung. \u201eDie Bereitstellung von Hilfsgeldern f\u00fcr Klima-Anpassung ist eine \u00dcberlebensfrage\u201c, sagt Dagmar Pruin, Pr\u00e4sidentin von Brot f\u00fcr die Welt. \u201eDie Situation versch\u00e4rft sich zunehmend f\u00fcr die vom Klimawandel am meisten betroffenen Bev\u00f6lkerungsgruppen, da die ohnehin zu knappen Gelder auch noch unfair verteilt werden. Damit droht den meisten L\u00e4ndern eine dauerhafte Schutzl\u00fccke, die eine nachhaltige Entwicklung unm\u00f6glich macht.\u201c Der Index, der die Verteilung der Finanzmittel nach dem Klimarisiko der L\u00e4nder des Globalen S\u00fcdens bewertet, zeigt, dass 90 Prozent der bewerteten L\u00e4nder weniger Finanzmittel erhalten haben, als ihnen bei einer gerechten Verteilung zustehen w\u00fcrden.<\/p>\n\n\n\n<p>Die Ergebnisse sind ern\u00fcchternd: W\u00e4hrend die Klimasch\u00e4den weltweit massiv steigen, fehlt es gerade armen L\u00e4ndern zunehmend an Mitteln zur Anpassung an den Klimawandel. Der Anpassungsindex zeigt, dass die Verteilung der zu geringen Mittel dar\u00fcber hinaus extrem ungleich ist:<\/p>\n\n\n\n<ul class=\"wp-block-list\">\n<li>37 der 129 untersuchten L\u00e4nder erhielten weniger als die H\u00e4lfte der f\u00fcr sie angemessenen Mittel und sind damit extrem unterfinanziert,<\/li>\n\n\n\n<li>50 L\u00e4nder erhielten maximal 64 Prozent (stark unterfinanziert),<\/li>\n\n\n\n<li>w\u00e4hrend 29 L\u00e4nder bis zu 80 Prozent ihrer risikogerechten Finanzmittel erhielten (m\u00e4\u00dfig unterfinanziert).<\/li>\n<\/ul>\n\n\n\n<p>Besonders stark von Unterfinanzierung gegen die Folgen des Klimawandels betroffen sind Zentral- und Ostafrika sowie S\u00fcdasien: Die zehn am st\u00e4rksten unterfinanzierten L\u00e4nder sind Afghanistan, Tschad, S\u00fcdsudan, Somalia, Niger, Mali, Jemen, \u00c4thiopien, Uganda und der Irak.<\/p>\n\n\n\n<p>Im Vergleich zum Vorjahr hat sich die Situation weiter verschlechtert. Die Bev\u00f6lkerung in den L\u00e4ndern, die gegen die Folgen des Klimawandels als extrem oder stark unterfinanziert gelten \u2013 dazu geh\u00f6ren auch China, Indien, Indonesien, Pakistan und Nigeria \u2013, ist um 230 Millionen Menschen gestiegen \u2013 das sind 96,7 Prozent der gesamten Bev\u00f6lkerung der bewerteten L\u00e4nder. Die L\u00e4nder mit dem h\u00f6chsten Klimarisiko sind extrem unterfinanziert. Zugleich sind alle L\u00e4nder der zweith\u00f6chsten Risikokategorie entweder extrem oder stark unterfinanziert.<\/p>\n\n\n\n<p>Die Ergebnisse des Anpassungsindex 2024 zeigen klar, dass viele der L\u00e4nder, die am st\u00e4rksten von Klimarisiken betroffen sind, darunter die \u00e4rmsten und fragilsten Staaten der Welt, dringend mehr Unterst\u00fctzung ben\u00f6tigen. Bei der UN-Klimakonferenz COP29 im November 2024 in Baku stehen Verhandlungen \u00fcber ein neues Klimafinanzierungsziel f\u00fcr die Zeit nach 2025 im Fokus.<\/p>\n\n\n\n<p>\u201eDie \u00e4rmsten Staaten sind auf Unterst\u00fctzung in der Klimakrise angewiesen. Deutschland sollte hier eine Vorreiterrolle einnehmen und sich f\u00fcr eine bedarfsorientierte Bereitstellung von Klimahilfen und f\u00fcr mehr Verteilungsgerechtigkeit einsetzen\u201c, so Sabine Minninger, Klimaexpertin von Brot f\u00fcr die Welt.<\/p>\n\n\n\n<p>Deutschland schneidet in der Verteilung seiner Klimaanpassungsfinanzierungen \u00e4hnlich ab wie der Durchschnitt der internationalen Gemeinschaft. W\u00e4hrend Deutschland die Gelder f\u00fcr Afrika und die am wenigsten entwickelten L\u00e4nder etwas fairer als der Durchschnitt verteilt, f\u00e4llt es bei den pazifischen Inselstaaten hinter den Durchschnitt zur\u00fcck.<\/p>\n\n\n\n<p><strong>Hintergrund<\/strong><\/p>\n\n\n\n<p>Der Anpassungsindex von Brot f\u00fcr die Welt wurde von Climate &amp; Development Advice erstellt und von der Munich Climate Insurance Initiative gepr\u00fcft. Der Anpassungsindex 2024, der f\u00fcr den Zeitraum 2015 bis 2021 berechnet wurde, erfasst insgesamt 129 L\u00e4nder. Dabei ber\u00fccksichtigt er sowohl das l\u00e4nderspezifische Klimarisiko, basierend auf angepassten Daten des EU Inform Risk Index, als auch die internationalen Klimaanpassungsfinanzierungen aus der OECD-DAC-Datenbank. Dar\u00fcber hinaus wurde zum ersten Mal die Verteilung der deutschen Finanzhilfe an dieselben L\u00e4nder analysiert und mit der internationalen Verteilung verglichen.<\/p>\n\n\n\n<p>Der Anpassungsindex von Brot f\u00fcr die Welt ist ein wichtiges, aber kein allein ausreichendes Bewertungskriterium f\u00fcr die Klimaanpassungsfinanzierung: Er misst nur die Verteilung von verf\u00fcgbaren Mitteln bezogen auf l\u00e4nderspezifische Klimarisiken und trifft keine Aussagen dar\u00fcber, welche absoluten Betr\u00e4ge erforderlich w\u00e4ren, um ein Land klimaresilient zu machen.<\/p>\n\n\n\n<div class=\"wp-block-columns is-layout-flex wp-container-core-columns-is-layout-9d6595d7 wp-block-columns-is-layout-flex\">\n<div class=\"wp-block-column is-layout-flow wp-block-column-is-layout-flow\" style=\"flex-basis:33.33%\">\n<figure class=\"wp-block-image size-full\"><a href=\"https:\/\/www.brot-fuer-die-welt.de\/ueber-uns\/personen\/sabine-minninger\/\" target=\"_blank\" rel=\"noreferrer noopener\"><img loading=\"lazy\" decoding=\"async\" width=\"566\" height=\"496\" src=\"https:\/\/www.sinn-schaffen.de\/finanz\/wp-content\/uploads\/sites\/13\/2024\/10\/Sabine-Minninger-Brot-fuer-die-Welt.jpg\" alt=\"\" class=\"wp-image-1448\" title=\"Foto: Brot f\u00fcr die Welt\"\/><\/a><\/figure>\n<\/div>\n\n\n\n<div class=\"wp-block-column is-layout-flow wp-block-column-is-layout-flow\" style=\"flex-basis:66.66%\">\n<p><\/p>\n\n\n\n<p>Sabine Minninger ist Klimaexpertin von <a href=\"https:\/\/www.brot-fuer-die-welt.de\/\" target=\"_blank\" rel=\"noreferrer noopener\">Brot f\u00fcr die Welt<\/a>.<\/p>\n\n\n\n<figure class=\"wp-block-image size-full is-resized\"><a href=\"https:\/\/www.brot-fuer-die-welt.de\/\" target=\"_blank\" rel=\"noreferrer noopener\"><img loading=\"lazy\" decoding=\"async\" width=\"258\" height=\"132\" src=\"https:\/\/www.sinn-schaffen.de\/finanz\/wp-content\/uploads\/sites\/13\/2018\/10\/BrotFuerDieWeltLogo.gif\" alt=\"\" class=\"wp-image-162\" style=\"width:206px;height:auto\"\/><\/a><\/figure>\n<\/div>\n<\/div>\n\n\n\n<p><\/p>\n\n\n\n<div class=\"wp-block-columns is-layout-flex wp-container-core-columns-is-layout-9d6595d7 wp-block-columns-is-layout-flex\">\n<div class=\"wp-block-column is-layout-flow wp-block-column-is-layout-flow\" style=\"flex-basis:33.33%\">\n<figure class=\"wp-block-image size-full\"><a href=\"https:\/\/www.brot-fuer-die-welt.de\/fileadmin\/mediapool\/downloads\/fachpublikationen\/Anpassungsindex\/Climate_Adaption_Finance_Index_2024.pdf\" target=\"_blank\" rel=\"noreferrer noopener\"><img loading=\"lazy\" decoding=\"async\" width=\"599\" height=\"846\" src=\"https:\/\/www.sinn-schaffen.de\/finanz\/wp-content\/uploads\/sites\/13\/2024\/10\/Climate_Adaption_Finance_Index_2024-T.jpg\" alt=\"\" class=\"wp-image-1451\"\/><\/a><\/figure>\n<\/div>\n\n\n\n<div class=\"wp-block-column is-layout-flow wp-block-column-is-layout-flow\" style=\"flex-basis:66.66%\">\n<p><\/p>\n\n\n\n<p>Der Klima-Anpassungsindex 2024 von Brot f\u00fcr die Welt steht <a href=\"https:\/\/www.brot-fuer-die-welt.de\/fileadmin\/mediapool\/downloads\/fachpublikationen\/Anpassungsindex\/Climate_Adaption_Finance_Index_2024.pdf\" target=\"_blank\" data-type=\"link\" data-id=\"https:\/\/www.brot-fuer-die-welt.de\/fileadmin\/mediapool\/downloads\/fachpublikationen\/Anpassungsindex\/Climate_Adaption_Finance_Index_2024.pdf\" rel=\"noreferrer noopener\">\u00fcber diesen Link zum Download als PDF-Datei<\/a> bereit. Eine Online-Aufbereitung des Klima-Anpassungsindex 2024 steht <a href=\"https:\/\/www.brot-fuer-die-welt.de\/themen\/anpassungsindex\/#!\" target=\"_blank\" data-type=\"link\" data-id=\"https:\/\/www.brot-fuer-die-welt.de\/themen\/anpassungsindex\/#!\" rel=\"noreferrer noopener\">\u00fcber diesen Link<\/a> bereit.<\/p>\n<\/div>\n<\/div>\n\n\n\n<p><\/p>\n\n\n\n<div class=\"wp-block-columns is-layout-flex wp-container-core-columns-is-layout-9d6595d7 wp-block-columns-is-layout-flex\">\n<div class=\"wp-block-column is-layout-flow wp-block-column-is-layout-flow\" style=\"flex-basis:33.33%\">\n<figure class=\"wp-block-image size-full\"><a href=\"https:\/\/www.brot-fuer-die-welt.de\/fileadmin\/mediapool\/downloads\/fachpublikationen\/Anpassungsindex\/Anpassungsindex_Klimafinanzierung_2023.pdf\" target=\"_blank\" rel=\"noreferrer noopener\"><img loading=\"lazy\" decoding=\"async\" width=\"599\" height=\"846\" src=\"https:\/\/www.sinn-schaffen.de\/finanz\/wp-content\/uploads\/sites\/13\/2024\/10\/Anpassungsindex_Klimafinanzierung_2023-T.jpg\" alt=\"\" class=\"wp-image-1449\"\/><\/a><\/figure>\n<\/div>\n\n\n\n<div class=\"wp-block-column is-layout-flow wp-block-column-is-layout-flow\" style=\"flex-basis:66.66%\">\n<p><\/p>\n\n\n\n<p>Der Klima-Anpassungsindex 2023 von Brot f\u00fcr die Welt steht <a href=\"https:\/\/www.brot-fuer-die-welt.de\/fileadmin\/mediapool\/downloads\/fachpublikationen\/Anpassungsindex\/Anpassungsindex_Klimafinanzierung_2023.pdf\" target=\"_blank\" data-type=\"link\" data-id=\"https:\/\/www.brot-fuer-die-welt.de\/fileadmin\/mediapool\/downloads\/fachpublikationen\/Anpassungsindex\/Anpassungsindex_Klimafinanzierung_2023.pdf\" rel=\"noreferrer noopener\">\u00fcber diesen Link zum Download als PDF-Datei<\/a> bereit.<\/p>\n<\/div>\n<\/div>\n","protected":false},"excerpt":{"rendered":"<p>Bei der UN-Klimakonferenz COP29 im November 2024 in Baku stehen Verhandlungen \u00fcber ein neues Klimafinanzierungsziel f\u00fcr die Zeit nach 2025 im Fokus. Viele der L\u00e4nder, die am st\u00e4rksten von Klimarisiken betroffen sind, darunter die \u00e4rmsten und fragilsten Staaten der Welt, ben\u00f6tigen dringend mehr Unterst\u00fctzung. W\u00e4hrend die Klimasch\u00e4den weltweit massiv steigen, fehlt es gerade diesen L\u00e4ndern zunehmend an Mitteln zur Anpassung an den Klimawandel, und die Verteilung der zu geringen Mittel ist dar\u00fcber hinaus extrem ungleich.<\/p>\n","protected":false},"author":1,"featured_media":0,"parent":0,"menu_order":5,"comment_status":"closed","ping_status":"closed","template":"","meta":{"footnotes":""},"class_list":["post-1454","page","type-page","status-publish","hentry"],"_links":{"self":[{"href":"https:\/\/www.sinn-schaffen.de\/finanz\/wp-json\/wp\/v2\/pages\/1454","targetHints":{"allow":["GET"]}}],"collection":[{"href":"https:\/\/www.sinn-schaffen.de\/finanz\/wp-json\/wp\/v2\/pages"}],"about":[{"href":"https:\/\/www.sinn-schaffen.de\/finanz\/wp-json\/wp\/v2\/types\/page"}],"author":[{"embeddable":true,"href":"https:\/\/www.sinn-schaffen.de\/finanz\/wp-json\/wp\/v2\/users\/1"}],"replies":[{"embeddable":true,"href":"https:\/\/www.sinn-schaffen.de\/finanz\/wp-json\/wp\/v2\/comments?post=1454"}],"version-history":[{"count":1,"href":"https:\/\/www.sinn-schaffen.de\/finanz\/wp-json\/wp\/v2\/pages\/1454\/revisions"}],"predecessor-version":[{"id":1455,"href":"https:\/\/www.sinn-schaffen.de\/finanz\/wp-json\/wp\/v2\/pages\/1454\/revisions\/1455"}],"wp:attachment":[{"href":"https:\/\/www.sinn-schaffen.de\/finanz\/wp-json\/wp\/v2\/media?parent=1454"}],"curies":[{"name":"wp","href":"https:\/\/api.w.org\/{rel}","templated":true}]}}