{"id":1498,"date":"2025-06-23T00:09:00","date_gmt":"2025-06-22T22:09:00","guid":{"rendered":"https:\/\/www.sinn-schaffen.de\/finanz\/?page_id=1498"},"modified":"2025-06-23T00:10:14","modified_gmt":"2025-06-22T22:10:14","slug":"schuldenreport-2025-auslandsverschuldung-weltweit-auf-dramatisch-hohem-niveau","status":"publish","type":"page","link":"https:\/\/www.sinn-schaffen.de\/finanz\/schuldenreport-2025-auslandsverschuldung-weltweit-auf-dramatisch-hohem-niveau\/","title":{"rendered":"Schuldenreport 2025: Auslandsverschuldung weltweit auf dramatisch hohem Niveau"},"content":{"rendered":"\n<p><em>2025 bieten sich einmalige Chancen zur \u00dcberwindung der globalen Schuldenkrise. Ein zentraler Moment ist die 4. Internationale Konferenz f\u00fcr Entwicklungsfinanzierung vom 30. Juni bis 3. Juli 2025 in Sevilla. Um dauerhaft wirksame L\u00f6sungen zu schaffen, braucht es tiefgreifende Reformen der internationalen Finanzarchitektur.<\/em><\/p>\n\n\n\n<figure class=\"wp-block-image size-full\"><img loading=\"lazy\" decoding=\"async\" width=\"1200\" height=\"675\" src=\"https:\/\/www.sinn-schaffen.de\/finanz\/wp-content\/uploads\/sites\/13\/2025\/06\/250622-NU-Schuldenreport-2025.jpg\" alt=\"\" class=\"wp-image-1494\" title=\"Foto: Nata Uchava, Magdeburg\"\/><\/figure>\n\n\n\n<p><strong>(Berlin\/D\u00fcsseldorf, 26. Mai 2025)<\/strong> Der heute ver\u00f6ffentlichte Schuldenreport 2025 zeigt: Die weltweite Schuldenkrise hat ihre Ursachen auch im ungerechten internationalen Finanzsystem. Misereor und erlassjahr.de fordern deshalb umfassende Reformen noch in diesem Jahr.<\/p>\n\n\n\n<p>Mehr als die H\u00e4lfte der \u00f6ffentlichen Haushalte in L\u00e4ndern mit niedrigem und mittlerem Einkommen sind durch den Schuldendienst, den sie an ausl\u00e4ndische Gl\u00e4ubiger leisten m\u00fcssen, hoch oder sehr hoch belastet. Zu diesem Ergebnis kommt der Schuldenreport 2025. \u201eIn mindestens 47 der 198 untersuchten L\u00e4ndern m\u00fcssen wir davon ausgehen, dass aufgrund der hohen Schuldenlast Menschenrechte verletzt werden\u201c, erl\u00e4utert Malina Stutz, Politische Referentin beim deutschen Entschuldungsb\u00fcndnis erlassjahr.de. Zu den betroffenen L\u00e4ndern z\u00e4hlten Staaten wie Pakistan und Kenia, die Umschuldungsverhandlungen bisher vermeiden, sowie Sri Lanka und Suriname, deren Auslandsschuldenlast trotz abgeschlossener Umschuldung weiterhin sehr hoch bleibt. Weitere 28 L\u00e4nder seien hoch belastet; in 13 L\u00e4ndern besteht ein latentes Belastungsrisiko.<\/p>\n\n\n\n<p><strong>Schuldendienst \u00fcbersteigt vielfach Ausgaben f\u00fcr Bildung und Gesundheit<\/strong><\/p>\n\n\n\n<p>In den kommenden drei Jahren m\u00fcssen die 47 sehr hoch belasteten L\u00e4nder durchschnittlich mindestens 15 Prozent ihrer Staatseinnahmen f\u00fcr Zins- und Tilgungszahlungen an ausl\u00e4ndische Gl\u00e4ubiger abf\u00fchren. \u201eIhr fiskalpolitischer Handlungsspielraum ist dadurch massiv eingeschr\u00e4nkt\u201c, beschreibt Klaus Schilder die Folgen. Der Experte f\u00fcr Entwicklungsfinanzierung bei Misereor erkl\u00e4rt: \u201eIn diesen L\u00e4ndern sind etwa 231 Millionen Menschen von extremer Armut betroffen. Das sind rund 18 Prozent der Bev\u00f6lkerung und damit gut doppelt so viele wie im weltweiten Durchschnitt. Das ist ein echtes Armutszeugnis im 21. Jahrhundert.\u201c<\/p>\n\n\n\n<p>In diesem Jahr wurden erstmals alle L\u00e4nder weltweit in die Analyse des Schuldenreports aufgenommen. Die dadurch gewonnenen Ergebnisse machen deutlich, dass insbesondere L\u00e4nder des Globalen S\u00fcdens einem erh\u00f6hten Risiko ausgesetzt sind, in eine \u00f6ffentliche Auslandsschuldenkrise zu geraten. \u201eZwar setzen viele Schuldnerstaaten auf nationale Reformanstrengungen, doch diese allein k\u00f6nnen das Krisenrisiko kaum verringern\u201c, kritisiert Stutz. Die L\u00e4nder seien weiterhin massiv benachteiligt, denn ihr Zugang zu Kreditfinanzierungen ist gegen\u00fcber L\u00e4ndern mit h\u00f6herer Bonit\u00e4t wie beispielsweise Deutschland deutlich erschwert. \u201eAuch die untergeordnete Rolle ihrer W\u00e4hrungen in der internationalen W\u00e4hrungshierarchie ist ein gro\u00dfes Hemmnis,\u201c erkl\u00e4rt Stutz. \u201eUm dauerhaft wirksame L\u00f6sungen zu schaffen, braucht es deshalb tiefgreifende Reformen der internationalen Finanzarchitektur.\u201c<\/p>\n\n\n\n<p><strong>2025 ist Jahr der Weichenstellungen<\/strong><\/p>\n\n\n\n<p>\u201eGerade in diesem Jahr bieten sich einmalige Chancen zur \u00dcberwindung der globalen Schuldenkrise\u201c, betont Klaus Schilder. Ein zentraler Moment sei die 4. Internationale Konferenz f\u00fcr Entwicklungsfinanzierung (FfD4), die vom 30. Juni bis 3. Juli 2025 in Sevilla stattfindet. \u201eDie neue Bundesregierung muss sich jetzt klar positionieren und in den Vorbereitungen f\u00fcr Sevilla Reformvorschl\u00e4ge aus dem Globalen S\u00fcden aufgreifen. Dazu z\u00e4hlt insbesondere, einen zwischenstaatlichen Prozess unter dem Dach der Vereinten Nationen zu unterst\u00fctzen, mit dem endlich ein faires Staateninsolvenzverfahren auf den Weg gebracht werden kann\u201c, fordern Schilder und Stutz. Der Schuldenreport, der jedes Jahr vom deutschen Entschuldungsb\u00fcndnis erlassjahr.de und Misereor herausgegeben wird, analysiert jeweils aktuell die Belastung durch Auslandsschulden von Staaten weltweit sowie die Rolle Deutschlands in der internationalen Entschuldungspolitik und gibt Empfehlungen f\u00fcr den Umgang mit der globalen Schuldenkrise. In diesem Jahr ist die Ver\u00f6ffentlichung des Schuldenreports eingebettet in die weltweite zivilgesellschaftliche Kampagne <a href=\"https:\/\/erlassjahr2025.de\/\" target=\"_blank\" rel=\"noreferrer noopener\">\u201eErlassjahr 2025 \u2013 Turn Debt into Hope\u201c www.erlassjahr2025.de<\/a>.<\/p>\n\n\n\n<div class=\"wp-block-columns is-layout-flex wp-container-core-columns-is-layout-9d6595d7 wp-block-columns-is-layout-flex\">\n<div class=\"wp-block-column is-layout-flow wp-block-column-is-layout-flow\" style=\"flex-basis:33.33%\">\n<figure class=\"wp-block-image size-full\"><a href=\"https:\/\/www.misereor.de\/presse\/expertinnen-und-experten\/klaus-schilder-entwicklungsfinanzierung\" target=\"_blank\" rel=\" noreferrer noopener\"><img loading=\"lazy\" decoding=\"async\" width=\"762\" height=\"620\" src=\"https:\/\/www.sinn-schaffen.de\/finanz\/wp-content\/uploads\/sites\/13\/2023\/04\/Klaus-Schilder-10x15-Copyright-Misereor-K.jpg\" alt=\"\" class=\"wp-image-1183\" title=\"Foto: misereor\"\/><\/a><\/figure>\n<\/div>\n\n\n\n<div class=\"wp-block-column is-layout-flow wp-block-column-is-layout-flow\" style=\"flex-basis:66.66%\">\n<p><\/p>\n\n\n\n<p>Klaus Schilder ist Experte f\u00fcr Entwicklungsfinanzierung bei <a href=\"https:\/\/www.misereor.de\/\" target=\"_blank\" rel=\"noreferrer noopener\">Misereor<\/a>.<\/p>\n\n\n\n<figure class=\"wp-block-image size-large is-resized\"><a href=\"https:\/\/www.misereor.de\/\" target=\"_blank\" rel=\" noreferrer noopener\"><img loading=\"lazy\" decoding=\"async\" width=\"1024\" height=\"576\" src=\"https:\/\/www.sinn-schaffen.de\/finanz\/wp-content\/uploads\/sites\/13\/2023\/04\/misereor-logo-1024x576.jpg\" alt=\"\" class=\"wp-image-1180\" style=\"width:162px;height:auto\"\/><\/a><\/figure>\n<\/div>\n<\/div>\n\n\n\n<div class=\"wp-block-columns is-layout-flex wp-container-core-columns-is-layout-9d6595d7 wp-block-columns-is-layout-flex\">\n<div class=\"wp-block-column is-layout-flow wp-block-column-is-layout-flow\" style=\"flex-basis:33.33%\">\n<figure class=\"wp-block-image size-full\"><a href=\"https:\/\/erlassjahr.de\/wordpress\/wp-content\/uploads\/2025\/05\/SR2025-online.pdf\" target=\"_blank\" rel=\" noreferrer noopener\"><img loading=\"lazy\" decoding=\"async\" width=\"599\" height=\"846\" src=\"https:\/\/www.sinn-schaffen.de\/finanz\/wp-content\/uploads\/sites\/13\/2025\/06\/Schuldenreport-2025-T.jpg\" alt=\"\" class=\"wp-image-1495\"\/><\/a><\/figure>\n<\/div>\n\n\n\n<div class=\"wp-block-column is-layout-flow wp-block-column-is-layout-flow\" style=\"flex-basis:66.66%\">\n<p><\/p>\n\n\n\n<p>Der &#8222;Schuldenreport 2025&#8220; steht \u00fc<a href=\"https:\/\/erlassjahr.de\/wordpress\/wp-content\/uploads\/2025\/05\/SR2025-online.pdf\" target=\"_blank\" rel=\"noreferrer noopener\">ber diesen Link zum Download als PDF-Datei<\/a> bereit.<\/p>\n<\/div>\n<\/div>\n","protected":false},"excerpt":{"rendered":"<p>2025 bieten sich einmalige Chancen zur \u00dcberwindung der globalen Schuldenkrise. Ein zentraler Moment ist die 4. Internationale Konferenz f\u00fcr Entwicklungsfinanzierung vom 30. Juni bis 3. Juli 2025 in Sevilla. Um dauerhaft wirksame L\u00f6sungen zu schaffen, braucht es tiefgreifende Reformen der internationalen Finanzarchitektur. (Berlin\/D\u00fcsseldorf, 26. Mai 2025) Der heute ver\u00f6ffentlichte Schuldenreport 2025 zeigt: Die weltweite Schuldenkrise &hellip; <\/p>\n<p class=\"link-more\"><a href=\"https:\/\/www.sinn-schaffen.de\/finanz\/schuldenreport-2025-auslandsverschuldung-weltweit-auf-dramatisch-hohem-niveau\/\" class=\"more-link\"><span class=\"screen-reader-text\">\u201eSchuldenreport 2025: Auslandsverschuldung weltweit auf dramatisch hohem Niveau\u201c<\/span> weiterlesen<\/a><\/p>\n","protected":false},"author":1,"featured_media":0,"parent":0,"menu_order":0,"comment_status":"closed","ping_status":"closed","template":"","meta":{"footnotes":""},"class_list":["post-1498","page","type-page","status-publish","hentry"],"_links":{"self":[{"href":"https:\/\/www.sinn-schaffen.de\/finanz\/wp-json\/wp\/v2\/pages\/1498","targetHints":{"allow":["GET"]}}],"collection":[{"href":"https:\/\/www.sinn-schaffen.de\/finanz\/wp-json\/wp\/v2\/pages"}],"about":[{"href":"https:\/\/www.sinn-schaffen.de\/finanz\/wp-json\/wp\/v2\/types\/page"}],"author":[{"embeddable":true,"href":"https:\/\/www.sinn-schaffen.de\/finanz\/wp-json\/wp\/v2\/users\/1"}],"replies":[{"embeddable":true,"href":"https:\/\/www.sinn-schaffen.de\/finanz\/wp-json\/wp\/v2\/comments?post=1498"}],"version-history":[{"count":2,"href":"https:\/\/www.sinn-schaffen.de\/finanz\/wp-json\/wp\/v2\/pages\/1498\/revisions"}],"predecessor-version":[{"id":1500,"href":"https:\/\/www.sinn-schaffen.de\/finanz\/wp-json\/wp\/v2\/pages\/1498\/revisions\/1500"}],"wp:attachment":[{"href":"https:\/\/www.sinn-schaffen.de\/finanz\/wp-json\/wp\/v2\/media?parent=1498"}],"curies":[{"name":"wp","href":"https:\/\/api.w.org\/{rel}","templated":true}]}}