{"id":1506,"date":"2025-06-23T17:36:39","date_gmt":"2025-06-23T15:36:39","guid":{"rendered":"https:\/\/www.sinn-schaffen.de\/finanz\/?page_id=1506"},"modified":"2025-06-23T17:36:44","modified_gmt":"2025-06-23T15:36:44","slug":"der-sozialstaat-ist-mehr-wert-als-er-kostet","status":"publish","type":"page","link":"https:\/\/www.sinn-schaffen.de\/finanz\/der-sozialstaat-ist-mehr-wert-als-er-kostet\/","title":{"rendered":"&#8222;Der Sozialstaat ist mehr wert, als er kostet&#8220;"},"content":{"rendered":"\n<p><em>Betriebsr\u00e4te sowie Vertreter aus Politik und Wissenschaft diskutierten in Berlin \u00fcber die Zukunft des Sozialstaats und verabschiedeten eine Agenda f\u00fcr mehr Verteilungs- und Chancengerechtigkeit. Wer den Sozialstaat schw\u00e4cht, gef\u00e4hrdet den gesellschaftlichen Zusammenhalt. Die IG Metall fordert daher eine offensive Sozialpolitik, die Sicherheit, Teilhabe und Gerechtigkeit garantiert.<\/em><\/p>\n\n\n\n<figure class=\"wp-block-image size-full\"><img loading=\"lazy\" decoding=\"async\" width=\"1200\" height=\"753\" src=\"https:\/\/www.sinn-schaffen.de\/finanz\/wp-content\/uploads\/sites\/13\/2025\/06\/250623-NU-Sozialstaatskongress.jpg\" alt=\"\" class=\"wp-image-1501\" title=\"Foto: Nata Uchava, Magdeburg\"\/><\/figure>\n\n\n\n<p><strong>(Berlin, 17. Juni 2025)<\/strong> Die IG Metall ruft Bundesregierung und Arbeitgeber zu einer engagierten und verl\u00e4sslichen Sozialpolitik auf. \u201eDer Sozialstaat ist mehr wert, als er kostet\u201c, betonte IG Metall-Vorstand Hans-J\u00fcrgen Urban auf dem Sozialstaatskongress der Gewerkschaft in Berlin. \u00dcber 200 Betriebsr\u00e4te sowie Vertreter aus Politik und Wissenschaft diskutierten \u00fcber die Zukunft des Sozialstaats und verabschiedeten eine Agenda f\u00fcr mehr Verteilungs- und Chancengerechtigkeit.<\/p>\n\n\n\n<p>Laut einer repr\u00e4sentativen Umfrage unter den IG Metall-Mitgliedern sehen 89 Prozent gro\u00dfe Probleme beim deutschen Sozialstaat. Lediglich jede und jeder Zweite (51 Prozent) ist mit der pers\u00f6nlichen sozialen Absicherung zufrieden. Die Gewerkschaftsmitglieder erwarten vor allem, dass der Staat<\/p>\n\n\n\n<ul class=\"wp-block-list\">\n<li>sozialen Frieden sichert und Chancengerechtigkeit schafft (jeweils 96 Prozent),<\/li>\n\n\n\n<li>Leistung belohnt (95 Prozent) sowie<\/li>\n\n\n\n<li>Schw\u00e4chere und Schutzbed\u00fcrftige unterst\u00fctzt (93 Prozent).<\/li>\n<\/ul>\n\n\n\n<p>\u201eDer Sozialstaat ist kein Ballast, sondern ein Stabilit\u00e4tsanker in Zeiten des Wandels \u2013 wirtschaftlich, sozial und demokratisch. Wer ihn schw\u00e4cht, gef\u00e4hrdet den gesellschaftlichen Zusammenhalt\u201c, erkl\u00e4rte Urban. Die IG Metall fordert daher eine offensive Sozialpolitik, die Sicherheit, Teilhabe und Gerechtigkeit garantiert.<\/p>\n\n\n\n<p><strong>IG Metall-Mitglieder fordern solidarische Finanzierung von und mit allen<\/strong><\/p>\n\n\n\n<p>F\u00fcr eine solide Finanzierung des Sozialstaats erwarten die IG Metall-Mitglieder die Einbeziehung aller Berufsgruppen in die Sozialversicherungen (98 Prozent), eine Reform der Beitragsbemessungsgrenzen (89 Prozent) sowie die st\u00e4rkere Heranziehung hoher Einkommen und Verm\u00f6gender (87 Prozent). F\u00fcr fast zwei Drittel (62 Prozent) w\u00e4ren h\u00f6here Sozialabgaben oder Steuern okay, wenn dem auch bessere Leistungen gegen\u00fcberst\u00fcnden.<\/p>\n\n\n\n<p>Im Mittelpunkt der IG Metall-Forderungen steht eine bessere Absicherung bei drohender Arbeitslosigkeit durch Kurzarbeit und eine stabile und verbesserte gesetzliche Rente. Urban betonte, dass zw\u00f6lf Monate Arbeitslosengeld angesichts des wirtschaftlichen Wandels nicht ausreichen. Wer lange eingezahlt hat, m\u00fcsse besser gesch\u00fctzt werden. Zudem soll das B\u00fcrgergeld als soziale Untergrenze nicht angegriffen, sondern zu einer solidarischen Grundsicherung weiterentwickelt werden. Die IG Metall verlangt massive Investitionen in die soziale Infrastruktur \u2013 insbesondere in Kitas, Pflege und Bildung. \u201eHier wurde zu lange gespart. Jetzt ist die Zeit f\u00fcr Investitionen in die Zukunft\u201c, so Urban.<\/p>\n\n\n\n<p><strong>\u201eKeine willk\u00fcrliche Deckelungen bei den Sozialbeitr\u00e4gen\u201c<\/strong><\/p>\n\n\n\n<p>Auch die Arbeitgeber stehen in der Pflicht. \u201eWer den wirtschaftlichen Wandel will und braucht, muss Besch\u00e4ftigung sichern und Qualifizierung erm\u00f6glichen\u201c, sagte Urban. Die Gewerkschaft fordert ein Recht auf berufliche Erstausbildung f\u00fcr alle Jugendlichen sowie einen Zukunftsfonds f\u00fcr Ausbildung. Zudem m\u00fcssen sich die Arbeitgeber angemessen an der Finanzierung des Sozialstaats beteiligen \u2013 durch verl\u00e4ssliche und parit\u00e4tisch finanzierte Sozialbeitr\u00e4ge. Urban: \u201eDiskussionen \u00fcber willk\u00fcrliche Deckelungen bei den Sozialbeitr\u00e4gen der Arbeitgeber m\u00fcssen aufh\u00f6ren. Profitmaximierung darf nicht auf Kosten der sozialen Teilhabe erfolgen.\u201c<\/p>\n\n\n\n<p>Grunds\u00e4tzlich fordert die IG Metall eine gerechtere Verteilung der Lasten. Hohe Einkommen und gro\u00dfe Verm\u00f6gen sollen st\u00e4rker zur Finanzierung des Sozialstaats beitragen. Urban forderte zudem die Aufhebung der Schuldenbremse und h\u00f6here Steuerzusch\u00fcsse f\u00fcr die sozialen Sicherungssysteme, um versicherungsfremde Leistungen \u2013 wie die M\u00fctterrente in der Rentenversicherung \u2013 tats\u00e4chlich abzudecken.<\/p>\n\n\n\n<p>\u201eDer Sozialstaat ist keine Last, sondern eine Investition in unsere gemeinsame Zukunft\u201c, fasste Urban zusammen. \u201eJetzt ist die Zeit, die Weichen neu zu stellen \u2013 f\u00fcr Sicherheit, Gerechtigkeit und sozialen Fortschritt.\u201c<\/p>\n\n\n\n<div class=\"wp-block-columns is-layout-flex wp-container-core-columns-is-layout-9d6595d7 wp-block-columns-is-layout-flex\">\n<div class=\"wp-block-column is-layout-flow wp-block-column-is-layout-flow\" style=\"flex-basis:33.33%\">\n<figure class=\"wp-block-image size-full\"><a href=\"https:\/\/www.igmetall.de\/presse\/ig-metall-vorstand\/dr-hans-juergen-urban\" target=\"_blank\" rel=\" noreferrer noopener\"><img loading=\"lazy\" decoding=\"async\" width=\"763\" height=\"744\" src=\"https:\/\/www.sinn-schaffen.de\/finanz\/wp-content\/uploads\/sites\/13\/2025\/06\/Hans-Juergen-Urban-Foto-Lando-Hass-IG-Metall-T.jpg\" alt=\"\" class=\"wp-image-1502\" title=\"Foto: IG Metall, Lando Hass\"\/><\/a><\/figure>\n<\/div>\n\n\n\n<div class=\"wp-block-column is-layout-flow wp-block-column-is-layout-flow\" style=\"flex-basis:66.66%\">\n<p><\/p>\n\n\n\n<p>Hans-J\u00fcrgen Urban ist gesch\u00e4ftsf\u00fchrendes Vorstandsmitglied der <a href=\"https:\/\/www.igmetall.de\/\" target=\"_blank\" rel=\"noreferrer noopener\">IG Metall<\/a>.<\/p>\n\n\n\n<figure class=\"wp-block-image size-full is-resized\"><a href=\"https:\/\/www.igmetall.de\/\" target=\"_blank\" rel=\" noreferrer noopener\"><img loading=\"lazy\" decoding=\"async\" width=\"1024\" height=\"1024\" src=\"https:\/\/www.sinn-schaffen.de\/finanz\/wp-content\/uploads\/sites\/13\/2025\/01\/IGMetall-Logo-1024x1024-1.jpg\" alt=\"\" class=\"wp-image-1470\" style=\"width:150px;height:auto\"\/><\/a><\/figure>\n<\/div>\n<\/div>\n\n\n\n<div class=\"wp-block-columns is-layout-flex wp-container-core-columns-is-layout-9d6595d7 wp-block-columns-is-layout-flex\">\n<div class=\"wp-block-column is-layout-flow wp-block-column-is-layout-flow\" style=\"flex-basis:33.33%\">\n<figure class=\"wp-block-image size-full\"><a href=\"https:\/\/www.igmetall.de\/download\/20250617_Sozialstaatskongress_Agenda_Papier.pdf\" target=\"_blank\" rel=\" noreferrer noopener\"><img loading=\"lazy\" decoding=\"async\" width=\"599\" height=\"846\" src=\"https:\/\/www.sinn-schaffen.de\/finanz\/wp-content\/uploads\/sites\/13\/2025\/06\/250617-Sozialstaatskongress-T.jpg\" alt=\"\" class=\"wp-image-1503\"\/><\/a><\/figure>\n<\/div>\n\n\n\n<div class=\"wp-block-column is-layout-flow wp-block-column-is-layout-flow\" style=\"flex-basis:66.66%\">\n<p><\/p>\n\n\n\n<p>Der Wortlaut der auf dem Sozialstaatskongress der IG Metall verabschiedeten Agenda steht <a href=\"https:\/\/www.igmetall.de\/download\/20250617_Sozialstaatskongress_Agenda_Papier.pdf\" target=\"_blank\" rel=\"noreferrer noopener\">\u00fcber diesen Link zum Download als PDF-Datei<\/a> bereit.<\/p>\n<\/div>\n<\/div>\n","protected":false},"excerpt":{"rendered":"<p>Betriebsr\u00e4te sowie Vertreter aus Politik und Wissenschaft diskutierten in Berlin \u00fcber die Zukunft des Sozialstaats und verabschiedeten eine Agenda f\u00fcr mehr Verteilungs- und Chancengerechtigkeit. Wer den Sozialstaat schw\u00e4cht, gef\u00e4hrdet den gesellschaftlichen Zusammenhalt. Die IG Metall fordert daher eine offensive Sozialpolitik, die Sicherheit, Teilhabe und Gerechtigkeit garantiert. (Berlin, 17. Juni 2025) Die IG Metall ruft Bundesregierung &hellip; <\/p>\n<p class=\"link-more\"><a href=\"https:\/\/www.sinn-schaffen.de\/finanz\/der-sozialstaat-ist-mehr-wert-als-er-kostet\/\" class=\"more-link\"><span class=\"screen-reader-text\">\u201e&#8222;Der Sozialstaat ist mehr wert, als er kostet&#8220;\u201c<\/span> weiterlesen<\/a><\/p>\n","protected":false},"author":1,"featured_media":0,"parent":0,"menu_order":0,"comment_status":"closed","ping_status":"closed","template":"","meta":{"footnotes":""},"class_list":["post-1506","page","type-page","status-publish","hentry"],"_links":{"self":[{"href":"https:\/\/www.sinn-schaffen.de\/finanz\/wp-json\/wp\/v2\/pages\/1506","targetHints":{"allow":["GET"]}}],"collection":[{"href":"https:\/\/www.sinn-schaffen.de\/finanz\/wp-json\/wp\/v2\/pages"}],"about":[{"href":"https:\/\/www.sinn-schaffen.de\/finanz\/wp-json\/wp\/v2\/types\/page"}],"author":[{"embeddable":true,"href":"https:\/\/www.sinn-schaffen.de\/finanz\/wp-json\/wp\/v2\/users\/1"}],"replies":[{"embeddable":true,"href":"https:\/\/www.sinn-schaffen.de\/finanz\/wp-json\/wp\/v2\/comments?post=1506"}],"version-history":[{"count":1,"href":"https:\/\/www.sinn-schaffen.de\/finanz\/wp-json\/wp\/v2\/pages\/1506\/revisions"}],"predecessor-version":[{"id":1507,"href":"https:\/\/www.sinn-schaffen.de\/finanz\/wp-json\/wp\/v2\/pages\/1506\/revisions\/1507"}],"wp:attachment":[{"href":"https:\/\/www.sinn-schaffen.de\/finanz\/wp-json\/wp\/v2\/media?parent=1506"}],"curies":[{"name":"wp","href":"https:\/\/api.w.org\/{rel}","templated":true}]}}