{"id":1512,"date":"2025-06-24T18:23:12","date_gmt":"2025-06-24T16:23:12","guid":{"rendered":"https:\/\/www.sinn-schaffen.de\/finanz\/?page_id=1512"},"modified":"2025-06-24T18:25:05","modified_gmt":"2025-06-24T16:25:05","slug":"globale-zustimmung-fuer-besteuerung-von-oel-gas-und-kohlekonzernen","status":"publish","type":"page","link":"https:\/\/www.sinn-schaffen.de\/finanz\/globale-zustimmung-fuer-besteuerung-von-oel-gas-und-kohlekonzernen\/","title":{"rendered":"Globale Zustimmung f\u00fcr Besteuerung von \u00d6l-, Gas- und Kohlekonzernen"},"content":{"rendered":"\n<p><em>81 Prozent der in einer weltweiten Umfrage Befragten bef\u00fcrworten neue Steuern auf die \u00d6l-, Gas- und Kohleindustrie, um die Bew\u00e4ltigung von Sch\u00e4den infolge von St\u00fcrmen, \u00dcberschwemmungen, D\u00fcrren, Waldbr\u00e4nden und anderen durch die Klimakrise befeuerten katastrophalen Ereignissen zu finanzieren. In Deutschland bef\u00fcrworten 68 Prozent solche Steuern. Mehr als zwei Drittel weltweit sind der Meinung, dass die fossile Industrie sowie Superreiche einen negativen Einfluss auf die Politik in ihrem Land haben; in Deutschland sind nahezu drei Viertel der Befragten dieser Ansicht.<\/em><\/p>\n\n\n\n<figure class=\"wp-block-image size-full\"><img loading=\"lazy\" decoding=\"async\" width=\"883\" height=\"497\" src=\"https:\/\/www.sinn-schaffen.de\/finanz\/wp-content\/uploads\/sites\/13\/2025\/06\/250624-NU-oxfam.png\" alt=\"\" class=\"wp-image-1508\" title=\"Foto: Nata Uchava, Magdeburg\"\/><\/figure>\n\n\n\n<p><strong>(Bonn, 19. Juni 2025)<\/strong> Laut einer weltweiten Umfrage von Greenpeace International und Oxfam International findet eine \u00fcberw\u00e4ltigende Mehrheit der Menschen, dass Regierungen \u00d6l-, Gas- und Kohlekonzerne besteuern sollten, um damit die Bew\u00e4ltigung von klimabedingten Verlusten und Sch\u00e4den zu unterst\u00fctzen. Au\u00dferdem tun Regierungen nach Ansicht der Mehrheit der Befragten nicht genug, um dem Einfluss von Superreichen und fossilen Konzernen auf die Politik entgegenzuwirken. Die Ergebnisse der Umfrage zeigen einen breiten Konsens \u00fcber politische Zugeh\u00f6rigkeiten, Einkommensstufen und Altersgruppen hinweg.<\/p>\n\n\n\n<p>Die Umfrage wurde von Greenpeace International und Oxfam International in Auftrag gegeben und in 13 L\u00e4ndern durchgef\u00fchrt, darunter auch in Deutschland und den meisten G7-L\u00e4ndern. Oxfam hat zus\u00e4tzlich berechnet, dass eine Besteuerung der Gewinne der weltweit 585 \u00d6l-, Gas- und Kohleunternehmen j\u00e4hrlich bis zu 400 Milliarden US-Dollar einbringen k\u00f6nnte. Der Betrag liegt in der Gr\u00f6\u00dfenordnung der gesch\u00e4tzten j\u00e4hrlichen Kosten unvermeidlicher Sch\u00e4den und Verluste infolge der Klimakrise im Globalen S\u00fcden. Eine Modellrechnung aus dem Jahr 2019 hatte diese Kosten auf j\u00e4hrlich 290 bis 1.045 Milliarden US-Dollar gesch\u00e4tzt. Die wichtigsten Ergebnisse der Umfrage:<\/p>\n\n\n\n<ul class=\"wp-block-list\">\n<li>81 Prozent der weltweit Befragten bef\u00fcrworten neue Steuern auf die \u00d6l-, Gas- und Kohleindustrie, um die Bew\u00e4ltigung von Sch\u00e4den infolge von St\u00fcrmen, \u00dcberschwemmungen, D\u00fcrren, Waldbr\u00e4nden und anderen durch die Klimakrise befeuerten katastrophalen Ereignissen zu finanzieren. In Deutschland bef\u00fcrworten 68 Prozent solche Steuern.<\/li>\n\n\n\n<li>86 Prozent der Befragten weltweit \u2013 und 77 Prozent der Deutschen \u2013 bef\u00fcrworten, dass die Einnahmen aus solchen Steuern denjenigen zugutekommen sollten, die am st\u00e4rksten von der Klimakrise betroffen sind. Die Klimakrise trifft Menschen in den L\u00e4ndern des Globalen S\u00fcdens unverh\u00e4ltnism\u00e4\u00dfig stark, gleichwohl sie historisch gesehen am wenigsten f\u00fcr die Treibhausgasemissionen verantwortlich sind.<\/li>\n\n\n\n<li>68 Prozent der weltweit Befragten sind der Meinung, dass die fossile Industrie sowie Superreiche einen negativen Einfluss auf die Politik in ihrem Land haben. In Deutschland sind sogar 74 Prozent der Befragten dieser Ansicht.<\/li>\n<\/ul>\n\n\n\n<p>Die Berechnungen von Oxfam nehmen 585 der weltweit gr\u00f6\u00dften und umweltsch\u00e4dlichsten fossile Unternehmen in den Blick. Im Jahr 2024 erwirtschafteten diese Unternehmen Gewinne in H\u00f6he von 583 Milliarden US-Dollar, was einem Anstieg von 68 Prozent seit 2019 entspricht.<\/p>\n\n\n\n<p>Eine Steuer auf die Gewinne fossiler Energiekonzerne w\u00fcrde erneuerbare Energien rentabler machen im Wettbewerb mit den fossilen Energien und zus\u00e4tzliche Anreize schaffen, in erneuerbare Energien zu investieren. Solch eine Ma\u00dfnahme sollte durch weitere Ma\u00dfnahmen erg\u00e4nzt werden, darunter h\u00f6here Steuern auf Superreiche sowie ein gerechtes, globales UN-Steuerabkommen.<\/p>\n\n\n\n<p>\u201e\u00dcberschwemmungen, D\u00fcrren, Waldbr\u00e4nde und extreme Wetterereignisse werden von \u00d6l- und Gas- und Kohlekonzernen angeheizt. Indem Regierungen schmutzige Energieunternehmen zur Kasse bitten, k\u00f6nnen riesige Geldsummen f\u00fcr Investitionen in Klimal\u00f6sungen generiert werden\u201c, sagt Rebecca Newsom, Global Political Lead f\u00fcr die Greenpeace-Kampagne. \u201eDer Polluters Pay Pact vereint betroffene Gemeinden von Klimakatastrophen, Ersthelfer wie Feuerwehrleute und humanit\u00e4re Gruppen auf der ganzen Welt, um Politiker*innen aufzufordern, jetzt zu handeln, indem sie die Verursacher und nicht die Menschen f\u00fcr Klimasch\u00e4den zahlen lassen.\u201c<\/p>\n\n\n\n<p>Amitabh Behar, CEO von Oxfam International, mahnt: \u201eFossile Energieunternehmen wissen seit Jahrzehnten um die Sch\u00e4den, die sie verursachen. Diese Konzerne verdienen ungeniert an der Klimakatastrophe und zerst\u00f6ren mit ihrer Profitgier die Lebensgrundlage von Millionen von Menschen, die h\u00e4ufig am wenigsten zur Klimakrise beigetragen haben. Reiche Umweltverschmutzer m\u00fcssen endlich f\u00fcr ihre Sch\u00e4den in die Verantwortung genommen werden. Eine neue Steuer auf fossile Industrien k\u00f6nnte L\u00e4nder bei der Bew\u00e4ltigung der Klimafolgesch\u00e4den unterst\u00fctzen und Anreize f\u00fcr Investitionen in erneuerbare Energien und den gerechten Umbau unserer Wirtschaften schaffen.\u201c<\/p>\n\n\n\n<div class=\"wp-block-columns is-layout-flex wp-container-core-columns-is-layout-9d6595d7 wp-block-columns-is-layout-flex\">\n<div class=\"wp-block-column is-layout-flow wp-block-column-is-layout-flow\" style=\"flex-basis:33.33%\">\n<figure class=\"wp-block-image size-full\"><a href=\"https:\/\/www.sinn-schaffen.de\/finanz\/wp-content\/uploads\/sites\/13\/2025\/06\/Oxfam-Polluter-profit-tax-methodology-note.pdf\" target=\"_blank\" rel=\" noreferrer noopener\"><img loading=\"lazy\" decoding=\"async\" width=\"599\" height=\"846\" src=\"https:\/\/www.sinn-schaffen.de\/finanz\/wp-content\/uploads\/sites\/13\/2025\/06\/Oxfam-Polluter-profit-tax-methodology-note-T.jpg\" alt=\"\" class=\"wp-image-1509\"\/><\/a><\/figure>\n<\/div>\n\n\n\n<div class=\"wp-block-column is-layout-flow wp-block-column-is-layout-flow\" style=\"flex-basis:66.66%\">\n<p><\/p>\n\n\n\n<p>Die methodologischen Hinweise zur Umfrage erl\u00e4utern Oxfams Modell der Steuer auf Gewinne fossiler Energiekonzerne. Sie stehen <a href=\"https:\/\/www.sinn-schaffen.de\/finanz\/wp-content\/uploads\/sites\/13\/2025\/06\/Oxfam-Polluter-profit-tax-methodology-note.pdf\" target=\"_blank\" data-type=\"link\" data-id=\"https:\/\/www.sinn-schaffen.de\/finanz\/wp-content\/uploads\/sites\/13\/2025\/06\/Oxfam-Polluter-profit-tax-methodology-note.pdf\" rel=\"noreferrer noopener\">\u00fcber diesen Link zum Download als PDF-Datei<\/a> bereit.<br>Ein<a href=\"https:\/\/www.oxfam.org\/en\/blogs\/rich-polluter-profits-tax-could-raise-400-billion-and-help-phase-out-fossil-fuels\" target=\"_blank\" rel=\"noreferrer noopener\"> \u00fcber diesen Link erreichbarer Blogbeitrag<\/a> erl\u00e4utert ebenfalls das Nodell. Die Studie im Auftrag von Oxfam International und Greenpeace wurde vom Marktforschungsunternehmen Dynata im Zeitraum Mai bis Juni 2025 in Brasilien, Kanada, Frankreich, Deutschland, Kenia, Italien, Indien, Mexiko, den Philippinen, S\u00fcdafrika, Spanien, dem Vereinigten K\u00f6nigreich und den USA durchgef\u00fchrt. Zusammen repr\u00e4sentieren diese L\u00e4nder fast die H\u00e4lfte der Weltbev\u00f6lkerung.<\/p>\n<\/div>\n<\/div>\n","protected":false},"excerpt":{"rendered":"<p>81 Prozent der in einer weltweiten Umfrage Befragten bef\u00fcrworten neue Steuern auf die \u00d6l-, Gas- und Kohleindustrie, um die Bew\u00e4ltigung von Sch\u00e4den infolge von St\u00fcrmen, \u00dcberschwemmungen, D\u00fcrren, Waldbr\u00e4nden und anderen durch die Klimakrise befeuerten katastrophalen Ereignissen zu finanzieren. In Deutschland bef\u00fcrworten 68 Prozent solche Steuern. Mehr als zwei Drittel weltweit sind der Meinung, dass die &hellip; <\/p>\n<p class=\"link-more\"><a href=\"https:\/\/www.sinn-schaffen.de\/finanz\/globale-zustimmung-fuer-besteuerung-von-oel-gas-und-kohlekonzernen\/\" class=\"more-link\"><span class=\"screen-reader-text\">\u201eGlobale Zustimmung f\u00fcr Besteuerung von \u00d6l-, Gas- und Kohlekonzernen\u201c<\/span> weiterlesen<\/a><\/p>\n","protected":false},"author":1,"featured_media":0,"parent":0,"menu_order":0,"comment_status":"closed","ping_status":"closed","template":"","meta":{"footnotes":""},"class_list":["post-1512","page","type-page","status-publish","hentry"],"_links":{"self":[{"href":"https:\/\/www.sinn-schaffen.de\/finanz\/wp-json\/wp\/v2\/pages\/1512","targetHints":{"allow":["GET"]}}],"collection":[{"href":"https:\/\/www.sinn-schaffen.de\/finanz\/wp-json\/wp\/v2\/pages"}],"about":[{"href":"https:\/\/www.sinn-schaffen.de\/finanz\/wp-json\/wp\/v2\/types\/page"}],"author":[{"embeddable":true,"href":"https:\/\/www.sinn-schaffen.de\/finanz\/wp-json\/wp\/v2\/users\/1"}],"replies":[{"embeddable":true,"href":"https:\/\/www.sinn-schaffen.de\/finanz\/wp-json\/wp\/v2\/comments?post=1512"}],"version-history":[{"count":1,"href":"https:\/\/www.sinn-schaffen.de\/finanz\/wp-json\/wp\/v2\/pages\/1512\/revisions"}],"predecessor-version":[{"id":1513,"href":"https:\/\/www.sinn-schaffen.de\/finanz\/wp-json\/wp\/v2\/pages\/1512\/revisions\/1513"}],"wp:attachment":[{"href":"https:\/\/www.sinn-schaffen.de\/finanz\/wp-json\/wp\/v2\/media?parent=1512"}],"curies":[{"name":"wp","href":"https:\/\/api.w.org\/{rel}","templated":true}]}}