{"id":1527,"date":"2025-07-26T16:37:36","date_gmt":"2025-07-26T14:37:36","guid":{"rendered":"https:\/\/www.sinn-schaffen.de\/finanz\/?page_id=1527"},"modified":"2025-07-26T16:52:34","modified_gmt":"2025-07-26T14:52:34","slug":"das-geld-liegt-fuer-den-staat-auf-der-strasse-so-auch-nach-dem-urteil-der-initiative-fuer-einen-handlungsfaehigen-staat","status":"publish","type":"page","link":"https:\/\/www.sinn-schaffen.de\/finanz\/das-geld-liegt-fuer-den-staat-auf-der-strasse-so-auch-nach-dem-urteil-der-initiative-fuer-einen-handlungsfaehigen-staat\/","title":{"rendered":"Das Geld liegt f\u00fcr den Staat auf der Stra\u00dfe \u2013 so auch nach dem Urteil der Initiative f\u00fcr einen handlungsf\u00e4higen Staat"},"content":{"rendered":"\n<p><em>Von Hans-Jochen Luhmann<\/em><\/p>\n\n\n\n<p><em>Die aktuelle Politik, die herrschenden Eliten haben anscheinend nicht begriffen, dass es um die Gleichbehandlung von Arm und Superreich geht. Es geht nicht lediglich um das viele Geld, das dem Staat entgeht und durch Abgaben von Ehrlichen ausgeglichen werden muss; es geht vielmehr auch darum, dass die Bev\u00f6lkerung der herrschenden Schicht zu trauen vermag. Dazu muss diese liefern, auch wenn es gegen ihre vordergr\u00fcndigen Interessen geht.<\/em><\/p>\n\n\n\n<figure class=\"wp-block-image size-full\"><img loading=\"lazy\" decoding=\"async\" width=\"1200\" height=\"801\" src=\"https:\/\/www.sinn-schaffen.de\/finanz\/wp-content\/uploads\/sites\/13\/2025\/07\/250716-NU-HJL.png\" alt=\"\" class=\"wp-image-1525\" title=\"Foto: Nata Uchava, Magdeburg\"\/><\/figure>\n\n\n\n<p>Auch im Vorfeld der Bundestagswahl 2025 hat sich eine partei\u00fcbergreifende Initiative gefunden, die <a href=\"https:\/\/www.ghst.de\/initiative-fuer-einen-handlungsfaehigen-staat\" target=\"_blank\" rel=\"noreferrer noopener\">die Bedingungen f\u00fcr gelingende Politik auf den Pr\u00fcfstand gestellt und Vorschl\u00e4ge zur Besserung ausgearbeitet hat<\/a>. Vor fr\u00fcheren Wahlen hatten \u00c4hnliches die katholische Bischofskonferenz (<a href=\"https:\/\/epub.wupperinst.org\/frontdoor\/deliver\/index\/docId\/4609\/file\/WB_2004-1.pdf\" target=\"_blank\" rel=\"noreferrer noopener\">vgl. \u201eReform der Reformf\u00e4higkeit\u201c<\/a>), ein Verbund der f\u00fchrenden privaten Stiftungen und, besonders erfolgreich, eine Bund-L\u00e4nder-Kommission zur F\u00f6deralismus-Reform gemacht. Das zielte jeweils auf anstehende Koalitionsverhandlungen, die bekanntlich in einem bemerkenswert d\u00fcrftigen Setting und ohne gro\u00dfe Vorbereitung der beteiligten Personen stattfindet. Bekannt ist, dass in Ministerien und Verb\u00e4nden jeweils Papiere auf dieses Ereignis hin ausgearbeitet werden. Doch sowohl die als auch das Format der Verhandlungen beziehen sich auf den Ressortzuschnitt und sind h\u00e4ufig interessengetrieben.<\/p>\n\n\n\n<p><a href=\"https:\/\/www.ghst.de\/initiative-fuer-einen-handlungsfaehigen-staat\" target=\"_blank\" rel=\"noreferrer noopener\">Die \u201eInitiative f\u00fcr einen handlungsf\u00e4higen Staat\u201c<\/a>, geleitet von zwei erfahrenen ehemaligen Politikern sowie einem fr\u00fcheren Pr\u00e4sidenten des Bundesverfassungsgerichts sowie einer Unternehmerin aus der Medienwelt, besetzt somit eine L\u00fccke und vertritt ein wichtiges Anliegen mit Alleinstellungsmerkmal. Aus \u00e4hnlichen Gr\u00fcnden d\u00fcrfte der Bundespr\u00e4sident entschieden haben, die Schirmherrschaft zu \u00fcbernehmen.<\/p>\n\n\n\n<p>Im Kontext des Dauerbrenner-Themas \u201e<em>Der Staat braucht mehr Geld<\/em>\u201c wird in der politischen Diskussion in Deutschland reflexartig immer nur von \u201e<em>Steuererh\u00f6hungen<\/em>\u201c gesprochen \u2013 und dann gibt es auch noch Politiker, die sich dazu hinrei\u00dfen lassen zu versprechen, dass es unter ihrer Mitregentschaft \u201e<em>keine <u>Steuer<\/u>erh\u00f6hungen<\/em>\u201c geben werde. Dem fachlich Versierten wie auch dem Stammtisch ist das Getue ein R\u00e4tsel, welches Verdacht n\u00e4hrt. Die politischen Protagonisten gehen offenbar von Zweierlei aus:<\/p>\n\n\n\n<ul class=\"wp-block-list\">\n<li>dass es neben \u201eSteuern\u201c keine weiteren Formen von Abgaben g\u00e4be, mit denen der Staat Geld einzieht;<\/li>\n\n\n\n<li>dass es nur die Welt des Legalen gibt. Von Schwarzarbeit ist noch manchmal die Rede. Bei weiterem Schwarzen hingegen, wo die Bessergestellten eher in Verdacht oder Verf\u00fchrung geraten k\u00f6nnen, <a href=\"https:\/\/www.nzz.ch\/international\/die-spd-im-kampf-gegen-schwarzgeld-ld.1445820\" target=\"_blank\" rel=\"noreferrer noopener\">bei Steuerhinterziehung<\/a> und illegalem Verm\u00f6genserwerb durch Geldw\u00e4sche, gibt es f\u00fcr die journalistische Berichterstattung nur Vorkommnisse im Ausland. Die werden als exotisch dargestellt.<\/li>\n<\/ul>\n\n\n\n<p><a href=\"https:\/\/www.coe.int\/en\/web\/moneyvalReform\" target=\"_blank\" rel=\"noreferrer noopener\">Die regelm\u00e4\u00dfigen Berichte des Europarats<\/a> lehren, dass Deutschland ein Paradies f\u00fcr dieserart illegale Erwerbst\u00e4tigkeiten sind. F\u00fcr beide Themen aber engagiert sich offenkundig kein aktiver Politiker. Warum nur ist das in Deutschland so \u00fcblich? Weshalb die Selbstzensur der Medien? Warum b\u00fcckt sich keine Bundesregierung, <a href=\"https:\/\/www.sinn-schaffen.de\/lesetipp\/das-geld-liegt-fuer-den-staat-auf-der-strasse-das-beispiel-flughafen-slots\/\" target=\"_blank\" rel=\"noreferrer noopener\">das Geld aufzuheben<\/a> beziehungsweise <a href=\"https:\/\/www.blog-der-republik.de\/das-geld-liegt-fuer-den-fiskus-auf-der-strasse-\u00a7-8-estdv-privilegiert-grundvermoegen-von-5-mrd-e\/\" target=\"_blank\" rel=\"noreferrer noopener\">eintreiben zu lassen<\/a> und auf Abgabenerh\u00f6hungen \u2013 oder aktuell astronomische Verschuldung \u2013 insoweit zu verzichten? Die Initiative f\u00fcr einen handlungsf\u00e4higen Staat hat sich zu diesem Themenbereich in der Rahmung so ge\u00e4u\u00dfert:<\/p>\n\n\n\n<p>\u201e<em>\u2026 Reformen &lt;m\u00fcssen sich&gt; mit dem <strong>Gerechtigkeitsempfinden<\/strong> der B\u00fcrgerinnen und B\u00fcrger auseinandersetzen. \u2026, &lt; wir&gt; empfehlen beispielhaft einige Ma\u00dfnahmen, die das Vertrauen der B\u00fcrgerinnen und B\u00fcrger in die Rechtsstaatlichkeit unseres Gemeinwesens st\u00e4rken und die F\u00e4higkeit des Staates belegen, seine Regeln auch durchzusetzen. \u2026.<\/em><\/p>\n\n\n\n<p>Um dann konkrete Vorschl\u00e4ge zu machen:<\/p>\n\n\n\n<p><em>\u201eKonkret schlagen wir vor:<\/em><\/p>\n\n\n\n<p><em>\u2014 Die <strong>intensivere Bek\u00e4mpfung<\/strong> von Steuerbetrug, Steuerhinterziehung, Geldw\u00e4sche, Sozialbetrug und Schwarzarbeit. Derzeit ist Deutschland ein f\u00fcr Schwerkriminelle beliebtes Ziel- und R\u00fcckzugsgebiet. Erfolge der Ermittlungsbeh\u00f6rden auf diesem Gebiet sind unter Gerechtigkeitsaspekten dringend n\u00f6tig und bieten zudem hohe zus\u00e4tzliche Beitr\u00e4ge in Milliardenh\u00f6he f\u00fcr die Staatskasse.<\/em><\/p>\n\n\n\n<p><em>\u2014 Bei Wirtschaftskriminalit\u00e4t und Steuerbetrug muss das Entdeckungsrisiko erh\u00f6ht werden. Die zust\u00e4ndigen Beh\u00f6rden m\u00fcssen im operativen Bereich durch mehr Personal, <strong>bessere Ausstattung, bessere Abstimmung<\/strong> und Koordination zwischen den Beh\u00f6rden gest\u00e4rkt werden. Die Arbeit der Staatsanwaltschaften muss durch binnenorganisatorische Ma\u00dfnahmen, wie zum Beispiel Spezialisierung, effektiver und schlagkr\u00e4ftiger werden. N\u00f6tig sind zum Beispiel:<\/em><\/p>\n\n\n\n<ul class=\"wp-block-list\">\n<li><em>eine <strong>bundeseinheitliche IT-Struktur<\/strong> zum Austausch aller relevanten Informationen der Ermittlungsbeh\u00f6rden (\u2192 Empfehlung 15);<\/em><\/li>\n\n\n\n<li><em>die Schaffung einer zentralen Stelle auf Bundesebene zur Bek\u00e4mpfung der international organisierten Steuerhinterziehung;<\/em><\/li>\n\n\n\n<li><em>die Verpflichtung von Unternehmen mit Gesch\u00e4ftst\u00e4tigkeit in Deutschland, ihre Gesch\u00e4ftsunterlagen mindestens in digitaler Form auch in Deutschland aufbewahren zu m\u00fcssen und nicht auf ausl\u00e4ndischen Servern zu speichern, sodass zuk\u00fcnftig Strafverfolgungsbeh\u00f6rden an diese Daten herankommen; <strong>Abbau von Doppelstrukturen<\/strong> wie zum Beispiel zwischen Zoll und Bundeskriminalamt.<\/em><\/li>\n<\/ul>\n\n\n\n<p>Da diese Empfehlungen der Initiative wegen der vorgezogenen Neuwahl zum Deutschen Bundestag nicht wie geplant vor der Wahl beziehungsweise vor dem Start der Koalitionsverhandlungen fertiggestellt waren, haben die Autoren die Gunst der Situation genutzt, ihre Vorschl\u00e4ge mit dem abzugleichen, was im aktuellen Koalitionsvertrag bereits aufgenommen worden ist. Zu den hier herausgegriffenen Themen liest sich der Abgleich wie folgt:<\/p>\n\n\n\n<p>\u201e<em>Der Koalitionsvertrag greift das von uns aufgeworfene Problem der Steuerhinterziehung und -vermeidung auf (Z. 1506 ff.). So sollen gegen Steueroasen vorgegangen, die Telefon\u00fcberwachung in schweren F\u00e4llen der bandenm\u00e4\u00dfigen Steuerhinterziehung erweitert und weitere Ma\u00dfnahmen gegen Cum-Cum-Gesch\u00e4fte gepr\u00fcft werden.<\/em><\/p>\n\n\n\n<p><em>Zur Bek\u00e4mpfung der Geldw\u00e4sche sollen die <strong>Kompetenzen des Bundes im Bereich der Finanzkriminalit\u00e4t geb\u00fcndelt<\/strong> und der Austausch mit den L\u00e4ndern sowie internationalen Organisationen und der EU verbessert werden (Z. 1544 ff.). Ebenso wird geplant, bestehende Instrumente der Verm\u00f6genseinziehung weiterzuentwickeln (Z. 1556 f.).\u201c<\/em><\/p>\n\n\n\n<p>Ja, das sind d\u00fcrftige Aussagen, die im ersten Absatz zeigen die Planlosigkeit, das Unsystematische. Sie wird es auch diesmal nichts werden. Die aktuelle Politik, die herrschenden Eliten haben anscheinend, wenn das der Grund denn ist, nicht begriffen, dass es um die Gleichbehandlung von Arm und Superreich geht. Es geht nicht lediglich um das viele Geld, welches dem Staat entgeht und durch die legalen Abgaben der Ehrlichen ausgeglichen werden m\u00fcssen; es geht vielmehr auch darum, dass die Bev\u00f6lkerung der herrschenden Schicht zu trauen vermag. Dazu muss diese liefern, auch wenn es gegen ihre vordergr\u00fcndigen Interessen geht.<\/p>\n\n\n\n<p>Die abschlie\u00dfende W\u00fcrdigung der Ank\u00fcndigungen im Koalitionsvertrag seitens der Initiative lautet:<\/p>\n\n\n\n<p><em>\u201eAngesichts der Dimension der Wirtschaftskriminalit\u00e4t und der Milliardenverluste f\u00fcr den Fiskus w\u00e4re allerdings die Ank\u00fcndigung konkreterer Ma\u00dfnahmen im Koalitionsvertrag n\u00f6tig gewesen.<\/em>\u201c Der Verdacht, der im Raume steht, lautet: Es geht um Finanzstr\u00f6me, von denen die Politik selbst etwas hat. So, mit diesen Ank\u00fcndigungen im Koalitionsvertrag, best\u00e4tigt man den Verdacht eher als dass man ihm widerspricht. Dementis durch Worte z\u00e4hlen da nicht mehr.<\/p>\n\n\n\n<div class=\"wp-block-columns is-layout-flex wp-container-core-columns-is-layout-9d6595d7 wp-block-columns-is-layout-flex\">\n<div class=\"wp-block-column is-layout-flow wp-block-column-is-layout-flow\" style=\"flex-basis:33.33%\">\n<figure class=\"wp-block-image size-full\"><a href=\"https:\/\/wupperinst.org\/c\/wi\/c\/s\/cd\/70\/\" target=\"_blank\" rel=\" noreferrer noopener\"><img loading=\"lazy\" decoding=\"async\" width=\"768\" height=\"640\" src=\"https:\/\/www.sinn-schaffen.de\/finanz\/wp-content\/uploads\/sites\/13\/2025\/07\/Luhmann_Jochen_FG1_farb-768x640-1.jpg\" alt=\"\" class=\"wp-image-1532\" title=\"Foto: Hans-Jochen Luhmann\"\/><\/a><\/figure>\n<\/div>\n\n\n\n<div class=\"wp-block-column is-layout-flow wp-block-column-is-layout-flow\" style=\"flex-basis:66.66%\">\n<p>Dr. Hans-Jochen Luhmann ist Senior Expert am\u00a0<a href=\"http:\/\/wupperinst.org\/\" target=\"_blank\" rel=\"noreferrer noopener\">Wuppertal Institut f\u00fcr Klima, Umwelt, Energie GmbH<\/a>.<\/p>\n<\/div>\n<\/div>\n","protected":false},"excerpt":{"rendered":"<p>Von Hans-Jochen Luhmann Die aktuelle Politik, die herrschenden Eliten haben anscheinend nicht begriffen, dass es um die Gleichbehandlung von Arm und Superreich geht. Es geht nicht lediglich um das viele Geld, das dem Staat entgeht und durch Abgaben von Ehrlichen ausgeglichen werden muss; es geht vielmehr auch darum, dass die Bev\u00f6lkerung der herrschenden Schicht zu &hellip; <\/p>\n<p class=\"link-more\"><a href=\"https:\/\/www.sinn-schaffen.de\/finanz\/das-geld-liegt-fuer-den-staat-auf-der-strasse-so-auch-nach-dem-urteil-der-initiative-fuer-einen-handlungsfaehigen-staat\/\" class=\"more-link\"><span class=\"screen-reader-text\">\u201eDas Geld liegt f\u00fcr den Staat auf der Stra\u00dfe \u2013 so auch nach dem Urteil der Initiative f\u00fcr einen handlungsf\u00e4higen Staat\u201c<\/span> weiterlesen<\/a><\/p>\n","protected":false},"author":1,"featured_media":0,"parent":0,"menu_order":0,"comment_status":"closed","ping_status":"closed","template":"","meta":{"footnotes":""},"class_list":["post-1527","page","type-page","status-publish","hentry"],"_links":{"self":[{"href":"https:\/\/www.sinn-schaffen.de\/finanz\/wp-json\/wp\/v2\/pages\/1527","targetHints":{"allow":["GET"]}}],"collection":[{"href":"https:\/\/www.sinn-schaffen.de\/finanz\/wp-json\/wp\/v2\/pages"}],"about":[{"href":"https:\/\/www.sinn-schaffen.de\/finanz\/wp-json\/wp\/v2\/types\/page"}],"author":[{"embeddable":true,"href":"https:\/\/www.sinn-schaffen.de\/finanz\/wp-json\/wp\/v2\/users\/1"}],"replies":[{"embeddable":true,"href":"https:\/\/www.sinn-schaffen.de\/finanz\/wp-json\/wp\/v2\/comments?post=1527"}],"version-history":[{"count":4,"href":"https:\/\/www.sinn-schaffen.de\/finanz\/wp-json\/wp\/v2\/pages\/1527\/revisions"}],"predecessor-version":[{"id":1534,"href":"https:\/\/www.sinn-schaffen.de\/finanz\/wp-json\/wp\/v2\/pages\/1527\/revisions\/1534"}],"wp:attachment":[{"href":"https:\/\/www.sinn-schaffen.de\/finanz\/wp-json\/wp\/v2\/media?parent=1527"}],"curies":[{"name":"wp","href":"https:\/\/api.w.org\/{rel}","templated":true}]}}