{"id":1647,"date":"2025-12-02T15:04:26","date_gmt":"2025-12-02T14:04:26","guid":{"rendered":"https:\/\/www.sinn-schaffen.de\/finanz\/?page_id=1647"},"modified":"2025-12-02T15:04:27","modified_gmt":"2025-12-02T14:04:27","slug":"behinderte-beschaeftigte-geraten-zunehmend-unter-druck","status":"publish","type":"page","link":"https:\/\/www.sinn-schaffen.de\/finanz\/behinderte-beschaeftigte-geraten-zunehmend-unter-druck\/","title":{"rendered":"Behinderte Besch\u00e4ftigte geraten zunehmend unter Druck"},"content":{"rendered":"\n<p><em>Dass Menschen mit Behinderung im Beruf immer schlechtere Perspektiven haben, kann die IG-Metall mit einer Umfrage unter Schwerbehindertenvertretungen belegen. Die aktuelle wirtschaftliche Lage trifft Menschen mit Behinderungen und Langzeiterkrankte besonders hart; sie werden nicht nur vielfach aus Betrieben gedr\u00e4ngt, sondern haben es auch besonders schwer, wieder in Arbeit zu kommen. Behinderte brauchen gerade jetzt Solidarit\u00e4t und Sicherheit in der Arbeitswelt.<\/em><\/p>\n\n\n\n<figure class=\"wp-block-image size-large\"><img loading=\"lazy\" decoding=\"async\" width=\"1024\" height=\"684\" src=\"https:\/\/www.sinn-schaffen.de\/finanz\/wp-content\/uploads\/sites\/13\/2025\/12\/251202-NU-dgb-igm-1024x684.jpg\" alt=\"\" class=\"wp-image-1644\" title=\"Foto: Nata Uchava, Magdeburg\"\/><\/figure>\n\n\n\n<p><strong>(Berlin, Frankfurt\/Main, 2. Dezember 2025)<\/strong> Anl\u00e4sslich des Internationalen Tages der Menschen mit Behinderungen am 3. Dezember sagte Anja Piel, DGB-Vorstandsmitglied: \u201eDie aktuelle wirtschaftliche Lage trifft Menschen mit Behinderungen und Langzeiterkrankte leider besonders hart; sie werden nicht nur vielfach aus Betrieben gedr\u00e4ngt, sondern haben es auch besonders schwer, wieder in Arbeit zu kommen. Viele Menschen mit Behinderungen sind trotz ihrer guten Qualifikationen nachweislich l\u00e4nger arbeitslos als Menschen ohne Behinderung.<\/p>\n\n\n\n<p>Dieses arbeitsmarktpolitische Armutszeugnis muss die Bundesregierung antreiben, Schutzl\u00fccken zu schlie\u00dfen. Solange Betriebe versuchen, Besch\u00e4ftigte mit Behinderungen \u00fcber Aufhebungsvertr\u00e4ge loszuwerden, umgehen Arbeitgeber vors\u00e4tzlich den besonderen K\u00fcndigungsschutz oder die vorgeschriebene Wiedereingliederung nach l\u00e4ngeren Erkrankungen.<\/p>\n\n\n\n<p>Der DGB fordert deshalb: Die Schwerbehindertenvertretung muss einfach bei allen personellen Entscheidungen zwingend beteiligt werden, sonst d\u00fcrfen sie nicht gelten. Was f\u00fcr eine K\u00fcndigung ohne Information und Anh\u00f6rung der Schwerbehindertenvertretung gilt, muss endlich auch f\u00fcr Aufhebungsvertr\u00e4ge gelten \u2013 alles darf erst mit der Begleitung wirksam werden.<\/p>\n\n\n\n<p>Dar\u00fcber hinaus braucht es f\u00fcr Langzeiterkrankte einen Rechtsanspruch auf ein betriebliches Eingliederungsmanagement. Wer nach einer langen, schweren Erkrankung wieder arbeiten m\u00f6chte, darf nicht l\u00e4nger mit einem Aufhebungsvertrag vom Hof geschickt werden.<\/p>\n\n\n\n<p>Das alles fordern wir als Gewerkschaften, weil Gleichberechtigte Teilhabe an Arbeit ein Menschenrecht ist \u2013 so steht es in der UN-Behindertenrechtskonvention.<\/p>\n\n\n\n<p>Wir streiten solange daf\u00fcr, bis dieses Recht in den Betrieben endlich konsequent durchgesetzt wird.\u201c<\/p>\n\n\n\n<h2 class=\"wp-block-heading\">Erfahrungen aus den Betrieben<\/h2>\n\n\n\n<p>Dass Menschen mit Behinderung im Beruf immer schlechtere Perspektiven haben, kann die IG-Metall mit einer Umfrage belegen. In 83 Prozent der Betriebe w\u00e4chst ihre Unsicherheit, in jedem vierten sogar deutlich. Das zeigt eine IG Metall-Umfrage unter rund 1000 Schwerbehindertenvertretungen (SBV) zum Welttag der Menschen mit Behinderung am 3. Dezember 2025. Nur 5 Prozent berichten von mehr Sicherheit.<\/p>\n\n\n\n<ul class=\"wp-block-list\">\n<li>Hauptursachen f\u00fcr geringere Perspektiven sind Stellenabbau und Umstrukturierungen in den Unternehmen (84 Prozent).<\/li>\n\n\n\n<li>44 Prozent der SBV melden, dass gezielt Arbeitspl\u00e4tze behinderter Besch\u00e4ftigter wegfallen.<\/li>\n\n\n\n<li>Fast ein Viertel (23 Prozent) kritisiert mangelnde Integration in den Betrieb.<\/li>\n\n\n\n<li>Die gr\u00f6\u00dften Belastungen f\u00fcr behinderte Besch\u00e4ftigte sind k\u00f6rperliche Anforderungen (68 Prozent),<\/li>\n\n\n\n<li>gefolgt von schlechter Arbeitsorganisation (40 Prozent) \u2013 etwa Zeitdruck, unklare Aufgaben oder monotone T\u00e4tigkeiten.<\/li>\n<\/ul>\n\n\n\n<p>\u201eBesch\u00e4ftigte mit Behinderung geh\u00f6ren zu den ersten Opfern der sich zuspitzenden Krise in den Betrieben\u201c, sagt IG Metall-Sozialvorstand Hans-J\u00fcrgen Urban. \u201eSchwerbehinderte brauchen gerade jetzt Solidarit\u00e4t und Sicherheit in der Arbeitswelt.\u201c<\/p>\n\n\n\n<h2 class=\"wp-block-heading\">Besch\u00e4ftigung Behinderter: Jeder zweite Betrieb dr\u00fcckt sich vor gesetzlicher Quote<\/h2>\n\n\n\n<p>Urban fordert einen \u201ebarrierefreien Arbeitsmarkt f\u00fcr alle\u201c und sp\u00fcrbare Sanktionen f\u00fcr Betriebe, die nicht gen\u00fcgend Schwerbehinderte besch\u00e4ftigen. \u201eEs reicht offensichtlich nicht, wenn sich hier Betriebe billig mit einer Ausgleichsabgabe freikaufen k\u00f6nnen. Wer gesetzliche Teilhaberechte missachtet, muss Konsequenzen sp\u00fcren.\u201c<\/p>\n\n\n\n<ul class=\"wp-block-list\">\n<li>Laut der IG Metall-Umfrage erf\u00fcllt nur jeder zweite Betrieb (47 Prozent) in ihrem Organisationsbereich die gesetzliche Pflicht zur Besch\u00e4ftigung schwerbehinderter Menschen.<\/li>\n\n\n\n<li>Mittelgro\u00dfe Unternehmen mit 100 bis 1000 Besch\u00e4ftigten halten die vorgeschriebene Quote von mindestens 5 Prozent nur zu 44 Prozent ein.<\/li>\n\n\n\n<li>Kleine Betriebe (bis 100 Besch\u00e4ftigte) und gro\u00dfe Unternehmen (\u00fcber 1000 Besch\u00e4ftigte) liegen bei 56 Prozent.<\/li>\n<\/ul>\n\n\n\n<p>Die Online-Befragung erfolgte unter 994 Betrieben mit einer Schwerbehindertenvertretung. Befragungszeitraum war der 10. bis 23. November 2025.<\/p>\n\n\n\n<div class=\"wp-block-columns is-layout-flex wp-container-core-columns-is-layout-9d6595d7 wp-block-columns-is-layout-flex\">\n<div class=\"wp-block-column is-layout-flow wp-block-column-is-layout-flow\" style=\"flex-basis:33.33%\">\n<figure class=\"wp-block-image size-full\"><a href=\"https:\/\/www.dgb.de\/der-dgb\/geschaeftsfuehrender-bundesvorstand\/anja-piel\/#c3249\" target=\"_blank\" rel=\" noreferrer noopener\"><img loading=\"lazy\" decoding=\"async\" width=\"960\" height=\"946\" src=\"https:\/\/www.sinn-schaffen.de\/finanz\/wp-content\/uploads\/sites\/13\/2025\/12\/Anja-Piel-by-dgb-Joanna-Kosowska-T.jpg\" alt=\"\" class=\"wp-image-1645\" title=\"Foto: DGB\/Joanna Kosowska\"\/><\/a><\/figure>\n<\/div>\n\n\n\n<div class=\"wp-block-column is-layout-flow wp-block-column-is-layout-flow\" style=\"flex-basis:66.66%\">\n<p><\/p>\n\n\n\n<p>Anja Piel ist Mitglied des Gesch\u00e4ftsf\u00fchrenden <a href=\"https:\/\/www.dgb.de\/\" target=\"_blank\" rel=\"noreferrer noopener\">DGB<\/a>-Bundesvorstandes.<\/p>\n\n\n\n<figure class=\"wp-block-image size-full is-resized\"><a href=\"https:\/\/www.dgb.de\/\" target=\"_blank\" rel=\" noreferrer noopener\"><img loading=\"lazy\" decoding=\"async\" width=\"284\" height=\"177\" src=\"https:\/\/www.sinn-schaffen.de\/finanz\/wp-content\/uploads\/sites\/13\/2018\/07\/DGBLOGO.png\" alt=\"\" class=\"wp-image-110\" style=\"width:162px;height:auto\"\/><\/a><\/figure>\n<\/div>\n<\/div>\n","protected":false},"excerpt":{"rendered":"<p>Dass Menschen mit Behinderung im Beruf immer schlechtere Perspektiven haben, kann die IG-Metall mit einer Umfrage unter Schwerbehindertenvertretungen belegen. Die aktuelle wirtschaftliche Lage trifft Menschen mit Behinderungen und Langzeiterkrankte besonders hart; sie werden nicht nur vielfach aus Betrieben gedr\u00e4ngt, sondern haben es auch besonders schwer, wieder in Arbeit zu kommen. Behinderte brauchen gerade jetzt Solidarit\u00e4t &hellip; <\/p>\n<p class=\"link-more\"><a href=\"https:\/\/www.sinn-schaffen.de\/finanz\/behinderte-beschaeftigte-geraten-zunehmend-unter-druck\/\" class=\"more-link\"><span class=\"screen-reader-text\">\u201eBehinderte Besch\u00e4ftigte geraten zunehmend unter Druck\u201c<\/span> weiterlesen<\/a><\/p>\n","protected":false},"author":1,"featured_media":0,"parent":0,"menu_order":0,"comment_status":"closed","ping_status":"closed","template":"","meta":{"footnotes":""},"class_list":["post-1647","page","type-page","status-publish","hentry"],"_links":{"self":[{"href":"https:\/\/www.sinn-schaffen.de\/finanz\/wp-json\/wp\/v2\/pages\/1647","targetHints":{"allow":["GET"]}}],"collection":[{"href":"https:\/\/www.sinn-schaffen.de\/finanz\/wp-json\/wp\/v2\/pages"}],"about":[{"href":"https:\/\/www.sinn-schaffen.de\/finanz\/wp-json\/wp\/v2\/types\/page"}],"author":[{"embeddable":true,"href":"https:\/\/www.sinn-schaffen.de\/finanz\/wp-json\/wp\/v2\/users\/1"}],"replies":[{"embeddable":true,"href":"https:\/\/www.sinn-schaffen.de\/finanz\/wp-json\/wp\/v2\/comments?post=1647"}],"version-history":[{"count":1,"href":"https:\/\/www.sinn-schaffen.de\/finanz\/wp-json\/wp\/v2\/pages\/1647\/revisions"}],"predecessor-version":[{"id":1648,"href":"https:\/\/www.sinn-schaffen.de\/finanz\/wp-json\/wp\/v2\/pages\/1647\/revisions\/1648"}],"wp:attachment":[{"href":"https:\/\/www.sinn-schaffen.de\/finanz\/wp-json\/wp\/v2\/media?parent=1647"}],"curies":[{"name":"wp","href":"https:\/\/api.w.org\/{rel}","templated":true}]}}