{"id":1660,"date":"2025-12-11T15:58:50","date_gmt":"2025-12-11T14:58:50","guid":{"rendered":"https:\/\/www.sinn-schaffen.de\/finanz\/?page_id=1660"},"modified":"2025-12-11T16:00:11","modified_gmt":"2025-12-11T15:00:11","slug":"ausreichende-finanzierung-von-menschenrechtsarbeit-ist-unverzichtbar","status":"publish","type":"page","link":"https:\/\/www.sinn-schaffen.de\/finanz\/ausreichende-finanzierung-von-menschenrechtsarbeit-ist-unverzichtbar\/","title":{"rendered":"Ausreichende Finanzierung von Menschenrechtsarbeit ist unverzichtbar"},"content":{"rendered":"\n<p><em>Schon jetzt m\u00fcssen der Menschenrechtsrat und die Vertragsorgane, die die Einhaltung der UN-Menschenrechtsvertr\u00e4ge \u00fcberwachen, Aktivit\u00e4ten mangels finanzieller Ressourcen einstellen. Brot f\u00fcr die Welt fordert die internationale Gemeinschaft ebenso wie die Bundesregierung dazu auf, ihrer finanziellen Verantwortung st\u00e4rker nachzukommen, anstatt weitere K\u00fcrzungen vorzunehmen.<\/em><\/p>\n\n\n\n<figure class=\"wp-block-image size-large\"><img loading=\"lazy\" decoding=\"async\" width=\"1024\" height=\"683\" src=\"https:\/\/www.sinn-schaffen.de\/finanz\/wp-content\/uploads\/sites\/13\/2025\/12\/251211-NU-brot-1024x683.jpg\" alt=\"\" class=\"wp-image-1657\" title=\"Foto: Nata Uchava, Magdeburg\"\/><\/figure>\n\n\n\n<p><strong>(Berlin, 10. Dezember 2025)<\/strong> Das Jahr 2025 war weltweit kein gutes Jahr f\u00fcr die Menschenrechte. Zum Internationalen Tag der Menschenrechte am 10. Dezember 2025 warnt Brot f\u00fcr die Welt deshalb vor weiteren K\u00fcrzungen bei der Finanzierung von Menschenrechtsarbeit \u2014 sowohl national als auch international. Besonders besorgniserregend seien die Einschnitte im Menschenrechtssystem der Vereinten Nationen. Eine angemessene Finanzierung ist jedoch die Grundlage f\u00fcr den Schutz und die F\u00f6rderung von Menschenrechten weltweit.<\/p>\n\n\n\n<p>Brot f\u00fcr die Welt fordert deshalb die internationale Gemeinschaft ebenso wie die Bundesregierung dazu auf, ihrer finanziellen Verantwortung st\u00e4rker nachzukommen, anstatt weitere K\u00fcrzungen vorzunehmen. Das UN-Menschenrechtssystem ist massiv von Finanzierungsengp\u00e4ssen betroffen: In seinem j\u00fcngsten Bericht an die Generalversammlung warnte der Hohe Kommissar f\u00fcr Menschenrechte ausdr\u00fccklich davor, dass sein B\u00fcro kaum noch in der Lage sei, angemessen auf akute Menschenrechtskrisen zu reagieren. Schon jetzt m\u00fcssen der Menschenrechtsrat und die Vertragsorgane, die die Einhaltung der UN-Menschenrechtsvertr\u00e4ge \u00fcberwachen, Aktivit\u00e4ten mangels finanzieller Ressourcen einstellen.<\/p>\n\n\n\n<p>\u201eOrganisationen, die etwa zu Geschlechtergerechtigkeit arbeiten, wird durch die K\u00fcrzungen der finanzielle Boden unter den F\u00fc\u00dfen weggezogen. Rund 90 Prozent der Frauenrechtsorganisationen sind von Finanzierungsl\u00fccken betroffen und 50 Prozent gehen davon aus, dass sie ihre Arbeit in den n\u00e4chsten Monaten beenden m\u00fcssen. 90 Prozent berichten zudem von Einschr\u00e4nkungen des Zugangs zu Hilfsangeboten von Betroffenen von geschlechtsspezifischer Gewalt, berichtet UN-Women. Die fehlende Finanzierung bedeutet konkret, dass Menschen die ben\u00f6tigte Hilfe nicht mehr erhalten\u201c, erl\u00e4utert Farina Hoffmann, Referent*in f\u00fcr Gendergerechtigkeit bei Brot f\u00fcr die Welt, die Folgen der internationalen K\u00fcrzungen.<\/p>\n\n\n\n<p>Julia Stoffner, Referentin f\u00fcr internationale Gesundheitspolitik bei Brot f\u00fcr die Welt, richtet ihren Blick auf die Folgen der K\u00fcrzungen im Bundeshaushalt 2025 und 2026 f\u00fcr das Menschenrecht auf Gesundheit: \u201eNicht nur im Bundesministerium f\u00fcr wirtschaftliche Zusammenarbeit und Entwicklung, sondern auch im Bundesministerium f\u00fcr Gesundheit wurden die finanziellen Mittel f\u00fcr Globale Gesundheit reduziert. Prominentestes Beispiel ist der Globale Fonds zur Bek\u00e4mpfung von Aids, Tuberkulose und Malaria, dessen Mittel um 300 Millionen Euro auf eine Milliarde Euro f\u00fcr die kommenden drei Jahre gek\u00fcrzt wurden. Die Folgen sind fatal: Weitere Millionen Menschen werden vermeidbare Krankheiten bekommen und sterben. Vor dem Hintergrund, dass der Weltgesundheitsorganisation aufgrund des US-Austritts 20 Prozent ihres Budgets wegfallen, ist eine K\u00fcrzung der Gelder f\u00fcr Globale Gesundheit durch die Bundesregierung ein weiterer schwerer Schlag gegen das Menschenrecht auf Gesundheit.\u201c<\/p>\n\n\n\n<div class=\"wp-block-columns is-layout-flex wp-container-core-columns-is-layout-9d6595d7 wp-block-columns-is-layout-flex\">\n<div class=\"wp-block-column is-layout-flow wp-block-column-is-layout-flow\" style=\"flex-basis:33.33%\">\n<figure class=\"wp-block-image size-large\"><a href=\"https:\/\/www.brot-fuer-die-welt.de\/ueber-uns\/farina-hoffmann\/\" target=\"_blank\" rel=\" noreferrer noopener\"><img loading=\"lazy\" decoding=\"async\" width=\"1024\" height=\"683\" src=\"https:\/\/www.sinn-schaffen.de\/finanz\/wp-content\/uploads\/sites\/13\/2025\/12\/Farina-Hoffmann-Brot-fuer-die-Welt-1024x683.jpg\" alt=\"\" class=\"wp-image-1658\" title=\"Foto: Brot f\u00fcr die Welt\"\/><\/a><\/figure>\n<\/div>\n\n\n\n<div class=\"wp-block-column is-layout-flow wp-block-column-is-layout-flow\" style=\"flex-basis:66.66%\">\n<p><\/p>\n\n\n\n<p>Farina Hoffmann ist Referent*in f\u00fcr Gendergerechtigkeit bei <a href=\"https:\/\/www.brot-fuer-die-welt.de\/\" target=\"_blank\" rel=\"noreferrer noopener\">Brot f\u00fcr die Welt<\/a>.<\/p>\n\n\n\n<figure class=\"wp-block-image size-full is-resized\"><a href=\"https:\/\/www.brot-fuer-die-welt.de\/\" target=\"_blank\" rel=\" noreferrer noopener\"><img loading=\"lazy\" decoding=\"async\" width=\"258\" height=\"132\" src=\"https:\/\/www.sinn-schaffen.de\/finanz\/wp-content\/uploads\/sites\/13\/2018\/10\/BrotFuerDieWeltLogo.gif\" alt=\"\" class=\"wp-image-162\" style=\"width:153px;height:auto\"\/><\/a><\/figure>\n<\/div>\n<\/div>\n","protected":false},"excerpt":{"rendered":"<p>Schon jetzt m\u00fcssen der Menschenrechtsrat und die Vertragsorgane, die die Einhaltung der UN-Menschenrechtsvertr\u00e4ge \u00fcberwachen, Aktivit\u00e4ten mangels finanzieller Ressourcen einstellen. Brot f\u00fcr die Welt fordert die internationale Gemeinschaft ebenso wie die Bundesregierung dazu auf, ihrer finanziellen Verantwortung st\u00e4rker nachzukommen, anstatt weitere K\u00fcrzungen vorzunehmen. (Berlin, 10. Dezember 2025) Das Jahr 2025 war weltweit kein gutes Jahr f\u00fcr &hellip; <\/p>\n<p class=\"link-more\"><a href=\"https:\/\/www.sinn-schaffen.de\/finanz\/ausreichende-finanzierung-von-menschenrechtsarbeit-ist-unverzichtbar\/\" class=\"more-link\"><span class=\"screen-reader-text\">\u201eAusreichende Finanzierung von Menschenrechtsarbeit ist unverzichtbar\u201c<\/span> weiterlesen<\/a><\/p>\n","protected":false},"author":1,"featured_media":0,"parent":0,"menu_order":0,"comment_status":"closed","ping_status":"closed","template":"","meta":{"footnotes":""},"class_list":["post-1660","page","type-page","status-publish","hentry"],"_links":{"self":[{"href":"https:\/\/www.sinn-schaffen.de\/finanz\/wp-json\/wp\/v2\/pages\/1660","targetHints":{"allow":["GET"]}}],"collection":[{"href":"https:\/\/www.sinn-schaffen.de\/finanz\/wp-json\/wp\/v2\/pages"}],"about":[{"href":"https:\/\/www.sinn-schaffen.de\/finanz\/wp-json\/wp\/v2\/types\/page"}],"author":[{"embeddable":true,"href":"https:\/\/www.sinn-schaffen.de\/finanz\/wp-json\/wp\/v2\/users\/1"}],"replies":[{"embeddable":true,"href":"https:\/\/www.sinn-schaffen.de\/finanz\/wp-json\/wp\/v2\/comments?post=1660"}],"version-history":[{"count":2,"href":"https:\/\/www.sinn-schaffen.de\/finanz\/wp-json\/wp\/v2\/pages\/1660\/revisions"}],"predecessor-version":[{"id":1663,"href":"https:\/\/www.sinn-schaffen.de\/finanz\/wp-json\/wp\/v2\/pages\/1660\/revisions\/1663"}],"wp:attachment":[{"href":"https:\/\/www.sinn-schaffen.de\/finanz\/wp-json\/wp\/v2\/media?parent=1660"}],"curies":[{"name":"wp","href":"https:\/\/api.w.org\/{rel}","templated":true}]}}