{"id":1689,"date":"2026-02-04T17:32:32","date_gmt":"2026-02-04T16:32:32","guid":{"rendered":"https:\/\/www.sinn-schaffen.de\/finanz\/?page_id=1689"},"modified":"2026-02-04T17:32:33","modified_gmt":"2026-02-04T16:32:33","slug":"breites-buendnis-fordert-mehr-tempo-bei-der-modernisierung-der-schuldenregel","status":"publish","type":"page","link":"https:\/\/www.sinn-schaffen.de\/finanz\/breites-buendnis-fordert-mehr-tempo-bei-der-modernisierung-der-schuldenregel\/","title":{"rendered":"Breites B\u00fcndnis fordert mehr Tempo bei der Modernisierung der Schuldenregel"},"content":{"rendered":"\n<p><em>Soziale Daseinsvorsorge und Klimaschutz brauchen eine verl\u00e4ssliche Finanzierungsgrundlage, die unter den bestehenden Schuldenregeln nicht gegeben ist. Aktuell gleichen unsere Schuldenregeln einem Flickenteppich aus Sonderverm\u00f6gen, Ausnahmeregelungen und willk\u00fcrlichen Zahlen im Grundgesetz. Das ist keine Dauerl\u00f6sung.<\/em><\/p>\n\n\n\n<figure class=\"wp-block-image size-large\"><img loading=\"lazy\" decoding=\"async\" width=\"1024\" height=\"683\" src=\"https:\/\/www.sinn-schaffen.de\/finanz\/wp-content\/uploads\/sites\/13\/2026\/02\/260204-NU-Buendnis-1024x683.jpg\" alt=\"\" class=\"wp-image-1685\" title=\"Foto: Nata Uchava, Magdeburg\"\/><\/figure>\n\n\n\n<p><strong>(Berlin, 27. Januar 2026)<\/strong> Ein breites B\u00fcndnis aus 14 Verb\u00e4nden aus Gewerkschaften, Umwelt-, Sozial- und Wohlfahrtsverb\u00e4nden, Mieterbund, Jugendverb\u00e4nden und Kirchen fordert alle demokratischen Parteien auf, die Modernisierung der Schuldenregel entschlossen voranzubringen. Die Bundesregierung hatte angek\u00fcndigt, bis Ende 2025 einen Reformvorschlag vorzulegen; bislang liegt ein solcher jedoch nicht vor. Aus Sicht der Verb\u00e4nde ist eine Reform der Schuldenregel unerl\u00e4sslich, um langfristige Zukunftsinvestitionen dauerhaft und verl\u00e4sslich abzusichern.<\/p>\n\n\n\n<p>Stefan K\u00f6rzell, DGB-Vorstandsmitglied: \u201cEin Blick in den Bundeshaushalt zeigt schon heute, dass der finanzielle Druck in den kommenden Jahren weiter steigt. Mit dem 500-Milliarden-Sonderverm\u00f6gen lassen sich l\u00e4ngst nicht alle aufgestauten Investitionsl\u00fccken der letzten Jahrzehnte schlie\u00dfen. Daher brauchen wir eine Schuldenbremse, die Zukunftsinvestitionen langfristig sichert \u2013 wir erwarten Reformvorschl\u00e4ge, die das ber\u00fccksichtigen: Bund, L\u00e4nder und vor allem Kommunen m\u00fcssen mehr investieren k\u00f6nnen. Die Menschen m\u00fcssen vor Ort erleben, dass der Staat wieder handlungsf\u00e4hig wird. Zukunftsinvestitionen erzeugen zus\u00e4tzliches Wirtschaftswachstum, schaffen h\u00f6here Produktionskapazit\u00e4ten und sichern gute Arbeitspl\u00e4tze. Das ist wichtig f\u00fcr den klimagerechten Umbau der Wirtschaft und gleichwertige Lebensbedingungen f\u00fcr alle.\u201d<\/p>\n\n\n\n<p>R\u00fcdiger Schuch, Pr\u00e4sident der Diakonie Deutschland: \u201cSoziale Daseinsvorsorge und Klimaschutz brauchen eine verl\u00e4ssliche Finanzierungsgrundlage, die unter den bestehenden Schuldenregeln nicht gegeben ist. Das Finanzpaket vom M\u00e4rz 2025 weist zwar in die richtige Richtung, es ersetzt aber keine grundlegende Modernisierung der Schuldenregeln. Zentrale Leistungen \u2013 von Pflege \u00fcber Kinder- und Jugendhilfe bis hin zu Angeboten f\u00fcr Wohnungslose und Menschen mit Behinderungen \u2013 brauchen ein stabiles Fundament und m\u00fcssen vor Sparzwang gesch\u00fctzt werden. \u00c4u\u00dfere, innere und soziale Sicherheit m\u00fcssen langfristig finanziell abgesichert und zusammengedacht werden.\u201d<\/p>\n\n\n\n<p>Carl M\u00fchlbach, Gr\u00fcnder und Gesch\u00e4ftsf\u00fchrer von FiscalFuture: \u201eDas Sonderverm\u00f6gen f\u00fcr Infrastruktur und Klimaneutralit\u00e4t ist ein enormer Schritt nach vorn. Aktuell gleichen unsere Schuldenregeln allerdings einem Flickenteppich aus Sonderverm\u00f6gen, Ausnahmeregelungen und willk\u00fcrlichen Zahlen im Grundgesetz. Das ist keine Dauerl\u00f6sung. Es braucht eine Vollendung der Reform der Schuldenbremse, die Investitionen auch \u00fcber das Sonderverm\u00f6gen hinaus erm\u00f6glicht. Das st\u00e4rkt Vertrauen und schafft Planungssicherheit &#8211; f\u00fcr Bund, L\u00e4nder, Kommunen und Unternehmen. Besonders junge Menschen und kommende Generationen sind auf zuk\u00fcnftige Investitionen angewiesen, eine abschlie\u00dfende Reform der Schuldenbremse ist daher auch in ihrem Interesse.\u201c<\/p>\n\n\n\n<p>Michael Sch\u00e4fer, Gesch\u00e4ftsf\u00fchrer GermanZero: \u201cSchluss mit den Tricksereien. Statt mit Sonderverm\u00f6gen Haushaltsl\u00f6cher zu stopfen, brauchen wir eine zielgenaue Reform der Schuldenbremse. Das beendet Wahlgeschenke auf Pump und schafft Raum f\u00fcr langfristige L\u00f6sungen. Klare Regeln f\u00fcr Zukunftsinvestitionen finanzieren wirksamen Klimaschutz und sichern Wohlstand und Generationengerechtigkeit.\u201d<\/p>\n\n\n\n<h2 class=\"wp-block-heading\">Die unterzeichnenden Verb\u00e4nde<\/h2>\n\n\n\n<ul class=\"wp-block-list\">\n<li>Arbeiter-Samariter-Bund Deutschland (ASB)<\/li>\n\n\n\n<li>Arbeitsgemeinschaft der Evangelischen Jugend in Deutschland e. V. (aej)<\/li>\n\n\n\n<li>AWO-Bundesverband<\/li>\n\n\n\n<li>Bund der Deutschen Katholischen Jugend (BDKJ)<\/li>\n\n\n\n<li>Campact<\/li>\n\n\n\n<li>Deutscher Gewerkschaftsbund (DGB)<\/li>\n\n\n\n<li>Deutscher Mieterbund (DMB)<\/li>\n\n\n\n<li>Diakonie Deutschland<\/li>\n\n\n\n<li>Evangelische Kirche von Westfalen<\/li>\n\n\n\n<li>FiscalFuture<\/li>\n\n\n\n<li>GermanZero<\/li>\n\n\n\n<li>Klima-Allianz Deutschland<\/li>\n\n\n\n<li>Parit\u00e4tischer Gesamtverband<\/li>\n\n\n\n<li>WWF Deutschland<\/li>\n<\/ul>\n\n\n\n<div class=\"wp-block-columns is-layout-flex wp-container-core-columns-is-layout-9d6595d7 wp-block-columns-is-layout-flex\">\n<div class=\"wp-block-column is-layout-flow wp-block-column-is-layout-flow\" style=\"flex-basis:33.33%\">\n<figure class=\"wp-block-image size-full\"><a href=\"https:\/\/www.dgb.de\/der-dgb\/geschaeftsfuehrender-bundesvorstand\/stefan-koerzell\/\" target=\"_blank\" rel=\" noreferrer noopener\"><img loading=\"lazy\" decoding=\"async\" width=\"300\" height=\"351\" src=\"https:\/\/www.sinn-schaffen.de\/finanz\/wp-content\/uploads\/sites\/13\/2022\/03\/Stefan-Koerzel-Foto-DGB-Simone-M-Neumann-K.jpg\" alt=\"\" class=\"wp-image-981\" title=\"Foto: DGB\/Simone M. Neumann\"\/><\/a><\/figure>\n<\/div>\n\n\n\n<div class=\"wp-block-column is-layout-flow wp-block-column-is-layout-flow\" style=\"flex-basis:66.66%\">\n<p><\/p>\n\n\n\n<p>Stefan K\u00f6rzell ist Mitglied des Gesch\u00e4ftsf\u00fchrenden <a href=\"https:\/\/www.dgb.de\/\" target=\"_blank\" rel=\"noreferrer noopener\">DGB<\/a>-Bundesvorstandes.<\/p>\n\n\n\n<figure class=\"wp-block-image size-full is-resized\"><a href=\"https:\/\/www.dgb.de\/\" target=\"_blank\" rel=\" noreferrer noopener\"><img loading=\"lazy\" decoding=\"async\" width=\"284\" height=\"177\" src=\"https:\/\/www.sinn-schaffen.de\/finanz\/wp-content\/uploads\/sites\/13\/2018\/07\/DGBLOGO.png\" alt=\"\" class=\"wp-image-110\" style=\"width:164px;height:auto\"\/><\/a><\/figure>\n<\/div>\n<\/div>\n\n\n\n<div class=\"wp-block-columns is-layout-flex wp-container-core-columns-is-layout-9d6595d7 wp-block-columns-is-layout-flex\">\n<div class=\"wp-block-column is-layout-flow wp-block-column-is-layout-flow\" style=\"flex-basis:33.33%\">\n<figure class=\"wp-block-image size-full\"><a href=\"https:\/\/www.dgb.de\/fileadmin\/dateien\/Dokumente\/270126_Appell_Schuldenbremse.pdf\" target=\"_blank\" rel=\" noreferrer noopener\"><img loading=\"lazy\" decoding=\"async\" width=\"599\" height=\"846\" src=\"https:\/\/www.sinn-schaffen.de\/finanz\/wp-content\/uploads\/sites\/13\/2026\/02\/270126_Appell_Schuldenbremse-T.jpg\" alt=\"\" class=\"wp-image-1686\"\/><\/a><\/figure>\n<\/div>\n\n\n\n<div class=\"wp-block-column is-layout-flow wp-block-column-is-layout-flow\" style=\"flex-basis:66.66%\">\n<p><\/p>\n\n\n\n<p>Der gemeinsame &#8222;Appell f\u00fcr eine Modernisierung der Schuldenregel&#8220; der 14 Verb\u00e4nde steht <a href=\"https:\/\/www.dgb.de\/fileadmin\/dateien\/Dokumente\/270126_Appell_Schuldenbremse.pdf\" target=\"_blank\" rel=\"noreferrer noopener\">\u00fcber diesen Link zum Download als PDF-Datei<\/a> bereit.<\/p>\n<\/div>\n<\/div>\n","protected":false},"excerpt":{"rendered":"<p>Soziale Daseinsvorsorge und Klimaschutz brauchen eine verl\u00e4ssliche Finanzierungsgrundlage, die unter den bestehenden Schuldenregeln nicht gegeben ist. Aktuell gleichen unsere Schuldenregeln einem Flickenteppich aus Sonderverm\u00f6gen, Ausnahmeregelungen und willk\u00fcrlichen Zahlen im Grundgesetz. Das ist keine Dauerl\u00f6sung. (Berlin, 27. Januar 2026) Ein breites B\u00fcndnis aus 14 Verb\u00e4nden aus Gewerkschaften, Umwelt-, Sozial- und Wohlfahrtsverb\u00e4nden, Mieterbund, Jugendverb\u00e4nden und Kirchen fordert &hellip; <\/p>\n<p class=\"link-more\"><a href=\"https:\/\/www.sinn-schaffen.de\/finanz\/breites-buendnis-fordert-mehr-tempo-bei-der-modernisierung-der-schuldenregel\/\" class=\"more-link\"><span class=\"screen-reader-text\">\u201eBreites B\u00fcndnis fordert mehr Tempo bei der Modernisierung der Schuldenregel\u201c<\/span> weiterlesen<\/a><\/p>\n","protected":false},"author":1,"featured_media":0,"parent":0,"menu_order":0,"comment_status":"closed","ping_status":"closed","template":"","meta":{"footnotes":""},"class_list":["post-1689","page","type-page","status-publish","hentry"],"_links":{"self":[{"href":"https:\/\/www.sinn-schaffen.de\/finanz\/wp-json\/wp\/v2\/pages\/1689","targetHints":{"allow":["GET"]}}],"collection":[{"href":"https:\/\/www.sinn-schaffen.de\/finanz\/wp-json\/wp\/v2\/pages"}],"about":[{"href":"https:\/\/www.sinn-schaffen.de\/finanz\/wp-json\/wp\/v2\/types\/page"}],"author":[{"embeddable":true,"href":"https:\/\/www.sinn-schaffen.de\/finanz\/wp-json\/wp\/v2\/users\/1"}],"replies":[{"embeddable":true,"href":"https:\/\/www.sinn-schaffen.de\/finanz\/wp-json\/wp\/v2\/comments?post=1689"}],"version-history":[{"count":1,"href":"https:\/\/www.sinn-schaffen.de\/finanz\/wp-json\/wp\/v2\/pages\/1689\/revisions"}],"predecessor-version":[{"id":1690,"href":"https:\/\/www.sinn-schaffen.de\/finanz\/wp-json\/wp\/v2\/pages\/1689\/revisions\/1690"}],"wp:attachment":[{"href":"https:\/\/www.sinn-schaffen.de\/finanz\/wp-json\/wp\/v2\/media?parent=1689"}],"curies":[{"name":"wp","href":"https:\/\/api.w.org\/{rel}","templated":true}]}}