{"id":1697,"date":"2026-03-05T13:16:43","date_gmt":"2026-03-05T12:16:43","guid":{"rendered":"https:\/\/www.sinn-schaffen.de\/finanz\/?page_id=1697"},"modified":"2026-03-05T13:17:45","modified_gmt":"2026-03-05T12:17:45","slug":"uranatlas-2026-atomkraft-verstaerkt-die-geopolitische-abhaengigkeit-europas-von-russland","status":"publish","type":"page","link":"https:\/\/www.sinn-schaffen.de\/finanz\/uranatlas-2026-atomkraft-verstaerkt-die-geopolitische-abhaengigkeit-europas-von-russland\/","title":{"rendered":"Uranatlas 2026: Atomkraft verst\u00e4rkt die geopolitische Abh\u00e4ngigkeit Europas von Russland"},"content":{"rendered":"\n<p><em>Der russische Staatskonzern Rosatom forciert den weltweiten AKW-Ausbau wie kein anderes Unternehmen; von den 24 Atommeilern, die derzeit au\u00dferhalb Chinas und Russlands gebaut werden, f\u00fchrt Rosatom bei 17 den Bauauftrag aus. 19 Reaktoren in der EU \u2013 in Finnland, Tschechien, Ungarn, der Slowakei und in Bulgarien \u2013 k\u00f6nnen nur mit Brennelementen russischer Bauart betrieben werden. Weil die USA selbst nur wenige Tonnen Uran im eigenen Land f\u00f6rdern, ist auch der US-amerikanische Atomkonzern Westinghouse auf Uranlieferungen von au\u00dferhalb angewiesen.<\/em><\/p>\n\n\n\n<figure class=\"wp-block-image size-full\"><img loading=\"lazy\" decoding=\"async\" width=\"1200\" height=\"800\" src=\"https:\/\/www.sinn-schaffen.de\/finanz\/wp-content\/uploads\/sites\/13\/2026\/03\/260305-NU-IPPNW.jpg\" alt=\"\" class=\"wp-image-1692\" title=\"Foto: Nata Uchava, Magdeburg\"\/><\/figure>\n\n\n\n<p><strong>(M\u00fcnchen \/ Berlin \/ Hamburg, 3. M\u00e4rz 2026)<\/strong> Anl\u00e4sslich des 15. Jahrestages der Reaktorkatastrophe von Fukushima am 11. M\u00e4rz 2026 und des 40. Jahrestages der Katastrophe von Tschernobyl warnen die Herausgeber*innen des Uranatlas 2026 vor einem neuen nuklearen Wettr\u00fcsten. \u201eNicht nur modernisieren alle Atomwaffenstaaten ihre Arsenale und Tr\u00e4gersysteme. Es besteht dar\u00fcber hinaus die gro\u00dfe Gefahr, dass weitere Staaten Atomwaffen herstellen\u201c, erkl\u00e4ren die Herausgeber*innen und appellieren gemeinsam an die Bundesregierung, sich f\u00fcr nukleare R\u00fcstungskontrolle, einen erneuten New-Start-Vertrag und Abr\u00fcstung einzusetzen.<\/p>\n\n\n\n<p>Dabei spielt Atomkraft eine entscheidende Rolle, denn die zivile Atomkraft ist eng verkn\u00fcpft mit der nuklearen Aufr\u00fcstung, wie der Atlas darlegt, den die Nuclear Free Future Foundation (NFFF), der Bund f\u00fcr Umwelt und Naturschutz Deutschland (BUND), die Rosa-Luxemburg-Stiftung, die Umweltstiftung Greenpeace, die \u00c4rzt*innenorgani-sation IPPNW und .ausgestrahlt herausgegeben haben. Von den 65 derzeit im Bau befindlichen Atomkraftwerken (AKW) werden 63 in oder von Atomwaffenstaaten gebaut. Die Abh\u00e4ngigkeit Europas und der Welt von der global vernetzten Uran-Industrie, insbesondere von Russland, ist trotz des Ukraine-Kriegs weiter gewachsen. \u201eDer russische Staatskonzern Rosatom ist treibende Kraft beim Bau neuer Atomkraftwerke und geopolitischer Arm des Kremlchefs Putin\u201c, erkl\u00e4ren die Herausgeber*innen.<\/p>\n\n\n\n<p>Angelika Clau\u00dfen, Co-Vorsitzende der \u00c4rzteorganisation IPPNW erg\u00e4nzt: \u201eWir sind \u00fcberzeugt, dass zu einer langfristig effektiven nuklearen Abr\u00fcstung auch der Ausstieg aus der Atomenergie geh\u00f6rt. In Deutschland m\u00fcssen wir diesen Ausstieg noch vollenden, indem wir die Urananreicherung und die Produktion von Brennelementen beenden. Gerade jetzt, da \u00f6ffentlich \u00fcber europ\u00e4ische Atomwaffen mit deutscher Beteiligung spekuliert wird, w\u00e4re dies ein wichtiges Zeichen f\u00fcr Abr\u00fcstung und eine friedliche Zukunft mit erneuerbaren Energien.\u201d<\/p>\n\n\n\n<h2 class=\"wp-block-heading\">SMR-Projekte gescheitert<\/h2>\n\n\n\n<p>Ungeachtet dessen fordern Unionspolitiker*innen wie etwa Bayerns Ministerpr\u00e4sident Markus S\u00f6der und Bundeswirtschaftsministerin Katherina Reiche den Bau von sogenannten Small Modular Reaktoren (SMR) und damit den Wiedereinstieg in die Atomkraft.<\/p>\n\n\n\n<p>Susanne Gerstner, stellvertretende Vorsitzende des Bund f\u00fcr Umwelt und Naturschutz Deutschland (BUND): \u201eEinen Wiedereinstieg in die Atomkraft darf es in Deutschland nicht geben. Kleine sogenannte smarte Reaktoren sind teuer, gef\u00e4hrlich und unwirtschaftlich. Zudem scheitern weltweit immer mehr Projekte an den horrenden Kosten und fehlender Wirtschaftlichkeit. Der SMR-Hype ist eine Nebelkerze, die unn\u00f6tig Steuergelder verbrennt. Deutschland ist aus gutem Grund, mit Zustimmung der Union, aus der Atomkraft ausgestiegen, daran gibt es nichts zu r\u00fctteln.\u201c<\/p>\n\n\n\n<h2 class=\"wp-block-heading\">Rosatom: Zusammenarbeit in Deutschland<\/h2>\n\n\n\n<p>Der russische Staatskonzern Rosatom forciert den weltweiten AKW-Ausbau wie kein anderes Unternehmen und bezeichnet sich auf seiner Webseite selbst als die Nummer Eins im weltweiten Atommarkt: Von den 24 Atommeilern, die derzeit au\u00dferhalb Chinas und Russlands gebaut werden, f\u00fchrt Rosatom bei 17 den Bauauftrag aus. Hinzu kommt der Handel mit Uran und Brennelementen: Rosatom geh\u00f6rt zu den f\u00fcnf gr\u00f6\u00dften Uranbergbaufirmen der Welt, die zusammen \u00fcber 75 Prozent der Uranf\u00f6rderung kontrollieren. Bei der Urananreicherung und der Herstellung von Brennelementen, ist die Abh\u00e4ngigkeit noch gr\u00f6\u00dfer: Ein gro\u00dfer Teil des weltweiten Bedarfs kommt von Rosatom. Gleichzeitig soll der russische Staatskonzern \u00fcber ein Joint Venture mit der franz\u00f6sischen Orano-Tochter Framatome am deutschen Standort Lingen an der Brennelemente-Fertigung f\u00fcr osteurop\u00e4ische AKW russischer Bauart beteiligt werden.<\/p>\n\n\n\n<p>Bettina Ackermann von der Anti-Atom-Organisation .ausgestrahlt: \u201eDie Bundesregierung muss die Kapazit\u00e4tserweiterung untersagen und die Atomgesch\u00e4fte mit dem Kreml in Lingen beenden. Die Abh\u00e4ngigkeit Europas von Uran und Brennelementen aus Russland ist ohnehin schon so gro\u00df, dass trotz des Angriffskriegs Russlands gegen die Ukraine der gesamte Atomsektor Russlands bislang nicht sanktioniert worden ist. Diese Abh\u00e4ngigkeit darf durch eine m\u00f6gliche Zusammenarbeit mit Rosatom am Standort Lingen nicht noch weiter wachsen.\u201c<\/p>\n\n\n\n<h2 class=\"wp-block-heading\">Geopolitische Abh\u00e4ngigkeit Europas<\/h2>\n\n\n\n<p>19 Reaktoren in der EU \u2013 in Finnland, Tschechien, Ungarn, der Slowakei und in Bulgarien \u2013 k\u00f6nnen nur mit Brennelementen russischer Bauart betrieben werden. Inzwischen ist zwar nicht nur Rosatom, sondern auch der US-amerikanische Atomkonzern Westinghouse in der Lage, diese Brennelemente herzustellen. Weil die USA selbst aber nur wenige Tonnen Uran im eigenen Land f\u00f6rdern, ist auch der US-amerikanische Hersteller auf Uranlieferungen von au\u00dferhalb angewiesen.<\/p>\n\n\n\n<p>Bernd Riexinger, Vorstandsvorsitzender der Rosa-Luxemburg-Stiftung: \u201eAtomkraft schafft gro\u00dfe geopolitische Abh\u00e4ngigkeiten. Russland nutzt \u00fcber seinen Staatskonzern Rosatom alle verf\u00fcgbaren Hebel, um seinen politischen Einfluss zu vergr\u00f6\u00dfern. So baut Rosatom nicht nur in \u00c4gypten das erste AKW mit vier Meilern, sondern hat mit 18 weiteren Staaten Atomabkommen zum Bau von Atomkraftwerken geschlossen, obwohl die wenigsten \u00fcberhaupt die technische Infrastruktur besitzen, um den Strom eines Gro\u00dfkraftwerks nutzen zu k\u00f6nnen. Das ist vollkommen unsinnig.\u201c<\/p>\n\n\n\n<h2 class=\"wp-block-heading\">Uranabbau zerst\u00f6rt Lebensr\u00e4ume<\/h2>\n\n\n\n<p>Uran spielt bei den geopolitischen Strategieplanungen eine zentrale Rolle. Wie der aktuelle Uranatlas zeigt, sind die f\u00fcnf gr\u00f6\u00dften Firmen f\u00fcr fast 80 Prozent des weltweiten Uranabbaus verantwortlich.<\/p>\n\n\n\n<p>Heinz Smital, Atom-Campaigner von Greenpeace: \u201eDie USA betreiben aktuell 94 Atomkraftwerke, Pr\u00e4sident Trump will die Atomstromproduktion bis 2050 allerdings vervierfachen. Damit das in Gang kommt, werden in den USA die Sicherheitsvorschriften f\u00fcr Atomkraftwerke zusammengek\u00fcrzt, was das Katastrophenrisiko enorm erh\u00f6ht. Der Versuch von US-Pr\u00e4sident Donald Trump den Uranbergbau im eigenen Land wieder zu beleben und mehr Uran aus Kanada zu beziehen geht zu Lasten der First Nations, die unter den gesundheitlichen Folgen des Uranbergbaus leiden.\u201c<\/p>\n\n\n\n<h2 class=\"wp-block-heading\">Neokoloniale Strukturen<\/h2>\n\n\n\n<p>Um den Gesch\u00e4digten des Uranbergbaus eine Stimme zu geben, verweist Horst Hamm, gesch\u00e4ftsf\u00fchrender Vorstand der NFFF und Projektleiter des Uranatlas, auf die neokolonialen Strukturen im Uranbergbau: \u201eUran wurde und wird zu gro\u00dfen Teilen vom Land indigener V\u00f6lker in Kanada, Australien, Niger und den USA oder in autorit\u00e4ren Staaten wie Kasachstan und Russland abgebaut. Uranbergbau sch\u00e4digt die Lebensgrundlagen in den jeweiligen Regionen massiv und verst\u00f6\u00dft gegen die Menschenrechte. Uranbergbau muss verboten werden.\u201c<\/p>\n\n\n\n<h2 class=\"wp-block-heading\">Weitere Informationen<\/h2>\n\n\n\n<p>Der aktualisierte Uranatlas 2026 erkl\u00e4rt auf 64 Seiten mit Grafiken und Karten den Weg des Urans. Neue Kapitel zum Atomeinstieg der T\u00fcrkei und zum russischen Staatskonzern Rosatom zeigen die geopolitischen Abh\u00e4ngigkeiten und den Zusammenhang von friedlicher und milit\u00e4rischer Nutzung der Atomkraft. Mit dem Atlas verdeutlichen die sechs Herausgeber*innen, warum Uran im Boden bleiben muss.<\/p>\n\n\n\n<div class=\"wp-block-columns is-layout-flex wp-container-core-columns-is-layout-9d6595d7 wp-block-columns-is-layout-flex\">\n<div class=\"wp-block-column is-layout-flow wp-block-column-is-layout-flow\" style=\"flex-basis:33.33%\">\n<figure class=\"wp-block-image size-full\"><a href=\"https:\/\/www.ippnw.de\/der-verein\/vorstand\/dr-angelika-claussen.html\" target=\"_blank\" rel=\" noreferrer noopener\"><img loading=\"lazy\" decoding=\"async\" width=\"850\" height=\"1278\" src=\"https:\/\/www.sinn-schaffen.de\/finanz\/wp-content\/uploads\/sites\/13\/2026\/03\/Angelika-Claussen-IPPNW.jpg\" alt=\"\" class=\"wp-image-1693\" title=\"Foto: IPPNW\"\/><\/a><\/figure>\n<\/div>\n\n\n\n<div class=\"wp-block-column is-layout-flow wp-block-column-is-layout-flow\" style=\"flex-basis:66.66%\">\n<p><\/p>\n\n\n\n<p>Angelika Clau\u00dfen ist Co-Vorsitzende der \u00c4rzteorganisation <a href=\"https:\/\/www.ippnw.de\/startseite.html\" target=\"_blank\" rel=\"noreferrer noopener\">IPPNW Deutschland (Internationale \u00c4rzt<em>innen f\u00fcr die Verh\u00fctung des Atomkrieges, \u00c4rzt<\/em>innen in sozialer Verantwortung e. V.)<\/a><\/p>\n\n\n\n<figure class=\"wp-block-image size-large is-resized\"><a href=\"https:\/\/www.ippnw.de\/startseite.html\" target=\"_blank\" rel=\" noreferrer noopener\"><img loading=\"lazy\" decoding=\"async\" width=\"864\" height=\"1024\" src=\"https:\/\/www.sinn-schaffen.de\/finanz\/wp-content\/uploads\/sites\/13\/2020\/05\/IPPNW-Logo-864x1024.jpg\" alt=\"\" class=\"wp-image-447\" style=\"aspect-ratio:0.8437376858322594;width:130px;height:auto\"\/><\/a><\/figure>\n<\/div>\n<\/div>\n\n\n\n<div class=\"wp-block-columns is-layout-flex wp-container-core-columns-is-layout-9d6595d7 wp-block-columns-is-layout-flex\">\n<div class=\"wp-block-column is-layout-flow wp-block-column-is-layout-flow\" style=\"flex-basis:33.33%\">\n<figure class=\"wp-block-image size-full\"><a href=\"https:\/\/shop.ippnw.de\/produkt\/uran-atlas\/\" target=\"_blank\" rel=\" noreferrer noopener\"><img loading=\"lazy\" decoding=\"async\" width=\"595\" height=\"842\" src=\"https:\/\/www.sinn-schaffen.de\/finanz\/wp-content\/uploads\/sites\/13\/2026\/03\/Uranatlas_2026-1.jpg\" alt=\"\" class=\"wp-image-1694\"\/><\/a><\/figure>\n<\/div>\n\n\n\n<div class=\"wp-block-column is-layout-flow wp-block-column-is-layout-flow\" style=\"flex-basis:66.66%\">\n<p><\/p>\n\n\n\n<p>Der &#8222;Uranatlas 2025&#8220; steht <a href=\"https:\/\/shop.ippnw.de\/produkt\/uran-atlas\/\" target=\"_blank\" rel=\"noreferrer noopener\">\u00fcber diesen Link zum Download als PDF-Datei<\/a> bereit.<\/p>\n<\/div>\n<\/div>\n\n\n\n<div class=\"wp-block-columns is-layout-flex wp-container-core-columns-is-layout-9d6595d7 wp-block-columns-is-layout-flex\">\n<div class=\"wp-block-column is-layout-flow wp-block-column-is-layout-flow\" style=\"flex-basis:33.33%\">\n<figure class=\"wp-block-image size-full\"><a href=\"https:\/\/www.bund.net\/fileadmin\/user_upload_bund\/publikationen\/atomkraft\/Faktenblatt-Uran.pdf\" target=\"_blank\" rel=\" noreferrer noopener\"><img loading=\"lazy\" decoding=\"async\" width=\"599\" height=\"846\" src=\"https:\/\/www.sinn-schaffen.de\/finanz\/wp-content\/uploads\/sites\/13\/2026\/03\/Faktenblatt-Uran-T.jpg\" alt=\"\" class=\"wp-image-1698\"\/><\/a><\/figure>\n<\/div>\n\n\n\n<div class=\"wp-block-column is-layout-flow wp-block-column-is-layout-flow\" style=\"flex-basis:66.66%\">\n<p><\/p>\n\n\n\n<p>Ein vierseitiges &#8222;Faktenblatt Uran&#8220; steht <a href=\"https:\/\/www.bund.net\/fileadmin\/user_upload_bund\/publikationen\/atomkraft\/Faktenblatt-Uran.pdf\" target=\"_blank\" rel=\"noreferrer noopener\">\u00fcber diesen Link zum Download als PDF-Datei<\/a> bereit.<\/p>\n<\/div>\n<\/div>\n","protected":false},"excerpt":{"rendered":"<p>Der russische Staatskonzern Rosatom forciert den weltweiten AKW-Ausbau wie kein anderes Unternehmen; von den 24 Atommeilern, die derzeit au\u00dferhalb Chinas und Russlands gebaut werden, f\u00fchrt Rosatom bei 17 den Bauauftrag aus. 19 Reaktoren in der EU \u2013 in Finnland, Tschechien, Ungarn, der Slowakei und in Bulgarien \u2013 k\u00f6nnen nur mit Brennelementen russischer Bauart betrieben werden. &hellip; <\/p>\n<p class=\"link-more\"><a href=\"https:\/\/www.sinn-schaffen.de\/finanz\/uranatlas-2026-atomkraft-verstaerkt-die-geopolitische-abhaengigkeit-europas-von-russland\/\" class=\"more-link\"><span class=\"screen-reader-text\">\u201eUranatlas 2026: Atomkraft verst\u00e4rkt die geopolitische Abh\u00e4ngigkeit Europas von Russland\u201c<\/span> weiterlesen<\/a><\/p>\n","protected":false},"author":1,"featured_media":0,"parent":0,"menu_order":0,"comment_status":"closed","ping_status":"closed","template":"","meta":{"footnotes":""},"class_list":["post-1697","page","type-page","status-publish","hentry"],"_links":{"self":[{"href":"https:\/\/www.sinn-schaffen.de\/finanz\/wp-json\/wp\/v2\/pages\/1697","targetHints":{"allow":["GET"]}}],"collection":[{"href":"https:\/\/www.sinn-schaffen.de\/finanz\/wp-json\/wp\/v2\/pages"}],"about":[{"href":"https:\/\/www.sinn-schaffen.de\/finanz\/wp-json\/wp\/v2\/types\/page"}],"author":[{"embeddable":true,"href":"https:\/\/www.sinn-schaffen.de\/finanz\/wp-json\/wp\/v2\/users\/1"}],"replies":[{"embeddable":true,"href":"https:\/\/www.sinn-schaffen.de\/finanz\/wp-json\/wp\/v2\/comments?post=1697"}],"version-history":[{"count":2,"href":"https:\/\/www.sinn-schaffen.de\/finanz\/wp-json\/wp\/v2\/pages\/1697\/revisions"}],"predecessor-version":[{"id":1700,"href":"https:\/\/www.sinn-schaffen.de\/finanz\/wp-json\/wp\/v2\/pages\/1697\/revisions\/1700"}],"wp:attachment":[{"href":"https:\/\/www.sinn-schaffen.de\/finanz\/wp-json\/wp\/v2\/media?parent=1697"}],"curies":[{"name":"wp","href":"https:\/\/api.w.org\/{rel}","templated":true}]}}