{"id":283,"date":"2019-04-05T14:08:07","date_gmt":"2019-04-05T12:08:07","guid":{"rendered":"https:\/\/www.sinn-schaffen.de\/finanz\/?page_id=283"},"modified":"2020-09-04T18:46:28","modified_gmt":"2020-09-04T16:46:28","slug":"altmaier-muss-verhandlungsmandate-fuer-handelsabkommen-eu-usa-ablehnen","status":"publish","type":"page","link":"https:\/\/www.sinn-schaffen.de\/finanz\/altmaier-muss-verhandlungsmandate-fuer-handelsabkommen-eu-usa-ablehnen\/","title":{"rendered":"Zivilgesellschaftliche Organisationen fordern: Altmaier muss Verhandlungsmandate f\u00fcr Handelsabkommen EU-USA ablehnen"},"content":{"rendered":"\n<p><em>Zw\u00f6lf zivilgesellschaftliche Organisationen fordern Bundeswirtschaftsminister Peter Altmaier auf, neuen Verhandlungen \u00fcber ein Handelsabkommen der EU mit den USA nicht zuzustimmen. Stattdessen sollte die Bundesregierung einen breiten Prozess gestalten, ob und unter welchen Bedingungen sowie mit welchen Inhalten Verhandlungen mit den USA gef\u00fchrt werden sollen. In diesen Prozess m\u00fcsse auch die Zivilgesellschaft einbezogen werden.<\/em><\/p>\n\n\n\n<hr class=\"wp-block-separator\"\/>\n\n\n\n<div class=\"wp-block-image\"><figure class=\"alignleft\"><img decoding=\"async\" src=\"https:\/\/www.sinn-schaffen.de\/finanz\/wp-content\/uploads\/sites\/13\/2019\/04\/JW-Offener-Brief-Altmaier.jpg\" alt=\"\" class=\"wp-image-313\" title=\"Foto: J\u00f6rg Winter, Karlsruhe.\"\/><\/figure><\/div>\n\n\n\n<hr class=\"wp-block-separator\"\/>\n\n\n\n<p><strong>(Berlin\/ Frankfurt am Main, 5. April 2019)<\/strong> Ein B\u00fcndnis aus zw\u00f6lf zivilgesellschaftlichen Organisationen fordert Bundeswirtschaftsminister Peter Altmaier am heutigen Freitag <a rel=\"noreferrer noopener\" aria-label=\"in einem offenen Brief dazu auf, neuen Verhandlungen \u00fcber ein Handelsabkommen der EU mit den USA nicht zuzustimmen (\u00f6ffnet in neuem Tab)\" href=\"https:\/\/t1p.de\/Offener-Brief-Altmaier\" target=\"_blank\">in einem offenen Brief dazu auf, neuen Verhandlungen \u00fcber ein Handelsabkommen der EU mit den USA nicht zuzustimmen<\/a>. Bereits am kommenden Montag k\u00f6nnte der EU-Ministerrat \u00fcber zwei Verhandlungsmandate der EU-Kommission abstimmen. Die unterzeichnenden Organisationen fordern unter anderem<\/p>\n\n\n\n<div class=\"wp-block-image\"><figure class=\"alignright is-resized\"><a href=\"https:\/\/www.attac.de\/fileadmin\/user_upload\/bundesebene\/Pressegruppe\/190405_Offener-Brief-Altmaier_EU-USA-Verhandlungen.pdf\" target=\"_blank\" rel=\"noreferrer noopener\"><img decoding=\"async\" src=\"https:\/\/www.sinn-schaffen.de\/finanz\/wp-content\/uploads\/sites\/13\/2019\/04\/190405_Offener-Brief-Altmaier_EU-USA-Verhandlungen-T.jpg\" alt=\"\" class=\"wp-image-285\" width=\"320\"\/><\/a><\/figure><\/div>\n\n\n\n<ul class=\"wp-block-list\"><li>keine Handelsverhandlungen zu f\u00fchren, so lange\ndie EU durch die Androhung von Strafz\u00f6llen unter Druck gesetzt wird,<\/li><li>die Ratifizierung und aktive Umsetzung des\nPariser Abkommens zu einer Voraussetzung f\u00fcr den Abschluss von Handelsabkommen\nzu machen,<\/li><li>das alte TTIP-Mandat zu l\u00f6schen,<\/li><li>keine undemokratische regulatorische Kooperation\nzuzulassen,<\/li><li>eine verpflichtende Ratifizierung und Umsetzung\nder Kernarbeitsnormen der internationalen Arbeitsorganisation (IAO) in die\nMandate aufzunehmen,<\/li><li>Nachhaltigkeitsfolgen streng zu \u00fcberwachen und\ndie ordnungsgem\u00e4\u00dfe Durchf\u00fchrung von Folgenabsch\u00e4tzungen bei allen Verhandlungen\nder EU zu gew\u00e4hrleisten.<\/li><\/ul>\n\n\n\n<p>Statt den Verhandlungsmandaten zuzustimmen, solle die\nBundesregierung in Deutschland einen breiten Prozess gestalten, ob und unter\nwelchen Bedingungen sowie mit welchen Inhalten Verhandlungen mit den USA\ngef\u00fchrt werden sollen. In diesen Prozess m\u00fcsse auch die Zivilgesellschaft einbezogen\nwerden.<\/p>\n\n\n\n<p><strong>Die unterzeichnenden\nOrganisationen sind:<\/strong><\/p>\n\n\n\n<p>Arbeitsgemeinschaft b\u00e4uerliche Landwirtschaft (AbL), Attac Deutschland,\nBerliner Wassertisch, BUND, Campact, Forum Umwelt und Entwicklung, Greenpeace,\nGr\u00fcne Liga, Katholische Landjugendbewegung Deutschlands (KLJB), Naturfreunde\nDeutschlands, Powershift, SOAL &#8211; Alternativer Wohlfahrtsverband.<\/p>\n","protected":false},"excerpt":{"rendered":"<p>Zw\u00f6lf zivilgesellschaftliche Organisationen fordern Bundeswirtschaftsminister Peter Altmaier auf, neuen Verhandlungen \u00fcber ein Handelsabkommen der EU mit den USA nicht zuzustimmen. Stattdessen sollte die Bundesregierung einen breiten Prozess gestalten, ob und unter welchen Bedingungen sowie mit welchen Inhalten Verhandlungen mit den USA gef\u00fchrt werden sollen. In diesen Prozess m\u00fcsse auch die Zivilgesellschaft einbezogen werden. (Berlin\/ Frankfurt &hellip; <\/p>\n<p class=\"link-more\"><a href=\"https:\/\/www.sinn-schaffen.de\/finanz\/altmaier-muss-verhandlungsmandate-fuer-handelsabkommen-eu-usa-ablehnen\/\" class=\"more-link\"><span class=\"screen-reader-text\">\u201eZivilgesellschaftliche Organisationen fordern: Altmaier muss Verhandlungsmandate f\u00fcr Handelsabkommen EU-USA ablehnen\u201c<\/span> weiterlesen<\/a><\/p>\n","protected":false},"author":1,"featured_media":0,"parent":0,"menu_order":142,"comment_status":"closed","ping_status":"closed","template":"","meta":{"footnotes":""},"class_list":["post-283","page","type-page","status-publish","hentry"],"_links":{"self":[{"href":"https:\/\/www.sinn-schaffen.de\/finanz\/wp-json\/wp\/v2\/pages\/283","targetHints":{"allow":["GET"]}}],"collection":[{"href":"https:\/\/www.sinn-schaffen.de\/finanz\/wp-json\/wp\/v2\/pages"}],"about":[{"href":"https:\/\/www.sinn-schaffen.de\/finanz\/wp-json\/wp\/v2\/types\/page"}],"author":[{"embeddable":true,"href":"https:\/\/www.sinn-schaffen.de\/finanz\/wp-json\/wp\/v2\/users\/1"}],"replies":[{"embeddable":true,"href":"https:\/\/www.sinn-schaffen.de\/finanz\/wp-json\/wp\/v2\/comments?post=283"}],"version-history":[{"count":5,"href":"https:\/\/www.sinn-schaffen.de\/finanz\/wp-json\/wp\/v2\/pages\/283\/revisions"}],"predecessor-version":[{"id":602,"href":"https:\/\/www.sinn-schaffen.de\/finanz\/wp-json\/wp\/v2\/pages\/283\/revisions\/602"}],"wp:attachment":[{"href":"https:\/\/www.sinn-schaffen.de\/finanz\/wp-json\/wp\/v2\/media?parent=283"}],"curies":[{"name":"wp","href":"https:\/\/api.w.org\/{rel}","templated":true}]}}