{"id":359,"date":"2019-11-06T15:17:30","date_gmt":"2019-11-06T14:17:30","guid":{"rendered":"https:\/\/www.sinn-schaffen.de\/finanz\/?page_id=359"},"modified":"2020-09-04T14:52:01","modified_gmt":"2020-09-04T12:52:01","slug":"deutsche-umwelthilfe-zur-groko-bitte-lieber-ein-ende-mit-schrecken-als-noch-zwei-weitere-jahre-bleierne-zeit","status":"publish","type":"page","link":"https:\/\/www.sinn-schaffen.de\/finanz\/deutsche-umwelthilfe-zur-groko-bitte-lieber-ein-ende-mit-schrecken-als-noch-zwei-weitere-jahre-bleierne-zeit\/","title":{"rendered":"Deutsche Umwelthilfe zur GroKo: &#8222;Bitte lieber ein Ende mit Schrecken als noch zwei weitere Jahre bleierne Zeit.&#8220;"},"content":{"rendered":"\n<p><em>&#8222;Wann endlich begreift diese Bundesregierung, dass der Erhalt der Mobilit\u00e4t in Deutschland einen konsequenten Ausbau von Bahn, Bus und Fahrrad-Infrastruktur erfordert und unsere St\u00e4dte nicht in einer Blechlawine von SUV-Stadtpanzern ersticken d\u00fcrfen?&#8220;, kommentiert die Deutsche Umwelthilfe zur Halbzeit-Bilanz der Gro\u00dfen Koalition. Der Umwelt- und Verbraucherschutzverband wirft den Regierenden von CDU\/CSU und SPD vor, keine Strategie f\u00fcr relevante Zukunftsthemen zu verfolgen und sich in den F\u00e4ngen von Industrie-Lobbyisten zu befinden. Ihre &#8222;Politik&#8220; ersch\u00f6pfe sich darin, ganz oder halb abgearbeitete Spiegelstriche zu addieren.<\/em><\/p>\n\n\n\n<hr class=\"wp-block-separator\"\/>\n\n\n\n<div class=\"wp-block-image\"><figure class=\"alignleft\"><img decoding=\"async\" src=\"https:\/\/www.sinn-schaffen.de\/finanz\/wp-content\/uploads\/sites\/13\/2019\/11\/NU-191106-DUH-Halbzeit-GroKo.jpg\" alt=\"\" class=\"wp-image-313\" title=\"Foto: Nata Uchava, Freiburg.\"\/><\/figure><\/div>\n\n\n\n<hr class=\"wp-block-separator\"\/>\n\n\n\n<p><strong>(Berlin, 6. November 2019)<\/strong> Die Halbzeit-Bilanz der Deutschen Umwelthilfe (DUH) f\u00fcr die Gro\u00dfe Koalition f\u00e4llt ern\u00fcchternd aus. Der Umwelt- und Verbraucherschutzverband wirft den Regierenden von CDU\/CSU und SPD vor, keine Strategie f\u00fcr relevante Zukunftsthemen zu haben und sich weiterhin in den F\u00e4ngen der Industrie-Lobbyisten zu befinden. Es kommentieren die Bundesgesch\u00e4ftsf\u00fchrer Sascha M\u00fcller-Kraenner und J\u00fcrgen Resch.<\/p>\n\n\n\n<p>\u201eDiese Regierung hat noch zu keiner der entscheidenden\nZukunftsfragen dieses Landes eine \u00fcberzeugende Antwort, geschweige denn eine\nStrategie. Sei es bei Klimaschutz, Digitalisierung, Erneuerung der\nInfrastruktur, dem sozialen Zusammenhalt oder der Frage f\u00fcr ein nachhaltiges\nEuropa der Zukunft. Die GroKo kann nichts weiter vorlegen als eine\nHalbzeit-Bilanz, die sich darin ersch\u00f6pft, ganz oder halb abgearbeitete\nSpiegelstriche zu addieren und irgendeinen prozentualen Leistungsnachweis zu\nerrechnen. Doch Politik ist keine Mathematik \u2013 es kommt auf die Inhalte an.\n\u00dcber dieser Regierung lag von Anfang an kein Segen. Bitte lieber ein Ende mit\nSchrecken als noch zwei weitere Jahre bleierne Zeit zu Lasten von Umwelt und\nVerbrauchern\u201c, sagt Sascha M\u00fcller-Kraenner.<\/p>\n\n\n\n<figure class=\"wp-block-table\"><table class=\"has-subtle-light-gray-background-color has-background\"><tbody><tr><td width=\"25%\"><a rel=\"noopener noreferrer\" href=\"https:\/\/www.duh.de\/ueberuns\/\" target=\"_blank\"><img decoding=\"async\" width=\"180\" class=\"aligncenter wp-image-313\" title=\"Foto: DUH\/Heidi Scherm.\" src=\"https:\/\/www.sinn-schaffen.de\/finanz\/wp-content\/uploads\/sites\/13\/2019\/11\/Sascha_Mueller-Kraenner-300.jpg\" alt=\"\"><\/a><\/td><td width=\"75%\">Sascha M\u00fcller-Kraenner ist Bundesgesch\u00e4ftsf\u00fchrer der <a href=\"https:\/\/www.duh.de\/\" target=\"_blank\" rel=\"noopener noreferrer\">Deutschen Umwelthilfe<\/a>.<\/td><\/tr><tr><td><\/td><td><a href=\"https:\/\/www.duh.de\/\" target=\"_blank\" rel=\"noopener noreferrer\"><img decoding=\"async\" class=\"aligncenter wp-image-313\" title=\" \" src=\"https:\/\/www.sinn-schaffen.de\/finanz\/wp-content\/uploads\/sites\/13\/2019\/11\/DUHLogo.png\" alt=\"\" width=\"180\"><\/a><\/td><\/tr><\/tbody><\/table><\/figure>\n\n\n\n<p>J\u00fcrgen Resch dazu: \u201eP\u00fcnktlich zur Halbzeit-Bilanz\npr\u00e4sentiert sich einmal mehr diese Bundesregierung als Erf\u00fcllungsgehilfe gro\u00dfer\nIndustriekomplexe. Der j\u00fcngste Autogipfel ist daf\u00fcr ein Paradebeispiel. Anstatt\nSUVs aus den St\u00e4dten zu verbannen, werden die Stadtpanzer mit Placebo-E-Motor\nmit Milliarden gef\u00f6rdert und mit Turbo in den Markt gedr\u00fcckt. Bei der\nElektrifizierung der Schienentrassen geht es hingegen im Schneckentempo voran.\nTats\u00e4chlich wichtige Weichen f\u00fcr die Verkehrswende, wie eine beschleunigte\nElektrifizierung von Bahnschienen zum L\u00fcckenschluss, werden nicht gestellt.\nBleibt es beim augenblicklichen Tempo, erreicht Deutschland erst in 200 Jahren\neinen Elektrifizierungsgrad der Schienentrassen wie die Schweiz im Jahr 2000.\nWann endlich begreift diese Bundesregierung, dass der Erhalt der Mobilit\u00e4t in\nDeutschland einen konsequenten Ausbau von Bahn, Bus und Fahrrad-Infrastruktur\nerfordert und unsere St\u00e4dte nicht in einer Blechlawine von SUV-Stadtpanzern\nersticken d\u00fcrfen?\u201c<\/p>\n","protected":false},"excerpt":{"rendered":"<p>&#8222;Wann endlich begreift diese Bundesregierung, dass der Erhalt der Mobilit\u00e4t in Deutschland einen konsequenten Ausbau von Bahn, Bus und Fahrrad-Infrastruktur erfordert und unsere St\u00e4dte nicht in einer Blechlawine von SUV-Stadtpanzern ersticken d\u00fcrfen?&#8220;, kommentiert die Deutsche Umwelthilfe zur Halbzeit-Bilanz der Gro\u00dfen Koalition. Der Umwelt- und Verbraucherschutzverband wirft den Regierenden von CDU\/CSU und SPD vor, keine Strategie &hellip; <\/p>\n<p class=\"link-more\"><a href=\"https:\/\/www.sinn-schaffen.de\/finanz\/deutsche-umwelthilfe-zur-groko-bitte-lieber-ein-ende-mit-schrecken-als-noch-zwei-weitere-jahre-bleierne-zeit\/\" class=\"more-link\"><span class=\"screen-reader-text\">\u201eDeutsche Umwelthilfe zur GroKo: &#8222;Bitte lieber ein Ende mit Schrecken als noch zwei weitere Jahre bleierne Zeit.&#8220;\u201c<\/span> weiterlesen<\/a><\/p>\n","protected":false},"author":1,"featured_media":0,"parent":0,"menu_order":132,"comment_status":"closed","ping_status":"closed","template":"","meta":{"footnotes":""},"class_list":["post-359","page","type-page","status-publish","hentry"],"_links":{"self":[{"href":"https:\/\/www.sinn-schaffen.de\/finanz\/wp-json\/wp\/v2\/pages\/359","targetHints":{"allow":["GET"]}}],"collection":[{"href":"https:\/\/www.sinn-schaffen.de\/finanz\/wp-json\/wp\/v2\/pages"}],"about":[{"href":"https:\/\/www.sinn-schaffen.de\/finanz\/wp-json\/wp\/v2\/types\/page"}],"author":[{"embeddable":true,"href":"https:\/\/www.sinn-schaffen.de\/finanz\/wp-json\/wp\/v2\/users\/1"}],"replies":[{"embeddable":true,"href":"https:\/\/www.sinn-schaffen.de\/finanz\/wp-json\/wp\/v2\/comments?post=359"}],"version-history":[{"count":4,"href":"https:\/\/www.sinn-schaffen.de\/finanz\/wp-json\/wp\/v2\/pages\/359\/revisions"}],"predecessor-version":[{"id":564,"href":"https:\/\/www.sinn-schaffen.de\/finanz\/wp-json\/wp\/v2\/pages\/359\/revisions\/564"}],"wp:attachment":[{"href":"https:\/\/www.sinn-schaffen.de\/finanz\/wp-json\/wp\/v2\/media?parent=359"}],"curies":[{"name":"wp","href":"https:\/\/api.w.org\/{rel}","templated":true}]}}