{"id":687,"date":"2020-09-21T15:47:35","date_gmt":"2020-09-21T13:47:35","guid":{"rendered":"https:\/\/www.sinn-schaffen.de\/finanz\/?page_id=687"},"modified":"2020-09-21T15:48:34","modified_gmt":"2020-09-21T13:48:34","slug":"das-reichste-ein-prozent-schaedigt-das-klima-doppelt-so-stark-wie-die-aermere-haelfte-der-welt","status":"publish","type":"page","link":"https:\/\/www.sinn-schaffen.de\/finanz\/das-reichste-ein-prozent-schaedigt-das-klima-doppelt-so-stark-wie-die-aermere-haelfte-der-welt\/","title":{"rendered":"Das reichste ein Prozent sch\u00e4digt das Klima doppelt so stark wie die \u00e4rmere H\u00e4lfte der Welt"},"content":{"rendered":"\n<p><em>Der Bericht &#8222;Confronting Carbon Inequality&#8220; wertet aus, f\u00fcr wie viel CO2-Aussto\u00df einzelne Einkommensgruppen im Zeitraum zwischen 1990 und 2015 verantwortlich sind, in dem sich die klimasch\u00e4dlichen Emissionen weltweit verdoppelt haben. F\u00fcr diesen Anstieg sind insbesondere die reichsten 10 Prozent verantwortlich, nicht die globale Mittelklasse, wie h\u00e4ufig angenommen wird. Ungleichheit spielt f\u00fcr die Beschleunigung der Klimakrise eine entscheidende Rolle, Investitionen in die \u00f6ffentliche Infrastruktur und den klimagerechten Umbau der Wirtschaft dienen dem Wohl aller.<\/em><\/p>\n\n\n\n<hr>\n<img decoding=\"async\" class=\"alignleft wp-image-313\" title=\"Foto: Nata Uchava, Freiburg.\" src=\"https:\/\/www.sinn-schaffen.de\/finanz\/wp-content\/uploads\/sites\/13\/2020\/09\/NU-200921-oxfam-Carbon.jpg\" alt=\"\" width=\"1024\">\n<hr>\n&nbsp;\n\n\n\n<p><strong>(Berlin, 21. September 2020)<\/strong> Das reichste 1 Prozent (63 Millionen Menschen) blies zwischen 1990 und 2015 mehr als doppelt so viele klimasch\u00e4dliche CO2-Emissionen in die Atmosph\u00e4re wie die \u00e4rmere H\u00e4lfte der Weltbev\u00f6lkerung zusammen. Das zeigt ein neuer Bericht, den die Nothilfe- und Entwicklungsorganisation Oxfam heute ver\u00f6ffentlicht. Anlass sind die anstehenden klimapolitischen Gespr\u00e4che im Rahmen der UN-Generalversammlung. Oxfam fordert den exzessiven CO2-Verbrauch der Wohlhabenden einzuschr\u00e4nken, Investitionen in die \u00f6ffentliche Infrastruktur und einen klimagerechten Umbau der Wirtschaft zum Wohle aller.<\/p>\n\n\n\n<p>Der Bericht \u201eConfronting Carbon Inequality\u201d wertet aus, f\u00fcr wie viel CO2-Aussto\u00df die einzelnen Einkommensgruppen verantwortlich sind. Analysezeitraum sind die klimapolitisch wichtigen Jahre zwischen 1990 und 2015, in denen sich die klimasch\u00e4dlichen Emissionen weltweit verdoppelt haben. F\u00fcr diesen Anstieg sind insbesondere die reichsten 10 Prozent verantwortlich, nicht die globale Mittelklasse, wie h\u00e4ufig angenommen wird. Ungleichheit spielt f\u00fcr die Beschleunigung der Klimakrise eine entscheidende Rolle:<\/p>\n\n\n\n<ul class=\"wp-block-list\"><li>Die reichsten 10 Prozent (630 Millionen Menschen) sind f\u00fcr \u00fcber die H\u00e4lfte (52 Prozent) der CO2-Emissionen verantwortlich, die zwischen 1990 und 2015 verbraucht wurden. Das reichste 1 Prozent verbrauchte alleine 15 Prozent, w\u00e4hrend die \u00e4rmere H\u00e4lfte der Menschheit nur f\u00fcr 7 Prozent verantwortlich war.<\/li><li>Von dem nach 1990 noch verf\u00fcgbaren globalen Emissionsbudget verbrauchten die reichsten 10 Prozent alleine ein Drittel, die \u00e4rmere H\u00e4lfte der Weltbev\u00f6lkerung dagegen nur 4 Prozent. Das Emissionsbudget beziffert den maximalen Betrag an CO2, den die Menschheit in die Atmosph\u00e4re blasen darf, ohne dass die Erderw\u00e4rmung auf \u00fcber 1,5 Grad steigt \u2013 der Grenze f\u00fcr eine unkontrollierte Klimakatastrophe.<\/li><li>Die reichsten 10 Prozent der deutschen Bev\u00f6lkerung, zu denen 8,3 Millionen Menschen z\u00e4hlen, sind f\u00fcr 26 Prozent der (deutschen) CO2-Emissionen verantwortlich, die seit 1990 in die Luft geblasen wurden. Nur etwas mehr (29 Prozent) hat die \u00e4rmere H\u00e4lfte der deutschen Bev\u00f6lkerung verbraucht, die f\u00fcnf Mal so viele Menschen umfasst (41,5 Millionen Menschen).<\/li><li>Im Jahr 2015 verbrauchten die reichsten 10 Prozent in Deutschland sogar mehr CO2 als die \u00e4rmere H\u00e4lfte der Bev\u00f6lkerung.<\/li><\/ul>\n\n\n\n<p>\u201eDie katastrophalen Folgen der Klimakrise sind schon heute vielerorts sp\u00fcrbar. Verantwortlich daf\u00fcr ist eine Politik, die auf Konsumanreize setzt, immerw\u00e4hrendes Wachstum verspricht und die Welt \u00f6konomisch in Gewinner und Verlierer spaltet. F\u00fcr den Konsumrausch einer reichen Minderheit zahlen die \u00c4rmsten den Preis\u201c, sagt Ellen Ehmke, Analystin f\u00fcr soziale Ungleichheit bei Oxfam Deutschland.<\/p>\n\n\n\n<figure class=\"wp-block-table\"><table class=\"has-subtle-light-gray-background-color has-background\"><tbody><tr><td width=\"25%\"><a rel=\"noopener noreferrer\" href=\"https:\/\/www.oxfam.de\/blog\/autor_innen\/ellen-ehmke\" target=\"_blank\"><img decoding=\"async\" width=\"180\" class=\"aligncenter wp-image-313\" title=\"Foto: iKlick Fotostudio.\" src=\"https:\/\/www.sinn-schaffen.de\/finanz\/wp-content\/uploads\/sites\/13\/2018\/10\/Ellen-Ehmke-by-iKlick-Fotostudio.jpg\" alt=\"\"><\/a><\/td><td width=\"75%\">Ellen Ehmke ist Analystin zum Thema Soziale Ungleichheit bei <a href=\"https:\/\/www.oxfam.de\/\" target=\"_blank\" rel=\"noopener noreferrer\">OXFAM Deutschland<\/a>.<\/td><\/tr><tr><td><\/td><td><a href=\"https:\/\/www.oxfam.de\/\" target=\"_blank\" rel=\"noopener noreferrer\"><img decoding=\"async\" class=\"aligncenter wp-image-313\" title=\" \" src=\"https:\/\/www.sinn-schaffen.de\/finanz\/wp-content\/uploads\/sites\/13\/2018\/05\/OXFAM.png\" alt=\"\" width=\"180\"><\/a><\/td><\/tr><\/tbody><\/table><\/figure>\n\n\n\n<p>Um die Erderw\u00e4rmung unter 1,5 Grad zu halten, so Oxfams Kalkulation, m\u00fcssten die reichsten 10 Prozent der Weltbev\u00f6lkerung ihre durchschnittlichen Pro-Kopf-Emissionen bis 2030 auf ein Zehntel des bisherigen Werts senken. Dies w\u00fcrde die globalen Emissionen insgesamt um ein Drittel verringern. Ein Hebel hierf\u00fcr ist der Verkehr: So zeigen andere aktuelle Studien, dass die reichsten 10 Prozent der Haushalte f\u00fcr fast die H\u00e4lfte des Energieverbrauchs verantwortlich sind, die auf den Verkehr \u00fcber Land zur\u00fcckgehen \u2013 und f\u00fcr drei Viertel des durch den Flugverkehr erzeugten Energieverbrauchs. Das Verkehrswesen ist f\u00fcr rund ein Viertel der weltweiten Emissionen verantwortlich und SUVs sind der zweitgr\u00f6\u00dfte Emissionstreiber zwischen 2010 und 2018.<\/p>\n\n\n\n<p>\u201eWir m\u00fcssen die Klima- und die Ungleichheitskrise zusammen l\u00f6sen. Der exzessive CO2- Verbrauch der Reichsten geht auf unser aller Kosten und muss eingeschr\u00e4nkt werden. Steuern f\u00fcr klimasch\u00e4dliche SUVs und h\u00e4ufiges Fliegen w\u00e4ren ein erster Schritt. Die Einnahmen m\u00fcssen Regierungen in klimaeffiziente Mobilit\u00e4t, in \u00f6ffentliche Infrastruktur und Dienste sowie in soziale Absicherung investieren. Das l\u00e4sst nicht nur die Emissionen sinken, sondern hilft auch Armut und Ungleichheit zu \u00fcberwinden\u201c, fordert Ellen Ehmke.<\/p>\n\n\n\n<figure class=\"wp-block-table\"><table class=\"has-subtle-light-gray-background-color has-background\"><tbody><tr><td width=\"25%\"><a rel=\"noopener noreferrer\" href=\"https:\/\/www.sinn-schaffen.de\/finanz\/wp-content\/uploads\/sites\/13\/2020\/09\/Research-Report-Carbon-Inequality-Era-Embargoed-21-Sept-2020.pdf\" target=\"_blank\"><img decoding=\"async\" title=\" \" width=\"180\" class=\"aligncenter wp-image-313\" src=\"https:\/\/www.sinn-schaffen.de\/finanz\/wp-content\/uploads\/sites\/13\/2020\/09\/Research-Report-Carbon-Inequality-Era-Embargoed-21-Sept-2020-T.jpg\" alt=\"\"><\/a><\/td><td width=\"75%\">Der Bericht &#8222;Confronting Carbon Inequality&#8220; steht \u00fcber <a href=\"https:\/\/www.sinn-schaffen.de\/finanz\/wp-content\/uploads\/sites\/13\/2020\/09\/Research-Report-Carbon-Inequality-Era-Embargoed-21-Sept-2020.pdf\" target=\"_blank\" rel=\"noopener noreferrer\">diesen Link zum Download als PDF<\/a> bereit.<\/td><\/tr><\/tbody><\/table><\/figure>\n","protected":false},"excerpt":{"rendered":"<p>Der Bericht &#8222;Confronting Carbon Inequality&#8220; wertet aus, f\u00fcr wie viel CO2-Aussto\u00df einzelne Einkommensgruppen im Zeitraum zwischen 1990 und 2015 verantwortlich sind, in dem sich die klimasch\u00e4dlichen Emissionen weltweit verdoppelt haben. F\u00fcr diesen Anstieg sind insbesondere die reichsten 10 Prozent verantwortlich, nicht die globale Mittelklasse, wie h\u00e4ufig angenommen wird. Ungleichheit spielt f\u00fcr die Beschleunigung der Klimakrise &hellip; <\/p>\n<p class=\"link-more\"><a href=\"https:\/\/www.sinn-schaffen.de\/finanz\/das-reichste-ein-prozent-schaedigt-das-klima-doppelt-so-stark-wie-die-aermere-haelfte-der-welt\/\" class=\"more-link\"><span class=\"screen-reader-text\">\u201eDas reichste ein Prozent sch\u00e4digt das Klima doppelt so stark wie die \u00e4rmere H\u00e4lfte der Welt\u201c<\/span> weiterlesen<\/a><\/p>\n","protected":false},"author":1,"featured_media":0,"parent":0,"menu_order":111,"comment_status":"closed","ping_status":"closed","template":"","meta":{"footnotes":""},"class_list":["post-687","page","type-page","status-publish","hentry"],"_links":{"self":[{"href":"https:\/\/www.sinn-schaffen.de\/finanz\/wp-json\/wp\/v2\/pages\/687","targetHints":{"allow":["GET"]}}],"collection":[{"href":"https:\/\/www.sinn-schaffen.de\/finanz\/wp-json\/wp\/v2\/pages"}],"about":[{"href":"https:\/\/www.sinn-schaffen.de\/finanz\/wp-json\/wp\/v2\/types\/page"}],"author":[{"embeddable":true,"href":"https:\/\/www.sinn-schaffen.de\/finanz\/wp-json\/wp\/v2\/users\/1"}],"replies":[{"embeddable":true,"href":"https:\/\/www.sinn-schaffen.de\/finanz\/wp-json\/wp\/v2\/comments?post=687"}],"version-history":[{"count":1,"href":"https:\/\/www.sinn-schaffen.de\/finanz\/wp-json\/wp\/v2\/pages\/687\/revisions"}],"predecessor-version":[{"id":688,"href":"https:\/\/www.sinn-schaffen.de\/finanz\/wp-json\/wp\/v2\/pages\/687\/revisions\/688"}],"wp:attachment":[{"href":"https:\/\/www.sinn-schaffen.de\/finanz\/wp-json\/wp\/v2\/media?parent=687"}],"curies":[{"name":"wp","href":"https:\/\/api.w.org\/{rel}","templated":true}]}}