{"id":797,"date":"2021-04-07T16:35:44","date_gmt":"2021-04-07T14:35:44","guid":{"rendered":"https:\/\/www.sinn-schaffen.de\/finanz\/?page_id=797"},"modified":"2021-04-07T16:36:49","modified_gmt":"2021-04-07T14:36:49","slug":"divestment-und-ein-klimagerechtes-gesundheitssystem","status":"publish","type":"page","link":"https:\/\/www.sinn-schaffen.de\/finanz\/divestment-und-ein-klimagerechtes-gesundheitssystem\/","title":{"rendered":"Divestment und ein klimagerechtes Gesundheitssystem"},"content":{"rendered":"\n<p><em>Jeder Euro, der in die fossile Energiewirtschaft investiert wird, befeuert die Klimakrise und ist eine Investition in die Bedrohung der Globalen Gesundheit. Die \u00c4rzteorganisation IPPNW fordert im B\u00fcndnis mit der Aktionsgruppe Gesundes Klima des Netzwerkes Kritische Mediziner*innen Deutschland, Geldanlagen der gesundheitsverwandten Bereiche wie den Versorgungswerken oder den gesetzlichen und privaten Krankenkassen aus klimasch\u00e4dlichen und ethisch bedenklichen Wirtschaftszweigen gezielt und transparent abzuziehen. Insgesamt handele es sich bei den genannten Anlagen um eine Summe von \u00fcber 400 Milliarden Euro.<\/em><\/p>\n\n\n\n<hr>\n<img decoding=\"async\" class=\"alignleft wp-image-313\" title=\"Foto: Nata Uchava, Freiburg.\" src=\"https:\/\/www.sinn-schaffen.de\/finanz\/wp-content\/uploads\/sites\/13\/2021\/04\/NU-210408-ippnw.jpg\" alt=\"\" width=\"1024\">\n<hr>\n&nbsp;\n\n\n\n<p><strong>(Berlin, 7. April 2021)<\/strong> Anl\u00e4sslich des heutigen Weltgesundheitstages ver\u00f6ffentlicht die \u00c4rzteorganisation IPPNW im B\u00fcndnis mit der Aktionsgruppe Gesundes Klima des Netzwerkes Kritische Mediziner*innen Deutschland das Positionspapier \u201eWohin mit der ganzen Kohle? \u2011 Divestment im Gesundheitssystem\u201c. Die Gesundheitsaktivist*innen fordern hierin ein gezieltes und transparentes Abziehen von Geldanlagen der gesundheitsverwandten Bereiche wie den Versorgungswerken sowie den gesetzlichen und privaten Krankenkassen aus klimasch\u00e4dlichen und ethisch bedenklichen Wirtschaftszweigen. Mit ihren Positionen appellieren sie gezielt an die gesellschaftliche und globale Verantwortung des Gesundheitssektors als Vorbild und Orientierung in Krisen. Carlotta Conrad von der IPPNW (\u00c4rzte in sozialer Verantwortung) stellt sich klar hinter diese Forderungen: \u201eJeder Euro, der in die fossile Energiewirtschaft investiert wird, befeuert die Klimakrise und ist eine Investition in die Bedrohung der Globalen Gesundheit.\u201c<\/p>\n\n\n\n<p>Auch die medizinische Fachzeitschrift \u201eThe Lancet\u201c beschreibt die Klimakrise seit Jahren als \u201edie gr\u00f6\u00dfte Gefahr f\u00fcr die globale Gesundheit im 21. Jahrhundert\u201c. Zudem w\u00fcrden durch sie soziale und globale Ungleichheiten drastisch verst\u00e4rkt, so die Aktionsgruppe Gesundes Klima. Einen erheblichen Anteil hieran habe die fossile Energiewirtschaft (das hei\u00dft Kohle-, Erd\u00f6l-, Gasverstromung und so weiter) und alle Investitionen, die diese mit Kapital unterst\u00fctzen. Schon 2010 seien beim Deutschen \u00c4rzt*innentag (D\u00c4T) ethisch gepr\u00fcfte Investitionen gefordert worden. Im Hinblick auf den n\u00e4chsten D\u00c4T in einem Monat sei es nun h\u00f6chste Zeit, sich geschlossen und klar zus\u00e4tzlich auch f\u00fcr \u00f6kologisch-nachhaltige Investitionen zu positionieren. \u201eGeld des Gesundheitssektors in fossile Energiewirtschaft anzulegen, bedeutet in belegbare Krankheitsursachen zu investieren \u2011 das ist absurd und unverantwortlich\u201c, so Health for Future Aachen.<\/p>\n\n\n\n<p>Insgesamt handele es sich bei den genannten Anlagen um eine Summe von \u00fcber 400 Milliarden Euro. Trotz mehrfacher Forderungen nach Offenlegung der Aktienanlagen und Divestment in den vergangenen Jahren, verwehre ein Gro\u00dfteil der Versorgungswerke die Einsicht in die Anlagekriterien. \u201eEs ist absolut inakzeptabel, dass \u00c4rzt*innen verpflichtet sind in Versorgungswerke einzuzahlen, ohne Auskunft \u00fcber die Verwendung ihrer Gelder zu erhalten\u201c, meint die \u00c4rztin Marlene Hausmann aus der Gruppe KritMed Dresden und erg\u00e4nzt: \u201eIn einem \u00f6konomisierten Gesundheitssystem werden Gewinne erwirtschaftet, welche durch Investitionen in klima- und gesundheitssch\u00e4dliche Unternehmen und Industrien flie\u00dfen. Dies steht deutlich im Widerspruch zur \u00e4rztlichen Pflicht, sich in den Dienst der Gesundheit von Menschen zu stellen\u201c.<\/p>\n\n\n\n<p>Entsprechend dieser Verantwortung solle Divestment ein klares Signal an Politik, Unternehmen und Investor*innen senden: ein auf Verbrennung fossiler Energien basierendes Gesch\u00e4ftsmodell kann angesichts der Klimakrise keine Legitimit\u00e4t mehr beanspruchen. Divestment w\u00fcrde somit zu einem wichtigen Zeichen gegen Profitorientierung und f\u00fcr den Schutz von unseren Lebensgrundlagen. Jedoch weisen die Gesundheitsaktivist*innen auch auf die zunehmende Entwicklung des Gesundheitssektors selbst als Wirtschaftszweig hin. So k\u00f6nne niemals eine ad\u00e4quate bed\u00fcrfnisorientierte Gesundheitsversorgung aller Menschen geleistet werden. \u201eUnsere Forderung nach einem klimagerechten Gesundheitssystem, muss daher mit der Forderung nach Gesundheitsgerechtigkeit und dem Hinterfragen der bestehenden Strukturen einhergehen\u201c, erkl\u00e4rt hierzu Willy Mitkop der Aktionsgruppe Gesundes Klima und erg\u00e4nzt: \u201eDer Streit f\u00fcr Divestment, Klimagerechtigkeit und einer bedarfsgerechten Gesundheitsversorgung in \u00f6ffentlicher Hand geh\u00f6ren zusammen! Die Gesundheitsversorgung \u2013 als Wirtschaftszweig gedacht \u2013 kann niemals klimagerecht sein!\u201c<\/p>\n\n\n\n<p>Herausgeber*innen des Positionspapiers \u201eWohin mit der ganzen Kohle? &#8211; Divestment im Gesundheitssystem\u201c sind <a aria-label=\"Aktionsgruppe Gesundes Klima (opens in a new tab)\" href=\"https:\/\/aktionsgruppe-gesundes-klima.org\" target=\"_blank\" rel=\"noreferrer noopener\" class=\"rank-math-link\">Aktionsgruppe Gesundes Klima<\/a> der Kritischen Mediziner*innen Deutschland und IPPNW, Health4Future Aachen, KritMed Dresden.<\/p>\n\n\n\n<figure class=\"wp-block-table\"><table class=\"has-subtle-light-gray-background-color has-background\"><tbody><tr><td width=\"25%\"><a rel=\"noopener noreferrer\" href=\"https:\/\/www.ippnw.de\/der-verein\/vorstand\/carlotta-conrad.html\" target=\"_blank\"><img decoding=\"async\" width=\"180\" class=\"aligncenter wp-image-313\" title=\"Foto: IPPNW.\" src=\"https:\/\/www.sinn-schaffen.de\/finanz\/wp-content\/uploads\/sites\/13\/2021\/04\/Conrad-Carlotta-K.jpg\" alt=\"\"><\/a><\/td><td width=\"75%\">Carlotta Conrad ist Vorstandsmitglied bei <a href=\"https:\/\/www.ippnw.de\/der-verein.html\" target=\"_blank\" rel=\"noopener noreferrer\">IPPNW &#8211; Deutsche Sektion der Internationalen \u00c4rzte f\u00fcr die Verh\u00fctung des Atomkrieges \/ \u00c4rzte in sozialer Verantwortung e.V.<\/a><\/td><\/tr><tr><td><\/td><td><a href=\"https:\/\/www.ippnw.de\/der-verein.html\" target=\"_blank\" rel=\"noopener noreferrer\"><img decoding=\"async\" class=\"aligncenter wp-image-313\" title=\" \" src=\"https:\/\/www.sinn-schaffen.de\/finanz\/wp-content\/uploads\/sites\/13\/2020\/05\/IPPNW-Logo.jpg\" alt=\"\" width=\"180\"><\/a><\/td><\/tr><\/tbody><\/table><\/figure>\n\n\n\n<figure class=\"wp-block-table\"><table class=\"has-subtle-light-gray-background-color has-background\"><tbody><tr><td width=\"25%\"><a rel=\"noopener noreferrer\" href=\"https:\/\/aktionsgruppe-gesundes-klima.org\/wp-content\/uploads\/2021\/04\/Positionspapier_Divestment_1.0.2_Erstunterzeichner-innen_07.04.21.pdf\" target=\"_blank\"><img decoding=\"async\" title=\" \" class=\"aligncenter wp-image-313\" src=\"https:\/\/www.sinn-schaffen.de\/finanz\/wp-content\/uploads\/sites\/13\/2021\/04\/Positionspapier_Divestment-T.jpg\" alt=\"\" width=\"180\"><\/a><\/td><td width=\"75%\">Das Positionspapier &#8222;Wohin mit der ganzen Kohle? &#8211; Divestment im Gesundheitssystem&#8220; steht <a href=\"https:\/\/aktionsgruppe-gesundes-klima.org\/wp-content\/uploads\/2021\/04\/Positionspapier_Divestment_1.0.2_Erstunterzeichner-innen_07.04.21.pdf\" target=\"_blank\" rel=\"noopener\">\u00fcber diesen Link zum Download als PDF<\/a> bereit.<\/td><\/tr><\/tbody><\/table><\/figure>\n","protected":false},"excerpt":{"rendered":"<p>Jeder Euro, der in die fossile Energiewirtschaft investiert wird, befeuert die Klimakrise und ist eine Investition in die Bedrohung der Globalen Gesundheit. Die \u00c4rzteorganisation IPPNW fordert im B\u00fcndnis mit der Aktionsgruppe Gesundes Klima des Netzwerkes Kritische Mediziner*innen Deutschland, Geldanlagen der gesundheitsverwandten Bereiche wie den Versorgungswerken oder den gesetzlichen und privaten Krankenkassen aus klimasch\u00e4dlichen und ethisch &hellip; <\/p>\n<p class=\"link-more\"><a href=\"https:\/\/www.sinn-schaffen.de\/finanz\/divestment-und-ein-klimagerechtes-gesundheitssystem\/\" class=\"more-link\"><span class=\"screen-reader-text\">\u201eDivestment und ein klimagerechtes Gesundheitssystem\u201c<\/span> weiterlesen<\/a><\/p>\n","protected":false},"author":1,"featured_media":0,"parent":0,"menu_order":94,"comment_status":"closed","ping_status":"closed","template":"","meta":{"footnotes":""},"class_list":["post-797","page","type-page","status-publish","hentry"],"_links":{"self":[{"href":"https:\/\/www.sinn-schaffen.de\/finanz\/wp-json\/wp\/v2\/pages\/797","targetHints":{"allow":["GET"]}}],"collection":[{"href":"https:\/\/www.sinn-schaffen.de\/finanz\/wp-json\/wp\/v2\/pages"}],"about":[{"href":"https:\/\/www.sinn-schaffen.de\/finanz\/wp-json\/wp\/v2\/types\/page"}],"author":[{"embeddable":true,"href":"https:\/\/www.sinn-schaffen.de\/finanz\/wp-json\/wp\/v2\/users\/1"}],"replies":[{"embeddable":true,"href":"https:\/\/www.sinn-schaffen.de\/finanz\/wp-json\/wp\/v2\/comments?post=797"}],"version-history":[{"count":2,"href":"https:\/\/www.sinn-schaffen.de\/finanz\/wp-json\/wp\/v2\/pages\/797\/revisions"}],"predecessor-version":[{"id":799,"href":"https:\/\/www.sinn-schaffen.de\/finanz\/wp-json\/wp\/v2\/pages\/797\/revisions\/799"}],"wp:attachment":[{"href":"https:\/\/www.sinn-schaffen.de\/finanz\/wp-json\/wp\/v2\/media?parent=797"}],"curies":[{"name":"wp","href":"https:\/\/api.w.org\/{rel}","templated":true}]}}