{"id":890,"date":"2021-11-12T16:41:53","date_gmt":"2021-11-12T15:41:53","guid":{"rendered":"https:\/\/www.sinn-schaffen.de\/finanz\/?page_id=890"},"modified":"2021-11-12T16:41:54","modified_gmt":"2021-11-12T15:41:54","slug":"atlas-der-versklavung-daten-und-fakten-ueber-zwangsarbeit-und-ausbeutung-2021","status":"publish","type":"page","link":"https:\/\/www.sinn-schaffen.de\/finanz\/atlas-der-versklavung-daten-und-fakten-ueber-zwangsarbeit-und-ausbeutung-2021\/","title":{"rendered":"Atlas der Versklavung \u2013 Daten und Fakten \u00fcber Zwangsarbeit und Ausbeutung 2021"},"content":{"rendered":"\n<p><em>Sklaverei ist kein Relikt aus vergangenen Zeiten, sondern uns ganz nah: im Palm\u00f6l unserer Kosmetika, unserer Kleidung und den Rohmaterialien in unseren Smartphones. Zwangsarbeit und Arbeitsausbeutung finden auch in Deutschland in vielen Branchen statt, unter Ausnutzung einer pers\u00f6nlichen oder wirtschaftlichen Notlage, der Unkenntnis von Sprache und Arbeitsrechten, mittels T\u00e4uschung und Drohungen \u2013 unsichtbar und ganz ohne Ketten. Extreme Ungleichheit macht Menschen verwundbar und unterdr\u00fcckbar; Sklaverei kann nur dadurch beendet werden, dass die Wirtschaft reguliert, der Zugang zu sozialen Rechten verbessert und legale Formen der Migration erm\u00f6glicht werden.<\/em><\/p>\n\n\n\n<hr>\n<img decoding=\"async\" class=\"alignleft wp-image-313\" title=\"Grafik: Nata Uchava, Michael Wildberger.\" src=\"https:\/\/www.sinn-schaffen.de\/finanz\/wp-content\/uploads\/sites\/13\/2021\/11\/NU-211112-Atlas-der-Versklavung.jpg\" alt=\"\" width=\"1024\">\n<hr>\n&nbsp;\n\n\n\n<p><strong>(Berlin, 10. November 2021)<\/strong> Mindestens 40 Millionen Menschen sind derzeit von \u201emoderner Sklaverei\u201c betroffen. Zu diesem Ergebnis kommt die Internationale Arbeitsorganisation der Vereinten Nationen. Das B\u00fcro der Vereinten Nationen f\u00fcr Drogen- und Verbrechensbek\u00e4mpfung erfasste insgesamt 534 verschiedene Routen des Menschenhandels. Mehr als 120 L\u00e4nder gaben an, Betroffene aus \u00fcber 140 verschiedenen Herkunftsl\u00e4ndern entdeckt zu haben. Mit dem druckfrisch vorliegenden \u201eAtlas der Versklavung\u201c werden in 55 Grafiken auf 60 Seiten erstmals zahlreiche Daten und Fakten \u00fcber Zwangsarbeit und Ausbeutung veranschaulicht und damit begreifbarer.<\/p>\n\n\n\n<p>Betroffene wehren sich \u2013 h\u00e4ufig unterst\u00fctzt von der Zivilgesellschaft \u2013 kollektiv gegen die Versklavung. Dennoch: Die moderne Sklaverei erh\u00e4lt nicht die Aufmerksamkeit, die n\u00f6tig w\u00e4re, um sie zu beenden. Und so erfahren versklavte Menschen von staatlicher Seite nur wenig Beistand: Nur etwa 0,2 Prozent der weltweiten F\u00e4lle von Sklaverei werden untersucht und strafrechtlich verfolgt. Und w\u00e4hrend mit Zwangsarbeit \u2013 einer Form von Sklaverei \u2013 j\u00e4hrlich sch\u00e4tzungsweise 150 Milliarden US-Dollar Gewinn erwirtschaftet werden, geben die OECD-L\u00e4nder im gleichen Zeitraum nur 0,08 Prozent dieses Betrags f\u00fcr die Bek\u00e4mpfung der Sklaverei aus.<\/p>\n\n\n\n<p>\u201eSklaverei erscheint den meisten Menschen als Relikt aus vergangenen Zeiten. Und wenn nicht das, dann zumindest als abstraktes und weit entferntes Ph\u00e4nomen. Aber sie ist ganz nah, im Palm\u00f6l unserer Kosmetika, unserer Kleidung und den Rohmaterialien in unseren Smartphones\u201c, sagt Daniela Trochowski, Gesch\u00e4ftsf\u00fchrerin der Rosa-Luxemburg-Stiftung.<\/p>\n\n\n\n<p>\u201eH\u00e4ufig folgt die Versklavung von Menschen auf ihre soziale Ausgrenzung, Einkommensverlust, Analphabetismus, staatliche Instabilit\u00e4t oder einen unsicheren Einwanderungsstatus. Diese extreme Ungleichheit macht Menschen verwundbar und unterdr\u00fcckbar. Sklaverei kann nur dadurch beendet werden, dass die Wirtschaft reguliert, der Zugang zu sozialen Rechten verbessert und legale Formen der Migration erm\u00f6glicht werden\u201c, so Trochowski.<\/p>\n\n\n\n<p>Zwangsarbeit und Arbeitsausbeutung finde auch in Deutschland in vielen Branchen statt, erg\u00e4nzt Kim Weidenberg von \u201eArbeit und Leben Berlin Brandenburg\u201c:<\/p>\n\n\n\n<p>\u201eDas geschieht unter Ausnutzung einer pers\u00f6nlichen oder wirtschaftlichen Notlage, der Unkenntnis von Sprache und Arbeitsrechten, mittels T\u00e4uschung und Drohungen \u2013 unsichtbar und ganz ohne Ketten. Es ist wichtig, dass der Zugang zu Rechten f\u00fcr die Betroffenen gew\u00e4hrleistet ist durch einen fl\u00e4chendeckenden Ausbau und langfristige Finanzierung von Fachberatungsstellen. Subunternehmerketten beg\u00fcnstigen ausbeuterische Arbeitsverh\u00e4ltnisse und sollten branchen\u00fcbergreifend unterbunden werden. Regelm\u00e4\u00dfige Kontrollen des Zolls k\u00f6nnen Arbeitsausbeutung entgegenwirken.\u201c<\/p>\n\n\n\n<figure class=\"wp-block-table\"><table class=\"has-subtle-light-gray-background-color has-background\"><tbody><tr><td width=\"25%\"><a rel=\"noopener noreferrer\" href=\"https:\/\/www.rosalux.de\/profil\/es_detail\/PKDTQWQD9Y\/daniela-trochowski?cHash=71bbef983ef545b26cb75c8d035df833\" target=\"_blank\"><img decoding=\"async\" class=\"aligncenter wp-image-313\" title=\"Foto: MdF \/ J.Bergmann.\" src=\"https:\/\/www.sinn-schaffen.de\/finanz\/wp-content\/uploads\/sites\/13\/2021\/11\/Daniela-Trochowski-by-MdF-JBergmann.png\" alt=\"\" width=\"180\"><\/a><\/td><td width=\"75%\">Daniela Trochowski ist Gesch\u00e4ftsf\u00fchrendes Vorstandsmitglied der <a href=\"https:\/\/www.rosalux.de\/\" target=\"_blank\" rel=\"noopener noreferrer\">Rosa-Luxemburg-Stiftung<\/a>.<\/td><\/tr><tr><td><\/td><td><a href=\"https:\/\/www.rosalux.de\/\" target=\"_blank\" rel=\"noopener noreferrer\"><img decoding=\"async\" class=\"aligncenter wp-image-313\" title=\" \" src=\"https:\/\/www.sinn-schaffen.de\/finanz\/wp-content\/uploads\/sites\/13\/2021\/11\/RLS_Export-Logo_de.jpg\" alt=\"\" width=\"180\"><\/a><\/td><\/tr><\/tbody><\/table><\/figure>\n\n\n\n<figure class=\"wp-block-table\"><table class=\"has-subtle-light-gray-background-color has-background\"><tbody><tr><td width=\"25%\"><a href=\"https:\/\/www.rosalux.de\/fileadmin\/rls_uploads\/pdfs\/sonst_publikationen\/atlasderversklavung2021.pdf\" target=\"_blank\" rel=\"noopener noreferrer\"><img decoding=\"async\" class=\"aligncenter wp-image-313\" title=\" \" src=\"https:\/\/www.sinn-schaffen.de\/finanz\/wp-content\/uploads\/sites\/13\/2021\/11\/atlasderversklavung2021-T.jpg\" alt=\"\" width=\"180\"><\/a><\/td><td width=\"75%\">Der &#8222;Atlas der Versklavung&#8220; mit Daten und Fakten \u00fcber Zwangsarbeit und Ausbeutung steht <a href=\"https:\/\/www.rosalux.de\/fileadmin\/rls_uploads\/pdfs\/sonst_publikationen\/atlasderversklavung2021.pdf\" target=\"_blank\" rel=\"noopener noreferrer\">\u00fcber diesen Link zum Download als PDF<\/a> bereit. Der Atlas kann f\u00fcr Unterrichtszwecke auch klassensatzweise bei der <a href=\"https:\/\/www.rosalux.de\/publikation\/id\/45336\" target=\"_blank\" rel=\"noopener noreferrer\">Rosa-Luxemburg-Stiftung<\/a> bestellt werden.<\/td><\/tr><\/tbody><\/table><\/figure>\n","protected":false},"excerpt":{"rendered":"<p>Sklaverei ist kein Relikt aus vergangenen Zeiten, sondern uns ganz nah: im Palm\u00f6l unserer Kosmetika, unserer Kleidung und den Rohmaterialien in unseren Smartphones. Zwangsarbeit und Arbeitsausbeutung finden auch in Deutschland in vielen Branchen statt, unter Ausnutzung einer pers\u00f6nlichen oder wirtschaftlichen Notlage, der Unkenntnis von Sprache und Arbeitsrechten, mittels T\u00e4uschung und Drohungen \u2013 unsichtbar und ganz &hellip; <\/p>\n<p class=\"link-more\"><a href=\"https:\/\/www.sinn-schaffen.de\/finanz\/atlas-der-versklavung-daten-und-fakten-ueber-zwangsarbeit-und-ausbeutung-2021\/\" class=\"more-link\"><span class=\"screen-reader-text\">\u201eAtlas der Versklavung \u2013 Daten und Fakten \u00fcber Zwangsarbeit und Ausbeutung 2021\u201c<\/span> weiterlesen<\/a><\/p>\n","protected":false},"author":1,"featured_media":0,"parent":0,"menu_order":81,"comment_status":"closed","ping_status":"closed","template":"","meta":{"footnotes":""},"class_list":["post-890","page","type-page","status-publish","hentry"],"_links":{"self":[{"href":"https:\/\/www.sinn-schaffen.de\/finanz\/wp-json\/wp\/v2\/pages\/890","targetHints":{"allow":["GET"]}}],"collection":[{"href":"https:\/\/www.sinn-schaffen.de\/finanz\/wp-json\/wp\/v2\/pages"}],"about":[{"href":"https:\/\/www.sinn-schaffen.de\/finanz\/wp-json\/wp\/v2\/types\/page"}],"author":[{"embeddable":true,"href":"https:\/\/www.sinn-schaffen.de\/finanz\/wp-json\/wp\/v2\/users\/1"}],"replies":[{"embeddable":true,"href":"https:\/\/www.sinn-schaffen.de\/finanz\/wp-json\/wp\/v2\/comments?post=890"}],"version-history":[{"count":1,"href":"https:\/\/www.sinn-schaffen.de\/finanz\/wp-json\/wp\/v2\/pages\/890\/revisions"}],"predecessor-version":[{"id":891,"href":"https:\/\/www.sinn-schaffen.de\/finanz\/wp-json\/wp\/v2\/pages\/890\/revisions\/891"}],"wp:attachment":[{"href":"https:\/\/www.sinn-schaffen.de\/finanz\/wp-json\/wp\/v2\/media?parent=890"}],"curies":[{"name":"wp","href":"https:\/\/api.w.org\/{rel}","templated":true}]}}