{"id":956,"date":"2022-02-23T16:41:57","date_gmt":"2022-02-23T15:41:57","guid":{"rendered":"https:\/\/www.sinn-schaffen.de\/finanz\/?page_id=956"},"modified":"2022-02-23T16:43:14","modified_gmt":"2022-02-23T15:43:14","slug":"mikrokredit-ueberschuldung-entwicklungsbanken-und-private-investoren-aus-deutschland-muessen-handeln","status":"publish","type":"page","link":"https:\/\/www.sinn-schaffen.de\/finanz\/mikrokredit-ueberschuldung-entwicklungsbanken-und-private-investoren-aus-deutschland-muessen-handeln\/","title":{"rendered":"Mikrokredit-\u00dcberschuldung: &#8222;Entwicklungsbanken und private Investoren aus Deutschland m\u00fcssen handeln!&#8220;"},"content":{"rendered":"\n<p><em>Die internationale Menschenrechtsorganisation FoodFirst Informations- und Aktions-Netzwerk (FIAN) berichtet, dass in Kambodscha durch Mikrokredite \u00fcberschuldete Haushalte in Hunger und den Verkauf ihrer Felder getrieben werden: Familienmitglieder m\u00fcssen in die St\u00e4dte oder ins Ausland migrieren, Kinder und Jugendliche werden aus der Schule genommen, um bei der R\u00fcckzahlung der Darlehen zu helfen, manche Familien werden sogar in die Schuldknechtschaft getrieben und Betroffene haben kaum eine M\u00f6glichkeit, sich zu wehren, da es kaum Gesetze oder Verordnungen gibt, welche Mikrokreditnehmerinnen sch\u00fctzen. Viele der kambodschanischen Mikrofinanzinstitute und Banken, welche f\u00fcr systematische Menschenrechtsverletzungen verantwortlich sind, werden von deutschen Entwicklungsbanken finanziert \u2013 entweder direkt, oder \u00fcber Mikrofinanzfonds, an denen wiederum das Bundesministerium f\u00fcr wirtschaftliche Zusammenarbeit beteiligt ist; auch private Anlegerinnen aus Deutschland sind \u00fcber die Investitionen &#8222;nachhaltiger&#8220; Banken und Mikrofinanzinvestoren beteiligt.<\/em><\/p>\n\n\n\n<hr class=\"wp-block-separator\"\/>\n\n\n\n<figure class=\"wp-block-image size-full\"><img loading=\"lazy\" decoding=\"async\" width=\"1024\" height=\"413\" src=\"https:\/\/www.sinn-schaffen.de\/finanz\/wp-content\/uploads\/sites\/13\/2022\/02\/NU-220223-fian.jpg\" alt=\"\" class=\"wp-image-951\" title=\"Grafik: Nata Uchava, Michael Wildberger\"\/><\/figure>\n\n\n\n<hr class=\"wp-block-separator\"\/>\n\n\n\n<p><strong>(K\u00f6ln, 17. Februar 2022)<\/strong> \u201eManche verkaufen ihr Land und nehmen alles Geld, um die Banken zu bezahlen. Wenn das Geld nicht reicht, verkaufen sie auch ihr Haus. Manche sind gezwungen, ihre Kinder aus der Schule zu nehmen und arbeiten zu lassen, um die Schulden zu tilgen.\u201c Was die Landrechtsaktivistin Phav Nherng aus der Gemeinde Chi Khor Kraom im S\u00fcdwesten Kambodschas berichtet ist kein Einzelfall, wie die heute ver\u00f6ffentlichte FIAN-Studie \u201eMikrokredite und \u00dcberschuldungskrise in Kambodscha\u201c aufzeigt. \u00dcberall im Land werden \u00fcberschuldete Haushalte in Hunger und den Verkauf ihrer Felder getrieben. Familienmitglieder m\u00fcssen in die St\u00e4dte oder ins Ausland migrieren. Kinder und Jugendliche werden aus der Schule genommen, um bei der R\u00fcckzahlung der Darlehen zu helfen. Manche Familien werden sogar in die Schuldknechtschaft getrieben. Betroffene haben kaum eine M\u00f6glichkeit, sich zu wehren \u2013 es gibt kaum Gesetze oder Verordnungen, welche Mikrokreditnehmer*innen sch\u00fctzen.<\/p>\n\n\n\n<p>Im vergangenen Jahrzehnt wuchs der Mikrofinanzsektor Kambodschas mit rasanter Geschwindigkeit und ist heute einer der gr\u00f6\u00dften weltweit:<\/p>\n\n\n\n<ul class=\"wp-block-list\"><li>Ende 2020 umfassten die 2,8 Millionen ausstehenden Mikrokredite satte 11,8 Milliarden US-Dollar.<\/li><li>Die durchschnittliche H\u00f6he dieser \u201eMikro\u201c-kredite liegt bei 4.280 US-Dollar \u2013 die h\u00f6chste weltweit.<\/li><li>Zwischen 28 Prozent und 50 Prozent der Kreditnehmer*innen sind \u00fcberschuldet oder von \u00dcberschuldung bedroht.<\/li><li>\u00dcber viele Jahre waren Jahreszinss\u00e4tze von 20-30 Prozent die Norm. 2017 kappte die Regierung den Jahreszinssatz auf 18 Prozent, doch die kambodschanischen Kreditinstitute umgehen diese offizielle Obergrenze.<\/li><li>Durch die COVID-Pandemie hat sich die Situation f\u00fcr viele Kreditnehmer*innen nochmals deutlich versch\u00e4rft, w\u00e4hrend die kambodschanischen Mikrofinanzinstitute (MFI) und Banken auch im Krisenjahr 2020 Rekordgewinne einfuhren.<\/li><\/ul>\n\n\n\n<p>Viele der kambodschanischen Mikrofinanzinstitute und Banken, welche f\u00fcr systematische Menschenrechtsverletzungen verantwortlich sind, werden von den deutschen Entwicklungsbanken KfW und DEG finanziert \u2013 entweder direkt, oder \u00fcber Mikrofinanzfonds wie MEF und MIFA, an denen wiederum das Bundesministerium f\u00fcr wirtschaftliche Zusammenarbeit (BMZ) beteiligt ist.<\/p>\n\n\n\n<p>Auch private Anleger*innen aus Deutschland sind \u00fcber die Investitionen \u201enachhaltiger\u201c Banken und Mikrofinanzinvestoren beteiligt. Zu den gr\u00f6\u00dften privaten Investoren, \u00fcber die Geld aus Deutschland in den kambodschanischen Mikrokreditsektor flie\u00dft, geh\u00f6ren laut FIAN-Recherchen Oikocredit, die Triodos Bank, Invest in Visions und der \u00f6sterreichisch-luxemburgische Dual Return Fund. Auch die Bank im Bistum Essen und die GLS Bank verf\u00fcgen \u00fcber Mikrofinanzfonds, die gro\u00dfe MFI in Kambodscha finanzieren.<\/p>\n\n\n\n<p>Die Reaktion von Entwicklungsbanken und privaten Investoren auf die \u00dcberschuldungskrise und die Vorw\u00fcrfe von Menschenrechtsverletzungen sind bisher v\u00f6llig ungen\u00fcgend. Die Bundesregierung l\u00e4sst zwar mittlerweile verlauten, dass sie die Kritik ernst nehme und genauer untersuchen wolle. Ergebnisse und konkrete Konsequenzen stehen aber noch aus. Mikrofinanzinvestoren wie Oikocredit oder die GLS Bank haben ihr Kambodscha-Portfolio sogar trotz der bekannten Probleme im vergangenen Jahr deutlich erh\u00f6ht.<\/p>\n\n\n\n<p>\u201eGemeinsam mit den kambodschanischen Menschenrechtsgruppen fordert FIAN die Investoren aus Deutschland und Europa auf, die Menschenrechtsverletzungen im Rahmen ihrer Investitionen umfassend aufzukl\u00e4ren und endlich konkrete Ma\u00dfnahmen zu ergreifen, um den betroffenen Kreditnehmer*innen in Kambodscha zu helfen\u201c, so FIAN-Referent Mathias Pfeifer. Kambodschanische Menschenrechtsgruppen haben die systematischen Menschenrechtsverletzungen im Mikrofinanzsektor seit 2019 im Rahmen mehrerer Untersuchungen aufgedeckt. Auch FIAN sprach vor Ort mit Betroffenen.<\/p>\n\n\n\n<div class=\"wp-block-columns is-layout-flex wp-container-core-columns-is-layout-9d6595d7 wp-block-columns-is-layout-flex\">\n<div class=\"wp-block-column is-layout-flow wp-block-column-is-layout-flow\" style=\"flex-basis:33.33%\">\n<figure class=\"wp-block-image size-large\"><a href=\"https:\/\/www.fian.de\/wer-wir-sind\/fian-deutschland-geschaeftsstelle\/\" target=\"_blank\" rel=\"noopener\"><img loading=\"lazy\" decoding=\"async\" width=\"1024\" height=\"1024\" src=\"https:\/\/www.sinn-schaffen.de\/finanz\/wp-content\/uploads\/sites\/13\/2022\/02\/Mathias-Pfeifer-FIAN-1024x1024.jpg\" alt=\"\" class=\"wp-image-952\" title=\"Foto: FIAN\"\/><\/a><\/figure>\n<\/div>\n\n\n\n<div class=\"wp-block-column is-layout-flow wp-block-column-is-layout-flow\" style=\"flex-basis:66.66%\">\n<p><a href=\"https:\/\/www.fian.de\/wer-wir-sind\/fian-deutschland-geschaeftsstelle\/\" target=\"_blank\" rel=\"noreferrer noopener\">Mathias Pfeifer<\/a> ist Referent bei <a href=\"https:\/\/www.fian.de\/\" target=\"_blank\" rel=\"noreferrer noopener\">FIAN Deutschland e.V.<\/a><\/p>\n\n\n\n<figure class=\"wp-block-image size-full is-resized\"><a href=\"https:\/\/www.fian.de\/\" target=\"_blank\" rel=\"noopener\"><img loading=\"lazy\" decoding=\"async\" src=\"https:\/\/www.sinn-schaffen.de\/finanz\/wp-content\/uploads\/sites\/13\/2018\/07\/FIAN.png\" alt=\"\" class=\"wp-image-102\" width=\"147\" height=\"147\"\/><\/a><\/figure>\n<\/div>\n<\/div>\n\n\n\n<div class=\"wp-block-columns is-layout-flex wp-container-core-columns-is-layout-9d6595d7 wp-block-columns-is-layout-flex\">\n<div class=\"wp-block-column is-layout-flow wp-block-column-is-layout-flow\" style=\"flex-basis:33.33%\">\n<figure class=\"wp-block-image size-full\"><a href=\"https:\/\/www.fian.de\/wp-content\/uploads\/2022\/02\/FIAN-Ueberschuldungsstudie-Studie-17.02.pdf\" target=\"_blank\" rel=\"noopener\"><img loading=\"lazy\" decoding=\"async\" width=\"599\" height=\"846\" src=\"https:\/\/www.sinn-schaffen.de\/finanz\/wp-content\/uploads\/sites\/13\/2022\/02\/FIAN-Ueberschuldungsstudie-Studie-T.jpg\" alt=\"\" class=\"wp-image-953\"\/><\/a><\/figure>\n<\/div>\n\n\n\n<div class=\"wp-block-column is-layout-flow wp-block-column-is-layout-flow\" style=\"flex-basis:66.66%\">\n<p>Die FIAN-Studie &#8222;Mikrokredite und \u00dcberschuldungskrise in Kambodscha&#8220; steht <a href=\"https:\/\/www.fian.de\/wp-content\/uploads\/2022\/02\/FIAN-Ueberschuldungsstudie-Studie-17.02.pdf\" target=\"_blank\" rel=\"noreferrer noopener\">\u00fcber diesen Link zum Download als PDF<\/a> bereit.<\/p>\n<\/div>\n<\/div>\n","protected":false},"excerpt":{"rendered":"<p>Die internationale Menschenrechtsorganisation FoodFirst Informations- und Aktions-Netzwerk (FIAN) berichtet, dass in Kambodscha durch Mikrokredite \u00fcberschuldete Haushalte in Hunger und den Verkauf ihrer Felder getrieben werden: Familienmitglieder m\u00fcssen in die St\u00e4dte oder ins Ausland migrieren, Kinder und Jugendliche werden aus der Schule genommen, um bei der R\u00fcckzahlung der Darlehen zu helfen, manche Familien werden sogar in &hellip; <\/p>\n<p class=\"link-more\"><a href=\"https:\/\/www.sinn-schaffen.de\/finanz\/mikrokredit-ueberschuldung-entwicklungsbanken-und-private-investoren-aus-deutschland-muessen-handeln\/\" class=\"more-link\"><span class=\"screen-reader-text\">\u201eMikrokredit-\u00dcberschuldung: &#8222;Entwicklungsbanken und private Investoren aus Deutschland m\u00fcssen handeln!&#8220;\u201c<\/span> weiterlesen<\/a><\/p>\n","protected":false},"author":1,"featured_media":0,"parent":0,"menu_order":77,"comment_status":"closed","ping_status":"closed","template":"","meta":{"footnotes":""},"class_list":["post-956","page","type-page","status-publish","hentry"],"_links":{"self":[{"href":"https:\/\/www.sinn-schaffen.de\/finanz\/wp-json\/wp\/v2\/pages\/956","targetHints":{"allow":["GET"]}}],"collection":[{"href":"https:\/\/www.sinn-schaffen.de\/finanz\/wp-json\/wp\/v2\/pages"}],"about":[{"href":"https:\/\/www.sinn-schaffen.de\/finanz\/wp-json\/wp\/v2\/types\/page"}],"author":[{"embeddable":true,"href":"https:\/\/www.sinn-schaffen.de\/finanz\/wp-json\/wp\/v2\/users\/1"}],"replies":[{"embeddable":true,"href":"https:\/\/www.sinn-schaffen.de\/finanz\/wp-json\/wp\/v2\/comments?post=956"}],"version-history":[{"count":2,"href":"https:\/\/www.sinn-schaffen.de\/finanz\/wp-json\/wp\/v2\/pages\/956\/revisions"}],"predecessor-version":[{"id":959,"href":"https:\/\/www.sinn-schaffen.de\/finanz\/wp-json\/wp\/v2\/pages\/956\/revisions\/959"}],"wp:attachment":[{"href":"https:\/\/www.sinn-schaffen.de\/finanz\/wp-json\/wp\/v2\/media?parent=956"}],"curies":[{"name":"wp","href":"https:\/\/api.w.org\/{rel}","templated":true}]}}