{"id":967,"date":"2022-03-09T17:24:38","date_gmt":"2022-03-09T16:24:38","guid":{"rendered":"https:\/\/www.sinn-schaffen.de\/finanz\/?page_id=967"},"modified":"2022-03-09T17:24:39","modified_gmt":"2022-03-09T16:24:39","slug":"deutschland-darf-nicht-laenger-versteck-fuer-oligarchen-geld-sein","status":"publish","type":"page","link":"https:\/\/www.sinn-schaffen.de\/finanz\/deutschland-darf-nicht-laenger-versteck-fuer-oligarchen-geld-sein\/","title":{"rendered":"Deutschland darf nicht l\u00e4nger Versteck f\u00fcr Oligarchen-Geld sein"},"content":{"rendered":"\n<p><em>Unter dem Motto &#8222;Kein Versteck f\u00fcr Oligarchen-Geld&#8220; fordert die B\u00fcrgerbewegung Finanzwende unter anderem ein Immobilienregister und deutliche Nachbesserungen am Transparenzregister. Zudem sollten Immobilien ohne klaren wirtschaftlich Berechtigten nach einer \u00dcbergangszeit in kommunale Hand \u00fcberf\u00fchrt und die Aufsichtsbeh\u00f6rden besser aufgestellt werden. <a href=\"https:\/\/www.finanzwende.de\/kampagnen\/kein-versteck-fuer-oligarchen-geld\/\" target=\"_blank\" rel=\"noreferrer noopener\">\u00dcber einen Link k\u00f6nnen alle Interessierte eine entsprechende Unterschriftenaktion unterzeichnen, um die Finanzwende-Vorschl\u00e4ge zu unterst\u00fctzen<\/a>.<\/em><\/p>\n\n\n\n<p><strong>(Berlin, 9. M\u00e4rz 2022)<\/strong> Putins Krieg gegen die Ukraine ersch\u00fcttert viele. Zahlreiche Staaten reagieren mit Sanktionen, so auch Deutschland. Finanzminister Lindner zum Beispiel hat angek\u00fcndigt, Putins Oligarchen hart treffen zu wollen. Doch bei der Durchsetzung der Ma\u00dfnahmen r\u00e4chen sich die politischen Vers\u00e4umnisse der letzten Jahrzehnte. So f\u00e4llt es an vielen Stellen schwer, Verm\u00f6gen zu beschlagnahmen.<\/p>\n\n\n\n<p>Leaks, Studien und Recherchen zeigen seit Jahren: Deutschland hat ein massives Problem mit schmutzigen Geldern. Hundert Milliarden werden jedes Jahr in Deutschland gewaschen. Hinzukommen unz\u00e4hlige Verbindungen in die Schattenfinanzwelt, unzureichende Gesetze und schwache Aufsichtsbeh\u00f6rden. F\u00fcr Konrad Duffy, Referent Finanzkriminalit\u00e4t der B\u00fcrgerbewegung Finanzwende, steht fest: \u201eZig Leaks und Recherchen haben nichts daran ge\u00e4ndert: Deutschland ist ein sicherer Hafen f\u00fcr schmutzige Gelder. Wir erweisen damit Oligarchen und der Organisierten Kriminalit\u00e4t einen gro\u00dfen Gefallen.\u201c<\/p>\n\n\n\n<p>Finanzwende dr\u00e4ngt deshalb auf deutliche Korrekturen. Der Verein fordert unter anderem ein Immobilienregister und deutliche Nachbesserungen am Transparenzregister. Zudem sollten Immobilien ohne klaren wirtschaftlich Berechtigten nach einer \u00dcbergangszeit in kommunale Hand \u00fcberf\u00fchrt und die Aufsichtsbeh\u00f6rden besser aufgestellt werden.<\/p>\n\n\n\n<p><a href=\"https:\/\/www.finanzwende.de\/kampagnen\/kein-versteck-fuer-oligarchen-geld\/\" target=\"_blank\" rel=\"noreferrer noopener\">Um ihren Forderungen Nachdruck zu verleihen, startet Finanzwende heute unter dem Motto: \u201eKein Versteck f\u00fcr Oligarchen-Geld\u201c eine neue Kampagne<\/a>. Dazu Konrad Duffy: \u201eChristian Lindner sollte schleunigst seinen Worten zum h\u00e4rteren Umgang mit Oligarchen Taten folgen lassen. Wenn wir nicht l\u00e4nger im Dunkeln stochern wollen, brauchen wir mehr Transparenz und durchsetzungsstarke Beh\u00f6rden.\u201c Auf der Homepage der Organisation k\u00f6nnen alle Interessierte eine entsprechende Unterschriftenaktion unterzeichnen, um die Finanzwende-Vorschl\u00e4ge zu unterst\u00fctzen.<\/p>\n\n\n\n<p>Finanzwende ist ein \u00fcberparteilicher Verein mit rund 7.000 Mitgliedern. Die Organisation wurde im Jahr 2018 anl\u00e4sslich des zehnten Jahrestages der Lehman Brothers-Pleite gegr\u00fcndet. Sie versteht sich als eine unabh\u00e4ngige Interessenvertretung von und f\u00fcr B\u00fcrgerinnen und B\u00fcrger.<\/p>\n","protected":false},"excerpt":{"rendered":"<p>Unter dem Motto &#8222;Kein Versteck f\u00fcr Oligarchen-Geld&#8220; fordert die B\u00fcrgerbewegung Finanzwende unter anderem ein Immobilienregister und deutliche Nachbesserungen am Transparenzregister. Zudem sollten Immobilien ohne klaren wirtschaftlich Berechtigten nach einer \u00dcbergangszeit in kommunale Hand \u00fcberf\u00fchrt und die Aufsichtsbeh\u00f6rden besser aufgestellt werden. \u00dcber einen Link k\u00f6nnen alle Interessierte eine entsprechende Unterschriftenaktion unterzeichnen, um die Finanzwende-Vorschl\u00e4ge zu unterst\u00fctzen. &hellip; <\/p>\n<p class=\"link-more\"><a href=\"https:\/\/www.sinn-schaffen.de\/finanz\/deutschland-darf-nicht-laenger-versteck-fuer-oligarchen-geld-sein\/\" class=\"more-link\"><span class=\"screen-reader-text\">\u201eDeutschland darf nicht l\u00e4nger Versteck f\u00fcr Oligarchen-Geld sein\u201c<\/span> weiterlesen<\/a><\/p>\n","protected":false},"author":1,"featured_media":0,"parent":0,"menu_order":75,"comment_status":"closed","ping_status":"closed","template":"","meta":{"footnotes":""},"class_list":["post-967","page","type-page","status-publish","hentry"],"_links":{"self":[{"href":"https:\/\/www.sinn-schaffen.de\/finanz\/wp-json\/wp\/v2\/pages\/967","targetHints":{"allow":["GET"]}}],"collection":[{"href":"https:\/\/www.sinn-schaffen.de\/finanz\/wp-json\/wp\/v2\/pages"}],"about":[{"href":"https:\/\/www.sinn-schaffen.de\/finanz\/wp-json\/wp\/v2\/types\/page"}],"author":[{"embeddable":true,"href":"https:\/\/www.sinn-schaffen.de\/finanz\/wp-json\/wp\/v2\/users\/1"}],"replies":[{"embeddable":true,"href":"https:\/\/www.sinn-schaffen.de\/finanz\/wp-json\/wp\/v2\/comments?post=967"}],"version-history":[{"count":1,"href":"https:\/\/www.sinn-schaffen.de\/finanz\/wp-json\/wp\/v2\/pages\/967\/revisions"}],"predecessor-version":[{"id":968,"href":"https:\/\/www.sinn-schaffen.de\/finanz\/wp-json\/wp\/v2\/pages\/967\/revisions\/968"}],"wp:attachment":[{"href":"https:\/\/www.sinn-schaffen.de\/finanz\/wp-json\/wp\/v2\/media?parent=967"}],"curies":[{"name":"wp","href":"https:\/\/api.w.org\/{rel}","templated":true}]}}