{"id":973,"date":"2022-03-10T15:32:32","date_gmt":"2022-03-10T14:32:32","guid":{"rendered":"https:\/\/www.sinn-schaffen.de\/finanz\/?page_id=973"},"modified":"2022-03-10T15:34:51","modified_gmt":"2022-03-10T14:34:51","slug":"ngo-netzwerk-schlaegt-un-steuerkonvention-mit-gesamtkonzernsteuer-fuer-unternehmensbesteuerung-vor","status":"publish","type":"page","link":"https:\/\/www.sinn-schaffen.de\/finanz\/ngo-netzwerk-schlaegt-un-steuerkonvention-mit-gesamtkonzernsteuer-fuer-unternehmensbesteuerung-vor\/","title":{"rendered":"NGO-Netzwerk schl\u00e4gt UN-Steuerkonvention mit Gesamtkonzernsteuer f\u00fcr Unternehmensbesteuerung vor"},"content":{"rendered":"\n<p><em>Transnationale Konzerne und reiche Verm\u00f6gensbesitzer nutzen derzeit die L\u00fccken im internationalen Steuersystem, um sich der fairen Besteuerung zu entziehen. Dadurch gehen bislang jedes Jahr mehrere hundert Milliarden Euro an Steuergeldern verloren. Der nun ver\u00f6ffentlichte Entwurf f\u00fcr eine UN-Steuerkonvention ist nach dem Vorbild existierender UN-Konventionen wie der UN-Klimakonvention (UNFCCC) modelliert und w\u00fcrde einen institutionellen Rahmen schaffen, in dem die 193 Mitgliedstaaten der UN kollektive Vereinbarungen aushandeln k\u00f6nnen.<\/em><\/p>\n\n\n\n<hr class=\"wp-block-separator\"\/>\n\n\n\n<figure class=\"wp-block-image size-full\"><img loading=\"lazy\" decoding=\"async\" width=\"1024\" height=\"413\" src=\"https:\/\/www.sinn-schaffen.de\/finanz\/wp-content\/uploads\/sites\/13\/2022\/03\/NU-220309-Steuergerechtigkeit.jpg\" alt=\"\" class=\"wp-image-969\" title=\"Foto: Nata Uchava, Freiburg\"\/><\/figure>\n\n\n\n<hr class=\"wp-block-separator\"\/>\n\n\n\n<p><strong>(Berlin, 10. M\u00e4rz 2022)<\/strong> Das <a href=\"https:\/\/www.eurodad.org\/\" target=\"_blank\" rel=\"noreferrer noopener\">European Network on Debt and Development (Eurodad)<\/a> hat heute gemeinsam mit der Global Alliance for Tax Justice (GATJ) einen Diskussionsentwurf f\u00fcr eine UN-Steuerkonvention nach dem Vorbild der Klimarahmenkonvention ver\u00f6ffentlicht. Seit Jahren tobt ein internationaler Dumpingwettbewerb bei der Unternehmensbesteuerung. Milliarden Gewinne werden durch Steuertricks in Steueroasen ausgewiesen.<\/p>\n\n\n\n<p>Dazu David Kern-Fehrenbach vom Netzwerk Steuergerechtigkeit: \u201eTransnationale Konzerne und reiche Verm\u00f6gensbesitzer nutzen derzeit die L\u00fccken im internationalen Steuersystem, um sich der fairen Besteuerung zu entziehen. Die UN-Steuerkonvention ist ein wichtiger Schritt zu mehr Steuergerechtigkeit.\u201d<\/p>\n\n\n\n<p>Karl-Martin Hentschel, von Attac Deutschland, erg\u00e4nzt: \u201eZiel ist die Vereinbarung einer multilateralen Steuerkonvention im Rahmen der Vereinten Nationen, um den sch\u00e4dlichen internationalen Steuerdumpingwettbewerb zu stoppen und die Steuervermeidung weltweit anzugehen.\u201d<\/p>\n\n\n\n<p>Besonders die L\u00e4nder des globalen S\u00fcdens haben die UN-Steuerkonvention wiederholt gefordert. Auch bei der vorgeschlagenen Neuregelung, die derzeit von der OECD koordiniert wird, <a href=\"https:\/\/www.ataftax.org\/a-new-era-of-international-taxation-rules-what-does-this-mean-for-africa\" target=\"_blank\" rel=\"noreferrer noopener\">werden sie erneut unzureichend ber\u00fccksichtigt<\/a>. Dieses System schreibt den Sitzl\u00e4ndern multinationaler Unternehmen einen Gro\u00dfteil der Steuereinnahmen zu. Das benachteiligt insbesondere wirtschaftlich unterentwickelte L\u00e4nder, in denen es wenige Konzernsitze gibt. Besonders bei der Besteuerung von Digitalfirmen schadet es aber auch Deutschland. Auch die neue OECD-Mindeststeuer sieht keine grunds\u00e4tzliche \u00c4nderung dieser globalen Spielregeln vor.<\/p>\n\n\n\n<p>Dazu Bodo Ellmers vom Global Policy Forum: \u201eDie neue UN-Steuerkonvention schlie\u00dft eine L\u00fccke in der internationalen Finanzarchitektur, eine L\u00fccke durch die bislang jedes Jahr mehrere hundert Milliarden Euro an Steuergeldern verloren gehen. Besonders die \u00e4rmsten L\u00e4nder brauchen diese Mittel dringend, um Armutsbek\u00e4mpfung zu finanzieren und ihre Abh\u00e4ngigkeit von der Entwicklungshilfe zu \u00fcberwinden. Wir fordern die Bundesregierung auf, sich auch bei der Steuergerechtigkeit als Champion des Multilateralismus zu zeigen. Deutschland muss sich den Unterst\u00fctzern anzuschlie\u00dfen.\u201c<\/p>\n\n\n\n<p>Der nun ver\u00f6ffentlichte Entwurf f\u00fcr eine UN-Steuerkonvention ist nach dem Vorbild existierender UN-Konventionen wie der UN-Klimakonvention (UNFCCC) modelliert. Sie w\u00fcrde einen institutionellen Rahmen schaffen, in dem die 193 Mitgliedstaaten der UN kollektive Vereinbarungen aushandeln k\u00f6nnen. Der Entwurf beinhaltet Vorschl\u00e4ge f\u00fcr eine grundlegende Reform der globalen Steuerarchitektur, unter anderem<\/p>\n\n\n\n<ul class=\"wp-block-list\"><li>die \u00dcbertragung der Kompetenz der internationalen Steuerkoordination von der OECD auf die UN, also auf eine Institution mit universeller Mitgliedschaft, die internationales Recht setzen kann.<\/li><li>die <a href=\"https:\/\/www.netzwerk-steuergerechtigkeit.de\/wp-content\/uploads\/2017\/06\/info-steuergerechtigkeit-14_gesamtkonzernsteuer1.pdf\" target=\"_blank\" rel=\"noreferrer noopener\">Einf\u00fchrung des Konzepts der Gesamtkonzernsteuer f\u00fcr die Unternehmensbesteuerung<\/a>. Dabei werden globale Konzerne als eine Einheit betrachtet und Steuern anhand einer Formel nach wirtschaftlicher Aktivit\u00e4t weltweit verteilt. Damit w\u00fcrde das hoch komplexe Verrechnungspreissystem abgel\u00f6st, das von transnational operierenden Konzernen zur Steuervermeidung mittels Gewinnverlagerung in Steueroasen genutzt wird.<\/li><li>ein \u00f6ffentlich zug\u00e4ngliches weltweites UN-Unternehmens-Register, das die tats\u00e4chlichen Eigent\u00fcmer von Unternehmen und Trusts sowie die l\u00e4nderspezifischen Daten \u00fcber die weltweiten Steuerzahlungen und wirtschaftlichen Aktivit\u00e4ten multinationaler Unternehmen sammelt.<\/li><\/ul>\n\n\n\n<p>Diese Vorschl\u00e4ge gehen weit \u00fcber die aktuellen Reformen f\u00fcr eine OECD Mindeststeuer und eine EU-Richtlinie f\u00fcr Steuertransparenz (public Country-by-Country Reporting) hinaus.<\/p>\n\n\n\n<div class=\"wp-block-columns is-layout-flex wp-container-core-columns-is-layout-9d6595d7 wp-block-columns-is-layout-flex\">\n<div class=\"wp-block-column is-layout-flow wp-block-column-is-layout-flow\" style=\"flex-basis:33.33%\">\n<figure class=\"wp-block-image size-full\"><a href=\"https:\/\/de.wikipedia.org\/wiki\/Karl-Martin_Hentschel\" target=\"_blank\" rel=\"noopener\"><img loading=\"lazy\" decoding=\"async\" width=\"300\" height=\"374\" src=\"https:\/\/www.sinn-schaffen.de\/finanz\/wp-content\/uploads\/sites\/13\/2018\/05\/Karl-Martin_HentschelS.jpg\" alt=\"\" class=\"wp-image-43\" title=\"Foto: Karl-Martin Hentschel\"\/><\/a><\/figure>\n<\/div>\n\n\n\n<div class=\"wp-block-column is-layout-flow wp-block-column-is-layout-flow\" style=\"flex-basis:66.66%\">\n<p>Karl-Martin Hentschel vertritt attac im Vorstand des <a href=\"https:\/\/www.netzwerk-steuergerechtigkeit.de\/\" target=\"_blank\" rel=\"noreferrer noopener\">Netzwerk Steuergerechtigkeit<\/a>.<\/p>\n\n\n\n<figure class=\"wp-block-image size-full\"><a href=\"https:\/\/www.netzwerk-steuergerechtigkeit.de\/\" target=\"_blank\" rel=\"noopener\"><img loading=\"lazy\" decoding=\"async\" width=\"330\" height=\"73\" src=\"https:\/\/www.sinn-schaffen.de\/finanz\/wp-content\/uploads\/sites\/13\/2018\/05\/NetzwerkSteuergerechtigkeit.jpg\" alt=\"\" class=\"wp-image-45\"\/><\/a><\/figure>\n<\/div>\n<\/div>\n\n\n\n<div class=\"wp-block-columns is-layout-flex wp-container-core-columns-is-layout-9d6595d7 wp-block-columns-is-layout-flex\">\n<div class=\"wp-block-column is-layout-flow wp-block-column-is-layout-flow\" style=\"flex-basis:33.33%\">\n<figure class=\"wp-block-image size-full\"><a href=\"https:\/\/www.netzwerk-steuergerechtigkeit.de\/wp-content\/uploads\/2017\/06\/info-steuergerechtigkeit-14_gesamtkonzernsteuer1.pdf\" target=\"_blank\" rel=\"noopener\"><img loading=\"lazy\" decoding=\"async\" width=\"599\" height=\"846\" src=\"https:\/\/www.sinn-schaffen.de\/finanz\/wp-content\/uploads\/sites\/13\/2022\/03\/info-steuergerechtigkeit-14_gesamtkonzernsteuer1-T.jpg\" alt=\"\" class=\"wp-image-970\"\/><\/a><\/figure>\n<\/div>\n\n\n\n<div class=\"wp-block-column is-layout-flow wp-block-column-is-layout-flow\" style=\"flex-basis:66.66%\">\n<p>Ein Informationsbrief des Netzwerks Steuergerechtigkeit Deutschland zur Gesamtkonzernsteuer steht <a href=\"https:\/\/www.netzwerk-steuergerechtigkeit.de\/wp-content\/uploads\/2017\/06\/info-steuergerechtigkeit-14_gesamtkonzernsteuer1.pdf\" target=\"_blank\" rel=\"noreferrer noopener\">\u00fcber diesen Link zum Download als PDF<\/a> bereit.<\/p>\n<\/div>\n<\/div>\n","protected":false},"excerpt":{"rendered":"<p>Transnationale Konzerne und reiche Verm\u00f6gensbesitzer nutzen derzeit die L\u00fccken im internationalen Steuersystem, um sich der fairen Besteuerung zu entziehen. Dadurch gehen bislang jedes Jahr mehrere hundert Milliarden Euro an Steuergeldern verloren. Der nun ver\u00f6ffentlichte Entwurf f\u00fcr eine UN-Steuerkonvention ist nach dem Vorbild existierender UN-Konventionen wie der UN-Klimakonvention (UNFCCC) modelliert und w\u00fcrde einen institutionellen Rahmen schaffen, &hellip; <\/p>\n<p class=\"link-more\"><a href=\"https:\/\/www.sinn-schaffen.de\/finanz\/ngo-netzwerk-schlaegt-un-steuerkonvention-mit-gesamtkonzernsteuer-fuer-unternehmensbesteuerung-vor\/\" class=\"more-link\"><span class=\"screen-reader-text\">\u201eNGO-Netzwerk schl\u00e4gt UN-Steuerkonvention mit Gesamtkonzernsteuer f\u00fcr Unternehmensbesteuerung vor\u201c<\/span> weiterlesen<\/a><\/p>\n","protected":false},"author":1,"featured_media":0,"parent":0,"menu_order":74,"comment_status":"closed","ping_status":"closed","template":"","meta":{"footnotes":""},"class_list":["post-973","page","type-page","status-publish","hentry"],"_links":{"self":[{"href":"https:\/\/www.sinn-schaffen.de\/finanz\/wp-json\/wp\/v2\/pages\/973","targetHints":{"allow":["GET"]}}],"collection":[{"href":"https:\/\/www.sinn-schaffen.de\/finanz\/wp-json\/wp\/v2\/pages"}],"about":[{"href":"https:\/\/www.sinn-schaffen.de\/finanz\/wp-json\/wp\/v2\/types\/page"}],"author":[{"embeddable":true,"href":"https:\/\/www.sinn-schaffen.de\/finanz\/wp-json\/wp\/v2\/users\/1"}],"replies":[{"embeddable":true,"href":"https:\/\/www.sinn-schaffen.de\/finanz\/wp-json\/wp\/v2\/comments?post=973"}],"version-history":[{"count":2,"href":"https:\/\/www.sinn-schaffen.de\/finanz\/wp-json\/wp\/v2\/pages\/973\/revisions"}],"predecessor-version":[{"id":976,"href":"https:\/\/www.sinn-schaffen.de\/finanz\/wp-json\/wp\/v2\/pages\/973\/revisions\/976"}],"wp:attachment":[{"href":"https:\/\/www.sinn-schaffen.de\/finanz\/wp-json\/wp\/v2\/media?parent=973"}],"curies":[{"name":"wp","href":"https:\/\/api.w.org\/{rel}","templated":true}]}}