{"id":998,"date":"2022-06-09T16:55:03","date_gmt":"2022-06-09T14:55:03","guid":{"rendered":"https:\/\/www.sinn-schaffen.de\/finanz\/?page_id=998"},"modified":"2022-06-09T16:55:04","modified_gmt":"2022-06-09T14:55:04","slug":"mobilitaetswende-ausgebremst-der-einfluss-von-autokonzernen-auf-eu-mercosur-handelsabkommen","status":"publish","type":"page","link":"https:\/\/www.sinn-schaffen.de\/finanz\/mobilitaetswende-ausgebremst-der-einfluss-von-autokonzernen-auf-eu-mercosur-handelsabkommen\/","title":{"rendered":"Mobilit\u00e4tswende ausgebremst: Der Einfluss von Autokonzernen auf EU-Mercosur-Handelsabkommen"},"content":{"rendered":"\n<p><em>Das EU-Mercosur-Abkommen ist ein Autos-gegen-Fleisch-Deal, der vor allem einem Ziel dient: Herstellern klimasch\u00e4dlicher Autos Produktions- und Importkosten zu sparen. Das ist ein Ergebnis der Studie &#8222;Mobilit\u00e4tswende ausgebremst. Das EU-Mercosur-Abkommen und die Autoindustrie&#8220;, herausgegeben von Misereor, der Deutschen Umwelthilfe, Greenpeace Deutschland, Powershift, Attac Deutschland, Attac \u00d6sterreich und dem Netzwerk Gerechter Welthandel. Bei den Verhandlungen ging die Lobbyarbeit nicht nur von den Konzernen selbst aus; interne E-Mails belegen, wie Mitarbeiter*innen des deutschen Wirtschaftsministeriums und der EU-Kommission aktiv auf Wirtschaftsverb\u00e4nde zugingen, um deren W\u00fcnsche zu erfragen und in die Verhandlungen mit den Mercosur-Staaten einzuspeisen.<\/em><\/p>\n\n\n\n<hr class=\"wp-block-separator has-alpha-channel-opacity\"\/>\n\n\n\n<figure class=\"wp-block-image size-full\"><img loading=\"lazy\" decoding=\"async\" width=\"1024\" height=\"413\" src=\"https:\/\/www.sinn-schaffen.de\/finanz\/wp-content\/uploads\/sites\/13\/2022\/06\/NU-220609-mercosur.jpg\" alt=\"\" class=\"wp-image-994\" title=\"Foto: Nata Uchava, Freiburg\"\/><\/figure>\n\n\n\n<hr class=\"wp-block-separator has-alpha-channel-opacity\"\/>\n\n\n\n<p><strong>(Aachen\/Berlin\/Hamburg\/Wien, 2. Juni 2022)<\/strong> Autokonzerne haben die Verhandlungen \u00fcber das noch nicht unterschriebene Handelsabkommen zwischen der EU und den Mercosur-Staaten erheblich beeinflusst \u2013 und w\u00fcrden davon in besonderem Ma\u00dfe profitieren. Das zeigt die heute ver\u00f6ffentlichte Studie \u201eMobilit\u00e4tswende ausgebremst. Das EU-Mercosur-Abkommen und die Autoindustrie\u201c. Dabei ging die Lobbyarbeit nicht nur von den Konzernen selbst aus. Interne E-Mails belegen, wie Mitarbeiter*innen des deutschen Wirtschaftsministeriums und der EU-Kommission aktiv auf Wirtschaftsverb\u00e4nde zugingen, um deren W\u00fcnsche zu erfragen und in die Verhandlungen mit den Mercosur-Staaten einzuspeisen. Die Studie wird herausgegeben von Misereor, der Deutschen Umwelthilfe (DUH), Greenpeace Deutschland, Powershift, Attac Deutschland, Attac \u00d6sterreich und dem Netzwerk Gerechter Welthandel.<\/p>\n\n\n\n<p>Das Ergebnis der erfolgreichen Einflussnahme ist ein Abkommen, das Z\u00f6lle auf Autos mit Verbrennungsmotoren, Autoteilen und Rohstoffen f\u00fcr die Autoproduktion beseitigen sowie die Ausfuhr von Kraftstoffen auf der Basis von Nahrungs- und Futtermitteln f\u00f6rdern w\u00fcrde. Dadurch verfestigt das Abkommenden Individualverkehr mit fossilen Brennstoffen und f\u00f6rdert einen klimasch\u00e4dlichen Ressourcenabbau. \u201eDieses Abkommen bremst die dringend n\u00f6tige Mobilit\u00e4tswende auf Kosten \u00f6ffentlicher Transportmittel aus\u201c, kritisiert Hanni Gramann von Attac Deutschland. \u201eWir sollten auf ressourcenschonende und klimafreundliche Alternativen setzen, die allen Menschen Mobilit\u00e4t erm\u00f6glichen, statt die Profiterwartungen der Automobilindustrie zu erf\u00fcllen.\u201c<\/p>\n\n\n\n<p>Forderungen nach dem Abschluss von Handelsabkommen wie EU-Mercosur werden seit dem Krieg in der Ukraine immer lauter. Demgegen\u00fcber sehen die herausgebenden Organisationen der Studie durch Zollerleichterungen f\u00fcr Verbrenner und Agrosprit das Risiko einer zementierten Abh\u00e4ngigkeit von fossilen Brennstoffen und der Ausweitung von Soja und Zuckerrohranbau zur Verwendung als Brennstoff auf Kosten des Klimas und der Weltern\u00e4hrung. \u201eMehr denn je werden Agrarfl\u00e4chen f\u00fcr die Ern\u00e4hrungssicherung gebraucht, nicht zur Produktion von Fleisch oder Treibstoff f\u00fcr Autos. Die Automobilindustrie hat sich mit diesem Abkommen den Export ihrer klimasch\u00e4dlichen Verbrenner auf Jahrzehnte gesichert. Gleichzeitig beg\u00fcnstigt das Abkommen, dass noch mehr Lebensmittel wie Soja und Zuckerrohr im Tank landen. Das w\u00fcrde die auf einer Verteilungskrise basierende globale Ern\u00e4hrungsnot noch weiter anheizen\u201c, kommentiert Sascha M\u00fcller-Kraenner von der Deutschen Umwelthilfe.<\/p>\n\n\n\n<p>Die Studie beschreibt detailliert, wie die Autoindustrie vom engen Zusammenspiel mit der Politik profitiert. Dazu z\u00e4hlen die schrittweise Beseitigung aller Z\u00f6lle auf Autos und Autoteile und auf wichtige Rohstoffe wie Eisen und Stahl, Aluminium, Kupfer, Blei, Zink und das f\u00fcr Elektroautos wichtige Lithium. Die Mercosur-Staaten verzichten zudem auf Exportsteuern f\u00fcr Soja, Biodiesel und Rindsleder (Autositze). \u201eDas EU-Mercosur-Abkommen ist ein Autos-gegen-Fleisch-Deal, der vor allem einem Ziel dient: Herstellern klimasch\u00e4dlicher Autos Produktions- und Importkosten zu sparen. Mit einem gerechten und nachhaltigen Handelsabkommen hat das nichts zu tun. Es muss gestoppt werden\u201c, erkl\u00e4rt Lis Cunha von Greenpeace.<\/p>\n\n\n\n<p>Dem stehen enorme Gefahren f\u00fcr Klima, Umwelt und Menschenrechte gegen\u00fcber. Das Abkommen w\u00fcrde den Export von Soja, Bioethanol aus Rohrzucker, Rindsleder und metallischen Rohstoffen f\u00fcr die Automobilindustrie erleichtern und steigern. \u201eWie die Studie mit Fallbeispielen belegt, sind Viehzucht, Anbau von Soja und Zuckerrohr sowie Abbau metallischer Rohstoffe in Brasilien, Argentinien und Paraguay hauptverantwortlich f\u00fcr Entwaldung, Vertreibung von indigenen Gemeinschaften, Umweltsch\u00e4den und Menschenrechtsverletzungen\u201c, erkl\u00e4rt Armin Paasch von Misereor. \u201eDas Nachhaltigkeitskapitel des Abkommens sieht dagegen keinerlei Sanktionen vor, wenn es zu solchen Sch\u00e4den kommt.\u201c<\/p>\n\n\n\n<p>\u201eEs w\u00e4re an der Zeit, dass die EU die Probleme anerkennt, die mit intransparenten und undemokratischen Abkommen wie EU-Mercosur einhergehen\u201c, meint Jeremy Oestreich von PowerShift. \u201eUm das Klima, die Umwelt und die Menschenrechte wirksam zu sch\u00fctzen, brauchen wir endlich eine Handelspolitik, die nicht nur einigen wenigen sehr m\u00e4chtigen Lobbygruppen dient.\u201c Ludwig Essig, Koordinator des Netzwerks gerechter Welthandel erg\u00e4nzt: \u201eGerade in diesen Zeiten ist eine grundlegend neue Handels- und Investitionspolitik absolut notwendig. Dazu brauchen wir transparente und demokratische Verhandlungen, starke Nachhaltigkeitskapitel und ein Ende der Aufweichung unserer Umwelt- und Sozialstandards.\u201c<\/p>\n\n\n\n<p><strong>Hintergrund<\/strong><\/p>\n\n\n\n<p>Die EU-Kommission gab Ende Juni 2019 bekannt, eine Grundsatzeinigung \u00fcber ein Handelsabkommen mit dem <a href=\"https:\/\/www.bmz.de\/de\/service\/lexikon\/gemeinsamer-suedamerikanischer-markt-mercosur-14410\" target=\"_blank\" rel=\"noreferrer noopener\">\u201eGemeinsamen S\u00fcdamerikanischen Markt\u201c (Mercosur)<\/a> erzielt zu haben. Seither hat sie einige Teile des Vertrags ver\u00f6ffentlicht. Dieser soll Teil eines umfassenderen Assoziierungsabkommens mit dem Mercosur werden. Auch f\u00fcr die \u00fcbrigen Teile des Assoziierungsabkommens wurden die Verhandlungen am 18. Juni 2020 abgeschlossen. Dessen Text jedoch blieb bisher unver\u00f6ffentlicht. Bislang wurde das Assoziierungsabkommen weder unterzeichnet noch ratifiziert \u2013 auch aufgrund des Widerstandes in einigen EU-Staaten (darunter \u00d6sterreich.) Die EU-Kommission versucht \u00fcber unzureichende und unverbindliche Zusatzprotokolle mit den Mercosur-Staaten diesen Widerstand aus dem Weg zu r\u00e4umen.<\/p>\n\n\n\n<div class=\"wp-block-columns is-layout-flex wp-container-core-columns-is-layout-9d6595d7 wp-block-columns-is-layout-flex\">\n<div class=\"wp-block-column is-layout-flow wp-block-column-is-layout-flow\" style=\"flex-basis:33.33%\">\n<figure class=\"wp-block-image size-large\"><img loading=\"lazy\" decoding=\"async\" width=\"709\" height=\"1024\" src=\"https:\/\/www.sinn-schaffen.de\/finanz\/wp-content\/uploads\/sites\/13\/2018\/09\/Hanni_Gramann_attac_K-709x1024.jpg\" alt=\"\" class=\"wp-image-135\" title=\"Foto: attac\"\/><\/figure>\n<\/div>\n\n\n\n<div class=\"wp-block-column is-layout-flow wp-block-column-is-layout-flow\" style=\"flex-basis:66.66%\">\n<p>Hanni Gramann ist Mitglied im Koordinationskreis von <a href=\"https:\/\/www.attac.de\/\" target=\"_blank\" rel=\"noreferrer noopener\">attac<\/a>.<\/p>\n\n\n\n<figure class=\"wp-block-image size-full is-resized\"><a href=\"https:\/\/www.attac.de\/\" target=\"_blank\" rel=\"noreferrer noopener\"><img loading=\"lazy\" decoding=\"async\" src=\"https:\/\/www.sinn-schaffen.de\/finanz\/wp-content\/uploads\/sites\/13\/2018\/05\/Attac-Logo_rgb.jpg\" alt=\"\" class=\"wp-image-44\" width=\"229\" height=\"70\"\/><\/a><\/figure>\n<\/div>\n<\/div>\n\n\n\n<div class=\"wp-block-columns is-layout-flex wp-container-core-columns-is-layout-9d6595d7 wp-block-columns-is-layout-flex\">\n<div class=\"wp-block-column is-layout-flow wp-block-column-is-layout-flow\" style=\"flex-basis:33.33%\">\n<figure class=\"wp-block-image size-full\"><a href=\"https:\/\/www.misereor.de\/fileadmin\/publikationen\/mobilitaetswende-ausgebremst-eu-mercosur-abkommen.pdf\" target=\"_blank\" rel=\"noreferrer noopener\"><img loading=\"lazy\" decoding=\"async\" width=\"599\" height=\"846\" src=\"https:\/\/www.sinn-schaffen.de\/finanz\/wp-content\/uploads\/sites\/13\/2022\/06\/mobilitaetswende-ausgebremst-eu-mercosur-abkommen-T.jpg\" alt=\"\" class=\"wp-image-995\"\/><\/a><\/figure>\n<\/div>\n\n\n\n<div class=\"wp-block-column is-layout-flow wp-block-column-is-layout-flow\" style=\"flex-basis:66.66%\">\n<p>Die Studie &#8222;Mobilit\u00e4tswende ausgebremst. Das EU-Mercosur-Abkommen und die Autoindustrie&#8220; steht <a href=\"https:\/\/www.misereor.de\/fileadmin\/publikationen\/mobilitaetswende-ausgebremst-eu-mercosur-abkommen.pdf\" target=\"_blank\" rel=\"noreferrer noopener\">\u00fcber diesen Link zum Download als PDF<\/a> bereit.<\/p>\n<\/div>\n<\/div>\n","protected":false},"excerpt":{"rendered":"<p>Das EU-Mercosur-Abkommen ist ein Autos-gegen-Fleisch-Deal, der vor allem einem Ziel dient: Herstellern klimasch\u00e4dlicher Autos Produktions- und Importkosten zu sparen. Das ist ein Ergebnis der Studie &#8222;Mobilit\u00e4tswende ausgebremst. Das EU-Mercosur-Abkommen und die Autoindustrie&#8220;, herausgegeben von Misereor, der Deutschen Umwelthilfe, Greenpeace Deutschland, Powershift, Attac Deutschland, Attac \u00d6sterreich und dem Netzwerk Gerechter Welthandel. Bei den Verhandlungen ging die &hellip; <\/p>\n<p class=\"link-more\"><a href=\"https:\/\/www.sinn-schaffen.de\/finanz\/mobilitaetswende-ausgebremst-der-einfluss-von-autokonzernen-auf-eu-mercosur-handelsabkommen\/\" class=\"more-link\"><span class=\"screen-reader-text\">\u201eMobilit\u00e4tswende ausgebremst: Der Einfluss von Autokonzernen auf EU-Mercosur-Handelsabkommen\u201c<\/span> weiterlesen<\/a><\/p>\n","protected":false},"author":1,"featured_media":0,"parent":0,"menu_order":70,"comment_status":"closed","ping_status":"closed","template":"","meta":{"footnotes":""},"class_list":["post-998","page","type-page","status-publish","hentry"],"_links":{"self":[{"href":"https:\/\/www.sinn-schaffen.de\/finanz\/wp-json\/wp\/v2\/pages\/998","targetHints":{"allow":["GET"]}}],"collection":[{"href":"https:\/\/www.sinn-schaffen.de\/finanz\/wp-json\/wp\/v2\/pages"}],"about":[{"href":"https:\/\/www.sinn-schaffen.de\/finanz\/wp-json\/wp\/v2\/types\/page"}],"author":[{"embeddable":true,"href":"https:\/\/www.sinn-schaffen.de\/finanz\/wp-json\/wp\/v2\/users\/1"}],"replies":[{"embeddable":true,"href":"https:\/\/www.sinn-schaffen.de\/finanz\/wp-json\/wp\/v2\/comments?post=998"}],"version-history":[{"count":1,"href":"https:\/\/www.sinn-schaffen.de\/finanz\/wp-json\/wp\/v2\/pages\/998\/revisions"}],"predecessor-version":[{"id":999,"href":"https:\/\/www.sinn-schaffen.de\/finanz\/wp-json\/wp\/v2\/pages\/998\/revisions\/999"}],"wp:attachment":[{"href":"https:\/\/www.sinn-schaffen.de\/finanz\/wp-json\/wp\/v2\/media?parent=998"}],"curies":[{"name":"wp","href":"https:\/\/api.w.org\/{rel}","templated":true}]}}