{"id":182,"date":"2019-07-09T14:27:43","date_gmt":"2019-07-09T12:27:43","guid":{"rendered":"https:\/\/www.sinn-schaffen.de\/frieden\/?page_id=182"},"modified":"2020-09-07T16:14:44","modified_gmt":"2020-09-07T14:14:44","slug":"buechel-2019","status":"publish","type":"page","link":"https:\/\/www.sinn-schaffen.de\/frieden\/buechel-2019\/","title":{"rendered":"Fliegerhorst B\u00fcchel: Aktionsfestival gegen Atomwaffen"},"content":{"rendered":"\n<p><em>Am Sonntag, den 7. Juli 2019, dem H\u00f6hepunkt des ICAN\/IPPNW-Aktionsfestivals in B\u00fcchel, besuchten etwa 1.000 G\u00e4ste einen \u00f6kumenischen Gottesdienst mit Margot K\u00e4\u00dfmann. Mit dem mehrt\u00e4gigen, bunten Festival protestierten die Teilnehmenden gegen die Stationierung von US-Atomwaffen in Deutschland. In ihrer Predigt kritisierte K\u00e4\u00dfmann Bef\u00fcrworter der nuklearen Teilhabe und von Atomwaffen: \u201cDa ist Widerspruch gefragt.\u201d<\/em><\/p>\n\n\n\n<hr>\n<img decoding=\"async\" class=\"alignleft wp-image-313\" title=\"Foto: ICAN Deutschland.\" src=\"https:\/\/www.sinn-schaffen.de\/frieden\/wp-content\/uploads\/sites\/16\/2019\/07\/B%C3%BCchel-2019-Q.jpg\" alt=\"\" width=\"1024\">\n<hr>\n&nbsp;\n\n\n\n<p><strong>(B\u00fcchel, 7. Juli 2019)<\/strong> Ein generationen\u00fcbergreifendes Friedensfest neben dem Bundeswehrst\u00fctzpunkt in B\u00fcchel feiert den zweiten Jahrestag des UN-Vertrags zum Verbot von Atomwaffen. Am Sonntag, den 7. Juli 2019, dem H\u00f6hepunkt des ICAN\/IPPNW-Aktionsfestivals in B\u00fcchel, besuchten etwa 1.000 G\u00e4ste einen \u00f6kumenischen Gottesdienst mit Margot K\u00e4\u00dfmann. Mit dem mehrt\u00e4gigen, bunten Festival protestierten die Teilnehmenden gegen die Stationierung der US-Atomwaffen in Deutschland und setzten sich f\u00fcr die \u00c4chtung von Atomwaffen ein. In ihrer Predigt kritisierte K\u00e4\u00dfmann Bef\u00fcrworter der nuklearen Teilhabe und von Atomwaffen: \u201eAngesichts solcher Aussagen von Menschen, die Verantwortung tragen, muss es uns doch gruseln. Da ist Widerspruch gefragt.\u201c<\/p>\n\n\n<div id=\"metaslider-id-173\" style=\"max-width: 800px;\" class=\"ml-slider-3-98-0 metaslider metaslider-flex metaslider-173 ml-slider ml-slider-lightbox-1-13-4 lightbox-disabled ms-theme-default\" role=\"region\" aria-roledescription=\"Slideshow\" aria-label=\"B\u00fcchel 2019\" data-width=\"800\">\n    <div id=\"metaslider_container_173\">\n        <div id=\"metaslider_173\">\n            <ul class='slides'>\n                <li style=\"display: block; width: 100%;\" class=\"slide-178 ms-image \" aria-roledescription=\"slide\" aria-label=\"slide-178\" data-date=\"2019-07-09 14:20:54\"><img loading=\"lazy\" decoding=\"async\" src=\"https:\/\/www.sinn-schaffen.de\/frieden\/wp-content\/uploads\/sites\/16\/2019\/07\/B\u00fcchel-2019-1.jpg\" height=\"600\" width=\"800\" alt=\"\" class=\"slider-173 slide-178\" title=\"B\u00fcchel 2019-1\"><\/li>\n                <li style=\"display: none; width: 100%;\" class=\"slide-179 ms-image \" aria-roledescription=\"slide\" aria-label=\"slide-179\" data-date=\"2019-07-09 14:20:54\"><img loading=\"lazy\" decoding=\"async\" src=\"https:\/\/www.sinn-schaffen.de\/frieden\/wp-content\/uploads\/sites\/16\/2019\/07\/B\u00fcchel-2019-2.jpg\" height=\"600\" width=\"800\" alt=\"\" class=\"slider-173 slide-179\" title=\"B\u00fcchel 2019-2\"><\/li>\n                <li style=\"display: none; width: 100%;\" class=\"slide-180 ms-image \" aria-roledescription=\"slide\" aria-label=\"slide-180\" data-date=\"2019-07-09 14:20:54\"><img loading=\"lazy\" decoding=\"async\" src=\"https:\/\/www.sinn-schaffen.de\/frieden\/wp-content\/uploads\/sites\/16\/2019\/07\/B\u00fcchel-2019-3.jpg\" height=\"600\" width=\"800\" alt=\"\" class=\"slider-173 slide-180\" title=\"B\u00fcchel 2019-3\"><\/li>\n                <li style=\"display: none; width: 100%;\" class=\"slide-181 ms-image \" aria-roledescription=\"slide\" aria-label=\"slide-181\" data-date=\"2019-07-09 14:20:54\"><img loading=\"lazy\" decoding=\"async\" src=\"https:\/\/www.sinn-schaffen.de\/frieden\/wp-content\/uploads\/sites\/16\/2019\/07\/B\u00fcchel-2019-4.jpg\" height=\"600\" width=\"800\" alt=\"\" class=\"slider-173 slide-181\" title=\"B\u00fcchel 2019-4\"><\/li>\n            <\/ul>\n        <\/div>\n        \n    <\/div>\n<\/div>\n\n\n\n<p>Bereits seit Freitag vorher kamen Aktivisti*innen aus ganz\nDeutschland zum Aktionsfestival in B\u00fcchel zusammen. Das von den\nFriedensnobelpreisorganisationen ICAN und IPPNW gestaltete Wochenende fand im\nRahmen der Aktionspr\u00e4senz \u201e20 Wochen gegen 20 Atomwaffen\u201c statt. Es wurden\nverschiedene kreative Workshops angeboten und die Ergebnisse am Sonntag auf\neiner gro\u00dfen B\u00fchne dem Publikum pr\u00e4sentiert. Unter anderem fand eine\nPerformance mit 20 Bombenattrappen statt, um sichtbar zu machen, was hinter dem\nMilit\u00e4rzaun geheim gelagert ist.<\/p>\n\n\n\n<p>\u201eMit der Aktion weisen wir darauf hin, dass Deutschland im Rahmen der nuklearen Teilhabe mit dem Einsatz von Atomwaffen und damit mit millionenfacher Vernichtung droht.\u201c, so Xanthe Hall, Vorstandsmitglied von ICAN Deutschland. Derzeit wird sogar \u00fcber die Anschaffung neuer Tr\u00e4gersysteme f\u00fcr die modernisierten B61-12-Bomben der USA diskutiert. \u201eStatt sich weiter an die v\u00f6lkerrechtswidrige Abschreckungspolitik zu klammern, sollte Deutschland den abr\u00fcstungspolitischen Worten auch Taten folgen lassen und dem Vertrag zum Verbot von Atomwaffen beitreten\u201c, so Hall.<\/p>\n\n\n\n<p>Der Vertrag zum Verbot von Atomwaffen wurde vor zwei Jahren, am 7. Juli 2017 im Rahmen der Vereinten Nationen, verabschiedet. Bisher haben 70 Staaten den Vertrag unterschrieben, 23 bereits ratifiziert. Der Vertrag tritt drei Monate nach der 50. Ratifizierung in Kraft.<\/p>\n\n\n\n<figure class=\"wp-block-table\"><table class=\"has-subtle-light-gray-background-color has-background\"><tbody><tr><td width=\"25%\"><a rel=\"noopener noreferrer\" href=\"https:\/\/www.icanw.de\/uber-ican\/vorstand\/\" target=\"_blank\"><img decoding=\"async\" width=\"180\" class=\"aligncenter wp-image-313\" title=\"Foto: IPPNW.\" src=\"https:\/\/www.sinn-schaffen.de\/frieden\/wp-content\/uploads\/sites\/16\/2019\/04\/xanthe_hall.jpg\" alt=\"\"><\/a><\/td><td width=\"75%\">Xanthe Hall arbeitet im Vorstand von <a href=\"https:\/\/www.icanw.de\/\" target=\"_blank\" rel=\"noopener noreferrer\">ICAN Deutschland<\/a> und ist Mitbegr\u00fcnderin der Organisation.<\/td><\/tr><tr><td><\/td><td><a href=\"https:\/\/www.icanw.de\/\" target=\"_blank\" rel=\"noopener noreferrer\"><img decoding=\"async\" class=\"aligncenter wp-image-313\" title=\" \" src=\"https:\/\/www.sinn-schaffen.de\/frieden\/wp-content\/uploads\/sites\/16\/2018\/05\/ican.png\" alt=\"\" width=\"180\"><\/a><\/td><\/tr><\/tbody><\/table><\/figure>\n","protected":false},"excerpt":{"rendered":"<p>Am Sonntag, den 7. Juli 2019, dem H\u00f6hepunkt des ICAN\/IPPNW-Aktionsfestivals in B\u00fcchel, besuchten etwa 1.000 G\u00e4ste einen \u00f6kumenischen Gottesdienst mit Margot K\u00e4\u00dfmann. Mit dem mehrt\u00e4gigen, bunten Festival protestierten die Teilnehmenden gegen die Stationierung von US-Atomwaffen in Deutschland. In ihrer Predigt kritisierte K\u00e4\u00dfmann Bef\u00fcrworter der nuklearen Teilhabe und von Atomwaffen: \u201cDa ist Widerspruch gefragt.\u201d &nbsp; (B\u00fcchel, &hellip; <\/p>\n<p class=\"link-more\"><a href=\"https:\/\/www.sinn-schaffen.de\/frieden\/buechel-2019\/\" class=\"more-link\"><span class=\"screen-reader-text\">\u201eFliegerhorst B\u00fcchel: Aktionsfestival gegen Atomwaffen\u201c<\/span> weiterlesen<\/a><\/p>\n","protected":false},"author":1,"featured_media":0,"parent":0,"menu_order":65,"comment_status":"closed","ping_status":"closed","template":"","meta":{"footnotes":""},"class_list":["post-182","page","type-page","status-publish","hentry"],"_links":{"self":[{"href":"https:\/\/www.sinn-schaffen.de\/frieden\/wp-json\/wp\/v2\/pages\/182","targetHints":{"allow":["GET"]}}],"collection":[{"href":"https:\/\/www.sinn-schaffen.de\/frieden\/wp-json\/wp\/v2\/pages"}],"about":[{"href":"https:\/\/www.sinn-schaffen.de\/frieden\/wp-json\/wp\/v2\/types\/page"}],"author":[{"embeddable":true,"href":"https:\/\/www.sinn-schaffen.de\/frieden\/wp-json\/wp\/v2\/users\/1"}],"replies":[{"embeddable":true,"href":"https:\/\/www.sinn-schaffen.de\/frieden\/wp-json\/wp\/v2\/comments?post=182"}],"version-history":[{"count":4,"href":"https:\/\/www.sinn-schaffen.de\/frieden\/wp-json\/wp\/v2\/pages\/182\/revisions"}],"predecessor-version":[{"id":351,"href":"https:\/\/www.sinn-schaffen.de\/frieden\/wp-json\/wp\/v2\/pages\/182\/revisions\/351"}],"wp:attachment":[{"href":"https:\/\/www.sinn-schaffen.de\/frieden\/wp-json\/wp\/v2\/media?parent=182"}],"curies":[{"name":"wp","href":"https:\/\/api.w.org\/{rel}","templated":true}]}}