{"id":210,"date":"2019-10-18T14:08:38","date_gmt":"2019-10-18T12:08:38","guid":{"rendered":"https:\/\/www.sinn-schaffen.de\/frieden\/?page_id=210"},"modified":"2020-09-07T16:09:53","modified_gmt":"2020-09-07T14:09:53","slug":"weniger-finanzinstitute-investieren-in-atomwaffen","status":"publish","type":"page","link":"https:\/\/www.sinn-schaffen.de\/frieden\/weniger-finanzinstitute-investieren-in-atomwaffen\/","title":{"rendered":"Neue Studie &#8222;Don\u2018t Bank on the Bomb&#8220;: Weniger Finanzinstitute investieren in Atomwaffen."},"content":{"rendered":"\n<p><em>Die niederl\u00e4ndische ICAN-Partnerorganisation PAX hat einen neuen Bericht zu der Beteiligung durch Finanzinstitute an Atomwaffenproduktionen ver\u00f6ffentlicht. Der Bericht verdeutlicht, dass immer mehr Institute Investitionen in Atomwaffen ablehnen.<\/em><\/p>\n\n\n\n<p><strong>(Berlin, 17. Oktober 2019)<\/strong> Die niederl\u00e4ndische ICAN-Partnerorganisation PAX hat einen neuen Bericht zu der Beteiligung durch Finanzinstitute an Atomwaffenproduktionen ver\u00f6ffentlicht. Der Bericht \u201eBeyond the Bomb\u201c verdeutlicht: Immer mehr Institute lehnen Investitionen in Atomwaffen ab.<\/p>\n\n\n\n<div class=\"wp-block-image\"><figure class=\"alignright is-resized\"><a href=\"https:\/\/www.dontbankonthebomb.com\/wp-content\/uploads\/2019\/10\/201910_Beyond-the-bomb_final.pdf\" target=\"_blank\" rel=\"noreferrer noopener\"><img decoding=\"async\" src=\"https:\/\/www.sinn-schaffen.de\/frieden\/wp-content\/uploads\/sites\/16\/2019\/10\/201910_Beyond-the-bomb_final-T.jpg\" alt=\"\" class=\"wp-image-209\" width=\"320\" title=\"\"><\/a><\/figure><\/div>\n\n\n\n<p>Finanzinstitute mit einer umfassenden Strategie zum\nAusschluss von entsprechenden Investitionen sind in der Kategorie \u201eHall of\nFame\u201c gelistet. Die zweite Kategorie \u201eRunners Up\u201c listet Institute, die ihre\nRichtlinien bereits \u00fcberarbeitet haben, aber noch Schlupfl\u00f6cher bieten.<\/p>\n\n\n\n<p>Die Anzahl der Finanzinstitute, die ihre Richtlinien grundlegend \u00fcberarbeitet haben, sind seit 2014 von 35 auf 77 gestiegen. 36 von ihnen haben umfassende Ma\u00dfnahmen ergriffen (Hall of Fame). Im Vergleich zum Vorjahr sind neun Institute hinzugekommen, unter anderem die \u201eBank f\u00fcr Kirche und Caritas\u201c mit Sitz in Paderborn. In der Kategorie \u201eRunners Up\u201c wurde die Deutsche Bank aufgenommen. Sie hatte 2018 ihre Richtlinie in Hinblick auf kontroverse Waffensysteme angepasst. Zwar sind die Vorgaben noch nicht ausreichend, um Investitionen in Atomwaffen vollst\u00e4ndig auszuschlie\u00dfen. Dennoch zeigt die Anpassung, dass solche Investitionen immer st\u00e4rker in die Kritik geraten.<\/p>\n\n\n\n<figure class=\"wp-block-table\"><table class=\"has-subtle-light-gray-background-color has-background\"><tbody><tr><td width=\"25%\"><a rel=\"noopener noreferrer\" href=\"https:\/\/www.icanw.de\/presse\/\" target=\"_blank\"><img decoding=\"async\" width=\"180\" class=\"aligncenter wp-image-313\" title=\"Foto: ICAN.\" src=\"https:\/\/www.sinn-schaffen.de\/frieden\/wp-content\/uploads\/sites\/16\/2020\/03\/Anne-Balzer-ICAN-K.jpg\" alt=\"\"><\/a><\/td><td width=\"75%\">Anne Balzer ist Referentin bei <a href=\"https:\/\/www.icanw.de\/uber-ican\/werwirsind\/\" target=\"_blank\" rel=\"noopener noreferrer\">ICAN Deutschland<\/a>.<\/td><\/tr><tr><td><\/td><td><a href=\"https:\/\/www.icanw.de\/uber-ican\/werwirsind\/\" target=\"_blank\" rel=\"noopener noreferrer\"><img decoding=\"async\" class=\"aligncenter wp-image-313\" title=\" \" src=\"https:\/\/www.sinn-schaffen.de\/frieden\/wp-content\/uploads\/sites\/16\/2018\/05\/ican.png\" alt=\"\" width=\"180\"><\/a><\/td><\/tr><\/tbody><\/table><\/figure>\n\n\n\n<p>Derzeit ratifizieren weitere Staaten den Vertrag zum Verbot\nvon Atomwaffen, der auch die Unterst\u00fctzung der Herstellung von nuklearen Waffen\nverbietet (Stand 17.10.2019: 32 Ratifikationen). Daher ist zu erwarten, dass\nk\u00fcnftig weitere Finanzinstitute ihre Richtlinien \u00e4ndern und somit Atomwaffen\n\u00e4chten werden.<\/p>\n\n\n\n<p>\u201eDass nun immer mehr Finanzinstitute entscheiden, ihre Richtlinien zu \u00fcberarbeiten, zeigt: Die Androhung eines Massenmords durch Atomwaffen ist nicht legitim. Weitere Institute m\u00fcssen dem Vorbild der Bank f\u00fcr Kirche und Caritas folgen, damit die Modernisierungsprogramme der Atomwaffenstaaten und ihrer Alliierten keine Chance haben\u201c, so Anne Balzer von ICAN Deutschland.<\/p>\n\n\n\n<figure class=\"wp-block-table\"><table class=\"has-subtle-light-gray-background-color has-background\"><tbody><tr><td width=\"25%\"><a rel=\"noopener noreferrer\" href=\"https:\/\/www.dontbankonthebomb.com\/wp-content\/uploads\/2019\/10\/201910_Beyond-the-bomb_final.pdf\" target=\"_blank\"><img decoding=\"async\" title=\" \" width=\"180\" class=\"aligncenter wp-image-313\" src=\"https:\/\/www.sinn-schaffen.de\/frieden\/wp-content\/uploads\/sites\/16\/2019\/10\/201910_Beyond-the-bomb_final-T.jpg\" alt=\"\"><\/a><\/td><td width=\"75%\">Die Studie &#8222;Don\u2018t Bank on the Bomb&#8220; steht <a href=\"https:\/\/www.dontbankonthebomb.com\/wp-content\/uploads\/2019\/10\/201910_Beyond-the-bomb_final.pdf\" target=\"_blank\" rel=\"noopener noreferrer\">\u00fcber diesen Link zum Download als PDF-Datei<\/a> bereit.<\/td><\/tr><\/tbody><\/table><\/figure>\n","protected":false},"excerpt":{"rendered":"<p>Die niederl\u00e4ndische ICAN-Partnerorganisation PAX hat einen neuen Bericht zu der Beteiligung durch Finanzinstitute an Atomwaffenproduktionen ver\u00f6ffentlicht. Der Bericht verdeutlicht, dass immer mehr Institute Investitionen in Atomwaffen ablehnen. (Berlin, 17. Oktober 2019) Die niederl\u00e4ndische ICAN-Partnerorganisation PAX hat einen neuen Bericht zu der Beteiligung durch Finanzinstitute an Atomwaffenproduktionen ver\u00f6ffentlicht. Der Bericht \u201eBeyond the Bomb\u201c verdeutlicht: Immer mehr &hellip; <\/p>\n<p class=\"link-more\"><a href=\"https:\/\/www.sinn-schaffen.de\/frieden\/weniger-finanzinstitute-investieren-in-atomwaffen\/\" class=\"more-link\"><span class=\"screen-reader-text\">\u201eNeue Studie &#8222;Don\u2018t Bank on the Bomb&#8220;: Weniger Finanzinstitute investieren in Atomwaffen.\u201c<\/span> weiterlesen<\/a><\/p>\n","protected":false},"author":1,"featured_media":0,"parent":0,"menu_order":61,"comment_status":"closed","ping_status":"closed","template":"","meta":{"footnotes":""},"class_list":["post-210","page","type-page","status-publish","hentry"],"_links":{"self":[{"href":"https:\/\/www.sinn-schaffen.de\/frieden\/wp-json\/wp\/v2\/pages\/210","targetHints":{"allow":["GET"]}}],"collection":[{"href":"https:\/\/www.sinn-schaffen.de\/frieden\/wp-json\/wp\/v2\/pages"}],"about":[{"href":"https:\/\/www.sinn-schaffen.de\/frieden\/wp-json\/wp\/v2\/types\/page"}],"author":[{"embeddable":true,"href":"https:\/\/www.sinn-schaffen.de\/frieden\/wp-json\/wp\/v2\/users\/1"}],"replies":[{"embeddable":true,"href":"https:\/\/www.sinn-schaffen.de\/frieden\/wp-json\/wp\/v2\/comments?post=210"}],"version-history":[{"count":3,"href":"https:\/\/www.sinn-schaffen.de\/frieden\/wp-json\/wp\/v2\/pages\/210\/revisions"}],"predecessor-version":[{"id":343,"href":"https:\/\/www.sinn-schaffen.de\/frieden\/wp-json\/wp\/v2\/pages\/210\/revisions\/343"}],"wp:attachment":[{"href":"https:\/\/www.sinn-schaffen.de\/frieden\/wp-json\/wp\/v2\/media?parent=210"}],"curies":[{"name":"wp","href":"https:\/\/api.w.org\/{rel}","templated":true}]}}