{"id":254,"date":"2020-03-28T16:51:12","date_gmt":"2020-03-28T15:51:12","guid":{"rendered":"https:\/\/www.sinn-schaffen.de\/frieden\/?page_id=254"},"modified":"2020-09-07T15:59:17","modified_gmt":"2020-09-07T13:59:17","slug":"abzug-der-atomwaffen-aus-deutschland-endlich-umsetzen","status":"publish","type":"page","link":"https:\/\/www.sinn-schaffen.de\/frieden\/abzug-der-atomwaffen-aus-deutschland-endlich-umsetzen\/","title":{"rendered":"Abzug der Atomwaffen aus Deutschland endlich umsetzen"},"content":{"rendered":"\n<p><em>Der Deutsche Bundestag hat die Bundesregierung am 26. M\u00e4rz 2010 eindeutig aufgefordert, sich gegen\u00fcber den USA mit Nachdruck f\u00fcr den Abzug der US-Atomwaffen aus Deutschland einzusetzen. Das ist bis heute nicht geschehen, obwohl sich regelm\u00e4\u00dfig eine deutliche Mehrheit der Bev\u00f6lkerung f\u00fcr den Abzug der US-Atomwaffen ausspricht. In B\u00fcchel in der Eifel sind weiterhin 20 US-Atombomben des Typs B-61 stationiert, die im Rahmen der Nuklearen Teilhabe in der NATO von deutschen Flugzeugen ins Ziel geflogen werden sollen; diese Bomben verf\u00fcgen \u00fcber die bis zu 13-fache Zerst\u00f6rungskraft der Hiroshima-Bombe.<\/em><\/p>\n\n\n\n<hr>\n<img decoding=\"async\" class=\"alignleft wp-image-313\" title=\"Grafik: Nata Uchava, Michael Wildberger.\" src=\"https:\/\/www.sinn-schaffen.de\/frieden\/wp-content\/uploads\/sites\/16\/2020\/03\/NU-200328-ican-ippnw.jpg\" alt=\"\" width=\"1024\">\n<hr>\n&nbsp;\n\n\n\n<p><strong>(Berlin, 25. M\u00e4rz 2020)<\/strong> Vor genau zehn Jahren, am 26. M\u00e4rz 2010, sprach sich der Deutsche Bundestag fraktions\u00fcbergreifend mit gro\u00dfer Mehrheit f\u00fcr einen Abzug der US-Atomwaffen aus Deutschland aus. Daran erinnern die Kampagne \u201eB\u00fcchel ist \u00fcberall! atomwaffenfrei.jetzt!\u201c, die deutsche Sektion der \u201eInternationalen \u00c4rzte f\u00fcr die Verh\u00fctung des Atomkrieges\u201c (IPPNW), ICAN Deutschland und Ohne R\u00fcstung Leben. Mit einer Unterschriftensammlung \u2013 an der sich bereits rund 5.000 Menschen beteiligt haben \u2013 und mehr als 40.000 Aktionspostkarten fordern sie eine Umsetzung des Beschlusses.<\/p>\n\n\n\n<p>\u201eWir sind in gro\u00dfer Sorge \u00fcber die zunehmende Erosion der\ninternationalen R\u00fcstungskontrollarchitektur und die milliardenschweren\nAufr\u00fcstungsvorhaben der Atomwaffenstaaten\u201c, sagt Dr. Inga Blum aus dem Vorstand\nder deutschen Sektion der IPPNW. \u201eGleichzeitig soll die Bundeswehr neue\nTr\u00e4gerflugzeuge erhalten und Gedankenspiele \u00fcber eine Nukleare Teilhabe mit\nFrankreich kursieren. 75 Jahre nach Hiroshima und Nagasaki sind dies fatale\nEntwicklungen, mit denen ein atomwaffenfreies Deutschland in einem\natomwaffenfreien Europa in immer weitere Ferne r\u00fcckt!\u201c<\/p>\n\n\n\n<figure class=\"wp-block-table\"><table class=\"has-subtle-light-gray-background-color has-background\"><tbody><tr><td width=\"25%\"><a rel=\"noopener noreferrer\" href=\"https:\/\/www.ippnw.de\/der-verein\/vorstand.html\" target=\"_blank\"><img decoding=\"async\" width=\"180\" class=\"aligncenter wp-image-313\" title=\"Foto: IPPNW.\" src=\"https:\/\/www.sinn-schaffen.de\/frieden\/wp-content\/uploads\/sites\/16\/2020\/03\/Inga-Blum-q.jpg\" alt=\"\"><\/a><\/td><td width=\"75%\">Inga Blum ist Mitglied im Vorstand von <a href=\"https:\/\/www.ippnw.de\/\" target=\"_blank\" rel=\"noopener noreferrer\">Internationale \u00c4rzte f\u00fcr die Verh\u00fctung des Atomkrieges \u2013 \u00c4rzte in sozialer Verantwortung e.V. (IPPNW)<\/a>.<\/td><\/tr><tr><td><\/td><td><a href=\"https:\/\/www.ippnw.de\/\" target=\"_blank\" rel=\"noopener noreferrer\"><img decoding=\"async\" class=\"aligncenter wp-image-313\" title=\" \" src=\"https:\/\/www.sinn-schaffen.de\/frieden\/wp-content\/uploads\/sites\/16\/2018\/05\/IPPNW-Logo-253x300.jpg\" alt=\"\" width=\"150\"><\/a><\/td><\/tr><\/tbody><\/table><\/figure>\n\n\n\n<p>\u201eDer Deutsche Bundestag hat die Bundesregierung am 26. M\u00e4rz\n2010 eindeutig aufgefordert, sich gegen\u00fcber den USA mit Nachdruck f\u00fcr den Abzug\nder US-Atomwaffen aus Deutschland einzusetzen\u201c, betont Marvin Mendyka, Sprecher\nder Kampagne \u201eB\u00fcchel ist \u00fcberall! atomwaffenfrei.jetzt\u201c und kritisiert: \u201eDas\nist bis heute nicht geschehen! Dabei spricht sich regelm\u00e4\u00dfig eine deutliche\nMehrheit der Bev\u00f6lkerung f\u00fcr den Abzug der US-Atomwaffen aus B\u00fcchel aus.\u201c In\nB\u00fcchel in der Eifel sind weiterhin 20 US-Atombomben des Typs B-61 stationiert,\ndie im Rahmen der Nuklearen Teilhabe in der NATO von deutschen Flugzeugen ins\nZiel geflogen werden sollen. Diese Bomben verf\u00fcgen \u00fcber die bis zu 13-fache\nZerst\u00f6rungskraft der Hiroshima-Bombe.<\/p>\n\n\n\n<p>\u201eMit unserer Unterschriftensammlung und unseren\nAktionspostkarten fordern wir den Bundestagspr\u00e4sidenten Wolfgang Sch\u00e4uble auf,\nsich daf\u00fcr stark zu machen, dass der Beschluss zum Abzug der US-Atomwaffen aus\nDeutschland endlich umgesetzt wird\u201c, so Simon B\u00f6decker, Referent f\u00fcr\n\u00d6ffentlichkeitsarbeit bei Ohne R\u00fcstung Leben. \u201eAu\u00dferdem erwarten wir, dass die\nBundesregierung einen konstruktiven Dialog mit der Zivilgesellschaft \u00fcber\nAbr\u00fcstungsbem\u00fchungen sucht und ihre Blockadehaltung gegen\u00fcber dem\nAtomwaffenverbotsvertrag der Vereinten Nationen aufgibt!\u201c<\/p>\n\n\n\n<p>\u201e10 Jahre nach dem wegweisenden Beschluss des Bundestages sind die damals an die Bundesregierung gestellten Forderungen noch immer aktuell\u201c, erl\u00e4utert Anne Balzer, Referentin f\u00fcr \u00d6ffentlichkeitsarbeit bei ICAN Deutschland. \u201eDie j\u00fcngeren Entwicklungen verdeutlichen: Deutschland hinkt hinterher. Mittlerweile haben 122 Staaten &#8211; ohne Deutschland \u2013 ein v\u00f6lkerrechtliches Verbot von Atomwaffen beschlossen. Deshalb fordern wir, dass die Bundesregierung endlich konkrete Schritte unternimmt, um dem Ziel einer nuklearwaffenfreien Welt n\u00e4her zu kommen. Dazu z\u00e4hlt die Besinnung auf den Beschluss des Bundestages und der Einsatz f\u00fcr den Abzug der Atomwaffen aus Deutschland.\u201c <\/p>\n\n\n\n<figure class=\"wp-block-table\"><table class=\"has-subtle-light-gray-background-color has-background\"><tbody><tr><td width=\"25%\"><a rel=\"noopener noreferrer\" href=\"https:\/\/www.icanw.de\/presse\/\" target=\"_blank\"><img decoding=\"async\" width=\"180\" class=\"aligncenter wp-image-313\" title=\"Foto: ICAN.\" src=\"https:\/\/www.sinn-schaffen.de\/frieden\/wp-content\/uploads\/sites\/16\/2020\/03\/Anne-Balzer-ICAN-K.jpg\" alt=\"\"><\/a><\/td><td width=\"75%\">Anne Balzer ist Referentin bei <a href=\"https:\/\/www.icanw.de\/uber-ican\/werwirsind\/\" target=\"_blank\" rel=\"noopener noreferrer\">ICAN Deutschland<\/a>.<\/td><\/tr><tr><td><\/td><td><a href=\"https:\/\/www.icanw.de\/uber-ican\/werwirsind\/\" target=\"_blank\" rel=\"noopener noreferrer\"><img decoding=\"async\" class=\"aligncenter wp-image-313\" title=\" \" src=\"https:\/\/www.sinn-schaffen.de\/frieden\/wp-content\/uploads\/sites\/16\/2018\/05\/ican.png\" alt=\"\" width=\"180\"><\/a><\/td><\/tr><\/tbody><\/table><\/figure>\n\n\n\n<p><strong>Wichtige Hinweise:<\/strong><\/p>\n\n\n\n<ul class=\"wp-block-list\"><li>Die Unterschriftensammlung kann unterst\u00fctzt werden unter:<br> <a href=\"http:\/\/www.friedenskooperative.de\/bundestagsbeschluss\" target=\"_blank\" rel=\"noreferrer noopener\" aria-label=\"www.friedenskooperative.de\/bundestagsbeschluss (\u00f6ffnet in neuem Tab)\">www.friedenskooperative.de\/bundestagsbeschluss<\/a><\/li><li>Kostenlose Aktionspostkarten k\u00f6nnen angefordert werden unter:<br> <a href=\"http:\/\/www.ohne-ruestung-leben.de\/mitmachen\/atomwaffenabzug-10-jahre-bundestagsbeschluss.html\" target=\"_blank\" rel=\"noreferrer noopener\" aria-label=\"www.ohne-ruestung-leben.de\/mitmachen\/atomwaffenabzug-10-jahre-bundestagsbeschluss.html (\u00f6ffnet in neuem Tab)\">www.ohne-ruestung-leben.de\/mitmachen\/atomwaffenabzug-10-jahre-bundestagsbeschluss.html<\/a><\/li><li>Weitere Informationen zum Bundestagsbeschluss vom 26. M\u00e4rz 2010 unter:<br><a href=\"http:\/\/www.bundestag.de\/dokumente\/textarchiv\/2010\/29155758_kw12_de_abruestung-201446\" target=\"_blank\" rel=\"noreferrer noopener\" aria-label=\" www.bundestag.de\/dokumente\/textarchiv\/2010\/29155758_kw12_de_abruestung-201446 (\u00f6ffnet in neuem Tab)\"> www.bundestag.de\/dokumente\/textarchiv\/2010\/29155758_kw12_de_abruestung-201446<\/a><\/li><\/ul>\n","protected":false},"excerpt":{"rendered":"<p>Der Deutsche Bundestag hat die Bundesregierung am 26. M\u00e4rz 2010 eindeutig aufgefordert, sich gegen\u00fcber den USA mit Nachdruck f\u00fcr den Abzug der US-Atomwaffen aus Deutschland einzusetzen. Das ist bis heute nicht geschehen, obwohl sich regelm\u00e4\u00dfig eine deutliche Mehrheit der Bev\u00f6lkerung f\u00fcr den Abzug der US-Atomwaffen ausspricht. In B\u00fcchel in der Eifel sind weiterhin 20 US-Atombomben &hellip; <\/p>\n<p class=\"link-more\"><a href=\"https:\/\/www.sinn-schaffen.de\/frieden\/abzug-der-atomwaffen-aus-deutschland-endlich-umsetzen\/\" class=\"more-link\"><span class=\"screen-reader-text\">\u201eAbzug der Atomwaffen aus Deutschland endlich umsetzen\u201c<\/span> weiterlesen<\/a><\/p>\n","protected":false},"author":1,"featured_media":0,"parent":0,"menu_order":54,"comment_status":"closed","ping_status":"closed","template":"","meta":{"footnotes":""},"class_list":["post-254","page","type-page","status-publish","hentry"],"_links":{"self":[{"href":"https:\/\/www.sinn-schaffen.de\/frieden\/wp-json\/wp\/v2\/pages\/254","targetHints":{"allow":["GET"]}}],"collection":[{"href":"https:\/\/www.sinn-schaffen.de\/frieden\/wp-json\/wp\/v2\/pages"}],"about":[{"href":"https:\/\/www.sinn-schaffen.de\/frieden\/wp-json\/wp\/v2\/types\/page"}],"author":[{"embeddable":true,"href":"https:\/\/www.sinn-schaffen.de\/frieden\/wp-json\/wp\/v2\/users\/1"}],"replies":[{"embeddable":true,"href":"https:\/\/www.sinn-schaffen.de\/frieden\/wp-json\/wp\/v2\/comments?post=254"}],"version-history":[{"count":3,"href":"https:\/\/www.sinn-schaffen.de\/frieden\/wp-json\/wp\/v2\/pages\/254\/revisions"}],"predecessor-version":[{"id":329,"href":"https:\/\/www.sinn-schaffen.de\/frieden\/wp-json\/wp\/v2\/pages\/254\/revisions\/329"}],"wp:attachment":[{"href":"https:\/\/www.sinn-schaffen.de\/frieden\/wp-json\/wp\/v2\/media?parent=254"}],"curies":[{"name":"wp","href":"https:\/\/api.w.org\/{rel}","templated":true}]}}