{"id":308,"date":"2020-07-03T17:37:42","date_gmt":"2020-07-03T15:37:42","guid":{"rendered":"https:\/\/www.sinn-schaffen.de\/frieden\/?page_id=308"},"modified":"2020-09-07T15:45:12","modified_gmt":"2020-09-07T13:45:12","slug":"75-jahre-vereinte-nationen-sicherheitspolitik-muss-friedenspolitik-sein","status":"publish","type":"page","link":"https:\/\/www.sinn-schaffen.de\/frieden\/75-jahre-vereinte-nationen-sicherheitspolitik-muss-friedenspolitik-sein\/","title":{"rendered":"75 Jahre Vereinte Nationen: Sicherheitspolitik muss Friedenspolitik sein"},"content":{"rendered":"\n<p><em>Der sogenannte \u201cKrieg gegen den Terror\u201d hat gezeigt, dass Terror und Gewalt nicht mit milit\u00e4rischen Mitteln zu besiegen sind. Die Milit\u00e4rinterventionen haben viele L\u00e4nder in Kriege gest\u00fcrzt, die Aufl\u00f6sung jeglicher Ordnung bewirkt, emanzipatorische Bewegungen blockiert und gro\u00dfe Fluchtbewegungen ausgel\u00f6st. \u201cInternationale \u00c4rzte f\u00fcr die Verh\u00fctung des Atomkrieges\u201d (IPPNW) erinnert aus Anlass des 75-j\u00e4hrigen Bestehens der Vereinten Nationen daran, dass die weltweiten Klima- und Gerechtigkeitskonflikte nicht durch Milit\u00e4reinsatz l\u00f6sbar sind, milit\u00e4rische Gewalt sei vielmehr ein Teil der Probleme.<\/em><\/p>\n\n\n\n<p><strong>(Berlin, 26. Juni 2020)<\/strong> Anl\u00e4sslich der Gr\u00fcndung der Vereinten Nationen am 26. Juni 1945 erinnert \u201eInternationale \u00c4rzte f\u00fcr die Verh\u00fctung des Atomkrieges\u201c (IPPNW) an den Gr\u00fcndungsauftrag der UN, die angetreten ist, die Welt von der Gei\u00dfel des Krieges zu befreien. Die \u00c4rzteorganisation fordert die Bundesregierung auf, den Vorsitz im UN-Sicherheitsrat zu nutzen, um sich mit Nachdruck\u00a0 f\u00fcr eine St\u00e4rkung der UNO einzusetzen \u2011 sowohl was Pr\u00e4vention angeht als auch die Instrumente zur zivilen Konfliktbearbeitung. Zudem m\u00fcsse eine UN-Reform vorangetrieben werden. \u201eDie weltweiten Klima- und Gerechtigkeitskonflikte lassen sich durch Milit\u00e4r nicht l\u00f6sen. Milit\u00e4rische Gewalt ist vielmehr ein Teil des Problems. Wissenschaftliche Untersuchungen belegen, dass gewaltfreie Bewegungen deutlich erfolgreicher und nachhaltiger waren als die, die auf Gewalt setzen\u201c, erkl\u00e4rt die IPPNW-Vorsitzende Susanne Grabenhorst.<\/p>\n\n\n\n<div class=\"wp-block-image\"><figure class=\"alignright size-large is-resized\"><a href=\"https:\/\/www.ippnw.de\/commonFiles\/pdfs\/Frieden\/BodyCount_internationale_Auflage_deutsch_2015.pdf\" target=\"_blank\" rel=\"noopener noreferrer\"><img decoding=\"async\" src=\"https:\/\/www.sinn-schaffen.de\/frieden\/wp-content\/uploads\/sites\/16\/2020\/07\/BodyCount_internationale_Auflage_deutsch_2015-1.jpg\" alt=\"\" class=\"wp-image-306\" width=\"320\" title=\"\"><\/a><\/figure><\/div>\n\n\n\n<p>Seit dem 11. September 2001 werden Milit\u00e4reins\u00e4tze immer h\u00e4ufiger auch ohne ein Mandat nach Kapitel VII der UN-Charta durchgef\u00fchrt. Nachhaltige Friedensl\u00f6sungen wurden damit aber nicht geschaffen \u2013 im Gegenteil. Der sogenannte \u201eKrieg gegen den Terror\u201c hat gezeigt, dass Terror und Gewalt nicht mit milit\u00e4rischen Mitteln zu besiegen sind. Die Milit\u00e4rinterventionen haben viele L\u00e4nder in Kriege gest\u00fcrzt, die Aufl\u00f6sung jeglicher Ordnung bewirkt, emanzipatorische Bewegungen blockiert und gro\u00dfe Fluchtbewegungen ausgel\u00f6st. Millionen syrischer, irakischer und afghanischer Fl\u00fcchtlinge waren und sind unmittelbar und mittelbar Leidtragende von Milit\u00e4rinterventionen mit deutscher Beteiligung. Laut der <a href=\"https:\/\/www.ippnw.de\/commonFiles\/pdfs\/Frieden\/BodyCount_internationale_Auflage_deutsch_2015.pdf\" target=\"_blank\" aria-label=\"IPPNW-Studie \u201eBody Count\u201c (opens in a new tab)\" rel=\"noreferrer noopener\" class=\"rank-math-link\">IPPNW-Studie \u201eBody Count\u201c<\/a> hat der sogenannte \u201eKrieg gegen den Terror\u201c bereits in den ersten zehn Jahren 1,3 Millionen Menschen das Leben gekostet.<\/p>\n\n\n\n<p>Heute haben die Vereinten Nationen 193 Mitglieder, die sich mit der Unterschreibung der UN-Charta den Zielen der UN verpflichten: der Friedenssicherung, der Durchsetzung von Menschenrechten sowie einer nachhaltigen Entwicklung. Mit der Agenda 2030 vereinbarte die internationale Staatengemeinschaft 2015 in New York erstmalig die Sicherung von Frieden, Gerechtigkeit und starken Institutionen als eines von 17 Zielen f\u00fcr nachhaltige Entwicklung. \u201eDie deutsche Bundesregierung kann ihren Beitrag dazu leisten, indem sie sich zur Vorreiterin ziviler Krisenpr\u00e4vention macht\u201c, so Grabenhorst abschlie\u00dfend.<\/p>\n\n\n\n<figure class=\"wp-block-table\"><table class=\"has-subtle-light-gray-background-color has-background\"><tbody><tr><td width=\"25%\"><a rel=\"noopener noreferrer\" href=\"https:\/\/www.ippnw.de\/der-verein\/vorstand\/susanne-grabenhorst.html\" target=\"_blank\"><img decoding=\"async\" width=\"180\" class=\"aligncenter wp-image-313\" title=\"Foto: IPPNW.\" src=\"https:\/\/www.sinn-schaffen.de\/frieden\/wp-content\/uploads\/sites\/16\/2019\/02\/grabenhorst-susanne_250pxK.jpg\" alt=\"\"><\/a><\/td><td width=\"75%\">Susanne Grabenhorst ist stellvertretende Vorsitzende der \u00e4rztlichen Friedensorganisation <a href=\"https:\/\/www.ippnw.de\/\" target=\"_blank\" rel=\"noopener noreferrer\">Internationale \u00c4rzte f\u00fcr die Verh\u00fctung des Atomkrieges, \u00c4rzte in sozialer Verantwortung e. V. (IPPNW)<\/a>.<\/td><\/tr><tr><td><\/td><td><a href=\"https:\/\/www.ippnw.de\/\" target=\"_blank\" rel=\"noopener noreferrer\"><img decoding=\"async\" class=\"aligncenter wp-image-313\" title=\" \" src=\"https:\/\/www.sinn-schaffen.de\/frieden\/wp-content\/uploads\/sites\/16\/2018\/05\/IPPNW-Logo.jpg\" alt=\"\" width=\"150\"><\/a><\/td><\/tr><\/tbody><\/table><\/figure>\n\n","protected":false},"excerpt":{"rendered":"<p>Der sogenannte \u201cKrieg gegen den Terror\u201d hat gezeigt, dass Terror und Gewalt nicht mit milit\u00e4rischen Mitteln zu besiegen sind. Die Milit\u00e4rinterventionen haben viele L\u00e4nder in Kriege gest\u00fcrzt, die Aufl\u00f6sung jeglicher Ordnung bewirkt, emanzipatorische Bewegungen blockiert und gro\u00dfe Fluchtbewegungen ausgel\u00f6st. \u201cInternationale \u00c4rzte f\u00fcr die Verh\u00fctung des Atomkrieges\u201d (IPPNW) erinnert aus Anlass des 75-j\u00e4hrigen Bestehens der Vereinten &hellip; <\/p>\n<p class=\"link-more\"><a href=\"https:\/\/www.sinn-schaffen.de\/frieden\/75-jahre-vereinte-nationen-sicherheitspolitik-muss-friedenspolitik-sein\/\" class=\"more-link\"><span class=\"screen-reader-text\">\u201e75 Jahre Vereinte Nationen: Sicherheitspolitik muss Friedenspolitik sein\u201c<\/span> weiterlesen<\/a><\/p>\n","protected":false},"author":1,"featured_media":0,"parent":0,"menu_order":47,"comment_status":"closed","ping_status":"closed","template":"","meta":{"footnotes":""},"class_list":["post-308","page","type-page","status-publish","hentry"],"_links":{"self":[{"href":"https:\/\/www.sinn-schaffen.de\/frieden\/wp-json\/wp\/v2\/pages\/308","targetHints":{"allow":["GET"]}}],"collection":[{"href":"https:\/\/www.sinn-schaffen.de\/frieden\/wp-json\/wp\/v2\/pages"}],"about":[{"href":"https:\/\/www.sinn-schaffen.de\/frieden\/wp-json\/wp\/v2\/types\/page"}],"author":[{"embeddable":true,"href":"https:\/\/www.sinn-schaffen.de\/frieden\/wp-json\/wp\/v2\/users\/1"}],"replies":[{"embeddable":true,"href":"https:\/\/www.sinn-schaffen.de\/frieden\/wp-json\/wp\/v2\/comments?post=308"}],"version-history":[{"count":4,"href":"https:\/\/www.sinn-schaffen.de\/frieden\/wp-json\/wp\/v2\/pages\/308\/revisions"}],"predecessor-version":[{"id":315,"href":"https:\/\/www.sinn-schaffen.de\/frieden\/wp-json\/wp\/v2\/pages\/308\/revisions\/315"}],"wp:attachment":[{"href":"https:\/\/www.sinn-schaffen.de\/frieden\/wp-json\/wp\/v2\/media?parent=308"}],"curies":[{"name":"wp","href":"https:\/\/api.w.org\/{rel}","templated":true}]}}