{"id":405,"date":"2020-11-05T15:24:56","date_gmt":"2020-11-05T14:24:56","guid":{"rendered":"https:\/\/www.sinn-schaffen.de\/frieden\/?page_id=405"},"modified":"2020-11-05T15:24:57","modified_gmt":"2020-11-05T14:24:57","slug":"kindersoldatinnen-mit-deutschen-waffen-2","status":"publish","type":"page","link":"https:\/\/www.sinn-schaffen.de\/frieden\/kindersoldatinnen-mit-deutschen-waffen-2\/","title":{"rendered":"Kindersoldat*innen mit deutschen Waffen"},"content":{"rendered":"\n<p><strong>Studie belegt schwere Kinderrechtsverletzungen durch deutsche R\u00fcstungsexporte<\/strong><\/p>\n\n\n\n<p><em>Deutschland liefert Waffen und Munition in zahlreiche Konfliktl\u00e4nder, in denen Kinder get\u00f6tet oder als Soldat*innen rekrutiert werden. Illegale Waffenschiebereien erleichtert Deutschland durch praktisch v\u00f6llig fehlende Endverbleibskontrollen, die Bundesregierung vertraut Waffenfirmen und -empf\u00e4ngern blind, obwohl st\u00e4ndig Verst\u00f6\u00dfe und illegale Praktiken ans Licht kommen. Dies stellt die Studie &#8222;Kleinwaffen in kleinen H\u00e4nden \u2013 Deutsche R\u00fcstungsexporte verletzen Kinderrechte&#8220; fest, die von den Hilfswerken Brot f\u00fcr die Welt und terre des hommes herausgegeben wurde und als offizielles Dokument in das sogenannte Staatenberichtsverfahren der Vereinten Nationen eingespeist wird, in dem aktuell \u00fcberpr\u00fcft wird, wie Deutschland die UN-Kinderrechtskonvention umsetzt.<\/em><\/p>\n\n\n\n<p><strong>(Berlin\/Osnabr\u00fcck, 5. November 2020)<\/strong> Deutschland liefert Waffen und Munition in zahlreiche Konfliktl\u00e4nder, in denen Kinder get\u00f6tet oder als Soldat*innen rekrutiert werden. Das belegt die neue Studie \u201eKleinwaffen in kleinen H\u00e4nden \u2013 Deutsche R\u00fcstungsexporte verletzen Kinderrechte\u201c, die von den Hilfswerken Brot f\u00fcr die Welt und terre des hommes herausgegeben und heute vorgestellt wurde.<\/p>\n\n\n\n<p>Die Studie wird als offizielles Dokument in das sogenannte Staatenberichtsverfahren der Vereinten Nationen eingespeist, in dem aktuell \u00fcberpr\u00fcft wird, wie Deutschland die UN-Kinderrechtskonvention umsetzt.<\/p>\n\n\n\n<p>\u201eWaffenexporte in L\u00e4nder, \u00fcber die schwerste Kinderrechtsverletzungen dokumentiert sind, sind ein Versto\u00df gegen die UN-Kinderrechtskonvention und gegen den \u201aGemeinsamen Standpunkt\u2018 der EU zu Waffenexporten\u201c, so Ralf Willinger, Kinderrechtsexperte bei terre des hommes. \u201eEgal, ob deutsche Waffen direkt oder \u00fcber Re-Exporte aus anderen L\u00e4ndern in Krisengebiete gelangen, sie werden auch gegen die Zivilbev\u00f6lkerung und damit auch gegen Kinder und Jugendliche eingesetzt und fordern hohe Opferzahlen. Das deutsche R\u00fcstungsexportkontrollsystem funktioniert nicht und muss dringend grundlegend reformiert werden. Dazu geh\u00f6ren die Schaffung eines strikten R\u00fcstungsexportkontrollgesetzes und der sofortige Stopp aller R\u00fcstungsexporte an L\u00e4nder, die an bewaffneten Konflikten oder schweren Kinder- und Menschenrechtsverletzungen beteiligt sind.\u201c<\/p>\n\n\n\n<p>\u201eDeutschland \u00fcberpr\u00fcft kaum, ob die gelieferten R\u00fcstungsg\u00fcter beim Empf\u00e4nger bleiben\u201c, kritisiert Silke Pfeiffer, Leiterin des Referats Menschenrechte und Frieden bei Brot f\u00fcr die Welt. \u201eDabei kommen st\u00e4ndig Verst\u00f6\u00dfe gegen den sogenannten Endverbleib ans Licht. Die Studie belegt, dass L\u00e4nder wie die USA oder die T\u00fcrkei dagegen immer wieder versto\u00dfen und weiter Kleinwaffen exportieren. Trotzdem geh\u00f6ren sie zu den gr\u00f6\u00dften Empf\u00e4ngern deutscher R\u00fcstungsg\u00fcter. Die Bundesregierung muss daher dringend sicherstellen, dass der Endverbleib verpflichtend und systematisch kontrolliert wird.\u201c<\/p>\n\n\n\n<figure class=\"wp-block-table\"><table class=\"has-subtle-light-gray-background-color has-background\"><tbody><tr><td width=\"25%\"><a rel=\"noopener noreferrer\" href=\"https:\/\/www.brot-fuer-die-welt.de\/ueber-uns\/personen\/silke-pfeiffer\/\" target=\"_blank\"><img decoding=\"async\" class=\"aligncenter wp-image-313\" title=\"Foto: Brot f\u00fcr die Welt.\" src=\"https:\/\/www.sinn-schaffen.de\/frieden\/wp-content\/uploads\/sites\/16\/2020\/11\/Silke-Pfeiffer-K.jpg\" alt=\"\" width=\"180\"><\/a><\/td><td width=\"75%\">Silke Pfeiffer leitet das Referat Menschenrechte und Frieden von <a href=\"https:\/\/www.brot-fuer-die-welt.de\/\" target=\"_blank\" rel=\"noopener noreferrer\">Brot f\u00fcr die Welt<\/a>.<\/td><\/tr><tr><td><\/td><td><a href=\"https:\/\/www.brot-fuer-die-welt.de\/\" target=\"_blank\" rel=\"noopener noreferrer\"><img decoding=\"async\" class=\"aligncenter wp-image-313\" title=\" \" src=\"https:\/\/www.sinn-schaffen.de\/frieden\/wp-content\/uploads\/sites\/16\/2018\/12\/BrotFuerDieWeltLogo.gif\" alt=\"\" width=\"180\"><\/a><\/td><\/tr><\/tbody><\/table><\/figure>\n\n\n\n<figure class=\"wp-block-table\"><table class=\"has-subtle-light-gray-background-color has-background\"><tbody><tr><td width=\"25%\"><a rel=\"noopener noreferrer\" href=\"https:\/\/www.brot-fuer-die-welt.de\/fileadmin\/mediapool\/downloads\/fachpublikationen\/sonstige\/Kleinwaffen_in_kleinen_Haenden.pdf\" target=\"_blank\"><img decoding=\"async\" title=\" \" width=\"180\" class=\"aligncenter wp-image-313\" src=\"https:\/\/www.sinn-schaffen.de\/frieden\/wp-content\/uploads\/sites\/16\/2020\/11\/Kleinwaffen_in_kleinen_Haenden-T.jpg\" alt=\"\"><\/a><\/td><td width=\"75%\">Die Studie &#8222;Kleinwaffen in kleinen H\u00e4nden \u2013 Deutsche R\u00fcstungsexporte verletzen Kinderrechte&#8220; steht \u00fcber <a href=\"https:\/\/www.brot-fuer-die-welt.de\/fileadmin\/mediapool\/downloads\/fachpublikationen\/sonstige\/Kleinwaffen_in_kleinen_Haenden.pdf\" target=\"_blank\" rel=\"noopener noreferrer\">diesen Link zum Download als PDF<\/a> bereit.<\/td><\/tr><\/tbody><\/table><\/figure>\n","protected":false},"excerpt":{"rendered":"<p>Studie belegt schwere Kinderrechtsverletzungen durch deutsche R\u00fcstungsexporte Deutschland liefert Waffen und Munition in zahlreiche Konfliktl\u00e4nder, in denen Kinder get\u00f6tet oder als Soldat*innen rekrutiert werden. Illegale Waffenschiebereien erleichtert Deutschland durch praktisch v\u00f6llig fehlende Endverbleibskontrollen, die Bundesregierung vertraut Waffenfirmen und -empf\u00e4ngern blind, obwohl st\u00e4ndig Verst\u00f6\u00dfe und illegale Praktiken ans Licht kommen. Dies stellt die Studie &#8222;Kleinwaffen in &hellip; <\/p>\n<p class=\"link-more\"><a href=\"https:\/\/www.sinn-schaffen.de\/frieden\/kindersoldatinnen-mit-deutschen-waffen-2\/\" class=\"more-link\"><span class=\"screen-reader-text\">\u201eKindersoldat*innen mit deutschen Waffen\u201c<\/span> weiterlesen<\/a><\/p>\n","protected":false},"author":1,"featured_media":0,"parent":0,"menu_order":43,"comment_status":"closed","ping_status":"closed","template":"","meta":{"footnotes":""},"class_list":["post-405","page","type-page","status-publish","hentry"],"_links":{"self":[{"href":"https:\/\/www.sinn-schaffen.de\/frieden\/wp-json\/wp\/v2\/pages\/405","targetHints":{"allow":["GET"]}}],"collection":[{"href":"https:\/\/www.sinn-schaffen.de\/frieden\/wp-json\/wp\/v2\/pages"}],"about":[{"href":"https:\/\/www.sinn-schaffen.de\/frieden\/wp-json\/wp\/v2\/types\/page"}],"author":[{"embeddable":true,"href":"https:\/\/www.sinn-schaffen.de\/frieden\/wp-json\/wp\/v2\/users\/1"}],"replies":[{"embeddable":true,"href":"https:\/\/www.sinn-schaffen.de\/frieden\/wp-json\/wp\/v2\/comments?post=405"}],"version-history":[{"count":1,"href":"https:\/\/www.sinn-schaffen.de\/frieden\/wp-json\/wp\/v2\/pages\/405\/revisions"}],"predecessor-version":[{"id":406,"href":"https:\/\/www.sinn-schaffen.de\/frieden\/wp-json\/wp\/v2\/pages\/405\/revisions\/406"}],"wp:attachment":[{"href":"https:\/\/www.sinn-schaffen.de\/frieden\/wp-json\/wp\/v2\/media?parent=405"}],"curies":[{"name":"wp","href":"https:\/\/api.w.org\/{rel}","templated":true}]}}