{"id":411,"date":"2020-11-19T16:14:55","date_gmt":"2020-11-19T15:14:55","guid":{"rendered":"https:\/\/www.sinn-schaffen.de\/frieden\/?page_id=411"},"modified":"2020-11-19T16:16:22","modified_gmt":"2020-11-19T15:16:22","slug":"jemen-krieg-wert-von-waffenexporten-der-g20-um-ein-vielfaches-hoeher-als-ihre-humanitaere-hilfe","status":"publish","type":"page","link":"https:\/\/www.sinn-schaffen.de\/frieden\/jemen-krieg-wert-von-waffenexporten-der-g20-um-ein-vielfaches-hoeher-als-ihre-humanitaere-hilfe\/","title":{"rendered":"Jemen-Krieg: Wert von Waffenexporten der G20 um ein Vielfaches h\u00f6her als ihre humanit\u00e4re Hilfe"},"content":{"rendered":"\n<p><strong>Oxfam-Analyse zeigt das Missverh\u00e4ltnis zwischen Waffenexporten unter anderem an Saudi-Arabien und humanit\u00e4rer Hilfe f\u00fcr den Jemen<\/strong><\/p>\n\n\n\n<p><em>Nach f\u00fcnf Jahren Krieg leiden die Menschen im Jemen unter der weltweit gr\u00f6\u00dften humanit\u00e4ren Katastrophe: Knapp zehn Millionen Menschen sind akut von Hunger betroffen, das Land erlebt den gr\u00f6\u00dften Choleraausbruch seit langem, im Schnitt alle zehn Tage gibt es einen Luftangriff auf Krankenh\u00e4user, Kliniken, Brunnen und Wassertanks. Die Corona-Pandemie hat die Notlage noch verschlimmert. Mitglieder der G20 haben seit Beginn des Krieges 2015 Waffen im Wert von mehr als 17 Milliarden US-Dollar an die Kriegspartei Saudi-Arabien geliefert, das Dreifache dessen, was die G20 aufbringen, um humanit\u00e4re Hilfe im Jemen zu leisten.<\/em><\/p>\n\n\n\n<hr>\n<img decoding=\"async\" class=\"alignleft wp-image-313\" title=\"Grafik: Nata Uchava, Michael Wildberger.\" src=\"https:\/\/www.sinn-schaffen.de\/frieden\/wp-content\/uploads\/sites\/16\/2020\/11\/NU-201119-oxfam.jpg\" alt=\"\" width=\"1024\">\n<hr>\n&nbsp;\n\n\n\n<p><strong>(Berlin, 17. November 2020)<\/strong> Mitglieder der G20 haben Waffen im Wert von mehr als 17 Milliarden US-Dollar nach Saudi-Arabien exportiert, seit der Golfstaat 2015 Kriegspartei im Jemen wurde. Dies ist das Dreifache dessen, was die G20 aufbringen, um dort humanit\u00e4re Hilfe zu leisten. Das zeigen aktuelle Berechnungen, die die Nothilfe- und Entwicklungsorganisation Oxfam heute ver\u00f6ffentlicht. Ende dieser Woche findet ein von Saudi-Arabien ausgerichtetes virtuelles Gipfeltreffen der Staats- und Regierungschefs statt. Oxfam fordert von den G20 einen gr\u00f6\u00dferen Beitrag zum Hilfsaufruf der Vereinten Nationen sowie mehr Engagement f\u00fcr einen Waffenstillstand und Friedensverhandlungen.<\/p>\n\n\n\n<p>Waffenlieferungen an Saudi-Arabien und andere Golfstaaten k\u00f6nnten bei dem Gipfel erneut zum Thema werden, da der designierte US-Pr\u00e4sident Joe Biden offiziell erkl\u00e4rt hat, er werde Waffenexporte stoppen, die den Krieg im Jemen anheizen. Saudi-Arabien f\u00fchrt seit 2015 zur Unterst\u00fctzung der international anerkannten Regierung im Jemen eine Milit\u00e4rkoalition aus acht L\u00e4ndern an. Diese fliegt seit f\u00fcnf Jahren Luftangriffe, denen immer wieder auch Zivilist*innen zum Opfer fallen.<\/p>\n\n\n\n<p>Bezieht man die anderen Mitglieder der Milit\u00e4rkoalition ein, steigt der Wert der Waffen, die die G20 zwischen 2015 und 2019 (dem letzten Jahr, f\u00fcr das entsprechende Daten vorliegen) exportierten, von 17 Milliarden US-Dollar auf mindestens 31,4 Milliarden an. Das ist mehr als das F\u00fcnffache des Betrages, den die Mitgliedsstaaten der G20 zwischen 2015 und 2020 an humanit\u00e4rer Hilfe f\u00fcr den Jemen geleistet haben.<\/p>\n\n\n\n<p><strong>Missverh\u00e4ltnis zwischen Waffen und Hilfsleistungen bei USA und UK besonders gro\u00df<\/strong><\/p>\n\n\n\n<p>Bei einigen G20-Staaten, etwa USA und dem Vereinigten K\u00f6nigreich, ist die Diskrepanz zwischen dem Wert ihrer Waffenexporte und dem Beitrag f\u00fcr humanit\u00e4re Hilfe sehr gro\u00df. Einige L\u00e4nder, zum Beispiel Japan, haben in den vergangenen f\u00fcnf Jahren humanit\u00e4re Hilfe im Jemen geleistet, aber keine Waffen nach Saudi-Arabien exportiert. Wieder andere L\u00e4nder, wie Argentinien, haben weder das eine noch das andere getan. Saudi-Arabien selbst hat im Jemen humanit\u00e4re Hilfe im Wert von 3,8 Milliarden US-Dollar geleistet.<\/p>\n\n\n\n<p>Deutschland nimmt mit knapp 842 Millionen US-Dollar einen der vordersten Pl\u00e4tze bei den Geberstaaten f\u00fcr humanit\u00e4re Hilfe im Jemen ein. Gleichzeitig beliefert es aber weiterhin Mitglieder der Milit\u00e4rkoalition wie \u00c4gypten und die Vereinigten Arabischen Emirate gro\u00dfz\u00fcgig mit Waffen.<\/p>\n\n\n\n<p>\u201eDiese widerspr\u00fcchliche Politik muss ein Ende haben\u201c, fordert Robert Lindner, Jemen-Experte bei Oxfam Deutschland. \u201eDie Bundesregierung muss das Ende 2020 auslaufende Exportmoratorium f\u00fcr deutsche Waffen nach Saudi-Arabien in ein umfassendes und zeitlich unbefristetes R\u00fcstungsexportverbot f\u00fcr alle im Jemen Krieg f\u00fchrende Staaten \u00fcberf\u00fchren. Von den G20 erwarten wir, alle Konfliktparteien an einen Tisch zu bringen und sich f\u00fcr einen sofortigen landesweiten Waffenstillstand und anschlie\u00dfende Friedensverhandlungen einzusetzen.\u201c<\/p>\n\n\n\n<p><strong>Hilfsaufruf der Vereinten Nationen nur zu 44 Prozent finanziert<\/strong><\/p>\n\n\n\n<p>Nach f\u00fcnf Jahren Konflikt leiden die Menschen im Jemen unter der weltweit gr\u00f6\u00dften humanit\u00e4ren Katastrophe: Knapp zehn Millionen Menschen sind akut von Hunger betroffen, das Land erlebt den gr\u00f6\u00dften Choleraausbruch seit langem, und nur die H\u00e4lfte der Krankenh\u00e4user ist voll einsatzf\u00e4hig. Im Schnitt alle zehn Tage gibt es einen Luftangriff auf Krankenh\u00e4user, Kliniken, Brunnen und Wassertanks. Die Corona-Pandemie hat die humanit\u00e4re Notlage noch verschlimmert. Trotzdem ist der Hilfsaufruf der Vereinten Nationen nur zu 44 Prozent finanziert.<\/p>\n\n\n\n<p>Trotz eines von der saudischen Milit\u00e4rkoalition im April erkl\u00e4rten einseitigen Waffenstillstands gehen die K\u00e4mpfe im ganzen Land weiter. Die Gouvernements Marib und Al-Jawf im Norden des Landes sind am schlimmsten von Luftangriffen betroffen, w\u00e4hrend Taiz im Zentraljemen die st\u00e4rksten Bodenk\u00e4mpfe erlebt. In j\u00fcngster Zeit haben die K\u00e4mpfe in der wichtigen Hafenstadt Al-Hudaida wieder zugenommen. \u00dcber den Hafen gelangen wichtige G\u00fcter wie Lebensmitteln, Treibstoff und Medikamenten ins Land, die dringend ben\u00f6tigt werden, um eine Hungersnot und eine erneute Choleraepidemie zu verhindern.&nbsp;<\/p>\n\n\n\n<p><strong>Zahlen und Daten<\/strong><\/p>\n\n\n\n<ul class=\"wp-block-list\"><li>Daten \u00fcber den Wert der Waffenexporte nach Saudi-Arabien und andere L\u00e4nder der Milit\u00e4rkoalition wurden der <a href=\"https:\/\/www.sipri.org\/databases\/armstransfers\" target=\"_blank\" aria-label=\"SIPRI-Datenbank f\u00fcr Waffentransfers (opens in a new tab)\" rel=\"noreferrer noopener\" class=\"rank-math-link\">SIPRI-Datenbank f\u00fcr Waffentransfers<\/a> entnommen. Sie enth\u00e4lt Exporte von 2015 bis einschlie\u00dflich 2019. Folgende L\u00e4nder wurden untersucht: \u00c4gypten, Bahrain, Jordanien, Kuwait, Saudi-Arabien, Senegal, Sudan und die Vereinigten Arabische Emirate<\/li><li>Aus Deutschland wurden von 2015-2019 an Staaten der Milit\u00e4rkoalition R\u00fcstungsg\u00fcter im Wert von 1,047 Milliarden US-Dollar geliefert<\/li><li>Daten \u00fcber die H\u00f6he der im Jemen geleisteten humanit\u00e4ren Hilfe stammen vom <a href=\"https:\/\/fts.unocha.org\/countries\/248\/summary\/2020\" target=\"_blank\" aria-label=\"UN OCHA Financial Tracking Service (opens in a new tab)\" rel=\"noreferrer noopener\" class=\"rank-math-link\">UN OCHA Financial Tracking Service<\/a>.<\/li><\/ul>\n\n\n\n<p>Oxfam ist eine internationale Nothilfe- und Entwicklungsorganisation, die weltweit Menschen mobilisiert, um Armut aus eigener Kraft zu \u00fcberwinden. Daf\u00fcr arbeiten im Oxfam-Verbund 20 Oxfam-Organisationen Seite an Seite mit rund 3.800 lokalen Partnern in mehr als 90 L\u00e4ndern.<\/p>\n\n\n\n<figure class=\"wp-block-table\"><table class=\"has-subtle-light-gray-background-color has-background\"><tbody><tr><td width=\"25%\"><a rel=\"noopener noreferrer\" href=\"https:\/\/www.oxfam.de\/kontakt\/robert-lindner\" target=\"_blank\"><img decoding=\"async\" width=\"180\" class=\"aligncenter wp-image-313\" title=\"Foto: Henning L\u00fcders, oxfam.\" src=\"https:\/\/www.sinn-schaffen.de\/frieden\/wp-content\/uploads\/sites\/16\/2020\/11\/robert-lindner-von-henning-lueders-K.jpg\" alt=\"\"><\/a><\/td><td width=\"75%\">Robert Lindner ist Jemen-Experte bei <a href=\"https:\/\/www.oxfam.de\/ueber-uns\/oxfam\" target=\"_blank\" rel=\"noopener noreferrer\">Oxfam Deutschland<\/a>.<\/td><\/tr><tr><td><\/td><td><a href=\"https:\/\/www.oxfam.de\/ueber-uns\/oxfam\" target=\"_blank\" rel=\"noopener noreferrer\"><img decoding=\"async\" class=\"aligncenter wp-image-313\" title=\" \" src=\"https:\/\/www.sinn-schaffen.de\/frieden\/wp-content\/uploads\/sites\/16\/2020\/11\/OXFAM-Logo.png\" alt=\"\" width=\"150\"><\/a><\/td><\/tr><\/tbody><\/table><\/figure>\n","protected":false},"excerpt":{"rendered":"<p>Oxfam-Analyse zeigt das Missverh\u00e4ltnis zwischen Waffenexporten unter anderem an Saudi-Arabien und humanit\u00e4rer Hilfe f\u00fcr den Jemen Nach f\u00fcnf Jahren Krieg leiden die Menschen im Jemen unter der weltweit gr\u00f6\u00dften humanit\u00e4ren Katastrophe: Knapp zehn Millionen Menschen sind akut von Hunger betroffen, das Land erlebt den gr\u00f6\u00dften Choleraausbruch seit langem, im Schnitt alle zehn Tage gibt es &hellip; <\/p>\n<p class=\"link-more\"><a href=\"https:\/\/www.sinn-schaffen.de\/frieden\/jemen-krieg-wert-von-waffenexporten-der-g20-um-ein-vielfaches-hoeher-als-ihre-humanitaere-hilfe\/\" class=\"more-link\"><span class=\"screen-reader-text\">\u201eJemen-Krieg: Wert von Waffenexporten der G20 um ein Vielfaches h\u00f6her als ihre humanit\u00e4re Hilfe\u201c<\/span> weiterlesen<\/a><\/p>\n","protected":false},"author":1,"featured_media":0,"parent":0,"menu_order":42,"comment_status":"closed","ping_status":"closed","template":"","meta":{"footnotes":""},"class_list":["post-411","page","type-page","status-publish","hentry"],"_links":{"self":[{"href":"https:\/\/www.sinn-schaffen.de\/frieden\/wp-json\/wp\/v2\/pages\/411","targetHints":{"allow":["GET"]}}],"collection":[{"href":"https:\/\/www.sinn-schaffen.de\/frieden\/wp-json\/wp\/v2\/pages"}],"about":[{"href":"https:\/\/www.sinn-schaffen.de\/frieden\/wp-json\/wp\/v2\/types\/page"}],"author":[{"embeddable":true,"href":"https:\/\/www.sinn-schaffen.de\/frieden\/wp-json\/wp\/v2\/users\/1"}],"replies":[{"embeddable":true,"href":"https:\/\/www.sinn-schaffen.de\/frieden\/wp-json\/wp\/v2\/comments?post=411"}],"version-history":[{"count":2,"href":"https:\/\/www.sinn-schaffen.de\/frieden\/wp-json\/wp\/v2\/pages\/411\/revisions"}],"predecessor-version":[{"id":413,"href":"https:\/\/www.sinn-schaffen.de\/frieden\/wp-json\/wp\/v2\/pages\/411\/revisions\/413"}],"wp:attachment":[{"href":"https:\/\/www.sinn-schaffen.de\/frieden\/wp-json\/wp\/v2\/media?parent=411"}],"curies":[{"name":"wp","href":"https:\/\/api.w.org\/{rel}","templated":true}]}}