{"id":441,"date":"2021-01-24T18:22:36","date_gmt":"2021-01-24T17:22:36","guid":{"rendered":"https:\/\/www.sinn-schaffen.de\/frieden\/?page_id=441"},"modified":"2021-01-24T18:43:12","modified_gmt":"2021-01-24T17:43:12","slug":"atomwaffenverbot-in-kraft-deutsche-finanzdienstleister-profitieren-trotzdem-weiter-von-der-bombe","status":"publish","type":"page","link":"https:\/\/www.sinn-schaffen.de\/frieden\/atomwaffenverbot-in-kraft-deutsche-finanzdienstleister-profitieren-trotzdem-weiter-von-der-bombe\/","title":{"rendered":"Atomwaffenverbot in Kraft &#8211; Deutsche Finanzdienstleister profitieren trotzdem weiter von der Bombe"},"content":{"rendered":"\n<p><em>Am 22. Januar 2021 trat der Atomwaffenverbotsvertrag und damit ein v\u00f6lkerrechtlich verbindliches Verbot f\u00fcr diese Massenvernichtungswaffen in Kraft: Der Vertrag untersagt nicht nur die Entwicklung, das Testen, die Produktion und den Erwerb von Atomwaffen, sondern auch die Unterst\u00fctzung dieser Aktivit\u00e4ten. Aktuell schlie\u00dfen allerdings nur wenige Finanzdienstleister hierzulande Atomwaffenproduzenten kategorisch aus. Fast alle Richtlinien sind, so \u00fcberhaupt vorhanden, derart vage formuliert, dass Unternehmensfinanzierungen oder Investitionen in Mischkonzerne, die Atomwaffen entwickeln, wie Airbus oder BAE Systems, weiter m\u00f6glich bleiben.<\/em><\/p>\n\n\n\n<hr>\n<img decoding=\"async\" class=\"alignleft wp-image-313\" title=\"Foto: Nata Uchava, Freiburg.\" src=\"https:\/\/www.sinn-schaffen.de\/frieden\/wp-content\/uploads\/sites\/16\/2021\/01\/NU-210124-urgewald-nuclear-weapons.jpg\" alt=\"\" width=\"1024\">\n<hr>\n&nbsp;\n\n\n\n<p><strong>(Berlin, 22. Januar 2021)<\/strong> Am heutigen Freitag, 90 Tage nach der 50. Ratifikation, tritt der Atomwaffenverbotsvertrag (AVV) und damit ein v\u00f6lkerrechtlich verbindliches Verbot f\u00fcr diese Massenvernichtungswaffen in Kraft. Der Atomwaffenverbotsvertrag untersagt nicht nur die Entwicklung, das Testen, die Produktion und den Erwerb von Atomwaffen, sondern auch die Unterst\u00fctzung dieser Aktivit\u00e4ten, was jegliche Form der Finanzierung der Herstellerunternehmen einschlie\u00dft, so die NGOs Facing Finance und urgewald. Eine neue Untersuchung der NGOs zeigt jedoch: Zahlreiche deutsche Finanzdienstleister sind weiterhin am Bau von Kernwaffen durch Kredite und Investitionen beteiligt.<\/p>\n\n\n\n<p>\u201eFinanzinstitutionen m\u00fcssen ihre Gesch\u00e4ftsmodelle an die neue v\u00f6lkerrechtliche Realit\u00e4t anpassen und dementsprechend ihre Finanzbeziehungen zu Atomwaffenherstellern umgehend beenden\u201c, fordert Thomas K\u00fcchenmeister, gesch\u00e4ftsf\u00fchrender Vorstand von Facing Finance. Die Berliner NGO ist seit 2013 Mitglied der International Campaign to Abolish Nuclear Weapons (ICAN), der 2017 der Friedensnobelpreis zugesprochen wurde.<\/p>\n\n\n\n<p>Dass hier Handlungsbedarf besteht, offenbart bereits ein Blick in die Richtlinien der Finanzh\u00e4user: Aktuell schlie\u00dfen nur wenige Finanzdienstleister hierzulande Atomwaffenproduzenten kategorisch aus. Fast alle Richtlinien sind, so \u00fcberhaupt vorhanden, so vage formuliert, dass Unternehmensfinanzierungen oder Investitionen in Mischkonzerne, die Atomwaffen entwickeln, wie Airbus oder BAE Systems, weiter m\u00f6glich bleiben. Auf Investorenseite schlie\u00dft lediglich Union Investment Atomwaffenfirmen aus ihren Publikumsfonds aus. Bei den Banken gibt es nur wenige, die grunds\u00e4tzlich keine R\u00fcstungsunternehmen finanzieren wie zum Beispiel die Deka Bank.<\/p>\n\n\n\n<p><a aria-label=\"Facing Finance und urgewald haben diese Richtlinien einem Praxis-Check unterzogen. Untersucht wurden die Finanzbeziehungen der wichtigsten deutschen Finanzdienstleister zu f\u00fcnf US-Atomwaffenherstellern (opens in a new tab)\" href=\"https:\/\/www.dontbankonthebomb.com\/wp-content\/uploads\/2019\/05\/2019_Producers-Report-FINAL.pdf\" target=\"_blank\" rel=\"noreferrer noopener\" class=\"rank-math-link\">Facing Finance und urgewald haben diese Richtlinien einem Praxis-Check unterzogen. Untersucht wurden die Finanzbeziehungen der wichtigsten deutschen Finanzdienstleister zu f\u00fcnf US-Atomwaffenherstellern<\/a>, die laut der niederl\u00e4ndischen NGO PAX derzeit am meisten von der Atomwaffenherstellung profitieren sowie zu den zwei europ\u00e4ischen Top-Produzenten Airbus und BAE Systems.<\/p>\n\n\n\n<p>Das Ergebnis: Vier deutsche Finanzinstitute (Deutsche Bank, Commerzbank, DZ Bank und BayernLB) haben Atomwaffenherstellern und hier vor allem BAE Systems, Airbus und\/oder Honeywell in den letzten drei Jahren Kredite gew\u00e4hrt. Und auch die f\u00fchrenden Fondsgesellschaften des Landes sind weiterhin in teils mehrere der untersuchten sieben Atomwaffenunternehmen investiert.<\/p>\n\n\n\n<figure class=\"wp-block-image size-large\"><img loading=\"lazy\" decoding=\"async\" width=\"781\" height=\"746\" src=\"https:\/\/www.sinn-schaffen.de\/frieden\/wp-content\/uploads\/sites\/16\/2021\/01\/Deutsche-Finanzinstitute-und-Atomwaffenhersteller-Richtlinienuebersicht-Was-ist-verboten.png\" alt=\"\" class=\"wp-image-436\" title=\"\"><\/figure>\n\n\n\n<p>\u201eDas muss sich \u00e4ndern. Durch das v\u00f6lkerrechtliche Verbot von Atomwaffen besteht zumindest die moralische Verpflichtung, nicht von deren Herstellung zu profitieren. Au\u00dferdem spricht sich eine breite Mehrheit der Bev\u00f6lkerung hierzulande f\u00fcr die \u00c4chtung von Atomwaffen aus. Dem sollten auch Kredith\u00e4user endlich Rechnung tragen und jedwedes Engagement in diesem Bereich beenden und ihre Richtlinien entsprechend anpassen\u201c, fordert Barbara Happe, R\u00fcstungs-Campaignerin von urgewald.<\/p>\n\n\n\n<figure class=\"wp-block-image size-large\"><img loading=\"lazy\" decoding=\"async\" width=\"773\" height=\"603\" src=\"https:\/\/www.sinn-schaffen.de\/frieden\/wp-content\/uploads\/sites\/16\/2021\/01\/Geschaeftsbeziehungen-deutscher-Finanzdienstleister-zu-ausgewaehlten-Atomwaffenherstellern.png\" alt=\"\" class=\"wp-image-437\" title=\"\"><\/figure>\n\n\n\n<p>Facing Finance und urgewald rufen ferner den Deutschen Bundestag und die Bundesregierung dazu auf, den Leitgedanken des Vertrags \u00fcber die Nichtverbreitung von Kernwaffen \u2013 zur weltweiten nuklearen Abr\u00fcstung beizutragen \u2013 in Form eines Finanzierungsverbotes auf nationaler Ebene im Rahmen des Kriegswaffenkontrollgesetzes festzuschreiben. Die NGOs verweisen hierbei auf <a href=\"https:\/\/www.sevimdagdelen.de\/atomwaffenverbot-wissenschaftliche-dienste-widersprechen-bundesregierung\/\" target=\"_blank\" aria-label=\"ein Gutachten des Wissenschaftlichen Dienstes des Deutschen Bundestages, welches ein solches Vorgehen bef\u00fcrwortet (opens in a new tab)\" rel=\"noreferrer noopener\" class=\"rank-math-link\">ein Gutachten des Wissenschaftlichen Dienstes des Deutschen Bundestages, welches ein solches Vorgehen bef\u00fcrwortet<\/a>.<\/p>\n\n\n\n<figure class=\"wp-block-table\"><table class=\"has-subtle-light-gray-background-color has-background\"><tbody><tr><td width=\"25%\"><a rel=\"noopener noreferrer\" href=\"https:\/\/urgewald.org\/team\/dr-barbara-happe\" target=\"_blank\"><img decoding=\"async\" class=\"aligncenter wp-image-313\" title=\"Foto: urgewald.\" src=\"https:\/\/www.sinn-schaffen.de\/frieden\/wp-content\/uploads\/sites\/16\/2019\/09\/BarbaraHappeK.jpg\" alt=\"\" width=\"180\"><\/a><\/td><td width=\"75%\">Dr. Barbara Happe verantwortet Banken- und R\u00fcstungskampagnen bei <a href=\"https:\/\/urgewald.org\/\" target=\"_blank\" rel=\"noopener noreferrer\">urgewald e.V.<\/a><\/td><\/tr><tr><td><\/td><td><a href=\"https:\/\/urgewald.org\/\" target=\"_blank\" rel=\"noopener noreferrer\"><img decoding=\"async\" class=\"aligncenter wp-image-313\" title=\" \" src=\"https:\/\/www.sinn-schaffen.de\/frieden\/wp-content\/uploads\/sites\/16\/2019\/09\/urgewaldLogo.jpg\" alt=\"\" width=\"180\"><\/a><\/td><\/tr><\/tbody><\/table><\/figure>\n\n\n\n<figure class=\"wp-block-table\"><table class=\"has-subtle-light-gray-background-color has-background\"><tbody><tr><td width=\"25%\"><a rel=\"noopener noreferrer\" href=\"https:\/\/www.sinn-schaffen.de\/frieden\/wp-content\/uploads\/sites\/16\/2021\/01\/HintergrundpapierAtomwaffen.pdf\" target=\"_blank\"><img decoding=\"async\" title=\" \" class=\"aligncenter wp-image-313\" src=\"https:\/\/www.sinn-schaffen.de\/frieden\/wp-content\/uploads\/sites\/16\/2021\/01\/HintergrundpapierAtomwaffen-T.jpg\" alt=\"\" width=\"180\"><\/a><\/td><td width=\"75%\">Ein Hintergrundpapier &#8222;Deutsche Banken und Atomwaffenhersteller: Ausschluss ist die beste Verteidigung&#8220; steht <a href=\"https:\/\/www.sinn-schaffen.de\/frieden\/wp-content\/uploads\/sites\/16\/2021\/01\/HintergrundpapierAtomwaffen.pdf\" target=\"_blank\" rel=\"noopener\">\u00fcber diesen Link zum Download als PDF<\/a> bereit.<\/td><\/tr><\/tbody><\/table><\/figure>\n\n\n\n<figure class=\"wp-block-table\"><table class=\"has-subtle-light-gray-background-color has-background\"><tbody><tr><td width=\"25%\"><a rel=\"noopener noreferrer\" href=\"https:\/\/www.dontbankonthebomb.com\/wp-content\/uploads\/2019\/05\/2019_Producers-Report-FINAL.pdf\" target=\"_blank\"><img decoding=\"async\" title=\" \" class=\"aligncenter wp-image-313\" src=\"https:\/\/www.sinn-schaffen.de\/frieden\/wp-content\/uploads\/sites\/16\/2021\/01\/2019_Producers-Report-FINAL-T.jpg\" alt=\"\" width=\"180\"><\/a><\/td><td width=\"75%\">Die Studie &#8222;Producing Mass Destruction. Private companies and the nuclear weapon industry&#8220; steht <a href=\"https:\/\/www.dontbankonthebomb.com\/wp-content\/uploads\/2019\/05\/2019_Producers-Report-FINAL.pdf\" target=\"_blank\" rel=\"noopener\">\u00fcber diesen Link zum Download als PDF<\/a> bereit.<\/td><\/tr><\/tbody><\/table><\/figure>\n\n\n\n<figure class=\"wp-block-table\"><table class=\"has-subtle-light-gray-background-color has-background\"><tbody><tr><td width=\"25%\"><a rel=\"noopener noreferrer\" href=\"https:\/\/www.dontbankonthebomb.com\/wp-content\/uploads\/2019\/10\/201910_Beyond-the-bomb_final.pdf\" target=\"_blank\"><img decoding=\"async\" title=\" \" class=\"aligncenter wp-image-313\" src=\"https:\/\/www.sinn-schaffen.de\/frieden\/wp-content\/uploads\/sites\/16\/2019\/10\/201910_Beyond-the-bomb_final-T.jpg\" alt=\"\" width=\"180\"><\/a><\/td><td width=\"75%\">Die Studie &#8222;Don\u2018t Bank on the Bomb&#8220; steht <a href=\"https:\/\/www.dontbankonthebomb.com\/wp-content\/uploads\/2019\/10\/201910_Beyond-the-bomb_final.pdf\" target=\"_blank\" rel=\"noopener noreferrer\">\u00fcber diesen Link zum Download als PDF-Datei<\/a> bereit.<\/td><\/tr><\/tbody><\/table><\/figure>\n","protected":false},"excerpt":{"rendered":"<p>Am 22. Januar 2021 trat der Atomwaffenverbotsvertrag und damit ein v\u00f6lkerrechtlich verbindliches Verbot f\u00fcr diese Massenvernichtungswaffen in Kraft: Der Vertrag untersagt nicht nur die Entwicklung, das Testen, die Produktion und den Erwerb von Atomwaffen, sondern auch die Unterst\u00fctzung dieser Aktivit\u00e4ten. Aktuell schlie\u00dfen allerdings nur wenige Finanzdienstleister hierzulande Atomwaffenproduzenten kategorisch aus. Fast alle Richtlinien sind, so &hellip; <\/p>\n<p class=\"link-more\"><a href=\"https:\/\/www.sinn-schaffen.de\/frieden\/atomwaffenverbot-in-kraft-deutsche-finanzdienstleister-profitieren-trotzdem-weiter-von-der-bombe\/\" class=\"more-link\"><span class=\"screen-reader-text\">\u201eAtomwaffenverbot in Kraft &#8211; Deutsche Finanzdienstleister profitieren trotzdem weiter von der Bombe\u201c<\/span> weiterlesen<\/a><\/p>\n","protected":false},"author":1,"featured_media":0,"parent":0,"menu_order":39,"comment_status":"closed","ping_status":"closed","template":"","meta":{"footnotes":""},"class_list":["post-441","page","type-page","status-publish","hentry"],"_links":{"self":[{"href":"https:\/\/www.sinn-schaffen.de\/frieden\/wp-json\/wp\/v2\/pages\/441","targetHints":{"allow":["GET"]}}],"collection":[{"href":"https:\/\/www.sinn-schaffen.de\/frieden\/wp-json\/wp\/v2\/pages"}],"about":[{"href":"https:\/\/www.sinn-schaffen.de\/frieden\/wp-json\/wp\/v2\/types\/page"}],"author":[{"embeddable":true,"href":"https:\/\/www.sinn-schaffen.de\/frieden\/wp-json\/wp\/v2\/users\/1"}],"replies":[{"embeddable":true,"href":"https:\/\/www.sinn-schaffen.de\/frieden\/wp-json\/wp\/v2\/comments?post=441"}],"version-history":[{"count":2,"href":"https:\/\/www.sinn-schaffen.de\/frieden\/wp-json\/wp\/v2\/pages\/441\/revisions"}],"predecessor-version":[{"id":443,"href":"https:\/\/www.sinn-schaffen.de\/frieden\/wp-json\/wp\/v2\/pages\/441\/revisions\/443"}],"wp:attachment":[{"href":"https:\/\/www.sinn-schaffen.de\/frieden\/wp-json\/wp\/v2\/media?parent=441"}],"curies":[{"name":"wp","href":"https:\/\/api.w.org\/{rel}","templated":true}]}}