{"id":503,"date":"2021-12-08T17:37:57","date_gmt":"2021-12-08T16:37:57","guid":{"rendered":"https:\/\/www.sinn-schaffen.de\/frieden\/?page_id=503"},"modified":"2021-12-08T17:39:11","modified_gmt":"2021-12-08T16:39:11","slug":"krieg-gegen-kinder-452-millionen-kinder-wachsen-weltweit-in-konflikten-auf","status":"publish","type":"page","link":"https:\/\/www.sinn-schaffen.de\/frieden\/krieg-gegen-kinder-452-millionen-kinder-wachsen-weltweit-in-konflikten-auf\/","title":{"rendered":"Krieg gegen Kinder: 452 Millionen Kinder wachsen weltweit in Konflikten auf"},"content":{"rendered":"\n<p><em>Der sechste Bericht &#8222;Krieg gegen Kinder: Rekrutierung im Fokus&#8220; von Save the Children, gemeinsam mit dem Peace Research Institute Oslo (PRIO) erarbeitet, zeigt, dass im Jahr 2020 weltweit rund 452 Millionen M\u00e4dchen und Jungen (eines von sechs Kindern) in einem Konfliktgebiet lebten und 193 Millionen Kinder unter gef\u00e4hrlichsten Lebensumst\u00e4nden aufwuchsen. Weltweit steigt das Risiko, dass Kinder von Streitkr\u00e4ften und bewaffneten Gruppen rekrutiert und eingesetzt werden. Rund 337 Millionen Kinder sind dadurch gef\u00e4hrdet: Das sind dreimal so viele wie noch 1990.<\/em><\/p>\n\n\n\n<hr class=\"wp-block-separator\"\/>\n\n\n\n<figure class=\"wp-block-image size-large\"><img loading=\"lazy\" decoding=\"async\" width=\"1024\" height=\"413\" src=\"https:\/\/www.sinn-schaffen.de\/frieden\/wp-content\/uploads\/sites\/16\/2021\/12\/NU-211208-save-the-children-1024x413.jpg\" alt=\"\" class=\"wp-image-496\" title=\"Grafik: Nata Uchava, Michael Wildberger\"><\/figure>\n\n\n\n<hr class=\"wp-block-separator\"\/>\n\n\n\n<p><strong>(Berlin, 30. November 2021)<\/strong> Kriege und Konflikte zerst\u00f6ren weltweit immer mehr Kinderleben, das belegt der heute ver\u00f6ffentlichte sechste Bericht \u201eKrieg gegen Kinder: Rekrutierung im Fokus\u201c von Save the Children. Diese bisher umfassendste Datenhochrechnung, die gemeinsam mit dem Peace Research Institute Oslo (PRIO) erarbeitet wurde, zeigt, dass im Jahr 2020 weltweit rund 452 Millionen M\u00e4dchen und Jungen (eines von sechs Kindern) in einem Konfliktgebiet lebten und 193 Millionen Kinder unter gef\u00e4hrlichsten Lebensumst\u00e4nden aufwuchsen. Der starke Anstieg ist auf Gewaltausbr\u00fcche in Mosambik sowie auf die anhaltenden oder versch\u00e4rften Konflikte in Afghanistan, der Demokratischen Republik Kongo, Nigeria und im Jemen zur\u00fcckzuf\u00fchren \u2013 alles L\u00e4nder, die zugleich bereits mit schweren Auswirkungen des Klimawandels und wachsenden Hungerkrisen zu k\u00e4mpfen haben.<\/p>\n\n\n\n<p>\u201e452 Millionen Kinder wachsen in Konflikten auf. Ein Fakt, der uns alle besch\u00e4men muss. Wir m\u00fcssen gemeinsam alles tun, um den Krieg gegen Kinder zu stoppen\u201d, fordert Florian Westphal, Gesch\u00e4ftsf\u00fchrer von Save the Children Deutschland. \u201eStaaten m\u00fcssen Kinder vor schweren Verbrechen wie Rekrutierungen in Konflikten sch\u00fctzen und Verantwortliche f\u00fcr Kinderrechtsverletzungen m\u00fcssen ohne Wenn und Aber zur Rechenschaft gezogen werden.\u201d<\/p>\n\n\n\n<p>Die beunruhigenden Aussagen des Berichts: Weltweit steigt nach Hochrechnungen von PRIO und Save the Children das Risiko, dass Kinder von Streitkr\u00e4ften und bewaffneten Gruppen rekrutiert und eingesetzt werden. Rund 337 Millionen Kinder sind dadurch gef\u00e4hrdet. Das sind dreimal so viele wie noch 1990. Auch die Zahl der L\u00e4nder, in denen Kinder in Konflikten rekrutiert werden, stieg an und erreichte mit 39 den H\u00f6chststand seit 30 Jahren. Rund 1,265 Milliarden Kinder lebten 2020 in diesen 39 L\u00e4ndern \u2013 das sind 54 Prozent aller Kinder weltweit. In Syrien, Afghanistan und im Jemen ist die Gefahr einer Rekrutierung f\u00fcr Kinder statistisch am h\u00f6chsten.<\/p>\n\n\n\n<p>\u201eInmitten der Pandemie haben die Vereinten Nationen zu einem globalen Waffenstillstand aufgerufen \u2013 erfolglos. Ob Covid-19 oder die Klimakrise mit allen Auswirkungen: Kinder in Konflikten trifft es immer noch schwerer. F\u00fcr sie besteht ein gro\u00dfes Risiko, get\u00f6tet, verletzt oder in Konflikten rekrutiert zu werden. Diese M\u00e4dchen und Jungen kennen oft nichts als Gewalt und Kampf. Dabei haben sie das Recht auf eine unbeschwerte Kindheit. Seit unserer Gr\u00fcndung vor \u00fcber 100 Jahren setzen wir uns f\u00fcr Kinder im Krieg ein \u2013 das werden wir auch in Zukunft tun\u201c, so Florian Westphal.<\/p>\n\n\n\n<p>Save the Children appelliert an die Regierungen der Welt, Sicherheitsexperten, Geber, die Vereinten Nationen und Nichtregierungsorganisationen, zusammenzuarbeiten, um internationale Regeln und Standards einzuhalten. Verantwortliche f\u00fcr Verst\u00f6\u00dfe m\u00fcssen zur Rechenschaft gezogen und der Kinderschutz auf allen Ebenen priorisiert werden. Dabei muss sichergestellt werden, dass Geber und Regierungen Kinder in bewaffneten Konflikten mit konkreten Ma\u00dfnahmen besser unterst\u00fctzen und somit der Gefahr schwerer Verbrechen an Kindern entgegenwirken, einschlie\u00dflich der Rekrutierung.<\/p>\n\n\n\n<p>Save the Children hat in Zusammenarbeit mit dem Peace Research Institute Oslo (PRIO) die Anzahl der Kinder (unter 18 Jahren) in Konfliktgebieten hochgerechnet, die sich im Zeitraum von 1990 bis 2020 in Gefahr befanden, von bewaffneten Gruppen oder Regierungskr\u00e4ften rekrutiert zu werden. Kinder gelten als \u201erekrutierungsgef\u00e4hrdet&#8220;, wenn sie in einem Umkreis von 50 km von mindestens einem t\u00f6dlichen Konflikt leben, in dem mindestens von einem rekrutierten Kind innerhalb eines Jahres auszugehen ist.<\/p>\n\n\n\n<p>Im Gegensatz zu den Berichten der Vereinten Nationen, die nur verifizierte F\u00e4lle von Verbrechen an Kindern in Konflikten dokumentieren, liefert der Bericht von Save the Children eine globale Hochrechnung, wie viele Kinder in einem bewaffneten Konflikt gef\u00e4hrdet sind, von einer Konfliktpartei rekrutiert zu werden.<\/p>\n\n\n\n<hr class=\"wp-block-separator\"\/>\n\n\n\n<div class=\"wp-block-columns is-layout-flex wp-container-core-columns-is-layout-9d6595d7 wp-block-columns-is-layout-flex\">\n<div class=\"wp-block-column is-layout-flow wp-block-column-is-layout-flow\" style=\"flex-basis:33.33%\">\n<figure class=\"wp-block-image size-full\"><a href=\"https:\/\/www.savethechildren.de\/informieren\/ueber-uns\/unsere-struktur\/\" target=\"_blank\" rel=\"noopener\"><img loading=\"lazy\" decoding=\"async\" width=\"435\" height=\"490\" src=\"https:\/\/www.sinn-schaffen.de\/frieden\/wp-content\/uploads\/sites\/16\/2021\/12\/Florian-Westphal-by-GPPi-Matthias-Erfurt-K.jpg\" alt=\"\" class=\"wp-image-497\" title=\"Foto: Florian Westphal by GPPi,  Matthias Erfurt-K\"><\/a><\/figure>\n<\/div>\n\n\n\n<div class=\"wp-block-column is-layout-flow wp-block-column-is-layout-flow\" style=\"flex-basis:66.66%\">\n<p><a href=\"https:\/\/www.savethechildren.de\/informieren\/ueber-uns\/unsere-struktur\/\" target=\"_blank\" rel=\"noreferrer noopener\">Florian Westphal<\/a> ist Vorstandsvorsitzender von <a href=\"https:\/\/www.savethechildren.de\/\" target=\"_blank\" rel=\"noreferrer noopener\">Save the Children Deutschland<\/a>.<\/p>\n\n\n\n<figure class=\"wp-block-image size-full is-resized\"><a href=\"https:\/\/www.savethechildren.de\/\" target=\"_blank\" rel=\"noopener\"><img loading=\"lazy\" decoding=\"async\" src=\"https:\/\/www.sinn-schaffen.de\/frieden\/wp-content\/uploads\/sites\/16\/2020\/02\/crop_original_bp1548085617_logo-100-jahre-vert600x60.jpg\" alt=\"\" class=\"wp-image-220\" width=\"212\" height=\"212\" title=\"\"><\/a><\/figure>\n<\/div>\n<\/div>\n\n\n\n<hr class=\"wp-block-separator\"\/>\n\n\n\n<div class=\"wp-block-columns is-layout-flex wp-container-core-columns-is-layout-9d6595d7 wp-block-columns-is-layout-flex\">\n<div class=\"wp-block-column is-layout-flow wp-block-column-is-layout-flow\" style=\"flex-basis:33.33%\">\n<figure class=\"wp-block-image size-full\"><a href=\"https:\/\/www.savethechildren.de\/fileadmin\/user_upload\/Downloads_Dokumente\/Berichte_Studien\/2021\/save-the-children-stop-the-war-on-children-web-211130.pdf\" target=\"_blank\" rel=\"noopener\"><img loading=\"lazy\" decoding=\"async\" width=\"595\" height=\"842\" src=\"https:\/\/www.sinn-schaffen.de\/frieden\/wp-content\/uploads\/sites\/16\/2021\/12\/save-the-children-stop-the-war-on-children-web-211130-1.jpg\" alt=\"\" class=\"wp-image-498\" title=\"\"><\/a><\/figure>\n<\/div>\n\n\n\n<div class=\"wp-block-column is-layout-flow wp-block-column-is-layout-flow\" style=\"flex-basis:66.66%\">\n<p>Eine 13-seitige Teil\u00fcbersetzung der Studie &#8222;Krieg gegen Kinder: Rekrutierung im Fokus&#8220; <a href=\"https:\/\/www.savethechildren.de\/fileadmin\/user_upload\/Downloads_Dokumente\/Berichte_Studien\/2021\/save-the-children-stop-the-war-on-children-web-211130.pdf\" target=\"_blank\" rel=\"noopener\">steht \u00fcber diesen Link zum Download als PDF<\/a> bereit.<\/p>\n<\/div>\n<\/div>\n\n\n\n<hr class=\"wp-block-separator\"\/>\n\n\n\n<div class=\"wp-block-columns is-layout-flex wp-container-core-columns-is-layout-9d6595d7 wp-block-columns-is-layout-flex\">\n<div class=\"wp-block-column is-layout-flow wp-block-column-is-layout-flow\" style=\"flex-basis:33.33%\">\n<figure class=\"wp-block-image size-full\"><a href=\"https:\/\/www.savethechildren.de\/fileadmin\/user_upload\/Downloads_Dokumente\/Berichte_Studien\/2021\/save-the-children-stop-the-war-on-children-5th-2021.pdf\" target=\"_blank\" rel=\"noopener\"><img loading=\"lazy\" decoding=\"async\" width=\"595\" height=\"842\" src=\"https:\/\/www.sinn-schaffen.de\/frieden\/wp-content\/uploads\/sites\/16\/2021\/12\/save-the-children-stop-the-war-on-children-5th-2021-1.jpg\" alt=\"\" class=\"wp-image-500\" title=\"\"><\/a><\/figure>\n<\/div>\n\n\n\n<div class=\"wp-block-column is-layout-flow wp-block-column-is-layout-flow\" style=\"flex-basis:66.66%\">\n<p>Die komplette Studie &#8222;Stop The War On Children: A Crisis Of Recruitement&#8220; (67 Seiten) in englischer Sprache steht <a href=\"https:\/\/www.savethechildren.de\/fileadmin\/user_upload\/Downloads_Dokumente\/Berichte_Studien\/2021\/save-the-children-stop-the-war-on-children-5th-2021.pdf\" target=\"_blank\" rel=\"noreferrer noopener\">\u00fcber diesen Link zum Download als PDF<\/a> bereit.<\/p>\n<\/div>\n<\/div>\n\n\n\n<hr class=\"wp-block-separator\"\/>\n","protected":false},"excerpt":{"rendered":"<p>Der sechste Bericht &#8222;Krieg gegen Kinder: Rekrutierung im Fokus&#8220; von Save the Children, gemeinsam mit dem Peace Research Institute Oslo (PRIO) erarbeitet, zeigt, dass im Jahr 2020 weltweit rund 452 Millionen M\u00e4dchen und Jungen (eines von sechs Kindern) in einem Konfliktgebiet lebten und 193 Millionen Kinder unter gef\u00e4hrlichsten Lebensumst\u00e4nden aufwuchsen. Weltweit steigt das Risiko, dass &hellip; <\/p>\n<p class=\"link-more\"><a href=\"https:\/\/www.sinn-schaffen.de\/frieden\/krieg-gegen-kinder-452-millionen-kinder-wachsen-weltweit-in-konflikten-auf\/\" class=\"more-link\"><span class=\"screen-reader-text\">\u201eKrieg gegen Kinder: 452 Millionen Kinder wachsen weltweit in Konflikten auf\u201c<\/span> weiterlesen<\/a><\/p>\n","protected":false},"author":1,"featured_media":0,"parent":0,"menu_order":34,"comment_status":"closed","ping_status":"closed","template":"","meta":{"footnotes":""},"class_list":["post-503","page","type-page","status-publish","hentry"],"_links":{"self":[{"href":"https:\/\/www.sinn-schaffen.de\/frieden\/wp-json\/wp\/v2\/pages\/503","targetHints":{"allow":["GET"]}}],"collection":[{"href":"https:\/\/www.sinn-schaffen.de\/frieden\/wp-json\/wp\/v2\/pages"}],"about":[{"href":"https:\/\/www.sinn-schaffen.de\/frieden\/wp-json\/wp\/v2\/types\/page"}],"author":[{"embeddable":true,"href":"https:\/\/www.sinn-schaffen.de\/frieden\/wp-json\/wp\/v2\/users\/1"}],"replies":[{"embeddable":true,"href":"https:\/\/www.sinn-schaffen.de\/frieden\/wp-json\/wp\/v2\/comments?post=503"}],"version-history":[{"count":2,"href":"https:\/\/www.sinn-schaffen.de\/frieden\/wp-json\/wp\/v2\/pages\/503\/revisions"}],"predecessor-version":[{"id":505,"href":"https:\/\/www.sinn-schaffen.de\/frieden\/wp-json\/wp\/v2\/pages\/503\/revisions\/505"}],"wp:attachment":[{"href":"https:\/\/www.sinn-schaffen.de\/frieden\/wp-json\/wp\/v2\/media?parent=503"}],"curies":[{"name":"wp","href":"https:\/\/api.w.org\/{rel}","templated":true}]}}