{"id":559,"date":"2022-03-04T17:16:14","date_gmt":"2022-03-04T16:16:14","guid":{"rendered":"https:\/\/www.sinn-schaffen.de\/frieden\/?page_id=559"},"modified":"2022-03-04T17:21:21","modified_gmt":"2022-03-04T16:21:21","slug":"die-vereinigung-deutscher-wissenschaftler-verurteilt-den-voelkerrechtswidrigen-angriff-auf-die-ukraine","status":"publish","type":"page","link":"https:\/\/www.sinn-schaffen.de\/frieden\/die-vereinigung-deutscher-wissenschaftler-verurteilt-den-voelkerrechtswidrigen-angriff-auf-die-ukraine\/","title":{"rendered":"Die Vereinigung Deutscher Wissenschaftler verurteilt den v\u00f6lkerrechtswidrigen Angriff auf die Ukraine"},"content":{"rendered":"\n<p><strong>(Berlin, 25. Februar 2022)<\/strong> Die Vereinigung Deutscher Wissenschaftler (VDW) hat sich seit ihrer Gr\u00fcndung stets zu Frieden und Sicherheit bekannt und immer wieder Vorschl\u00e4ge f\u00fcr eine tragf\u00e4hige Friedens- und Sicherheitsordnung erarbeitet, diskutiert und ver\u00f6ffentlicht. Mitglieder der VDW-Studiengruppe zu Sicherheit und Frieden haben sich in den vergangenen Monaten erneut f\u00fcr milit\u00e4rische Zur\u00fcckhaltung, eine Wiederaufnahme der R\u00fcstungskontrollgespr\u00e4che und eine diplomatische L\u00f6sung vor dem Hintergrund der akuten Gef\u00e4hrdung von Sicherheit und Frieden in Europa eingesetzt.<\/p>\n\n\n\n<p>Am 24. Februar 2022 hat Russland unprovoziert und unlegitimiert, auch vom Territorium Wei\u00dfrusslands und von der annektierten Krim aus, die Ukraine milit\u00e4risch angegriffen. Dies ist ein v\u00f6lkerrechtswidriger Angriff auf einen souver\u00e4nen Staat, der in brutaler Weise das Gewaltverbot der UN-Charta (Art. 2 Abs.4) verletzt und sogar w\u00e4hrend einer laufenden Sitzung des UN-Sicherheitsrats in den fr\u00fchen Morgenstunden am 24. Februar 2022 erfolgte. Wir verurteilen die russische Aggression auf das Sch\u00e4rfste. Der Angriff unterminiert das notwendige Vertrauen, die europ\u00e4ische Sicherheitsordnung neu ausrichten zu k\u00f6nnen. Er verdeutlicht eine schwere Missachtung der internationalen Ordnung nach dem Zweiten Weltkrieg und verletzt damit verbundene, von Russland eingegangene Verpflichtungen zum Gewaltverzicht und zur Respektierung bestehender Grenzen. Dies gef\u00e4hrdet den Frieden und die Stabilit\u00e4t in Europa und in der Welt auf dramatische Weise. Die Versuche zur Rechtfertigung des russischen Handelns durch Pr\u00e4sident Putin entbehren jeder glaubw\u00fcrdigen Grundlage. Noch besteht die M\u00f6glichkeit, diese umfassende Milit\u00e4raktion abzubrechen und die russischen Truppen zur\u00fcckzuziehen. Die weitere milit\u00e4rische Eskalation im gesamten Umfeld der Ukraine muss sofort gestoppt werden und es d\u00fcrfen keine weiteren Verluste an unschuldigem Menschenleben in Kauf genommen werden.<\/p>\n\n\n\n<p>Zutiefst beunruhigend ist, dass Pr\u00e4sident Putin den Akteuren, die sich Russland bei seinem jetzigen Vorgehen in den Weg stellen, auch mit Konsequenzen droht, die \u201esie vorher noch nie in ihrer gesamten Geschichte gesehen haben\u201c, ein klarer Hinweis auf den Einsatz von Nuklearwaffen. Diese Rhetorik riskiert eine weitere Eskalation mit katastrophalem Ausgang, verletzt Prinzipien des nuklearen Nichtverbreitungsregimes und kann unabsehbare Konsequenzen haben.<\/p>\n\n\n\n<p>Die zu erwartenden menschlichen, wirtschaftlichen und sicherheitspolitischen Folgen des gewaltsamen Vormarsches Russlands und die \u201eUnterwerfung der Ukraine\u201c machen alle Beteiligten zu Verlierern, am meisten die Menschen in der Ukraine, aber auch in Russland, durch Sanktionen und weitere Aufr\u00fcstung der NATO. Dies darf aber nicht dazu f\u00fchren, alle Gespr\u00e4chsf\u00e4den mit Russland \u00fcber R\u00fcstungskontrolle und Abr\u00fcstung abzuschneiden. Solange die nukleare Abschreckung fortgef\u00fchrt wird, muss diese mit der Bereitschaft f\u00fcr Dialog auch in schwierigen Zeiten verbunden bleiben, wie schon w\u00e4hrend des Kalten Krieges.<\/p>\n\n\n\n<p>Dar\u00fcber hinaus appellieren wir an die internationale Gemeinschaft alles zu tun, um in diesem Konflikt auf den Weg der Diplomatie zur\u00fcckzukehren \u2013 so schwer das gegenw\u00e4rtig auch vorstellbar ist. Es kommt gerade angesichts der gegenw\u00e4rtigen Eskalation des Konflikts durch Russland darauf an, den politischen Raum f\u00fcr einen Dialog zur gemeinsamen europ\u00e4ischen Sicherheits- und Friedensordnung, zur Erneuerung von R\u00fcstungskontrolle und Abr\u00fcstung und zur Schaffung von robusten Konfliktl\u00f6sungsmechanismen mit Hilfe der OSZE und der Vereinten Nationen offen zu halten. Die Studiengruppe der Vereinigung Deutscher Wissenschaftler ist bereit, mit ihrer Expertise daran mitzuwirken.<\/p>\n\n\n\n<div class=\"wp-block-columns is-layout-flex wp-container-core-columns-is-layout-9d6595d7 wp-block-columns-is-layout-flex\">\n<div class=\"wp-block-column is-layout-flow wp-block-column-is-layout-flow\" style=\"flex-basis:33.33%\">\n<figure class=\"wp-block-image size-full\"><a href=\"https:\/\/vdw-ev.de\/ueber-uns\/gremien\/\" target=\"_blank\" rel=\"noopener\"><img loading=\"lazy\" decoding=\"async\" width=\"200\" height=\"300\" src=\"https:\/\/www.sinn-schaffen.de\/frieden\/wp-content\/uploads\/sites\/16\/2020\/12\/gremien_neuneck-K.jpg\" alt=\"\" class=\"wp-image-423\" title=\"Foto: VDW\"><\/a><\/figure>\n<\/div>\n\n\n\n<div class=\"wp-block-column is-layout-flow wp-block-column-is-layout-flow\" style=\"flex-basis:66.66%\">\n<p><a href=\"https:\/\/vdw-ev.de\/ueber-uns\/gremien\/\" target=\"_blank\" rel=\"noreferrer noopener\">Prof. Dr. G\u00f6tz Neuneck <\/a>ist Senior Research Fellow am Institut f\u00fcr Friedensforschung und Sicherheits\u00adpolitik (IFSH) und Mitglied des Council der &#8222;Pugwash Conferences on Science and World Affairs&#8220; sowie Pugwash-Beauftragter der <a href=\"https:\/\/vdw-ev.de\/\" target=\"_blank\" rel=\"noreferrer noopener\">Vereinigung Deutscher Wissenschaftler (VDW)<\/a>.<\/p>\n<\/div>\n<\/div>\n\n\n\n<div class=\"wp-block-columns is-layout-flex wp-container-core-columns-is-layout-9d6595d7 wp-block-columns-is-layout-flex\">\n<div class=\"wp-block-column is-layout-flow wp-block-column-is-layout-flow\" style=\"flex-basis:33.33%\">\n<figure class=\"wp-block-image size-full is-resized\"><a href=\"https:\/\/vdw-ev.de\/\" target=\"_blank\" rel=\"noopener\"><img loading=\"lazy\" decoding=\"async\" src=\"https:\/\/www.sinn-schaffen.de\/frieden\/wp-content\/uploads\/sites\/16\/2019\/08\/VDW-Logo.jpg\" alt=\"\" class=\"wp-image-187\" width=\"210\" height=\"210\" title=\"\"><\/a><\/figure>\n<\/div>\n\n\n\n<div class=\"wp-block-column is-layout-flow wp-block-column-is-layout-flow\" style=\"flex-basis:66.66%\">\n<h2 class=\"wp-block-heading\"><a href=\"https:\/\/vdw-ev.de\/\" target=\"_blank\" rel=\"noreferrer noopener\">Vereinigung Deutscher Wissenschaftler (VDW) e.V.<\/a><\/h2>\n\n\n\n<p>Seit ihrer Gr\u00fcndung 1959 durch Carl Friedrich von Weizs\u00e4cker und weitere prominente Atomwissenschaftler (\u201cG\u00f6ttinger 18\u201d) f\u00fchlt sich die Vereinigung Deutscher Wissenschaftler (VDW) der Tradition verantwortlicher Wissenschaft verpflichtet. Sie nimmt Stellung zu Fragen von Wissenschaftsorientierung und Technologieentwicklung einerseits und aktuellen gesellschaftlichen Fragen zu Themen wie Frieden &amp; Abr\u00fcstung, Klima &amp; Biodiversit\u00e4t, sozio-\u00f6kologische Transformation &amp; soziale Gerechtigkeit, Digitalisierung &amp; Gesellschaft sowie Whistleblowing andererseits. Mit den Ergebnissen ihrer Arbeit wendet sich die Vereinigung Deutscher Wissenschaftler an die interessierte \u00d6ffentlichkeit und an Entscheidungstr\u00e4ger auf allen Ebenen von Politik und Gesellschaft.<\/p>\n<\/div>\n<\/div>\n","protected":false},"excerpt":{"rendered":"<p>(Berlin, 25. Februar 2022) Die Vereinigung Deutscher Wissenschaftler (VDW) hat sich seit ihrer Gr\u00fcndung stets zu Frieden und Sicherheit bekannt und immer wieder Vorschl\u00e4ge f\u00fcr eine tragf\u00e4hige Friedens- und Sicherheitsordnung erarbeitet, diskutiert und ver\u00f6ffentlicht. Mitglieder der VDW-Studiengruppe zu Sicherheit und Frieden haben sich in den vergangenen Monaten erneut f\u00fcr milit\u00e4rische Zur\u00fcckhaltung, eine Wiederaufnahme der R\u00fcstungskontrollgespr\u00e4che &hellip; <\/p>\n<p class=\"link-more\"><a href=\"https:\/\/www.sinn-schaffen.de\/frieden\/die-vereinigung-deutscher-wissenschaftler-verurteilt-den-voelkerrechtswidrigen-angriff-auf-die-ukraine\/\" class=\"more-link\"><span class=\"screen-reader-text\">\u201eDie Vereinigung Deutscher Wissenschaftler verurteilt den v\u00f6lkerrechtswidrigen Angriff auf die Ukraine\u201c<\/span> weiterlesen<\/a><\/p>\n","protected":false},"author":1,"featured_media":0,"parent":0,"menu_order":25,"comment_status":"closed","ping_status":"closed","template":"","meta":{"footnotes":""},"class_list":["post-559","page","type-page","status-publish","hentry"],"_links":{"self":[{"href":"https:\/\/www.sinn-schaffen.de\/frieden\/wp-json\/wp\/v2\/pages\/559","targetHints":{"allow":["GET"]}}],"collection":[{"href":"https:\/\/www.sinn-schaffen.de\/frieden\/wp-json\/wp\/v2\/pages"}],"about":[{"href":"https:\/\/www.sinn-schaffen.de\/frieden\/wp-json\/wp\/v2\/types\/page"}],"author":[{"embeddable":true,"href":"https:\/\/www.sinn-schaffen.de\/frieden\/wp-json\/wp\/v2\/users\/1"}],"replies":[{"embeddable":true,"href":"https:\/\/www.sinn-schaffen.de\/frieden\/wp-json\/wp\/v2\/comments?post=559"}],"version-history":[{"count":4,"href":"https:\/\/www.sinn-schaffen.de\/frieden\/wp-json\/wp\/v2\/pages\/559\/revisions"}],"predecessor-version":[{"id":597,"href":"https:\/\/www.sinn-schaffen.de\/frieden\/wp-json\/wp\/v2\/pages\/559\/revisions\/597"}],"wp:attachment":[{"href":"https:\/\/www.sinn-schaffen.de\/frieden\/wp-json\/wp\/v2\/media?parent=559"}],"curies":[{"name":"wp","href":"https:\/\/api.w.org\/{rel}","templated":true}]}}