{"id":587,"date":"2022-08-29T17:27:46","date_gmt":"2022-08-29T15:27:46","guid":{"rendered":"https:\/\/www.sinn-schaffen.de\/frieden\/?page_id=587"},"modified":"2022-08-29T17:27:47","modified_gmt":"2022-08-29T15:27:47","slug":"russland-verhindert-konsens-auf-atomwaffenkonferenz","status":"publish","type":"page","link":"https:\/\/www.sinn-schaffen.de\/frieden\/russland-verhindert-konsens-auf-atomwaffenkonferenz\/","title":{"rendered":"Russland verhindert Konsens auf Atomwaffenkonferenz"},"content":{"rendered":"\n<p><em>Die Atomwaffenstaaten modernisieren in den letzten Jahren ihre Arsenale und bauen sie aus, Staatenf\u00fchrer sprechen nukleare Drohungen aus und Konflikte zwischen nuklear bewaffneten Staaten nehmen zu: Das Risiko eines Atomwaffeneinsatzes ist so hoch wie lange nicht. Bei der 10. UN-\u00dcberpr\u00fcfungskonferenz des nuklearen Nichtverbreitungsvertrags konnte nach vierw\u00f6chigen Verhandlungen in New York Ende August 2022 kein gemeinsames Abschlussdokument verabschiedet werden. Stattdessen sah sich die Konferenz mit einer neuen Konfliktdimension konfrontiert, die letztlich zum Scheitern der Verhandlungen f\u00fchrte: der Militarisierung eines Nuklearkraftwerks.<\/em><\/p>\n\n\n\n<hr class=\"wp-block-separator has-alpha-channel-opacity\"\/>\n\n\n\n<figure class=\"wp-block-image size-full\"><img loading=\"lazy\" decoding=\"async\" width=\"1024\" height=\"413\" src=\"https:\/\/www.sinn-schaffen.de\/frieden\/wp-content\/uploads\/sites\/16\/2022\/08\/Ueberpruefungskonferenz-2022-1-1024-Foto-ICAN.jpg\" alt=\"\" class=\"wp-image-583\" title=\"Foto: ICAN\"><\/figure>\n\n\n\n<hr class=\"wp-block-separator has-alpha-channel-opacity\"\/>\n\n\n\n<p><strong>(New York\/Berlin, 27. August 2022)<\/strong> Die 10. UN-\u00dcberpr\u00fcfungskonferenz des nuklearen Nichtverbreitungsvertrags ist nach vierw\u00f6chigen Verhandlungen in New York zu Ende gegangen. Die Staaten konnten kein gemeinsames Abschlussdokument verabschieden. Hauptkonflikt waren die aktuellen Ereignisse am ukrainischen Atomkraftwerk Saporischschja. Russland lehnt gemeinsame Sprache zu Kampfhandlungen am Atomkraftwerk ab.<\/p>\n\n\n\n<p>\u201cDas Risiko eines Atomwaffeneinsatzes ist zur Zeit so hoch wie seit dem Kalten Krieg nicht. Dass die Staatengemeinschaft w\u00e4hrend einer vierw\u00f6chigen Konferenz keine gemeinsamen L\u00f6sungen finden konnte, ist angesichts der aktuellen nuklearen Bedrohung nicht nur ein Desaster, sondern auch verantwortungslos\u201d, so Elisabeth Saar, Vorstandsmitglied ICAN Deutschland.<\/p>\n\n\n\n<p>Da die Atomwaffenstaaten in den letzten Jahren ihre Arsenale modernisieren und ausbauen, Staatenf\u00fchrer nukleare Drohungen aussprechen und Konflikte zwischen nuklear bewaffneten Staaten zunehmen, ist das Risiko eines Atomwaffeneinsatzes so hoch wie lange nicht. Die Konferenz stand deshalb vor der dringenden Herausforderung tragf\u00e4hige Ans\u00e4tze f\u00fcr nukleare Abr\u00fcstung zu finden. Doch die Staaten konnten sich nicht auf gemeinsame L\u00f6sungen einigen, um das Risiko eines Atomwaffeneinsatzes und eines weiteren nuklearen Wettr\u00fcstens zu verringern. Stattdessen sah sich die Konferenz mit einer neuen Konfliktdimension konfrontiert: der Militarisierung eines Nuklearkraftwerks. Dieser Punkt f\u00fchrte letztlich zum Scheitern der Verhandlungen.<\/p>\n\n\n\n<p>Die Konferenz startete vielversprechend. Erste Entw\u00fcrfe des Abschlussdokuments thematisierten auch die Verantwortung von Staaten der nuklearen Teilhabe, wie Deutschland. Zum Verhandlungsende waren jedoch keine konkreten und messbaren Vorschl\u00e4ge enthalten, die einen Fortschritt f\u00fcr die nukleare Abr\u00fcstung bedeutet h\u00e4tten. Neben den Kampfhandlungen in der Ukraine waren das tri-nationale Milit\u00e4rprojekt AUKUS (USA-Australien-UK) sowie die Etablierung einer massenvernichtungswaffenfreien Zone im Nahen und Mittleren Osten Konfliktthemen.<\/p>\n\n\n\n<p>144 der 191 Vertragsstaaten unterst\u00fctzten w\u00e4hrend der Konferenz <a href=\"https:\/\/reachingcriticalwill.org\/images\/documents\/Disarmament-fora\/npt\/revcon2022\/statements\/JointStatement_HINW.pdf\" target=\"_blank\" rel=\"noreferrer noopener\">ein humanit\u00e4res Statement<\/a>. Es thematisiert die Folgen von Atomwaffen auf Mensch und Umwelt und stellt fest, dass ein Atomkrieg jetzt und in Zukunft niemals gef\u00fchrt werden darf. Zu den Unterst\u00fctzer*innen z\u00e4hlen unter anderem das NATO-Land Griechenland sowie \u00d6sterreich, S\u00fcdafrika und Irland. Deutschland hat die Unterst\u00fctzung des Statements abgelehnt.<\/p>\n\n\n\n<p>Der nukleare Nichtverbreitungsvertrag wurde 1968 verabschiedet und gilt als Eckpfeiler des nuklearen R\u00fcstungskontroll- und Abr\u00fcstungsregimes. Er regelt die Bereiche Abr\u00fcstung, Nichtweiterverbreitung von Nuklearwaffen und zivile Nutzung von Nuklearenergie. Die \u00dcberpr\u00fcfungskonferenzen finden alle 5 Jahre statt. Die aktuelle Konferenz war regul\u00e4r f\u00fcr 2020 geplant und wurde pandemiebedingt mehrmals verschoben. Die letzte Konferenz 2015 blieb ebenfalls ohne Abschlussdokument. Wegweisende Ma\u00dfnahmen zur Abr\u00fcstung wurden zuletzt 2010 verabschiedet.<\/p>\n\n\n\n<div class=\"wp-block-columns is-layout-flex wp-container-core-columns-is-layout-9d6595d7 wp-block-columns-is-layout-flex\">\n<div class=\"wp-block-column is-layout-flow wp-block-column-is-layout-flow\" style=\"flex-basis:33.33%\">\n<figure class=\"wp-block-image size-full\"><a href=\"https:\/\/www.icanw.de\/ican-team\/ican-vorstand\/\" target=\"_blank\" rel=\"noreferrer noopener\"><img loading=\"lazy\" decoding=\"async\" width=\"300\" height=\"293\" src=\"https:\/\/www.sinn-schaffen.de\/frieden\/wp-content\/uploads\/sites\/16\/2022\/08\/Elisabeth-Saar-Foto-ICAN.jpg\" alt=\"\" class=\"wp-image-584\" title=\"Foto: ICAN\"><\/a><\/figure>\n<\/div>\n\n\n\n<div class=\"wp-block-column is-layout-flow wp-block-column-is-layout-flow\" style=\"flex-basis:66.66%\">\n<p>Elisabeth Saar ist Vorstandsmitglied bei <a href=\"https:\/\/www.icanw.de\/\" target=\"_blank\" rel=\"noreferrer noopener\">ICAN Deutschland (International Campaign to Abolish Nuclear Weapons)<\/a>.<\/p>\n\n\n\n<figure class=\"wp-block-image size-full\"><a href=\"https:\/\/www.icanw.de\/\" target=\"_blank\" rel=\"noreferrer noopener\"><img loading=\"lazy\" decoding=\"async\" width=\"318\" height=\"100\" src=\"https:\/\/www.sinn-schaffen.de\/frieden\/wp-content\/uploads\/sites\/16\/2018\/05\/ican.png\" alt=\"\" class=\"wp-image-22\" title=\"\"><\/a><\/figure>\n<\/div>\n<\/div>\n\n\n\n<div class=\"wp-block-columns is-layout-flex wp-container-core-columns-is-layout-9d6595d7 wp-block-columns-is-layout-flex\">\n<div class=\"wp-block-column is-layout-flow wp-block-column-is-layout-flow\" style=\"flex-basis:33.33%\">\n<figure class=\"wp-block-image size-full\"><a href=\"https:\/\/reachingcriticalwill.org\/images\/documents\/Disarmament-fora\/npt\/revcon2022\/statements\/JointStatement_HINW.pdf\" target=\"_blank\" rel=\"noreferrer noopener\"><img loading=\"lazy\" decoding=\"async\" width=\"616\" height=\"796\" src=\"https:\/\/www.sinn-schaffen.de\/frieden\/wp-content\/uploads\/sites\/16\/2022\/08\/JointStatement_HINW-T.jpg\" alt=\"\" class=\"wp-image-585\" title=\"\"><\/a><\/figure>\n<\/div>\n\n\n\n<div class=\"wp-block-column is-layout-flow wp-block-column-is-layout-flow\" style=\"flex-basis:66.66%\">\n<p>Das von 144 der 191 Vertragsstaaten w\u00e4hrend der New Yorker Konferenz unterst\u00fctzte humanit\u00e4re Statement steht <a href=\"https:\/\/reachingcriticalwill.org\/images\/documents\/Disarmament-fora\/npt\/revcon2022\/statements\/JointStatement_HINW.pdf\" target=\"_blank\" rel=\"noreferrer noopener\">\u00fcber diesen Link zum Download als PDF<\/a> bereit.<\/p>\n<\/div>\n<\/div>\n","protected":false},"excerpt":{"rendered":"<p>Die Atomwaffenstaaten modernisieren in den letzten Jahren ihre Arsenale und bauen sie aus, Staatenf\u00fchrer sprechen nukleare Drohungen aus und Konflikte zwischen nuklear bewaffneten Staaten nehmen zu: Das Risiko eines Atomwaffeneinsatzes ist so hoch wie lange nicht. Bei der 10. UN-\u00dcberpr\u00fcfungskonferenz des nuklearen Nichtverbreitungsvertrags konnte nach vierw\u00f6chigen Verhandlungen in New York Ende August 2022 kein gemeinsames &hellip; <\/p>\n<p class=\"link-more\"><a href=\"https:\/\/www.sinn-schaffen.de\/frieden\/russland-verhindert-konsens-auf-atomwaffenkonferenz\/\" class=\"more-link\"><span class=\"screen-reader-text\">\u201eRussland verhindert Konsens auf Atomwaffenkonferenz\u201c<\/span> weiterlesen<\/a><\/p>\n","protected":false},"author":1,"featured_media":0,"parent":0,"menu_order":18,"comment_status":"closed","ping_status":"closed","template":"","meta":{"footnotes":""},"class_list":["post-587","page","type-page","status-publish","hentry"],"_links":{"self":[{"href":"https:\/\/www.sinn-schaffen.de\/frieden\/wp-json\/wp\/v2\/pages\/587","targetHints":{"allow":["GET"]}}],"collection":[{"href":"https:\/\/www.sinn-schaffen.de\/frieden\/wp-json\/wp\/v2\/pages"}],"about":[{"href":"https:\/\/www.sinn-schaffen.de\/frieden\/wp-json\/wp\/v2\/types\/page"}],"author":[{"embeddable":true,"href":"https:\/\/www.sinn-schaffen.de\/frieden\/wp-json\/wp\/v2\/users\/1"}],"replies":[{"embeddable":true,"href":"https:\/\/www.sinn-schaffen.de\/frieden\/wp-json\/wp\/v2\/comments?post=587"}],"version-history":[{"count":1,"href":"https:\/\/www.sinn-schaffen.de\/frieden\/wp-json\/wp\/v2\/pages\/587\/revisions"}],"predecessor-version":[{"id":588,"href":"https:\/\/www.sinn-schaffen.de\/frieden\/wp-json\/wp\/v2\/pages\/587\/revisions\/588"}],"wp:attachment":[{"href":"https:\/\/www.sinn-schaffen.de\/frieden\/wp-json\/wp\/v2\/media?parent=587"}],"curies":[{"name":"wp","href":"https:\/\/api.w.org\/{rel}","templated":true}]}}