{"id":615,"date":"2022-11-17T16:42:02","date_gmt":"2022-11-17T15:42:02","guid":{"rendered":"https:\/\/www.sinn-schaffen.de\/frieden\/?page_id=615"},"modified":"2022-11-17T16:42:03","modified_gmt":"2022-11-17T15:42:03","slug":"scientists-for-global-responsibility-globale-militaeraktivitaeten-sind-fuer-55-prozent-aller-co2-emissionen-verantwortlich-wenn-frieden-herrscht","status":"publish","type":"page","link":"https:\/\/www.sinn-schaffen.de\/frieden\/scientists-for-global-responsibility-globale-militaeraktivitaeten-sind-fuer-55-prozent-aller-co2-emissionen-verantwortlich-wenn-frieden-herrscht\/","title":{"rendered":"Scientists for Global Responsibility: Globale Milit\u00e4raktivit\u00e4ten sind f\u00fcr 5,5 Prozent aller CO2-Emissionen verantwortlich \u2013 wenn Frieden herrscht"},"content":{"rendered":"\n<p><strong>(Berlin, 11. November 2022)<\/strong> Einer neuen Studie zufolge ist der CO2-Aussto\u00df des Milit\u00e4rs f\u00fcr etwa 5,5 Prozent der weltweiten Emissionen verantwortlich. W\u00e4re das globale Milit\u00e4r ein Land, h\u00e4tte es damit den viertgr\u00f6\u00dften CO2-Fu\u00dfabdruck der Welt \u2013 gr\u00f6\u00dfer als der von Russland. Anl\u00e4sslich des gestern erschienen Berichts von \u201eScientists for Global Responsibility\u201c (SGR) und \u201eConflict and Environment Observatory\u201c (CEOBS) fordert die deutsche Sektion der \u00e4rztlichen Friedensorganisation International Physicians for the Prevention of Nuclear War (IPPNW) die deutsche Bundesregierung auf, sich auf der Klimakonferenz f\u00fcr einen Sonderbericht und eine Bewertung der Klimaauswirkungen von Krieg und Milit\u00e4r einzusetzen.<\/p>\n\n\n\n<p>\u201eDass einer der wichtigsten Verursacher f\u00fcr die Klimakrise von den offiziellen Verhandlungen ausgespart wird und die L\u00e4nder nicht dazu verpflichtet sind, die Emissionen ihres Milit\u00e4rs und der R\u00fcstungsindustrie offen zu legen, ist inakzeptabel\u201c, betont Dr. med. Angelika Clau\u00dfen, Vorsitzende der Internationalen \u00c4rzt*innen f\u00fcr die Verh\u00fctung des Atomkriegs. Viele Daten werden gar nicht erst erhoben oder nicht transparent ver\u00f6ffentlicht, hei\u00dft es in dem Report. Dadurch entsteht eine signifikante Leerstelle, die den Kampf gegen die Klimakrise enorm erschwert.<\/p>\n\n\n\n<p>\u201eDas interessante an dem Report von CEOBS und SGR ist, dass sich die Berechnungen nur auf \u201eFriedenszeiten\u201c beziehen. Laufende Konflikte und Kriege bleiben wegen unzureichender Datenlage ausgespart. Das hei\u00dft, dass direkte Auswirkungen der Kriegsf\u00fchrung, wie Br\u00e4nde von \u00d6l-Depots und W\u00e4ldern, Sch\u00e4den an der (fossilen) Infrastruktur und den \u00d6kosystemen, sowie Wiederaufbau und Gesundheitsf\u00fcrsorge f\u00fcr \u00dcberlebende gar nicht einberechnet wurden. Dementsprechend ist davon auszugehen, dass die berechneten 5,5 Prozent sogar eine sehr konservative Sch\u00e4tzung sind\u201c, verdeutlicht Clau\u00dfen.*<\/p>\n\n\n\n<p>Der CO2-Aussto\u00df des Milit\u00e4rs wurde auf Druck der USA in Klimaabkommen wie dem Kyoto-Protokoll 1997 und dem Pariser Klimaschutzabkommen 2015 ausgeklammert. Bisher ist er damit kein verpflichtender Bestandteil und wird weder konsistent erhoben noch transparent ver\u00f6ffentlicht. Das h\u00e4tte sich auch in den vergangenen Jahren kaum ge\u00e4ndert, hei\u00dft es in dem Bericht weiter.<\/p>\n\n\n\n<p>Vom 6. Bis 18. November 2022 findet im \u00e4gyptischen Scharm El-Scheik die 27. Internationale Klimakonferenz statt. Um den globalen Temperaturanstieg unter 1,5 Grad zu halten, bleiben der Weltgemeinschaft nur noch wenige Jahre. \u201eWir k\u00f6nnen es uns nicht leisten, dass diese Klimakonferenz wieder ohne Beschl\u00fcsse f\u00fcr konkrete Ma\u00dfnahmen zu Ende geht. Die Emissionen des Milit\u00e4rs ab jetzt verpflichtend zu erheben, w\u00e4re ein Anfang\u201c, urteilt Clau\u00dfen abschlie\u00dfend.<\/p>\n\n\n\n<div class=\"wp-block-columns is-layout-flex wp-container-core-columns-is-layout-9d6595d7 wp-block-columns-is-layout-flex\">\n<div class=\"wp-block-column is-layout-flow wp-block-column-is-layout-flow\" style=\"flex-basis:33.33%\">\n<figure class=\"wp-block-image size-full\"><a href=\"https:\/\/www.ippnw.de\/der-verein\/vorstand.html\" target=\"_blank\" rel=\"noreferrer noopener\"><img loading=\"lazy\" decoding=\"async\" width=\"849\" height=\"784\" src=\"https:\/\/www.sinn-schaffen.de\/frieden\/wp-content\/uploads\/sites\/16\/2018\/06\/AngelikaClaussenKK.jpg\" alt=\"\" class=\"wp-image-86\" title=\"Foto: IPPNW\"><\/a><\/figure>\n<\/div>\n\n\n\n<div class=\"wp-block-column is-layout-flow wp-block-column-is-layout-flow\" style=\"flex-basis:66.66%\">\n<p><a href=\"https:\/\/www.ippnw.de\/der-verein\/vorstand.html\" target=\"_blank\" rel=\"noreferrer noopener\">Angelika Clau\u00dfen<\/a> ist Vorsitzende der <a href=\"https:\/\/www.ippnw.de\/startseite.html\" target=\"_blank\" rel=\"noreferrer noopener\">deutschen Sektion der \u00e4rztlichen Friedensorganisation International Physicians for the Prevention of Nuclear War (IPPNW)<\/a>.<\/p>\n\n\n\n<figure class=\"wp-block-image size-large is-resized\"><a href=\"https:\/\/www.ippnw.de\/startseite.html\" target=\"_blank\" rel=\"noreferrer noopener\"><img loading=\"lazy\" decoding=\"async\" src=\"https:\/\/www.sinn-schaffen.de\/frieden\/wp-content\/uploads\/sites\/16\/2018\/05\/IPPNW-Logo-864x1024.jpg\" alt=\"\" class=\"wp-image-24\" width=\"288\" height=\"341\" title=\"\"><\/a><\/figure>\n<\/div>\n<\/div>\n\n\n\n<div class=\"wp-block-columns is-layout-flex wp-container-core-columns-is-layout-9d6595d7 wp-block-columns-is-layout-flex\">\n<div class=\"wp-block-column is-layout-flow wp-block-column-is-layout-flow\" style=\"flex-basis:33.33%\">\n<figure class=\"wp-block-image size-full\"><a href=\"https:\/\/ceobs.org\/wp-content\/uploads\/2022\/11\/SGR-CEOBS_Estimating_Global_MIlitary_GHG_Emissions.pdf\" target=\"_blank\" rel=\"noreferrer noopener\"><img loading=\"lazy\" decoding=\"async\" width=\"599\" height=\"846\" src=\"https:\/\/www.sinn-schaffen.de\/frieden\/wp-content\/uploads\/sites\/16\/2022\/11\/SGR-CEOBS_Estimating_Global_MIlitary_GHG_Emissions-T.jpg\" alt=\"\" class=\"wp-image-612\" title=\"\"><\/a><\/figure>\n<\/div>\n\n\n\n<div class=\"wp-block-column is-layout-flow wp-block-column-is-layout-flow\" style=\"flex-basis:66.66%\">\n<p>Der Report &#8222;Estimating the Military\u2019s Global Greenhouse Gas Emissions&#8220; steht <a href=\"https:\/\/ceobs.org\/wp-content\/uploads\/2022\/11\/SGR-CEOBS_Estimating_Global_MIlitary_GHG_Emissions.pdf\" target=\"_blank\" rel=\"noreferrer noopener\">\u00fcber diesen Link zum Download als PDF<\/a> bereit.<\/p>\n<\/div>\n<\/div>\n","protected":false},"excerpt":{"rendered":"<p>(Berlin, 11. November 2022) Einer neuen Studie zufolge ist der CO2-Aussto\u00df des Milit\u00e4rs f\u00fcr etwa 5,5 Prozent der weltweiten Emissionen verantwortlich. W\u00e4re das globale Milit\u00e4r ein Land, h\u00e4tte es damit den viertgr\u00f6\u00dften CO2-Fu\u00dfabdruck der Welt \u2013 gr\u00f6\u00dfer als der von Russland. Anl\u00e4sslich des gestern erschienen Berichts von \u201eScientists for Global Responsibility\u201c (SGR) und \u201eConflict and &hellip; <\/p>\n<p class=\"link-more\"><a href=\"https:\/\/www.sinn-schaffen.de\/frieden\/scientists-for-global-responsibility-globale-militaeraktivitaeten-sind-fuer-55-prozent-aller-co2-emissionen-verantwortlich-wenn-frieden-herrscht\/\" class=\"more-link\"><span class=\"screen-reader-text\">\u201eScientists for Global Responsibility: Globale Milit\u00e4raktivit\u00e4ten sind f\u00fcr 5,5 Prozent aller CO2-Emissionen verantwortlich \u2013 wenn Frieden herrscht\u201c<\/span> weiterlesen<\/a><\/p>\n","protected":false},"author":1,"featured_media":0,"parent":0,"menu_order":13,"comment_status":"closed","ping_status":"closed","template":"","meta":{"footnotes":""},"class_list":["post-615","page","type-page","status-publish","hentry"],"_links":{"self":[{"href":"https:\/\/www.sinn-schaffen.de\/frieden\/wp-json\/wp\/v2\/pages\/615","targetHints":{"allow":["GET"]}}],"collection":[{"href":"https:\/\/www.sinn-schaffen.de\/frieden\/wp-json\/wp\/v2\/pages"}],"about":[{"href":"https:\/\/www.sinn-schaffen.de\/frieden\/wp-json\/wp\/v2\/types\/page"}],"author":[{"embeddable":true,"href":"https:\/\/www.sinn-schaffen.de\/frieden\/wp-json\/wp\/v2\/users\/1"}],"replies":[{"embeddable":true,"href":"https:\/\/www.sinn-schaffen.de\/frieden\/wp-json\/wp\/v2\/comments?post=615"}],"version-history":[{"count":1,"href":"https:\/\/www.sinn-schaffen.de\/frieden\/wp-json\/wp\/v2\/pages\/615\/revisions"}],"predecessor-version":[{"id":616,"href":"https:\/\/www.sinn-schaffen.de\/frieden\/wp-json\/wp\/v2\/pages\/615\/revisions\/616"}],"wp:attachment":[{"href":"https:\/\/www.sinn-schaffen.de\/frieden\/wp-json\/wp\/v2\/media?parent=615"}],"curies":[{"name":"wp","href":"https:\/\/api.w.org\/{rel}","templated":true}]}}