{"id":626,"date":"2023-05-04T17:33:23","date_gmt":"2023-05-04T15:33:23","guid":{"rendered":"https:\/\/www.sinn-schaffen.de\/frieden\/?page_id=626"},"modified":"2023-05-04T17:33:24","modified_gmt":"2023-05-04T15:33:24","slug":"ippnw-weltkongress-krieg-klima-und-gesundheit-zusammen-denken","status":"publish","type":"page","link":"https:\/\/www.sinn-schaffen.de\/frieden\/ippnw-weltkongress-krieg-klima-und-gesundheit-zusammen-denken\/","title":{"rendered":"IPPNW-Weltkongress: Krieg, Klima und Gesundheit zusammen denken"},"content":{"rendered":"\n<p><em>Alle Mediziner*innen auf dem 23. Weltkongress der Internationalen \u00c4rzte f\u00fcr die Verh\u00fctung des Atomkrieges \u2013 \u00c4rzte in sozialer Verantwortung (IPPNW) sind sich einig, dass ein globaler Kurswechsel dringend notwendig ist, um die katastrophalen Folgen eines Atomkriegs oder eines Umweltkollapses zu verhindern: &#8222;Wir haben vor Jahrzehnten gelernt, dass es keine medizinische Reaktion auf einen Atomkrieg geben kann. Jetzt lernen wir, dass unsere F\u00e4higkeit, wirksam auf extreme gesundheitliche Notf\u00e4lle zu reagieren, die durch vom Menschen verursachte Ver\u00e4nderungen des Weltklimas ausgel\u00f6st und vervielfacht werden, auf eine harte Probe gestellt wird. Dar\u00fcber hinaus sind diejenigen, die den Auswirkungen der Klimakrise am st\u00e4rksten ausgesetzt sind, h\u00e4ufig diejenigen, die nicht \u00fcber die Mittel verf\u00fcgen, um den Schaden zu mindern.&#8220;<\/em><\/p>\n\n\n\n<figure class=\"wp-block-image size-full\"><img loading=\"lazy\" decoding=\"async\" width=\"1024\" height=\"413\" src=\"https:\/\/www.sinn-schaffen.de\/frieden\/wp-content\/uploads\/sites\/16\/2023\/05\/230504-ippnw-weltkongress.jpg\" alt=\"\" class=\"wp-image-627\" title=\"Foto: Nata Uchava, Freiburg\"><\/figure>\n\n\n\n<p><strong>(Berlin, 30. April 2023)<\/strong> Der <a href=\"https:\/\/blog.ippnw.de\/\" target=\"_blank\" rel=\"noreferrer noopener\">23. IPPNW-Weltkongress (Internationale \u00c4rzte f\u00fcr die Verh\u00fctung des Atomkrieges \u2013 \u00c4rzte in sozialer Verantwortung e. V.) in Mombasa, Kenia<\/a>, ist heute erfolgreich zu Ende gegangen. \u00dcber 180 \u00c4rzt*innen und Medizinstudierende aus aller Welt verabschiedeten eine gemeinsame Abschlusserkl\u00e4rung f\u00fcr eine friedliche und gerechte Welt f\u00fcr alle Menschen. In den Vortr\u00e4gen und Diskussionen der Konferenz wurden die Themen Gesundheit, nachhaltige Sicherheit, wirtschaftliche Gerechtigkeit und Umweltschutz mit der Bedrohung durch Atomwaffen zusammengebracht. Unter dem Titel \u201eAbr\u00fcstung, Klimakrise und Gesundheit\u201c diskutierten die IPPNW-\u00c4rzt*innen vom 26. bis zum 30. April 2023 \u00fcber gemeinsame Handlungsm\u00f6glichkeiten und Aktionsstrategien.<\/p>\n\n\n\n<p>\u201eDie Welt im Jahr 2023 steht vor einer doppelten existenziellen Krise\u201c, hei\u00dft es in der Erkl\u00e4rung. \u201eDas Risiko eines Atomkriegs ist gr\u00f6\u00dfer als je zuvor seit dem Kalten Krieg in den 1980er Jahren. Und die sich beschleunigende Klimakrise, die durch die Kohlenstoffemissionen aus der unkontrollierten Verbrennung fossiler Brennstoffe verursacht wird, bringt extreme Wetterereignisse, St\u00f6rungen in der Landwirtschaft, steigende Meeresspiegel und durch Vektoren \u00fcbertragene Krankheiten in jeden Winkel der Welt.\u201c<\/p>\n\n\n\n<p>Diese raschen Ver\u00e4nderungen des Weltklimas k\u00f6nnen als Verst\u00e4rker von Konfliktdynamiken wirken, insbesondere in L\u00e4ndern die von hoher Ungleichheit, politischer Instabilit\u00e4t und mangelndem Zugang zu Bildung und Gesundheit betroffen sind. Die Internationalen \u00c4rzt*innen f\u00fcr die Verh\u00fctung des Atomkriegs sind daher besorgt, dass jeder dieser Konflikte, an dem ein nuklear bewaffneter Staat beteiligt ist, das Risiko eines Atomkriegs erh\u00f6ht und den Kreis der existenziellen Bedrohung schlie\u00dft. Diese Gefahr betrifft beispielsweise den andauernden Konflikt der beiden Atomwaffenstaaten Indien und Pakistan, die beide massiv von den Auswirkungen der Klimakrise betroffen sind.<\/p>\n\n\n\n<p>Der Ukrainekrieg habe diese Negativspirale zwischen Klimakrise und Konfliktdynamiken verst\u00e4rkt. Er bedingt (nukleare) Aufr\u00fcstung, nicht nur in den direkt beteiligten L\u00e4ndern. Auch die Auswirkungen des Krieges auf die Weltwirtschaft, sind enorm. So erleben insbesondere die L\u00e4nder des globalen S\u00fcdens eine bedrohliche Verknappung von Getreide und anderen Rohstoffen. Das World Food Programme warnt vor der schlimmsten Lebensmittelkrise der j\u00fcngeren Geschichte . Diese Nahrungsmittelkrise ist mit verursacht durch eine der heftigsten D\u00fcrren in Sub-Sahara Afrika seit Dekaden. Die kenianischen IPPNW-\u00c4rztinnen berichten von vermehrten Extremwetterlagen, die Choleraausbr\u00fcche und den Anstieg von Malariaf\u00e4llen in bisher nicht betroffenen Regionen beg\u00fcnstigen.<\/p>\n\n\n\n<p>\u201eWir m\u00fcssen beginnen Kriege und Konflikte mit dem Klimawandel zusammenzudenken\u201c, so Dr. med. Lars Pohlmeier, Vorsitzender der deutschen Sektion der IPPNW. \u201eMilit\u00e4rische Verteidigung, Atomwaffen und anhaltendes globales Wettr\u00fcsten k\u00f6nnen weder das Klima retten noch zu einem nachhaltigen Frieden f\u00fchren.\u201c Stattdessen m\u00fcssten die milit\u00e4rischen Kohlenstoffemissionen und die Umweltauswirkungen von Waffenproduktion, milit\u00e4rischen \u00dcbungen und Krieg als verbindliche Verpflichtung in internationale Klimaabkommen und nationale Klimaziele aufgenommen werden.<\/p>\n\n\n\n<p>Auf dem Weltkongress hat die deutsche Sektion der IPPNW dazu eine Resolution vorgebracht: \u201eDie Regierungen sollten die Milit\u00e4rausgaben reduzieren und umverteilen, um Klimaschutzma\u00dfnahmen zu finanzieren und Frieden und die Gesundheit des Planeten zu f\u00f6rdern. Wir brauchen Diplomatie, Kooperation, Solidarit\u00e4t, Gerechtigkeit und Frieden, um die Herausforderungen des 21. Jahrhunderts zu meistern. Die IPPNW fordert geeignete Ma\u00dfnahmen zur Reduzierung der Milit\u00e4rausgaben und zur endg\u00fcltigen Beseitigung der milit\u00e4rischen Kohlenstoffemissionen weltweit durch Abr\u00fcstung\u201c, hei\u00dft es darin.<\/p>\n\n\n\n<p>In einem sind sich alle Mediziner*innen auf dem Weltkongress einig: \u201eWir haben vor Jahrzehnten gelernt, dass es keine medizinische Reaktion auf einen Atomkrieg geben kann. Jetzt lernen wir, dass unsere F\u00e4higkeit, wirksam auf extreme gesundheitliche Notf\u00e4lle zu reagieren, die durch vom Menschen verursachte Ver\u00e4nderungen des Weltklimas ausgel\u00f6st und vervielfacht werden, auf eine harte Probe gestellt wird. Dar\u00fcber hinaus sind diejenigen, die den Auswirkungen der Klimakrise am st\u00e4rksten ausgesetzt sind, h\u00e4ufig diejenigen, die nicht \u00fcber die Mittel verf\u00fcgen, um den Schaden zu mindern. In beiden F\u00e4llen ist es unsere Aufgabe, das zu verhindern, was wir nicht heilen k\u00f6nnen.\u201c<\/p>\n\n\n\n<p>Ein globaler Kurswechsel sei demnach dringend notwendig, um die katastrophalen Folgen eines Atomkriegs oder eines Umweltkollapses zu verhindern.<\/p>\n\n\n\n<div class=\"wp-block-columns is-layout-flex wp-container-core-columns-is-layout-9d6595d7 wp-block-columns-is-layout-flex\">\n<div class=\"wp-block-column is-layout-flow wp-block-column-is-layout-flow\" style=\"flex-basis:33.33%\">\n<figure class=\"wp-block-image size-full\"><a href=\"https:\/\/www.ippnw.de\/der-verein\/vorstand.html\" target=\"_blank\" rel=\"noreferrer noopener\"><img loading=\"lazy\" decoding=\"async\" width=\"250\" height=\"250\" src=\"https:\/\/www.sinn-schaffen.de\/frieden\/wp-content\/uploads\/sites\/16\/2020\/10\/Lars-Pohlmeier.jpg\" alt=\"\" class=\"wp-image-392\" title=\"Foto: IPPNW\"><\/a><\/figure>\n<\/div>\n\n\n\n<div class=\"wp-block-column is-layout-flow wp-block-column-is-layout-flow\" style=\"flex-basis:66.66%\">\n<p>Dr. med. Lars Pohlmeier ist Vorsitzender der <a href=\"https:\/\/www.ippnw.de\/startseite.html\" target=\"_blank\" rel=\"noreferrer noopener\">deutschen Sektion der Internationalen \u00c4rzte f\u00fcr die Verh\u00fctung des Atomkrieges \u2013 \u00c4rzte in sozialer Verantwortung e.V. (IPPNW)<\/a>.<\/p>\n\n\n\n<figure class=\"wp-block-image size-large is-resized\"><a href=\"https:\/\/www.ippnw.de\/startseite.html\" target=\"_blank\" rel=\"noreferrer noopener\"><img loading=\"lazy\" decoding=\"async\" src=\"https:\/\/www.sinn-schaffen.de\/frieden\/wp-content\/uploads\/sites\/16\/2018\/05\/IPPNW-Logo-864x1024.jpg\" alt=\"\" class=\"wp-image-24\" width=\"213\" height=\"252\" title=\"\"><\/a><\/figure>\n<\/div>\n<\/div>\n","protected":false},"excerpt":{"rendered":"<p>Alle Mediziner*innen auf dem 23. Weltkongress der Internationalen \u00c4rzte f\u00fcr die Verh\u00fctung des Atomkrieges \u2013 \u00c4rzte in sozialer Verantwortung (IPPNW) sind sich einig, dass ein globaler Kurswechsel dringend notwendig ist, um die katastrophalen Folgen eines Atomkriegs oder eines Umweltkollapses zu verhindern: &#8222;Wir haben vor Jahrzehnten gelernt, dass es keine medizinische Reaktion auf einen Atomkrieg geben &hellip; <\/p>\n<p class=\"link-more\"><a href=\"https:\/\/www.sinn-schaffen.de\/frieden\/ippnw-weltkongress-krieg-klima-und-gesundheit-zusammen-denken\/\" class=\"more-link\"><span class=\"screen-reader-text\">\u201eIPPNW-Weltkongress: Krieg, Klima und Gesundheit zusammen denken\u201c<\/span> weiterlesen<\/a><\/p>\n","protected":false},"author":1,"featured_media":0,"parent":0,"menu_order":10,"comment_status":"closed","ping_status":"closed","template":"","meta":{"footnotes":""},"class_list":["post-626","page","type-page","status-publish","hentry"],"_links":{"self":[{"href":"https:\/\/www.sinn-schaffen.de\/frieden\/wp-json\/wp\/v2\/pages\/626","targetHints":{"allow":["GET"]}}],"collection":[{"href":"https:\/\/www.sinn-schaffen.de\/frieden\/wp-json\/wp\/v2\/pages"}],"about":[{"href":"https:\/\/www.sinn-schaffen.de\/frieden\/wp-json\/wp\/v2\/types\/page"}],"author":[{"embeddable":true,"href":"https:\/\/www.sinn-schaffen.de\/frieden\/wp-json\/wp\/v2\/users\/1"}],"replies":[{"embeddable":true,"href":"https:\/\/www.sinn-schaffen.de\/frieden\/wp-json\/wp\/v2\/comments?post=626"}],"version-history":[{"count":1,"href":"https:\/\/www.sinn-schaffen.de\/frieden\/wp-json\/wp\/v2\/pages\/626\/revisions"}],"predecessor-version":[{"id":628,"href":"https:\/\/www.sinn-schaffen.de\/frieden\/wp-json\/wp\/v2\/pages\/626\/revisions\/628"}],"wp:attachment":[{"href":"https:\/\/www.sinn-schaffen.de\/frieden\/wp-json\/wp\/v2\/media?parent=626"}],"curies":[{"name":"wp","href":"https:\/\/api.w.org\/{rel}","templated":true}]}}