{"id":642,"date":"2023-11-21T13:46:55","date_gmt":"2023-11-21T12:46:55","guid":{"rendered":"https:\/\/www.sinn-schaffen.de\/frieden\/?page_id=642"},"modified":"2023-11-21T13:48:31","modified_gmt":"2023-11-21T12:48:31","slug":"aktionswoche-fuer-schutz-und-asyl-fuer-kriegsdienstverweigerinnen-aus-russland-belarus-und-der-ukraine-vom-4-bis-10-dezember-2023","status":"publish","type":"page","link":"https:\/\/www.sinn-schaffen.de\/frieden\/aktionswoche-fuer-schutz-und-asyl-fuer-kriegsdienstverweigerinnen-aus-russland-belarus-und-der-ukraine-vom-4-bis-10-dezember-2023\/","title":{"rendered":"Aktionswoche f\u00fcr Schutz und Asyl f\u00fcr Kriegsdienstverweiger*innen aus Russland, Belarus und der Ukraine vom 4. bis 10. Dezember 2023"},"content":{"rendered":"\n<p><em>Seit Beginn des russischen Angriffs auf die Ukraine im Februar 2022 haben mehr als 250.000 Milit\u00e4rdienstpflichtige Russland verlassen, aus der Ukraine sind seit Kriegsbeginn mindestens 175.000 Milit\u00e4rdienstpflichtige vor der Einberufung geflohen. \u00dcber 40 Friedensgruppen aus ganz Europa rufen vom 4. Dezember 2023 bis zum &#8222;Internationalen Tag der Menschenrechte&#8220; am 10. Dezember 2023 zu Aktionen auf: Sie fordern Aufnahme und Schutz f\u00fcr alle, die sich dem Krieg in der Ukraine entziehen.<\/em><\/p>\n\n\n\n<figure class=\"wp-block-image size-full\"><img loading=\"lazy\" decoding=\"async\" width=\"1024\" height=\"413\" src=\"https:\/\/www.sinn-schaffen.de\/frieden\/wp-content\/uploads\/sites\/16\/2023\/11\/231121-IPPNW-NU.jpg\" alt=\"\" class=\"wp-image-640\" title=\"Foto: Nata Uchava, Freiburg\"><\/figure>\n\n\n\n<p><strong>(Berlin, 17. November 2023)<\/strong> \u00dcber 40 Friedensgruppen aus ganz Europa rufen vom 4. Dezember 2023 bis zum \u201eInternationalen Tag der Menschenrechte\u201c am 10. Dezember 2023 zu Aktionen auf: Sie fordern Aufnahme und Schutz f\u00fcr alle, die sich dem Krieg in der Ukraine entziehen.<\/p>\n\n\n\n<p>Seit Beginn des russischen Angriffs auf die Ukraine im Februar 2022 haben mehr als 250.000 Milit\u00e4rdienstpflichtige Russland verlassen \u2013 sie wollen nicht im Krieg gegen die Ukraine k\u00e4mpfen. Die meisten sind nach Kasachstan, Serbien, Armenien oder Georgien geflohen. 3.500 junge Russ*innen haben in Deutschland Asyl beantragt. Das Bundesinnenministerium teilte im September 2023 mit, dass nur bei 400 Antr\u00e4gen das Asylbegehren gepr\u00fcft worden sei. 90 davon wurden anerkannt. Aus der Ukraine sind seit Kriegsbeginn mindestens 175.000 Milit\u00e4rdienstpflichtige vor der Einberufung geflohen \u2013 teilweise nach Deutschland, wo ihnen aktuell nur bis M\u00e4rz 2025 Schutz gew\u00e4hrt wird. Auch in Belarus gibt es tausende Milit\u00e4rdienstentzieher.<\/p>\n\n\n\n<p>\u201eAll diese Menschen wollen nicht T\u00f6ten und sich nicht am Krieg in der Ukraine beteiligen \u2013 sie m\u00fcssen dauerhaft Schutz bekommen\u201c, erkl\u00e4rt Rudi Friedrich von <a href=\"https:\/\/de.connection-ev.org\/\" target=\"_blank\" data-type=\"link\" data-id=\"https:\/\/de.connection-ev.org\/\" rel=\"noreferrer noopener\">Connection e.V.<\/a>, einem Verein der sich international f\u00fcr Kriegsdienstverweiger*innen einsetzt. \u201eSowohl aus der Bundesregierung als auch von der EU-Kommission gab es zu Kriegsbeginn Zusagen, diejenigen aus Russland aufzunehmen, die sich dem Krieg entziehen wollen\u201c, so Friedrich. \u201eEin Schutzversprechen gibt es aber nur f\u00fcr russische Deserteur*innen. Alle, die rechtzeitig vor einer Einberufung geflohen sind, m\u00fcssen mit einer Ablehnung im Asylverfahren rechnen\u201c, zeigt sich der Milit\u00e4rdienst-Experte entt\u00e4uscht.<\/p>\n\n\n\n<p>Gemeinsam mit weiteren deutschen und europ\u00e4ischen Organisationen hat Connection e.V. im Mai 2023 eine Petition mit knapp 50.000 Unterschriften an die EU-Kommission \u00fcbergeben. Mit dabei war auch die <a href=\"https:\/\/dfg-vk.de\/#\/\" target=\"_blank\" data-type=\"link\" data-id=\"https:\/\/dfg-vk.de\/#\/\" rel=\"noreferrer noopener\">Deutsche Friedensgesellschaft \u2013 Vereinigte KriegsdienstgegnerInnen (DFG-VK)<\/a>, die \u00e4lteste deutsche Friedensorganisation: \u201eUm den Krieg in der Ukraine zu beenden, m\u00fcssen wir denjenigen, die sich dem K\u00e4mpfen verweigern, endlich dauerhaften Schutz gew\u00e4hren\u201c, fordert DFG-VK-Gesch\u00e4ftsf\u00fchrer Michael Schulze von Gla\u00dfer. \u201eKriegsdienstverweigerung ist ein Menschenrecht!\u201c, macht er deutlich.<\/p>\n\n\n\n<p>Um ein Ende der Verfolgung von Kriegsdienstverweiger*innen und Deserteur*innen in ihren Herkunftsstaaten zu fordern und den Druck auf die Bundesregierung und die EU zu erh\u00f6hen, Milit\u00e4rdienstpflichtige aufzunehmen, wird es in der Woche vor dem \u201eInternationalen Tag der Menschenrechte\u201c \u2013 vom 4. bis zum 10. Dezember 2023 \u2013 zahlreiche Aktionen in mehreren St\u00e4dten geben. Zudem wird es in den Niederlanden, in Finnland, Belgien, Gro\u00dfbritannien und Griechenland Aktionen und Veranstaltungen geben.<\/p>\n\n\n\n<p>Eine Liste mit allen geplanten Aktionen, den vollst\u00e4ndigen Aufruf und Hintergrundmaterial gibt es <a href=\"https:\/\/objectwarcampaign.org\/ueber-uns\/\" target=\"_blank\" data-type=\"link\" data-id=\"https:\/\/objectwarcampaign.org\/ueber-uns\/\" rel=\"noreferrer noopener\">hier<\/a>.<\/p>\n\n\n\n<figure class=\"wp-block-image size-large\"><img loading=\"lazy\" decoding=\"async\" width=\"1024\" height=\"511\" src=\"https:\/\/www.sinn-schaffen.de\/frieden\/wp-content\/uploads\/sites\/16\/2023\/11\/Logo-Collection-en-scaled-231121-1024x511.jpg\" alt=\"\" class=\"wp-image-641\" title=\"Friedensgruppen der Aktionswoche f\u00fcr Schutz und Asyl f\u00fcr Kriegsdienstverweiger*innen aus Russland, Belarus und der Ukraine im Dezember 2023, Stand 21.11.2023\"><\/figure>\n","protected":false},"excerpt":{"rendered":"<p>Seit Beginn des russischen Angriffs auf die Ukraine im Februar 2022 haben mehr als 250.000 Milit\u00e4rdienstpflichtige Russland verlassen, aus der Ukraine sind seit Kriegsbeginn mindestens 175.000 Milit\u00e4rdienstpflichtige vor der Einberufung geflohen. \u00dcber 40 Friedensgruppen aus ganz Europa rufen vom 4. Dezember 2023 bis zum &#8222;Internationalen Tag der Menschenrechte&#8220; am 10. Dezember 2023 zu Aktionen auf: &hellip; <\/p>\n<p class=\"link-more\"><a href=\"https:\/\/www.sinn-schaffen.de\/frieden\/aktionswoche-fuer-schutz-und-asyl-fuer-kriegsdienstverweigerinnen-aus-russland-belarus-und-der-ukraine-vom-4-bis-10-dezember-2023\/\" class=\"more-link\"><span class=\"screen-reader-text\">\u201eAktionswoche f\u00fcr Schutz und Asyl f\u00fcr Kriegsdienstverweiger*innen aus Russland, Belarus und der Ukraine vom 4. bis 10. Dezember 2023\u201c<\/span> weiterlesen<\/a><\/p>\n","protected":false},"author":1,"featured_media":0,"parent":0,"menu_order":7,"comment_status":"closed","ping_status":"closed","template":"","meta":{"footnotes":""},"class_list":["post-642","page","type-page","status-publish","hentry"],"_links":{"self":[{"href":"https:\/\/www.sinn-schaffen.de\/frieden\/wp-json\/wp\/v2\/pages\/642","targetHints":{"allow":["GET"]}}],"collection":[{"href":"https:\/\/www.sinn-schaffen.de\/frieden\/wp-json\/wp\/v2\/pages"}],"about":[{"href":"https:\/\/www.sinn-schaffen.de\/frieden\/wp-json\/wp\/v2\/types\/page"}],"author":[{"embeddable":true,"href":"https:\/\/www.sinn-schaffen.de\/frieden\/wp-json\/wp\/v2\/users\/1"}],"replies":[{"embeddable":true,"href":"https:\/\/www.sinn-schaffen.de\/frieden\/wp-json\/wp\/v2\/comments?post=642"}],"version-history":[{"count":2,"href":"https:\/\/www.sinn-schaffen.de\/frieden\/wp-json\/wp\/v2\/pages\/642\/revisions"}],"predecessor-version":[{"id":644,"href":"https:\/\/www.sinn-schaffen.de\/frieden\/wp-json\/wp\/v2\/pages\/642\/revisions\/644"}],"wp:attachment":[{"href":"https:\/\/www.sinn-schaffen.de\/frieden\/wp-json\/wp\/v2\/media?parent=642"}],"curies":[{"name":"wp","href":"https:\/\/api.w.org\/{rel}","templated":true}]}}