{"id":729,"date":"2024-03-11T13:22:13","date_gmt":"2024-03-11T12:22:13","guid":{"rendered":"https:\/\/www.sinn-schaffen.de\/frieden\/?page_id=729"},"modified":"2024-03-11T13:25:05","modified_gmt":"2024-03-11T12:25:05","slug":"rueckhalt-fuer-olaf-scholz-in-der-taurus-frage","status":"publish","type":"page","link":"https:\/\/www.sinn-schaffen.de\/frieden\/rueckhalt-fuer-olaf-scholz-in-der-taurus-frage\/","title":{"rendered":"R\u00fcckhalt f\u00fcr Olaf Scholz in der Taurus-Frage"},"content":{"rendered":"\n<p><em>Der Vorstand des deutschen Zweiges des Internationalen Vers\u00f6hnungsbundes bittet Bundeskanzler Olaf Scholz, eine diplomatische Wende weg von der weiteren Lieferung von Waffen hin zur Unterst\u00fctzung der in der Schweiz anvisierten ersten von zwei Ukraine-Friedenskonferenzen zu unterst\u00fctzen. Ein milit\u00e4rischer Sieg sei theoretisch wegen der drohenden Atomkriegsgefahr und praktisch wegen der langfristigen milit\u00e4rischen \u00dcberlegenheit Russlands nicht denkbar. Ein Verhandlungsangebot m\u00fcsse Interessen Russlands ebenso in den Blick nehmen wie die Wahrung der Unabh\u00e4ngigkeit und Souver\u00e4nit\u00e4t der ukrainischen Nation.<\/em><\/p>\n\n\n\n<figure class=\"wp-block-image size-full\"><img loading=\"lazy\" decoding=\"async\" width=\"1024\" height=\"413\" src=\"https:\/\/www.sinn-schaffen.de\/frieden\/wp-content\/uploads\/sites\/16\/2024\/03\/240311-NU-versoehnungsbund.jpg\" alt=\"\" class=\"wp-image-728\" title=\"Foto: Nata Uchava, Freiburg\"><\/figure>\n\n\n\n<p><strong>(Minden, 8. M\u00e4rz 2024)<\/strong> Der Vorstand des deutschen Zweiges des Internationalen Vers\u00f6hnungsbundes hat sich in zwei offenen Briefen an Bundeskanzler Olaf Scholz und an den Vorsitzenden der SPD-Bundestagsfraktion, Dr. Rolf M\u00fctzenich, gewandt: \u201e[\u2026] als Vorstand des 1914 zur Verhinderung des 1. Weltkrieges entstandenen deutschen Zweiges des Internationalen Vers\u00f6hnungsbundes m\u00f6chten wir Ihnen zun\u00e4chst danken f\u00fcr ihre klare Haltung in den letzten Tagen bez\u00fcglich der Nicht-Lieferung von Taurus-Raketen an die Ukraine [\u2026]\u201c Der Brief erinnert daran, \u201edass jede Eskalation in diesem Krieg immer wieder Eskalationen der Gegenseite provoziert \u2013 dabei ist Deeskalation dieses schrecklichen Krieges das Gebot der Stunde. Ein milit\u00e4rischer Sieg ist theoretisch wegen der drohenden Atomkriegsgefahr und praktisch wegen der langfristigen milit\u00e4rischen \u00dcberlegenheit Russlands nicht denkbar.\u201c<\/p>\n\n\n\n<p>Weiter hei\u00dft es in dem offenen Brief: \u201eAls f\u00fcr Gerechtigkeit und Frieden engagierte B\u00fcrgerinnen und B\u00fcrger m\u00f6chten wir Sie bitten, unverz\u00fcglich eine diplomatische Wende weg von der weiteren Lieferung von Waffen hin zur Unterst\u00fctzung <a href=\"https:\/\/www.faz.net\/aktuell\/politik\/ausland\/wolodymyr-selenskyj-friedenskonferenz-mit-russland-moeglich-19547326.html\" target=\"_blank\" data-type=\"link\" data-id=\"https:\/\/www.faz.net\/aktuell\/politik\/ausland\/wolodymyr-selenskyj-friedenskonferenz-mit-russland-moeglich-19547326.html\" rel=\"noreferrer noopener\">der in der Schweiz anvisierten ersten von zwei Ukraine-Friedenskonferenzen<\/a> zu unterst\u00fctzen. Sowohl Russland wie auch die Ukraine ben\u00f6tigen von ihren jeweiligen Partnern Einflussnahme, damit sie zu Verhandlungen bereit sind. Als Unterst\u00fctzer der ukrainischen Seite haben wir st\u00e4rkeren Einfluss auf die Ukraine.\u201c<\/p>\n\n\n\n<p>Es gelte nun, \u201ein einem Verhandlungsformat einen Waffenstillstand herbei zu f\u00fchren und das uns\u00e4gliche Leid dieses Krieges zu beenden.\u201c Notwendig sei ein glaubw\u00fcrdiges Verhandlungsangebot, das Interessen Russlands ebenso in den Blick nehme wie die Wahrung der Unabh\u00e4ngigkeit und Souver\u00e4nit\u00e4t der ukrainischen Nation.<\/p>\n\n\n\n<div class=\"wp-block-columns is-layout-flex wp-container-core-columns-is-layout-9d6595d7 wp-block-columns-is-layout-flex\">\n<div class=\"wp-block-column is-layout-flow wp-block-column-is-layout-flow\" style=\"flex-basis:33.33%\">\n<figure class=\"wp-block-image size-full\"><a href=\"https:\/\/versoehnungsbund.de\/aktiv\/friedensblog-von-clemens\" target=\"_blank\" rel=\"noreferrer noopener\"><img loading=\"lazy\" decoding=\"async\" width=\"446\" height=\"502\" src=\"https:\/\/www.sinn-schaffen.de\/frieden\/wp-content\/uploads\/sites\/16\/2019\/11\/ClemensRonnefeldtK.jpg\" alt=\"\" class=\"wp-image-212\" title=\"Foto: privat\"><\/a><\/figure>\n<\/div>\n\n\n\n<div class=\"wp-block-column is-layout-flow wp-block-column-is-layout-flow\" style=\"flex-basis:66.66%\">\n<p><\/p>\n\n\n\n<p><a href=\"https:\/\/versoehnungsbund.de\/aktiv\/friedensblog-von-clemens\" target=\"_blank\" data-type=\"link\" data-id=\"https:\/\/versoehnungsbund.de\/aktiv\/friedensblog-von-clemens\" rel=\"noreferrer noopener\">Clemens Ronnefeldt<\/a> ist Friedensreferent beim <a href=\"https:\/\/versoehnungsbund.de\/\" target=\"_blank\" data-type=\"link\" data-id=\"https:\/\/versoehnungsbund.de\/\" rel=\"noreferrer noopener\">Internationalen Vers\u00f6hnungbund<\/a>.<\/p>\n\n\n\n<figure class=\"wp-block-image size-full is-resized\"><a href=\"https:\/\/versoehnungsbund.de\/\" target=\"_blank\" rel=\"noreferrer noopener\"><img loading=\"lazy\" decoding=\"async\" width=\"363\" height=\"124\" src=\"https:\/\/www.sinn-schaffen.de\/frieden\/wp-content\/uploads\/sites\/16\/2019\/11\/Versoehungsbund.jpg\" alt=\"\" class=\"wp-image-213\" style=\"width:263px;height:auto\" title=\"\"><\/a><\/figure>\n<\/div>\n<\/div>\n","protected":false},"excerpt":{"rendered":"<p>Der Vorstand des deutschen Zweiges des Internationalen Vers\u00f6hnungsbundes bittet Bundeskanzler Olaf Scholz, eine diplomatische Wende weg von der weiteren Lieferung von Waffen hin zur Unterst\u00fctzung der in der Schweiz anvisierten ersten von zwei Ukraine-Friedenskonferenzen zu unterst\u00fctzen. Ein milit\u00e4rischer Sieg sei theoretisch wegen der drohenden Atomkriegsgefahr und praktisch wegen der langfristigen milit\u00e4rischen \u00dcberlegenheit Russlands nicht denkbar. Ein Verhandlungsangebot m\u00fcsse Interessen Russlands ebenso in den Blick nehmen wie die Wahrung der Unabh\u00e4ngigkeit und Souver\u00e4nit\u00e4t der ukrainischen Nation.<\/p>\n","protected":false},"author":1,"featured_media":0,"parent":0,"menu_order":4,"comment_status":"closed","ping_status":"closed","template":"","meta":{"footnotes":""},"class_list":["post-729","page","type-page","status-publish","hentry"],"_links":{"self":[{"href":"https:\/\/www.sinn-schaffen.de\/frieden\/wp-json\/wp\/v2\/pages\/729","targetHints":{"allow":["GET"]}}],"collection":[{"href":"https:\/\/www.sinn-schaffen.de\/frieden\/wp-json\/wp\/v2\/pages"}],"about":[{"href":"https:\/\/www.sinn-schaffen.de\/frieden\/wp-json\/wp\/v2\/types\/page"}],"author":[{"embeddable":true,"href":"https:\/\/www.sinn-schaffen.de\/frieden\/wp-json\/wp\/v2\/users\/1"}],"replies":[{"embeddable":true,"href":"https:\/\/www.sinn-schaffen.de\/frieden\/wp-json\/wp\/v2\/comments?post=729"}],"version-history":[{"count":3,"href":"https:\/\/www.sinn-schaffen.de\/frieden\/wp-json\/wp\/v2\/pages\/729\/revisions"}],"predecessor-version":[{"id":732,"href":"https:\/\/www.sinn-schaffen.de\/frieden\/wp-json\/wp\/v2\/pages\/729\/revisions\/732"}],"wp:attachment":[{"href":"https:\/\/www.sinn-schaffen.de\/frieden\/wp-json\/wp\/v2\/media?parent=729"}],"curies":[{"name":"wp","href":"https:\/\/api.w.org\/{rel}","templated":true}]}}